{"id":1822906,"date":"2023-05-08T03:06:45","date_gmt":"2023-05-08T00:06:45","guid":{"rendered":"https:\/\/horticom.ee\/e-pood\/toode\/kapsas-white-dita-brassica-oleracea-l\/"},"modified":"2026-05-04T03:11:08","modified_gmt":"2026-05-04T00:11:08","slug":"kapsas-white-dita-brassica-oleracea-l","status":"publish","type":"product","link":"https:\/\/horticom.ee\/e-pood\/ru\/toode\/kapsas-white-dita-brassica-oleracea-l\/","title":{"rendered":"Kapsas White Dita-Brassica oleracea L."},"content":{"rendered":"<p>Kapsas White dita on varajane sort. Saaki korjatakse 60\u201365 p\u00e4eva m\u00f6\u00f6dumisel peale istikute istutamist. Pead on k\u00f5vad, helerohelist v\u00e4rvi, kaaluvad umbes 1,0\u20131,2kg, s\u00e4ilivad kaua ilma l\u00f5henemata. V\u00e4rskelt kasutamiseks. Kasvab h\u00e4sti keskmise raskusega ja raskes, viljakas pinnases. 1g \u2013 umbes 300\u2013400 seemet.<\/p>\n","protected":false},"excerpt":{"rendered":"<p>Kapsas White dita on varajane sort. Saaki korjatakse 60\u201365 p\u00e4eva m\u00f6\u00f6dumisel peale istikute istutamist. Pead on k\u00f5vad, helerohelist v\u00e4rvi, kaaluvad umbes 1,0\u20131,2kg, s\u00e4ilivad kaua ilma l\u00f5henemata. V\u00e4rskelt kasutamiseks. Kasvab h\u00e4sti keskmise raskusega ja raskes, viljakas pinnases. 1g \u2013 umbes 300\u2013400 seemet.<\/p>\n","protected":false},"featured_media":1823730,"comment_status":"closed","ping_status":"closed","template":"","meta":{"_themeisle_gutenberg_block_has_review":false},"product_cat":[13494],"product_tag":[],"class_list":{"0":"post-1822906","1":"product","2":"type-product","3":"status-publish","4":"has-post-thumbnail","6":"product_cat-kapsas","8":"first","9":"instock","10":"shipping-taxable","11":"purchasable","12":"product-type-simple"},"yoast_head":"<!-- This site is optimized with the Yoast SEO plugin v24.0 - https:\/\/yoast.com\/wordpress\/plugins\/seo\/ -->\n<title>Kapsas White Dita-Brassica oleracea L. - Horticom.ee<\/title>\n<meta name=\"description\" content=\"Kapsas White Dita \u2013 Varajane sort, saak 60\u201365 p\u00e4evaga. K\u00f5vad helerohelised pead kaaluvad 1,0\u20131,2kg. Kasvab h\u00e4sti viljakas pinnases.\" \/>\n<meta name=\"robots\" content=\"index, follow, max-snippet:-1, max-image-preview:large, max-video-preview:-1\" \/>\n<link rel=\"canonical\" href=\"https:\/\/horticom.ee\/e-pood\/toode\/kapsas-white-dita-brassica-oleracea-l\/\" \/>\n<meta property=\"og:locale\" content=\"ru_RU\" \/>\n<meta property=\"og:type\" content=\"article\" \/>\n<meta property=\"og:title\" content=\"Kapsas White Dita-Brassica oleracea L. - Horticom.ee\" \/>\n<meta property=\"og:description\" content=\"Kapsas White Dita \u2013 Varajane sort, saak 60\u201365 p\u00e4evaga. K\u00f5vad helerohelised pead kaaluvad 1,0\u20131,2kg. Kasvab h\u00e4sti viljakas pinnases.\" \/>\n<meta property=\"og:url\" content=\"https:\/\/horticom.ee\/e-pood\/toode\/kapsas-white-dita-brassica-oleracea-l\/\" \/>\n<meta property=\"og:site_name\" content=\"Horticom.ee\" \/>\n<meta property=\"article:publisher\" content=\"https:\/\/www.facebook.com\/horticom.ee\/e-pood\" \/>\n<meta property=\"article:modified_time\" content=\"2026-05-04T00:11:08+00:00\" \/>\n<meta property=\"og:image\" content=\"https:\/\/horticom.ee\/e-pood\/wp-content\/uploads\/importedmedia\/product-1822906_0-LA10300.jpg\" \/>\n\t<meta property=\"og:image:width\" content=\"999\" \/>\n\t<meta property=\"og:image:height\" content=\"1067\" \/>\n\t<meta property=\"og:image:type\" content=\"image\/jpeg\" \/>\n<meta name=\"twitter:card\" content=\"summary_large_image\" \/>\n<script type=\"application\/ld+json\" class=\"yoast-schema-graph\">{\"@context\":\"https:\/\/schema.org\",\"@graph\":[{\"@type\":\"WebPage\",\"@id\":\"https:\/\/horticom.ee\/e-pood\/toode\/kapsas-white-dita-brassica-oleracea-l\/\",\"url\":\"https:\/\/horticom.ee\/e-pood\/toode\/kapsas-white-dita-brassica-oleracea-l\/\",\"name\":\"Kapsas White Dita-Brassica oleracea L. - Horticom.ee\",\"isPartOf\":{\"@id\":\"https:\/\/horticom.ee\/e-pood\/#website\"},\"primaryImageOfPage\":{\"@id\":\"https:\/\/horticom.ee\/e-pood\/toode\/kapsas-white-dita-brassica-oleracea-l\/#primaryimage\"},\"image\":{\"@id\":\"https:\/\/horticom.ee\/e-pood\/toode\/kapsas-white-dita-brassica-oleracea-l\/#primaryimage\"},\"thumbnailUrl\":\"https:\/\/horticom.ee\/e-pood\/wp-content\/uploads\/importedmedia\/product-1822906_0-LA10300.jpg\",\"datePublished\":\"2023-05-08T00:06:45+00:00\",\"dateModified\":\"2026-05-04T00:11:08+00:00\",\"description\":\"Kapsas White Dita \u2013 Varajane sort, saak 60\u201365 p\u00e4evaga. K\u00f5vad helerohelised pead kaaluvad 1,0\u20131,2kg. Kasvab h\u00e4sti viljakas pinnases.\",\"breadcrumb\":{\"@id\":\"https:\/\/horticom.ee\/e-pood\/toode\/kapsas-white-dita-brassica-oleracea-l\/#breadcrumb\"},\"inLanguage\":\"ru-RU\",\"potentialAction\":[{\"@type\":\"ReadAction\",\"target\":[\"https:\/\/horticom.ee\/e-pood\/toode\/kapsas-white-dita-brassica-oleracea-l\/\"]}]},{\"@type\":\"ImageObject\",\"inLanguage\":\"ru-RU\",\"@id\":\"https:\/\/horticom.ee\/e-pood\/toode\/kapsas-white-dita-brassica-oleracea-l\/#primaryimage\",\"url\":\"https:\/\/horticom.ee\/e-pood\/wp-content\/uploads\/importedmedia\/product-1822906_0-LA10300.jpg\",\"contentUrl\":\"https:\/\/horticom.ee\/e-pood\/wp-content\/uploads\/importedmedia\/product-1822906_0-LA10300.jpg\",\"width\":999,\"height\":1067,\"caption\":\"Kapsas White Dita-Brassica oleracea L.\"},{\"@type\":\"BreadcrumbList\",\"@id\":\"https:\/\/horticom.ee\/e-pood\/toode\/kapsas-white-dita-brassica-oleracea-l\/#breadcrumb\",\"itemListElement\":[{\"@type\":\"ListItem\",\"position\":1,\"name\":\"Home\",\"item\":\"https:\/\/horticom.ee\/e-pood\/\"},{\"@type\":\"ListItem\",\"position\":2,\"name\":\"Pood\",\"item\":\"https:\/\/horticom.ee\/e-pood\/pood\/\"},{\"@type\":\"ListItem\",\"position\":3,\"name\":\"Kapsas White Dita-Brassica oleracea L.\"}]},{\"@type\":\"WebSite\",\"@id\":\"https:\/\/horticom.ee\/e-pood\/#website\",\"url\":\"https:\/\/horticom.ee\/e-pood\/\",\"name\":\"Horticom.ee\",\"description\":\"Aianduskaubad ja kodukaubad nii harrastajatele kui professionaalidele\",\"potentialAction\":[{\"@type\":\"SearchAction\",\"target\":{\"@type\":\"EntryPoint\",\"urlTemplate\":\"https:\/\/horticom.ee\/e-pood\/?s={search_term_string}\"},\"query-input\":{\"@type\":\"PropertyValueSpecification\",\"valueRequired\":true,\"valueName\":\"search_term_string\"}}],\"inLanguage\":\"ru-RU\"}]}<\/script>\n<!-- \/ Yoast SEO plugin. -->","yoast_head_json":{"title":"Kapsas White Dita-Brassica oleracea L. - Horticom.ee","description":"Kapsas White Dita \u2013 Varajane sort, saak 60\u201365 p\u00e4evaga. K\u00f5vad helerohelised pead kaaluvad 1,0\u20131,2kg. Kasvab h\u00e4sti viljakas pinnases.","robots":{"index":"index","follow":"follow","max-snippet":"max-snippet:-1","max-image-preview":"max-image-preview:large","max-video-preview":"max-video-preview:-1"},"canonical":"https:\/\/horticom.ee\/e-pood\/toode\/kapsas-white-dita-brassica-oleracea-l\/","og_locale":"ru_RU","og_type":"article","og_title":"Kapsas White Dita-Brassica oleracea L. - Horticom.ee","og_description":"Kapsas White Dita \u2013 Varajane sort, saak 60\u201365 p\u00e4evaga. K\u00f5vad helerohelised pead kaaluvad 1,0\u20131,2kg. Kasvab h\u00e4sti viljakas pinnases.","og_url":"https:\/\/horticom.ee\/e-pood\/toode\/kapsas-white-dita-brassica-oleracea-l\/","og_site_name":"Horticom.ee","article_publisher":"https:\/\/www.facebook.com\/horticom.ee\/e-pood","article_modified_time":"2026-05-04T00:11:08+00:00","og_image":[{"width":999,"height":1067,"url":"https:\/\/horticom.ee\/e-pood\/wp-content\/uploads\/importedmedia\/product-1822906_0-LA10300.jpg","type":"image\/jpeg"}],"twitter_card":"summary_large_image","schema":{"@context":"https:\/\/schema.org","@graph":[{"@type":"WebPage","@id":"https:\/\/horticom.ee\/e-pood\/toode\/kapsas-white-dita-brassica-oleracea-l\/","url":"https:\/\/horticom.ee\/e-pood\/toode\/kapsas-white-dita-brassica-oleracea-l\/","name":"Kapsas White Dita-Brassica oleracea L. - Horticom.ee","isPartOf":{"@id":"https:\/\/horticom.ee\/e-pood\/#website"},"primaryImageOfPage":{"@id":"https:\/\/horticom.ee\/e-pood\/toode\/kapsas-white-dita-brassica-oleracea-l\/#primaryimage"},"image":{"@id":"https:\/\/horticom.ee\/e-pood\/toode\/kapsas-white-dita-brassica-oleracea-l\/#primaryimage"},"thumbnailUrl":"https:\/\/horticom.ee\/e-pood\/wp-content\/uploads\/importedmedia\/product-1822906_0-LA10300.jpg","datePublished":"2023-05-08T00:06:45+00:00","dateModified":"2026-05-04T00:11:08+00:00","description":"Kapsas White Dita \u2013 Varajane sort, saak 60\u201365 p\u00e4evaga. K\u00f5vad helerohelised pead kaaluvad 1,0\u20131,2kg. Kasvab h\u00e4sti viljakas pinnases.","breadcrumb":{"@id":"https:\/\/horticom.ee\/e-pood\/toode\/kapsas-white-dita-brassica-oleracea-l\/#breadcrumb"},"inLanguage":"ru-RU","potentialAction":[{"@type":"ReadAction","target":["https:\/\/horticom.ee\/e-pood\/toode\/kapsas-white-dita-brassica-oleracea-l\/"]}]},{"@type":"ImageObject","inLanguage":"ru-RU","@id":"https:\/\/horticom.ee\/e-pood\/toode\/kapsas-white-dita-brassica-oleracea-l\/#primaryimage","url":"https:\/\/horticom.ee\/e-pood\/wp-content\/uploads\/importedmedia\/product-1822906_0-LA10300.jpg","contentUrl":"https:\/\/horticom.ee\/e-pood\/wp-content\/uploads\/importedmedia\/product-1822906_0-LA10300.jpg","width":999,"height":1067,"caption":"Kapsas White Dita-Brassica oleracea L."},{"@type":"BreadcrumbList","@id":"https:\/\/horticom.ee\/e-pood\/toode\/kapsas-white-dita-brassica-oleracea-l\/#breadcrumb","itemListElement":[{"@type":"ListItem","position":1,"name":"Home","item":"https:\/\/horticom.ee\/e-pood\/"},{"@type":"ListItem","position":2,"name":"Pood","item":"https:\/\/horticom.ee\/e-pood\/pood\/"},{"@type":"ListItem","position":3,"name":"Kapsas White Dita-Brassica oleracea L."}]},{"@type":"WebSite","@id":"https:\/\/horticom.ee\/e-pood\/#website","url":"https:\/\/horticom.ee\/e-pood\/","name":"Horticom.ee","description":"Aianduskaubad ja kodukaubad nii harrastajatele kui professionaalidele","potentialAction":[{"@type":"SearchAction","target":{"@type":"EntryPoint","urlTemplate":"https:\/\/horticom.ee\/e-pood\/?s={search_term_string}"},"query-input":{"@type":"PropertyValueSpecification","valueRequired":true,"valueName":"search_term_string"}}],"inLanguage":"ru-RU"}]}},"_links":{"self":[{"href":"https:\/\/horticom.ee\/e-pood\/ru\/wp-json\/wp\/v2\/product\/1822906","targetHints":{"allow":["GET"]}}],"collection":[{"href":"https:\/\/horticom.ee\/e-pood\/ru\/wp-json\/wp\/v2\/product"}],"about":[{"href":"https:\/\/horticom.ee\/e-pood\/ru\/wp-json\/wp\/v2\/types\/product"}],"replies":[{"embeddable":true,"href":"https:\/\/horticom.ee\/e-pood\/ru\/wp-json\/wp\/v2\/comments?post=1822906"}],"wp:featuredmedia":[{"embeddable":true,"href":"https:\/\/horticom.ee\/e-pood\/ru\/wp-json\/wp\/v2\/media\/1823730"}],"wp:attachment":[{"href":"https:\/\/horticom.ee\/e-pood\/ru\/wp-json\/wp\/v2\/media?parent=1822906"}],"wp:term":[{"taxonomy":"product_cat","embeddable":true,"href":"https:\/\/horticom.ee\/e-pood\/ru\/wp-json\/wp\/v2\/product_cat?post=1822906"},{"taxonomy":"product_tag","embeddable":true,"href":"https:\/\/horticom.ee\/e-pood\/ru\/wp-json\/wp\/v2\/product_tag?post=1822906"}],"curies":[{"name":"wp","href":"https:\/\/api.w.org\/{rel}","templated":true}]}}