{"id":1822910,"date":"2023-05-08T03:06:50","date_gmt":"2023-05-08T00:06:50","guid":{"rendered":"https:\/\/horticom.ee\/e-pood\/toode\/korvits-potimarron-cucurbita-maxima-duchesne\/"},"modified":"2026-04-12T03:12:43","modified_gmt":"2026-04-12T00:12:43","slug":"korvits-potimarron-cucurbita-maxima-duchesne","status":"publish","type":"product","link":"https:\/\/horticom.ee\/e-pood\/ru\/toode\/korvits-potimarron-cucurbita-maxima-duchesne\/","title":{"rendered":"K\u00f5rvits Potimarron-Cucurbita Maxima Duchesne"},"content":{"rendered":"<p>K\u00f5rvits Potimarron on keskmiselt varajane sort, ei ole n\u00f5udlik kasvatamistingimuste suhtes. Vili lame, \u00fcmmargune, kaalub umbes 1,2-1,8kg, tumerohelise koorega. Viljaliha intensiivset oran\u017ei v\u00e4rvi, tihke, magus, maitsev, \u00fcletab vitamiinide ja karotiinide koguse poolest teisi sorte. K\u00fcpsenud vili s\u00e4ilib kuni m\u00e4rtsi kuuni.<\/p>\n","protected":false},"excerpt":{"rendered":"<p>K\u00f5rvits Potimarron on keskmiselt varajane sort, ei ole n\u00f5udlik kasvatamistingimuste suhtes. Vili lame, \u00fcmmargune, kaalub umbes 1,2-1,8kg, tumerohelise koorega. Viljaliha intensiivset oran\u017ei v\u00e4rvi, tihke, magus, maitsev, \u00fcletab vitamiinide ja karotiinide koguse poolest teisi sorte. K\u00fcpsenud vili s\u00e4ilib kuni m\u00e4rtsi kuuni.<\/p>\n","protected":false},"featured_media":2063521,"comment_status":"closed","ping_status":"closed","template":"","meta":{"_themeisle_gutenberg_block_has_review":false},"product_cat":[13482],"product_tag":[],"class_list":{"0":"post-1822910","1":"product","2":"type-product","3":"status-publish","4":"has-post-thumbnail","6":"product_cat-suvikorvits-korvits","8":"first","9":"instock","10":"shipping-taxable","11":"purchasable","12":"product-type-simple"},"yoast_head":"<!-- This site is optimized with the Yoast SEO plugin v24.0 - https:\/\/yoast.com\/wordpress\/plugins\/seo\/ -->\n<title>K\u00f5rvits Potimarron-Cucurbita Maxima Duchesne - Horticom<\/title>\n<meta name=\"description\" content=\"K\u00f5rvits Potimarron \u2013 Keskmiselt varajane, lame pirnikujuline vili, kaal 1,2-1,8kg. Tihke, magus viljaliha, k\u00fcpsenud vili s\u00e4ilib kuni m\u00e4rtsini.\" \/>\n<meta name=\"robots\" content=\"index, follow, max-snippet:-1, max-image-preview:large, max-video-preview:-1\" \/>\n<link rel=\"canonical\" href=\"https:\/\/horticom.ee\/e-pood\/toode\/korvits-potimarron-cucurbita-maxima-duchesne\/\" \/>\n<meta property=\"og:locale\" content=\"ru_RU\" \/>\n<meta property=\"og:type\" content=\"article\" \/>\n<meta property=\"og:title\" content=\"K\u00f5rvits Potimarron-Cucurbita Maxima Duchesne - Horticom\" \/>\n<meta property=\"og:description\" content=\"K\u00f5rvits Potimarron \u2013 Keskmiselt varajane, lame pirnikujuline vili, kaal 1,2-1,8kg. Tihke, magus viljaliha, k\u00fcpsenud vili s\u00e4ilib kuni m\u00e4rtsini.\" \/>\n<meta property=\"og:url\" content=\"https:\/\/horticom.ee\/e-pood\/toode\/korvits-potimarron-cucurbita-maxima-duchesne\/\" \/>\n<meta property=\"og:site_name\" content=\"Horticom.ee\" \/>\n<meta property=\"article:publisher\" content=\"https:\/\/www.facebook.com\/horticom.ee\/e-pood\" \/>\n<meta property=\"article:modified_time\" content=\"2026-04-12T00:12:43+00:00\" \/>\n<meta property=\"og:image\" content=\"https:\/\/horticom.ee\/e-pood\/wp-content\/uploads\/importedmedia\/product-1822910_0-LA10470.jpg\" \/>\n\t<meta property=\"og:image:width\" content=\"999\" \/>\n\t<meta property=\"og:image:height\" content=\"1068\" \/>\n\t<meta property=\"og:image:type\" content=\"image\/jpeg\" \/>\n<meta name=\"twitter:card\" content=\"summary_large_image\" \/>\n<script type=\"application\/ld+json\" class=\"yoast-schema-graph\">{\"@context\":\"https:\/\/schema.org\",\"@graph\":[{\"@type\":\"WebPage\",\"@id\":\"https:\/\/horticom.ee\/e-pood\/toode\/korvits-potimarron-cucurbita-maxima-duchesne\/\",\"url\":\"https:\/\/horticom.ee\/e-pood\/toode\/korvits-potimarron-cucurbita-maxima-duchesne\/\",\"name\":\"K\u00f5rvits Potimarron-Cucurbita Maxima Duchesne - Horticom\",\"isPartOf\":{\"@id\":\"https:\/\/horticom.ee\/e-pood\/#website\"},\"primaryImageOfPage\":{\"@id\":\"https:\/\/horticom.ee\/e-pood\/toode\/korvits-potimarron-cucurbita-maxima-duchesne\/#primaryimage\"},\"image\":{\"@id\":\"https:\/\/horticom.ee\/e-pood\/toode\/korvits-potimarron-cucurbita-maxima-duchesne\/#primaryimage\"},\"thumbnailUrl\":\"https:\/\/horticom.ee\/e-pood\/wp-content\/uploads\/importedmedia\/product-1822910_0-LA10470.jpg\",\"datePublished\":\"2023-05-08T00:06:50+00:00\",\"dateModified\":\"2026-04-12T00:12:43+00:00\",\"description\":\"K\u00f5rvits Potimarron \u2013 Keskmiselt varajane, lame pirnikujuline vili, kaal 1,2-1,8kg. Tihke, magus viljaliha, k\u00fcpsenud vili s\u00e4ilib kuni m\u00e4rtsini.\",\"breadcrumb\":{\"@id\":\"https:\/\/horticom.ee\/e-pood\/toode\/korvits-potimarron-cucurbita-maxima-duchesne\/#breadcrumb\"},\"inLanguage\":\"ru-RU\",\"potentialAction\":[{\"@type\":\"ReadAction\",\"target\":[\"https:\/\/horticom.ee\/e-pood\/toode\/korvits-potimarron-cucurbita-maxima-duchesne\/\"]}]},{\"@type\":\"ImageObject\",\"inLanguage\":\"ru-RU\",\"@id\":\"https:\/\/horticom.ee\/e-pood\/toode\/korvits-potimarron-cucurbita-maxima-duchesne\/#primaryimage\",\"url\":\"https:\/\/horticom.ee\/e-pood\/wp-content\/uploads\/importedmedia\/product-1822910_0-LA10470.jpg\",\"contentUrl\":\"https:\/\/horticom.ee\/e-pood\/wp-content\/uploads\/importedmedia\/product-1822910_0-LA10470.jpg\",\"width\":999,\"height\":1068,\"caption\":\"K\u00f5rvits Potimarron-Cucurbita Maxima Duchesne\"},{\"@type\":\"BreadcrumbList\",\"@id\":\"https:\/\/horticom.ee\/e-pood\/toode\/korvits-potimarron-cucurbita-maxima-duchesne\/#breadcrumb\",\"itemListElement\":[{\"@type\":\"ListItem\",\"position\":1,\"name\":\"Home\",\"item\":\"https:\/\/horticom.ee\/e-pood\/\"},{\"@type\":\"ListItem\",\"position\":2,\"name\":\"Pood\",\"item\":\"https:\/\/horticom.ee\/e-pood\/pood\/\"},{\"@type\":\"ListItem\",\"position\":3,\"name\":\"K\u00f5rvits Potimarron-Cucurbita Maxima Duchesne\"}]},{\"@type\":\"WebSite\",\"@id\":\"https:\/\/horticom.ee\/e-pood\/#website\",\"url\":\"https:\/\/horticom.ee\/e-pood\/\",\"name\":\"Horticom.ee\",\"description\":\"Aianduskaubad ja kodukaubad nii harrastajatele kui professionaalidele\",\"potentialAction\":[{\"@type\":\"SearchAction\",\"target\":{\"@type\":\"EntryPoint\",\"urlTemplate\":\"https:\/\/horticom.ee\/e-pood\/?s={search_term_string}\"},\"query-input\":{\"@type\":\"PropertyValueSpecification\",\"valueRequired\":true,\"valueName\":\"search_term_string\"}}],\"inLanguage\":\"ru-RU\"}]}<\/script>\n<!-- \/ Yoast SEO plugin. -->","yoast_head_json":{"title":"K\u00f5rvits Potimarron-Cucurbita Maxima Duchesne - Horticom","description":"K\u00f5rvits Potimarron \u2013 Keskmiselt varajane, lame pirnikujuline vili, kaal 1,2-1,8kg. Tihke, magus viljaliha, k\u00fcpsenud vili s\u00e4ilib kuni m\u00e4rtsini.","robots":{"index":"index","follow":"follow","max-snippet":"max-snippet:-1","max-image-preview":"max-image-preview:large","max-video-preview":"max-video-preview:-1"},"canonical":"https:\/\/horticom.ee\/e-pood\/toode\/korvits-potimarron-cucurbita-maxima-duchesne\/","og_locale":"ru_RU","og_type":"article","og_title":"K\u00f5rvits Potimarron-Cucurbita Maxima Duchesne - Horticom","og_description":"K\u00f5rvits Potimarron \u2013 Keskmiselt varajane, lame pirnikujuline vili, kaal 1,2-1,8kg. Tihke, magus viljaliha, k\u00fcpsenud vili s\u00e4ilib kuni m\u00e4rtsini.","og_url":"https:\/\/horticom.ee\/e-pood\/toode\/korvits-potimarron-cucurbita-maxima-duchesne\/","og_site_name":"Horticom.ee","article_publisher":"https:\/\/www.facebook.com\/horticom.ee\/e-pood","article_modified_time":"2026-04-12T00:12:43+00:00","og_image":[{"width":999,"height":1068,"url":"https:\/\/horticom.ee\/e-pood\/wp-content\/uploads\/importedmedia\/product-1822910_0-LA10470.jpg","type":"image\/jpeg"}],"twitter_card":"summary_large_image","schema":{"@context":"https:\/\/schema.org","@graph":[{"@type":"WebPage","@id":"https:\/\/horticom.ee\/e-pood\/toode\/korvits-potimarron-cucurbita-maxima-duchesne\/","url":"https:\/\/horticom.ee\/e-pood\/toode\/korvits-potimarron-cucurbita-maxima-duchesne\/","name":"K\u00f5rvits Potimarron-Cucurbita Maxima Duchesne - Horticom","isPartOf":{"@id":"https:\/\/horticom.ee\/e-pood\/#website"},"primaryImageOfPage":{"@id":"https:\/\/horticom.ee\/e-pood\/toode\/korvits-potimarron-cucurbita-maxima-duchesne\/#primaryimage"},"image":{"@id":"https:\/\/horticom.ee\/e-pood\/toode\/korvits-potimarron-cucurbita-maxima-duchesne\/#primaryimage"},"thumbnailUrl":"https:\/\/horticom.ee\/e-pood\/wp-content\/uploads\/importedmedia\/product-1822910_0-LA10470.jpg","datePublished":"2023-05-08T00:06:50+00:00","dateModified":"2026-04-12T00:12:43+00:00","description":"K\u00f5rvits Potimarron \u2013 Keskmiselt varajane, lame pirnikujuline vili, kaal 1,2-1,8kg. Tihke, magus viljaliha, k\u00fcpsenud vili s\u00e4ilib kuni m\u00e4rtsini.","breadcrumb":{"@id":"https:\/\/horticom.ee\/e-pood\/toode\/korvits-potimarron-cucurbita-maxima-duchesne\/#breadcrumb"},"inLanguage":"ru-RU","potentialAction":[{"@type":"ReadAction","target":["https:\/\/horticom.ee\/e-pood\/toode\/korvits-potimarron-cucurbita-maxima-duchesne\/"]}]},{"@type":"ImageObject","inLanguage":"ru-RU","@id":"https:\/\/horticom.ee\/e-pood\/toode\/korvits-potimarron-cucurbita-maxima-duchesne\/#primaryimage","url":"https:\/\/horticom.ee\/e-pood\/wp-content\/uploads\/importedmedia\/product-1822910_0-LA10470.jpg","contentUrl":"https:\/\/horticom.ee\/e-pood\/wp-content\/uploads\/importedmedia\/product-1822910_0-LA10470.jpg","width":999,"height":1068,"caption":"K\u00f5rvits Potimarron-Cucurbita Maxima Duchesne"},{"@type":"BreadcrumbList","@id":"https:\/\/horticom.ee\/e-pood\/toode\/korvits-potimarron-cucurbita-maxima-duchesne\/#breadcrumb","itemListElement":[{"@type":"ListItem","position":1,"name":"Home","item":"https:\/\/horticom.ee\/e-pood\/"},{"@type":"ListItem","position":2,"name":"Pood","item":"https:\/\/horticom.ee\/e-pood\/pood\/"},{"@type":"ListItem","position":3,"name":"K\u00f5rvits Potimarron-Cucurbita Maxima Duchesne"}]},{"@type":"WebSite","@id":"https:\/\/horticom.ee\/e-pood\/#website","url":"https:\/\/horticom.ee\/e-pood\/","name":"Horticom.ee","description":"Aianduskaubad ja kodukaubad nii harrastajatele kui professionaalidele","potentialAction":[{"@type":"SearchAction","target":{"@type":"EntryPoint","urlTemplate":"https:\/\/horticom.ee\/e-pood\/?s={search_term_string}"},"query-input":{"@type":"PropertyValueSpecification","valueRequired":true,"valueName":"search_term_string"}}],"inLanguage":"ru-RU"}]}},"_links":{"self":[{"href":"https:\/\/horticom.ee\/e-pood\/ru\/wp-json\/wp\/v2\/product\/1822910","targetHints":{"allow":["GET"]}}],"collection":[{"href":"https:\/\/horticom.ee\/e-pood\/ru\/wp-json\/wp\/v2\/product"}],"about":[{"href":"https:\/\/horticom.ee\/e-pood\/ru\/wp-json\/wp\/v2\/types\/product"}],"replies":[{"embeddable":true,"href":"https:\/\/horticom.ee\/e-pood\/ru\/wp-json\/wp\/v2\/comments?post=1822910"}],"wp:featuredmedia":[{"embeddable":true,"href":"https:\/\/horticom.ee\/e-pood\/ru\/wp-json\/wp\/v2\/media\/2063521"}],"wp:attachment":[{"href":"https:\/\/horticom.ee\/e-pood\/ru\/wp-json\/wp\/v2\/media?parent=1822910"}],"wp:term":[{"taxonomy":"product_cat","embeddable":true,"href":"https:\/\/horticom.ee\/e-pood\/ru\/wp-json\/wp\/v2\/product_cat?post=1822910"},{"taxonomy":"product_tag","embeddable":true,"href":"https:\/\/horticom.ee\/e-pood\/ru\/wp-json\/wp\/v2\/product_tag?post=1822910"}],"curies":[{"name":"wp","href":"https:\/\/api.w.org\/{rel}","templated":true}]}}