{"id":1822914,"date":"2023-05-08T03:06:55","date_gmt":"2023-05-08T00:06:55","guid":{"rendered":"https:\/\/horticom.ee\/e-pood\/toode\/peet-detroit-2-beta-vulgaris-l\/"},"modified":"2026-05-04T03:11:08","modified_gmt":"2026-05-04T00:11:08","slug":"peet-detroit-2-beta-vulgaris-l","status":"publish","type":"product","link":"https:\/\/horticom.ee\/e-pood\/ru\/toode\/peet-detroit-2-beta-vulgaris-l\/","title":{"rendered":"Peet Detroit 2-Beta vulgaris L."},"content":{"rendered":"<p>Peet Detroit 2 on keskmiselt varajane sort. Vilju kasutatakse v\u00e4rskelt konserveerimiseks ja pikaajaliseks s\u00e4ilitamiseks. Juurvili on sile, tumepunane, \u00fcmmargune ja mahlakas.T\u00f6\u00f6tlemisel ei muuda v\u00e4rvi. K\u00f5ige paremini kasvab h\u00e4sti haritud, mittehappelises liivsavimullas. 1g  umbes 40\u201360 seemet.<\/p>\n","protected":false},"excerpt":{"rendered":"<p>Peet Detroit 2 on keskmiselt varajane sort. Vilju kasutatakse v\u00e4rskelt konserveerimiseks ja pikaajaliseks s\u00e4ilitamiseks. Juurvili on sile, tumepunane, \u00fcmmargune ja mahlakas.T\u00f6\u00f6tlemisel ei muuda v\u00e4rvi. K\u00f5ige paremini kasvab h\u00e4sti haritud, mittehappelises liivsavimullas. 1g umbes 40\u201360 seemet.<\/p>\n","protected":false},"featured_media":2063519,"comment_status":"closed","ping_status":"closed","template":"","meta":{"_themeisle_gutenberg_block_has_review":false},"product_cat":[13488],"product_tag":[],"class_list":{"0":"post-1822914","1":"product","2":"type-product","3":"status-publish","4":"has-post-thumbnail","6":"product_cat-peet-punapeet-kaalikas","8":"first","9":"instock","10":"shipping-taxable","11":"purchasable","12":"product-type-simple"},"yoast_head":"<!-- This site is optimized with the Yoast SEO plugin v24.0 - https:\/\/yoast.com\/wordpress\/plugins\/seo\/ -->\n<title>Peet Detroit 2-Beta vulgaris L. - Horticom.ee\/e-pood<\/title>\n<meta name=\"description\" content=\"Peet Detroit 2 on keskmiselt varajane sort, sile tumepunane juurvili. Sobib konserveerimiseks ja pikaajaliseks s\u00e4ilitamiseks.\" \/>\n<meta name=\"robots\" content=\"index, follow, max-snippet:-1, max-image-preview:large, max-video-preview:-1\" \/>\n<link rel=\"canonical\" href=\"https:\/\/horticom.ee\/e-pood\/toode\/peet-detroit-2-beta-vulgaris-l\/\" \/>\n<meta property=\"og:locale\" content=\"ru_RU\" \/>\n<meta property=\"og:type\" content=\"article\" \/>\n<meta property=\"og:title\" content=\"Peet Detroit 2-Beta vulgaris L. - Horticom.ee\/e-pood\" \/>\n<meta property=\"og:description\" content=\"Peet Detroit 2 on keskmiselt varajane sort, sile tumepunane juurvili. Sobib konserveerimiseks ja pikaajaliseks s\u00e4ilitamiseks.\" \/>\n<meta property=\"og:url\" content=\"https:\/\/horticom.ee\/e-pood\/toode\/peet-detroit-2-beta-vulgaris-l\/\" \/>\n<meta property=\"og:site_name\" content=\"Horticom.ee\" \/>\n<meta property=\"article:publisher\" content=\"https:\/\/www.facebook.com\/horticom.ee\/e-pood\" \/>\n<meta property=\"article:modified_time\" content=\"2026-05-04T00:11:08+00:00\" \/>\n<meta property=\"og:image\" content=\"https:\/\/horticom.ee\/e-pood\/wp-content\/uploads\/importedmedia\/product-1822914_0-LA10210.jpg\" \/>\n\t<meta property=\"og:image:width\" content=\"999\" \/>\n\t<meta property=\"og:image:height\" content=\"1068\" \/>\n\t<meta property=\"og:image:type\" content=\"image\/jpeg\" \/>\n<meta name=\"twitter:card\" content=\"summary_large_image\" \/>\n<script type=\"application\/ld+json\" class=\"yoast-schema-graph\">{\"@context\":\"https:\/\/schema.org\",\"@graph\":[{\"@type\":\"WebPage\",\"@id\":\"https:\/\/horticom.ee\/e-pood\/toode\/peet-detroit-2-beta-vulgaris-l\/\",\"url\":\"https:\/\/horticom.ee\/e-pood\/toode\/peet-detroit-2-beta-vulgaris-l\/\",\"name\":\"Peet Detroit 2-Beta vulgaris L. - Horticom.ee\/e-pood\",\"isPartOf\":{\"@id\":\"https:\/\/horticom.ee\/e-pood\/#website\"},\"primaryImageOfPage\":{\"@id\":\"https:\/\/horticom.ee\/e-pood\/toode\/peet-detroit-2-beta-vulgaris-l\/#primaryimage\"},\"image\":{\"@id\":\"https:\/\/horticom.ee\/e-pood\/toode\/peet-detroit-2-beta-vulgaris-l\/#primaryimage\"},\"thumbnailUrl\":\"https:\/\/horticom.ee\/e-pood\/wp-content\/uploads\/importedmedia\/product-1822914_0-LA10210.jpg\",\"datePublished\":\"2023-05-08T00:06:55+00:00\",\"dateModified\":\"2026-05-04T00:11:08+00:00\",\"description\":\"Peet Detroit 2 on keskmiselt varajane sort, sile tumepunane juurvili. Sobib konserveerimiseks ja pikaajaliseks s\u00e4ilitamiseks.\",\"breadcrumb\":{\"@id\":\"https:\/\/horticom.ee\/e-pood\/toode\/peet-detroit-2-beta-vulgaris-l\/#breadcrumb\"},\"inLanguage\":\"ru-RU\",\"potentialAction\":[{\"@type\":\"ReadAction\",\"target\":[\"https:\/\/horticom.ee\/e-pood\/toode\/peet-detroit-2-beta-vulgaris-l\/\"]}]},{\"@type\":\"ImageObject\",\"inLanguage\":\"ru-RU\",\"@id\":\"https:\/\/horticom.ee\/e-pood\/toode\/peet-detroit-2-beta-vulgaris-l\/#primaryimage\",\"url\":\"https:\/\/horticom.ee\/e-pood\/wp-content\/uploads\/importedmedia\/product-1822914_0-LA10210.jpg\",\"contentUrl\":\"https:\/\/horticom.ee\/e-pood\/wp-content\/uploads\/importedmedia\/product-1822914_0-LA10210.jpg\",\"width\":999,\"height\":1068,\"caption\":\"Peet Detroit 2-Beta vulgaris L.\"},{\"@type\":\"BreadcrumbList\",\"@id\":\"https:\/\/horticom.ee\/e-pood\/toode\/peet-detroit-2-beta-vulgaris-l\/#breadcrumb\",\"itemListElement\":[{\"@type\":\"ListItem\",\"position\":1,\"name\":\"Home\",\"item\":\"https:\/\/horticom.ee\/e-pood\/\"},{\"@type\":\"ListItem\",\"position\":2,\"name\":\"Pood\",\"item\":\"https:\/\/horticom.ee\/e-pood\/pood\/\"},{\"@type\":\"ListItem\",\"position\":3,\"name\":\"Peet Detroit 2-Beta vulgaris L.\"}]},{\"@type\":\"WebSite\",\"@id\":\"https:\/\/horticom.ee\/e-pood\/#website\",\"url\":\"https:\/\/horticom.ee\/e-pood\/\",\"name\":\"Horticom.ee\",\"description\":\"Aianduskaubad ja kodukaubad nii harrastajatele kui professionaalidele\",\"potentialAction\":[{\"@type\":\"SearchAction\",\"target\":{\"@type\":\"EntryPoint\",\"urlTemplate\":\"https:\/\/horticom.ee\/e-pood\/?s={search_term_string}\"},\"query-input\":{\"@type\":\"PropertyValueSpecification\",\"valueRequired\":true,\"valueName\":\"search_term_string\"}}],\"inLanguage\":\"ru-RU\"}]}<\/script>\n<!-- \/ Yoast SEO plugin. -->","yoast_head_json":{"title":"Peet Detroit 2-Beta vulgaris L. - Horticom.ee\/e-pood","description":"Peet Detroit 2 on keskmiselt varajane sort, sile tumepunane juurvili. Sobib konserveerimiseks ja pikaajaliseks s\u00e4ilitamiseks.","robots":{"index":"index","follow":"follow","max-snippet":"max-snippet:-1","max-image-preview":"max-image-preview:large","max-video-preview":"max-video-preview:-1"},"canonical":"https:\/\/horticom.ee\/e-pood\/toode\/peet-detroit-2-beta-vulgaris-l\/","og_locale":"ru_RU","og_type":"article","og_title":"Peet Detroit 2-Beta vulgaris L. - Horticom.ee\/e-pood","og_description":"Peet Detroit 2 on keskmiselt varajane sort, sile tumepunane juurvili. Sobib konserveerimiseks ja pikaajaliseks s\u00e4ilitamiseks.","og_url":"https:\/\/horticom.ee\/e-pood\/toode\/peet-detroit-2-beta-vulgaris-l\/","og_site_name":"Horticom.ee","article_publisher":"https:\/\/www.facebook.com\/horticom.ee\/e-pood","article_modified_time":"2026-05-04T00:11:08+00:00","og_image":[{"width":999,"height":1068,"url":"https:\/\/horticom.ee\/e-pood\/wp-content\/uploads\/importedmedia\/product-1822914_0-LA10210.jpg","type":"image\/jpeg"}],"twitter_card":"summary_large_image","schema":{"@context":"https:\/\/schema.org","@graph":[{"@type":"WebPage","@id":"https:\/\/horticom.ee\/e-pood\/toode\/peet-detroit-2-beta-vulgaris-l\/","url":"https:\/\/horticom.ee\/e-pood\/toode\/peet-detroit-2-beta-vulgaris-l\/","name":"Peet Detroit 2-Beta vulgaris L. - Horticom.ee\/e-pood","isPartOf":{"@id":"https:\/\/horticom.ee\/e-pood\/#website"},"primaryImageOfPage":{"@id":"https:\/\/horticom.ee\/e-pood\/toode\/peet-detroit-2-beta-vulgaris-l\/#primaryimage"},"image":{"@id":"https:\/\/horticom.ee\/e-pood\/toode\/peet-detroit-2-beta-vulgaris-l\/#primaryimage"},"thumbnailUrl":"https:\/\/horticom.ee\/e-pood\/wp-content\/uploads\/importedmedia\/product-1822914_0-LA10210.jpg","datePublished":"2023-05-08T00:06:55+00:00","dateModified":"2026-05-04T00:11:08+00:00","description":"Peet Detroit 2 on keskmiselt varajane sort, sile tumepunane juurvili. Sobib konserveerimiseks ja pikaajaliseks s\u00e4ilitamiseks.","breadcrumb":{"@id":"https:\/\/horticom.ee\/e-pood\/toode\/peet-detroit-2-beta-vulgaris-l\/#breadcrumb"},"inLanguage":"ru-RU","potentialAction":[{"@type":"ReadAction","target":["https:\/\/horticom.ee\/e-pood\/toode\/peet-detroit-2-beta-vulgaris-l\/"]}]},{"@type":"ImageObject","inLanguage":"ru-RU","@id":"https:\/\/horticom.ee\/e-pood\/toode\/peet-detroit-2-beta-vulgaris-l\/#primaryimage","url":"https:\/\/horticom.ee\/e-pood\/wp-content\/uploads\/importedmedia\/product-1822914_0-LA10210.jpg","contentUrl":"https:\/\/horticom.ee\/e-pood\/wp-content\/uploads\/importedmedia\/product-1822914_0-LA10210.jpg","width":999,"height":1068,"caption":"Peet Detroit 2-Beta vulgaris L."},{"@type":"BreadcrumbList","@id":"https:\/\/horticom.ee\/e-pood\/toode\/peet-detroit-2-beta-vulgaris-l\/#breadcrumb","itemListElement":[{"@type":"ListItem","position":1,"name":"Home","item":"https:\/\/horticom.ee\/e-pood\/"},{"@type":"ListItem","position":2,"name":"Pood","item":"https:\/\/horticom.ee\/e-pood\/pood\/"},{"@type":"ListItem","position":3,"name":"Peet Detroit 2-Beta vulgaris L."}]},{"@type":"WebSite","@id":"https:\/\/horticom.ee\/e-pood\/#website","url":"https:\/\/horticom.ee\/e-pood\/","name":"Horticom.ee","description":"Aianduskaubad ja kodukaubad nii harrastajatele kui professionaalidele","potentialAction":[{"@type":"SearchAction","target":{"@type":"EntryPoint","urlTemplate":"https:\/\/horticom.ee\/e-pood\/?s={search_term_string}"},"query-input":{"@type":"PropertyValueSpecification","valueRequired":true,"valueName":"search_term_string"}}],"inLanguage":"ru-RU"}]}},"_links":{"self":[{"href":"https:\/\/horticom.ee\/e-pood\/ru\/wp-json\/wp\/v2\/product\/1822914","targetHints":{"allow":["GET"]}}],"collection":[{"href":"https:\/\/horticom.ee\/e-pood\/ru\/wp-json\/wp\/v2\/product"}],"about":[{"href":"https:\/\/horticom.ee\/e-pood\/ru\/wp-json\/wp\/v2\/types\/product"}],"replies":[{"embeddable":true,"href":"https:\/\/horticom.ee\/e-pood\/ru\/wp-json\/wp\/v2\/comments?post=1822914"}],"wp:featuredmedia":[{"embeddable":true,"href":"https:\/\/horticom.ee\/e-pood\/ru\/wp-json\/wp\/v2\/media\/2063519"}],"wp:attachment":[{"href":"https:\/\/horticom.ee\/e-pood\/ru\/wp-json\/wp\/v2\/media?parent=1822914"}],"wp:term":[{"taxonomy":"product_cat","embeddable":true,"href":"https:\/\/horticom.ee\/e-pood\/ru\/wp-json\/wp\/v2\/product_cat?post=1822914"},{"taxonomy":"product_tag","embeddable":true,"href":"https:\/\/horticom.ee\/e-pood\/ru\/wp-json\/wp\/v2\/product_tag?post=1822914"}],"curies":[{"name":"wp","href":"https:\/\/api.w.org\/{rel}","templated":true}]}}