{"id":1822917,"date":"2023-05-08T03:06:58","date_gmt":"2023-05-08T00:06:58","guid":{"rendered":"https:\/\/horticom.ee\/e-pood\/toode\/redis-scarlet-globe-raphanus-sativus-l\/"},"modified":"2026-04-25T03:13:25","modified_gmt":"2026-04-25T00:13:25","slug":"redis-scarlet-globe-raphanus-sativus-l","status":"publish","type":"product","link":"https:\/\/horticom.ee\/e-pood\/ru\/toode\/redis-scarlet-globe-raphanus-sativus-l\/","title":{"rendered":"Redis Scarlet Globe-Raphanus sativus L."},"content":{"rendered":"<p>Redis Scarlet globe on varajane sort. Juurviljad on piklikud, punased, valge otsaga. Valmivad 28\u201334 p\u00e4eva jooksul alates idanemisest. Maitsvad, ei kasva \u00fcle. Kasvatatakse nii v\u00e4ljas kui ka varju all. S\u00fcgiseseks saagiks istutatakse redist augusti teisel poolel. K\u00f5ige paremini kasvab 18\u201321C temperatuuril. 1g  umbes 70\u2013130 seemet.<\/p>\n","protected":false},"excerpt":{"rendered":"<p>Redis Scarlet globe on varajane sort. Juurviljad on piklikud, punased, valge otsaga. Valmivad 28\u201334 p\u00e4eva jooksul alates idanemisest. Maitsvad, ei kasva \u00fcle. Kasvatatakse nii v\u00e4ljas kui ka varju all. S\u00fcgiseseks saagiks istutatakse redist augusti teisel poolel. K\u00f5ige paremini kasvab 18\u201321C temperatuuril. 1g umbes 70\u2013130 seemet.<\/p>\n","protected":false},"featured_media":1823714,"comment_status":"closed","ping_status":"closed","template":"","meta":{"_themeisle_gutenberg_block_has_review":false},"product_cat":[13485],"product_tag":[],"class_list":{"0":"post-1822917","1":"product","2":"type-product","3":"status-publish","4":"has-post-thumbnail","6":"product_cat-redis-roigas","8":"first","9":"outofstock","10":"shipping-taxable","11":"purchasable","12":"product-type-simple"},"yoast_head":"<!-- This site is optimized with the Yoast SEO plugin v24.0 - https:\/\/yoast.com\/wordpress\/plugins\/seo\/ -->\n<title>Redis Scarlet Globe-Raphanus sativus L. - Horticom.ee<\/title>\n<meta name=\"description\" content=\"Redis Scarlet globe on varajane sort, mille piklikud punased viljad valmivad 28\u201334 p\u00e4evaga. Sobib kasvatamiseks nii kasvuhoones kui ka avamaal.\" \/>\n<meta name=\"robots\" content=\"index, follow, max-snippet:-1, max-image-preview:large, max-video-preview:-1\" \/>\n<link rel=\"canonical\" href=\"https:\/\/horticom.ee\/e-pood\/toode\/redis-scarlet-globe-raphanus-sativus-l\/\" \/>\n<meta property=\"og:locale\" content=\"ru_RU\" \/>\n<meta property=\"og:type\" content=\"article\" \/>\n<meta property=\"og:title\" content=\"Redis Scarlet Globe-Raphanus sativus L. - Horticom.ee\" \/>\n<meta property=\"og:description\" content=\"Redis Scarlet globe on varajane sort, mille piklikud punased viljad valmivad 28\u201334 p\u00e4evaga. Sobib kasvatamiseks nii kasvuhoones kui ka avamaal.\" \/>\n<meta property=\"og:url\" content=\"https:\/\/horticom.ee\/e-pood\/toode\/redis-scarlet-globe-raphanus-sativus-l\/\" \/>\n<meta property=\"og:site_name\" content=\"Horticom.ee\" \/>\n<meta property=\"article:publisher\" content=\"https:\/\/www.facebook.com\/horticom.ee\/e-pood\" \/>\n<meta property=\"article:modified_time\" content=\"2026-04-25T00:13:25+00:00\" \/>\n<meta property=\"og:image\" content=\"https:\/\/horticom.ee\/e-pood\/wp-content\/uploads\/importedmedia\/product-1822917_0-LA11060.jpg\" \/>\n\t<meta property=\"og:image:width\" content=\"999\" \/>\n\t<meta property=\"og:image:height\" content=\"1067\" \/>\n\t<meta property=\"og:image:type\" content=\"image\/jpeg\" \/>\n<meta name=\"twitter:card\" content=\"summary_large_image\" \/>\n<script type=\"application\/ld+json\" class=\"yoast-schema-graph\">{\"@context\":\"https:\/\/schema.org\",\"@graph\":[{\"@type\":\"WebPage\",\"@id\":\"https:\/\/horticom.ee\/e-pood\/toode\/redis-scarlet-globe-raphanus-sativus-l\/\",\"url\":\"https:\/\/horticom.ee\/e-pood\/toode\/redis-scarlet-globe-raphanus-sativus-l\/\",\"name\":\"Redis Scarlet Globe-Raphanus sativus L. - Horticom.ee\",\"isPartOf\":{\"@id\":\"https:\/\/horticom.ee\/e-pood\/#website\"},\"primaryImageOfPage\":{\"@id\":\"https:\/\/horticom.ee\/e-pood\/toode\/redis-scarlet-globe-raphanus-sativus-l\/#primaryimage\"},\"image\":{\"@id\":\"https:\/\/horticom.ee\/e-pood\/toode\/redis-scarlet-globe-raphanus-sativus-l\/#primaryimage\"},\"thumbnailUrl\":\"https:\/\/horticom.ee\/e-pood\/wp-content\/uploads\/importedmedia\/product-1822917_0-LA11060.jpg\",\"datePublished\":\"2023-05-08T00:06:58+00:00\",\"dateModified\":\"2026-04-25T00:13:25+00:00\",\"description\":\"Redis Scarlet globe on varajane sort, mille piklikud punased viljad valmivad 28\u201334 p\u00e4evaga. Sobib kasvatamiseks nii kasvuhoones kui ka avamaal.\",\"breadcrumb\":{\"@id\":\"https:\/\/horticom.ee\/e-pood\/toode\/redis-scarlet-globe-raphanus-sativus-l\/#breadcrumb\"},\"inLanguage\":\"ru-RU\",\"potentialAction\":[{\"@type\":\"ReadAction\",\"target\":[\"https:\/\/horticom.ee\/e-pood\/toode\/redis-scarlet-globe-raphanus-sativus-l\/\"]}]},{\"@type\":\"ImageObject\",\"inLanguage\":\"ru-RU\",\"@id\":\"https:\/\/horticom.ee\/e-pood\/toode\/redis-scarlet-globe-raphanus-sativus-l\/#primaryimage\",\"url\":\"https:\/\/horticom.ee\/e-pood\/wp-content\/uploads\/importedmedia\/product-1822917_0-LA11060.jpg\",\"contentUrl\":\"https:\/\/horticom.ee\/e-pood\/wp-content\/uploads\/importedmedia\/product-1822917_0-LA11060.jpg\",\"width\":999,\"height\":1067,\"caption\":\"Redis Scarlet Globe-Raphanus sativus L.\"},{\"@type\":\"BreadcrumbList\",\"@id\":\"https:\/\/horticom.ee\/e-pood\/toode\/redis-scarlet-globe-raphanus-sativus-l\/#breadcrumb\",\"itemListElement\":[{\"@type\":\"ListItem\",\"position\":1,\"name\":\"Home\",\"item\":\"https:\/\/horticom.ee\/e-pood\/\"},{\"@type\":\"ListItem\",\"position\":2,\"name\":\"Pood\",\"item\":\"https:\/\/horticom.ee\/e-pood\/pood\/\"},{\"@type\":\"ListItem\",\"position\":3,\"name\":\"Redis Scarlet Globe-Raphanus sativus L.\"}]},{\"@type\":\"WebSite\",\"@id\":\"https:\/\/horticom.ee\/e-pood\/#website\",\"url\":\"https:\/\/horticom.ee\/e-pood\/\",\"name\":\"Horticom.ee\",\"description\":\"Aianduskaubad ja kodukaubad nii harrastajatele kui professionaalidele\",\"potentialAction\":[{\"@type\":\"SearchAction\",\"target\":{\"@type\":\"EntryPoint\",\"urlTemplate\":\"https:\/\/horticom.ee\/e-pood\/?s={search_term_string}\"},\"query-input\":{\"@type\":\"PropertyValueSpecification\",\"valueRequired\":true,\"valueName\":\"search_term_string\"}}],\"inLanguage\":\"ru-RU\"}]}<\/script>\n<!-- \/ Yoast SEO plugin. -->","yoast_head_json":{"title":"Redis Scarlet Globe-Raphanus sativus L. - Horticom.ee","description":"Redis Scarlet globe on varajane sort, mille piklikud punased viljad valmivad 28\u201334 p\u00e4evaga. Sobib kasvatamiseks nii kasvuhoones kui ka avamaal.","robots":{"index":"index","follow":"follow","max-snippet":"max-snippet:-1","max-image-preview":"max-image-preview:large","max-video-preview":"max-video-preview:-1"},"canonical":"https:\/\/horticom.ee\/e-pood\/toode\/redis-scarlet-globe-raphanus-sativus-l\/","og_locale":"ru_RU","og_type":"article","og_title":"Redis Scarlet Globe-Raphanus sativus L. - Horticom.ee","og_description":"Redis Scarlet globe on varajane sort, mille piklikud punased viljad valmivad 28\u201334 p\u00e4evaga. Sobib kasvatamiseks nii kasvuhoones kui ka avamaal.","og_url":"https:\/\/horticom.ee\/e-pood\/toode\/redis-scarlet-globe-raphanus-sativus-l\/","og_site_name":"Horticom.ee","article_publisher":"https:\/\/www.facebook.com\/horticom.ee\/e-pood","article_modified_time":"2026-04-25T00:13:25+00:00","og_image":[{"width":999,"height":1067,"url":"https:\/\/horticom.ee\/e-pood\/wp-content\/uploads\/importedmedia\/product-1822917_0-LA11060.jpg","type":"image\/jpeg"}],"twitter_card":"summary_large_image","schema":{"@context":"https:\/\/schema.org","@graph":[{"@type":"WebPage","@id":"https:\/\/horticom.ee\/e-pood\/toode\/redis-scarlet-globe-raphanus-sativus-l\/","url":"https:\/\/horticom.ee\/e-pood\/toode\/redis-scarlet-globe-raphanus-sativus-l\/","name":"Redis Scarlet Globe-Raphanus sativus L. - Horticom.ee","isPartOf":{"@id":"https:\/\/horticom.ee\/e-pood\/#website"},"primaryImageOfPage":{"@id":"https:\/\/horticom.ee\/e-pood\/toode\/redis-scarlet-globe-raphanus-sativus-l\/#primaryimage"},"image":{"@id":"https:\/\/horticom.ee\/e-pood\/toode\/redis-scarlet-globe-raphanus-sativus-l\/#primaryimage"},"thumbnailUrl":"https:\/\/horticom.ee\/e-pood\/wp-content\/uploads\/importedmedia\/product-1822917_0-LA11060.jpg","datePublished":"2023-05-08T00:06:58+00:00","dateModified":"2026-04-25T00:13:25+00:00","description":"Redis Scarlet globe on varajane sort, mille piklikud punased viljad valmivad 28\u201334 p\u00e4evaga. Sobib kasvatamiseks nii kasvuhoones kui ka avamaal.","breadcrumb":{"@id":"https:\/\/horticom.ee\/e-pood\/toode\/redis-scarlet-globe-raphanus-sativus-l\/#breadcrumb"},"inLanguage":"ru-RU","potentialAction":[{"@type":"ReadAction","target":["https:\/\/horticom.ee\/e-pood\/toode\/redis-scarlet-globe-raphanus-sativus-l\/"]}]},{"@type":"ImageObject","inLanguage":"ru-RU","@id":"https:\/\/horticom.ee\/e-pood\/toode\/redis-scarlet-globe-raphanus-sativus-l\/#primaryimage","url":"https:\/\/horticom.ee\/e-pood\/wp-content\/uploads\/importedmedia\/product-1822917_0-LA11060.jpg","contentUrl":"https:\/\/horticom.ee\/e-pood\/wp-content\/uploads\/importedmedia\/product-1822917_0-LA11060.jpg","width":999,"height":1067,"caption":"Redis Scarlet Globe-Raphanus sativus L."},{"@type":"BreadcrumbList","@id":"https:\/\/horticom.ee\/e-pood\/toode\/redis-scarlet-globe-raphanus-sativus-l\/#breadcrumb","itemListElement":[{"@type":"ListItem","position":1,"name":"Home","item":"https:\/\/horticom.ee\/e-pood\/"},{"@type":"ListItem","position":2,"name":"Pood","item":"https:\/\/horticom.ee\/e-pood\/pood\/"},{"@type":"ListItem","position":3,"name":"Redis Scarlet Globe-Raphanus sativus L."}]},{"@type":"WebSite","@id":"https:\/\/horticom.ee\/e-pood\/#website","url":"https:\/\/horticom.ee\/e-pood\/","name":"Horticom.ee","description":"Aianduskaubad ja kodukaubad nii harrastajatele kui professionaalidele","potentialAction":[{"@type":"SearchAction","target":{"@type":"EntryPoint","urlTemplate":"https:\/\/horticom.ee\/e-pood\/?s={search_term_string}"},"query-input":{"@type":"PropertyValueSpecification","valueRequired":true,"valueName":"search_term_string"}}],"inLanguage":"ru-RU"}]}},"_links":{"self":[{"href":"https:\/\/horticom.ee\/e-pood\/ru\/wp-json\/wp\/v2\/product\/1822917","targetHints":{"allow":["GET"]}}],"collection":[{"href":"https:\/\/horticom.ee\/e-pood\/ru\/wp-json\/wp\/v2\/product"}],"about":[{"href":"https:\/\/horticom.ee\/e-pood\/ru\/wp-json\/wp\/v2\/types\/product"}],"replies":[{"embeddable":true,"href":"https:\/\/horticom.ee\/e-pood\/ru\/wp-json\/wp\/v2\/comments?post=1822917"}],"wp:featuredmedia":[{"embeddable":true,"href":"https:\/\/horticom.ee\/e-pood\/ru\/wp-json\/wp\/v2\/media\/1823714"}],"wp:attachment":[{"href":"https:\/\/horticom.ee\/e-pood\/ru\/wp-json\/wp\/v2\/media?parent=1822917"}],"wp:term":[{"taxonomy":"product_cat","embeddable":true,"href":"https:\/\/horticom.ee\/e-pood\/ru\/wp-json\/wp\/v2\/product_cat?post=1822917"},{"taxonomy":"product_tag","embeddable":true,"href":"https:\/\/horticom.ee\/e-pood\/ru\/wp-json\/wp\/v2\/product_tag?post=1822917"}],"curies":[{"name":"wp","href":"https:\/\/api.w.org\/{rel}","templated":true}]}}