{"id":1822918,"date":"2023-05-08T03:07:00","date_gmt":"2023-05-08T00:07:00","guid":{"rendered":"https:\/\/horticom.ee\/e-pood\/toode\/sibul-stuttgarter-riesen-allium-cepa-l\/"},"modified":"2026-04-19T03:12:51","modified_gmt":"2026-04-19T00:12:51","slug":"sibul-stuttgarter-riesen-allium-cepa-l","status":"publish","type":"product","link":"https:\/\/horticom.ee\/e-pood\/ru\/toode\/sibul-stuttgarter-riesen-allium-cepa-l\/","title":{"rendered":"Sibul Stuttgarter Riesen-Allium cepa L."},"content":{"rendered":"<p>Sibul Stuttgarter riesen on varajane, viljakas sort. Vegetatsiooniperiood 45\u201355 p\u00e4eva. Pikaajaliseks s\u00e4ilitamiseks. M\u00f5\u00f5dukalt teravamaitseline keskmine kuni suur ja \u00fcmar kuni \u00fcmarlapik sibul. Kuivsoomused pruunikaskollased, sisu kreemvalge, tihe. Ei kujune v\u00e4lja mugulaid. Kasutatakse salatite valmistamiseks ja maitserohelisena. K\u00f5ige paremini kasvab saviliiva, kerge liivsavimulla pinnases. 1g \u2013 umbes 200\u2013320 seemet.<\/p>\n","protected":false},"excerpt":{"rendered":"<p>Sibul Stuttgarter riesen on varajane, viljakas sort. Vegetatsiooniperiood 45\u201355 p\u00e4eva. Pikaajaliseks s\u00e4ilitamiseks. M\u00f5\u00f5dukalt teravamaitseline keskmine kuni suur ja \u00fcmar kuni \u00fcmarlapik sibul. Kuivsoomused pruunikaskollased, sisu kreemvalge, tihe. Ei kujune v\u00e4lja mugulaid. Kasutatakse salatite valmistamiseks ja maitserohelisena. K\u00f5ige paremini kasvab saviliiva, kerge liivsavimulla pinnases. 1g \u2013 umbes 200\u2013320 seemet.<\/p>\n","protected":false},"featured_media":2063517,"comment_status":"closed","ping_status":"closed","template":"","meta":{"_themeisle_gutenberg_block_has_review":false},"product_cat":[13483],"product_tag":[],"class_list":{"0":"post-1822918","1":"product","2":"type-product","3":"status-publish","4":"has-post-thumbnail","6":"product_cat-sibul-porru-murulauk","8":"first","9":"instock","10":"shipping-taxable","11":"purchasable","12":"product-type-simple"},"yoast_head":"<!-- This site is optimized with the Yoast SEO plugin v24.0 - https:\/\/yoast.com\/wordpress\/plugins\/seo\/ -->\n<title>Sibul Stuttgarter Riesen-Allium cepa L. - Horticom.ee<\/title>\n<meta name=\"description\" content=\"Sibul Stuttgarter riesen on varajane, viljakas ja keskmise suurusega sibul. Sobib pikaajaliseks s\u00e4ilitamiseks ja salatite valmistamiseks.\" \/>\n<meta name=\"robots\" content=\"index, follow, max-snippet:-1, max-image-preview:large, max-video-preview:-1\" \/>\n<link rel=\"canonical\" href=\"https:\/\/horticom.ee\/e-pood\/toode\/sibul-stuttgarter-riesen-allium-cepa-l\/\" \/>\n<meta property=\"og:locale\" content=\"ru_RU\" \/>\n<meta property=\"og:type\" content=\"article\" \/>\n<meta property=\"og:title\" content=\"Sibul Stuttgarter Riesen-Allium cepa L. - Horticom.ee\" \/>\n<meta property=\"og:description\" content=\"Sibul Stuttgarter riesen on varajane, viljakas ja keskmise suurusega sibul. Sobib pikaajaliseks s\u00e4ilitamiseks ja salatite valmistamiseks.\" \/>\n<meta property=\"og:url\" content=\"https:\/\/horticom.ee\/e-pood\/toode\/sibul-stuttgarter-riesen-allium-cepa-l\/\" \/>\n<meta property=\"og:site_name\" content=\"Horticom.ee\" \/>\n<meta property=\"article:publisher\" content=\"https:\/\/www.facebook.com\/horticom.ee\/e-pood\" \/>\n<meta property=\"article:modified_time\" content=\"2026-04-19T00:12:51+00:00\" \/>\n<meta property=\"og:image\" content=\"https:\/\/horticom.ee\/e-pood\/wp-content\/uploads\/importedmedia\/product-1822918_0-LA11320.jpg\" \/>\n\t<meta property=\"og:image:width\" content=\"999\" \/>\n\t<meta property=\"og:image:height\" content=\"1068\" \/>\n\t<meta property=\"og:image:type\" content=\"image\/jpeg\" \/>\n<meta name=\"twitter:card\" content=\"summary_large_image\" \/>\n<script type=\"application\/ld+json\" class=\"yoast-schema-graph\">{\"@context\":\"https:\/\/schema.org\",\"@graph\":[{\"@type\":\"WebPage\",\"@id\":\"https:\/\/horticom.ee\/e-pood\/toode\/sibul-stuttgarter-riesen-allium-cepa-l\/\",\"url\":\"https:\/\/horticom.ee\/e-pood\/toode\/sibul-stuttgarter-riesen-allium-cepa-l\/\",\"name\":\"Sibul Stuttgarter Riesen-Allium cepa L. - Horticom.ee\",\"isPartOf\":{\"@id\":\"https:\/\/horticom.ee\/e-pood\/#website\"},\"primaryImageOfPage\":{\"@id\":\"https:\/\/horticom.ee\/e-pood\/toode\/sibul-stuttgarter-riesen-allium-cepa-l\/#primaryimage\"},\"image\":{\"@id\":\"https:\/\/horticom.ee\/e-pood\/toode\/sibul-stuttgarter-riesen-allium-cepa-l\/#primaryimage\"},\"thumbnailUrl\":\"https:\/\/horticom.ee\/e-pood\/wp-content\/uploads\/importedmedia\/product-1822918_0-LA11320.jpg\",\"datePublished\":\"2023-05-08T00:07:00+00:00\",\"dateModified\":\"2026-04-19T00:12:51+00:00\",\"description\":\"Sibul Stuttgarter riesen on varajane, viljakas ja keskmise suurusega sibul. Sobib pikaajaliseks s\u00e4ilitamiseks ja salatite valmistamiseks.\",\"breadcrumb\":{\"@id\":\"https:\/\/horticom.ee\/e-pood\/toode\/sibul-stuttgarter-riesen-allium-cepa-l\/#breadcrumb\"},\"inLanguage\":\"ru-RU\",\"potentialAction\":[{\"@type\":\"ReadAction\",\"target\":[\"https:\/\/horticom.ee\/e-pood\/toode\/sibul-stuttgarter-riesen-allium-cepa-l\/\"]}]},{\"@type\":\"ImageObject\",\"inLanguage\":\"ru-RU\",\"@id\":\"https:\/\/horticom.ee\/e-pood\/toode\/sibul-stuttgarter-riesen-allium-cepa-l\/#primaryimage\",\"url\":\"https:\/\/horticom.ee\/e-pood\/wp-content\/uploads\/importedmedia\/product-1822918_0-LA11320.jpg\",\"contentUrl\":\"https:\/\/horticom.ee\/e-pood\/wp-content\/uploads\/importedmedia\/product-1822918_0-LA11320.jpg\",\"width\":999,\"height\":1068,\"caption\":\"Sibul Stuttgarter Riesen-Allium cepa L.\"},{\"@type\":\"BreadcrumbList\",\"@id\":\"https:\/\/horticom.ee\/e-pood\/toode\/sibul-stuttgarter-riesen-allium-cepa-l\/#breadcrumb\",\"itemListElement\":[{\"@type\":\"ListItem\",\"position\":1,\"name\":\"Home\",\"item\":\"https:\/\/horticom.ee\/e-pood\/\"},{\"@type\":\"ListItem\",\"position\":2,\"name\":\"Pood\",\"item\":\"https:\/\/horticom.ee\/e-pood\/pood\/\"},{\"@type\":\"ListItem\",\"position\":3,\"name\":\"Sibul Stuttgarter Riesen-Allium cepa L.\"}]},{\"@type\":\"WebSite\",\"@id\":\"https:\/\/horticom.ee\/e-pood\/#website\",\"url\":\"https:\/\/horticom.ee\/e-pood\/\",\"name\":\"Horticom.ee\",\"description\":\"Aianduskaubad ja kodukaubad nii harrastajatele kui professionaalidele\",\"potentialAction\":[{\"@type\":\"SearchAction\",\"target\":{\"@type\":\"EntryPoint\",\"urlTemplate\":\"https:\/\/horticom.ee\/e-pood\/?s={search_term_string}\"},\"query-input\":{\"@type\":\"PropertyValueSpecification\",\"valueRequired\":true,\"valueName\":\"search_term_string\"}}],\"inLanguage\":\"ru-RU\"}]}<\/script>\n<!-- \/ Yoast SEO plugin. -->","yoast_head_json":{"title":"Sibul Stuttgarter Riesen-Allium cepa L. - Horticom.ee","description":"Sibul Stuttgarter riesen on varajane, viljakas ja keskmise suurusega sibul. Sobib pikaajaliseks s\u00e4ilitamiseks ja salatite valmistamiseks.","robots":{"index":"index","follow":"follow","max-snippet":"max-snippet:-1","max-image-preview":"max-image-preview:large","max-video-preview":"max-video-preview:-1"},"canonical":"https:\/\/horticom.ee\/e-pood\/toode\/sibul-stuttgarter-riesen-allium-cepa-l\/","og_locale":"ru_RU","og_type":"article","og_title":"Sibul Stuttgarter Riesen-Allium cepa L. - Horticom.ee","og_description":"Sibul Stuttgarter riesen on varajane, viljakas ja keskmise suurusega sibul. Sobib pikaajaliseks s\u00e4ilitamiseks ja salatite valmistamiseks.","og_url":"https:\/\/horticom.ee\/e-pood\/toode\/sibul-stuttgarter-riesen-allium-cepa-l\/","og_site_name":"Horticom.ee","article_publisher":"https:\/\/www.facebook.com\/horticom.ee\/e-pood","article_modified_time":"2026-04-19T00:12:51+00:00","og_image":[{"width":999,"height":1068,"url":"https:\/\/horticom.ee\/e-pood\/wp-content\/uploads\/importedmedia\/product-1822918_0-LA11320.jpg","type":"image\/jpeg"}],"twitter_card":"summary_large_image","schema":{"@context":"https:\/\/schema.org","@graph":[{"@type":"WebPage","@id":"https:\/\/horticom.ee\/e-pood\/toode\/sibul-stuttgarter-riesen-allium-cepa-l\/","url":"https:\/\/horticom.ee\/e-pood\/toode\/sibul-stuttgarter-riesen-allium-cepa-l\/","name":"Sibul Stuttgarter Riesen-Allium cepa L. - Horticom.ee","isPartOf":{"@id":"https:\/\/horticom.ee\/e-pood\/#website"},"primaryImageOfPage":{"@id":"https:\/\/horticom.ee\/e-pood\/toode\/sibul-stuttgarter-riesen-allium-cepa-l\/#primaryimage"},"image":{"@id":"https:\/\/horticom.ee\/e-pood\/toode\/sibul-stuttgarter-riesen-allium-cepa-l\/#primaryimage"},"thumbnailUrl":"https:\/\/horticom.ee\/e-pood\/wp-content\/uploads\/importedmedia\/product-1822918_0-LA11320.jpg","datePublished":"2023-05-08T00:07:00+00:00","dateModified":"2026-04-19T00:12:51+00:00","description":"Sibul Stuttgarter riesen on varajane, viljakas ja keskmise suurusega sibul. Sobib pikaajaliseks s\u00e4ilitamiseks ja salatite valmistamiseks.","breadcrumb":{"@id":"https:\/\/horticom.ee\/e-pood\/toode\/sibul-stuttgarter-riesen-allium-cepa-l\/#breadcrumb"},"inLanguage":"ru-RU","potentialAction":[{"@type":"ReadAction","target":["https:\/\/horticom.ee\/e-pood\/toode\/sibul-stuttgarter-riesen-allium-cepa-l\/"]}]},{"@type":"ImageObject","inLanguage":"ru-RU","@id":"https:\/\/horticom.ee\/e-pood\/toode\/sibul-stuttgarter-riesen-allium-cepa-l\/#primaryimage","url":"https:\/\/horticom.ee\/e-pood\/wp-content\/uploads\/importedmedia\/product-1822918_0-LA11320.jpg","contentUrl":"https:\/\/horticom.ee\/e-pood\/wp-content\/uploads\/importedmedia\/product-1822918_0-LA11320.jpg","width":999,"height":1068,"caption":"Sibul Stuttgarter Riesen-Allium cepa L."},{"@type":"BreadcrumbList","@id":"https:\/\/horticom.ee\/e-pood\/toode\/sibul-stuttgarter-riesen-allium-cepa-l\/#breadcrumb","itemListElement":[{"@type":"ListItem","position":1,"name":"Home","item":"https:\/\/horticom.ee\/e-pood\/"},{"@type":"ListItem","position":2,"name":"Pood","item":"https:\/\/horticom.ee\/e-pood\/pood\/"},{"@type":"ListItem","position":3,"name":"Sibul Stuttgarter Riesen-Allium cepa L."}]},{"@type":"WebSite","@id":"https:\/\/horticom.ee\/e-pood\/#website","url":"https:\/\/horticom.ee\/e-pood\/","name":"Horticom.ee","description":"Aianduskaubad ja kodukaubad nii harrastajatele kui professionaalidele","potentialAction":[{"@type":"SearchAction","target":{"@type":"EntryPoint","urlTemplate":"https:\/\/horticom.ee\/e-pood\/?s={search_term_string}"},"query-input":{"@type":"PropertyValueSpecification","valueRequired":true,"valueName":"search_term_string"}}],"inLanguage":"ru-RU"}]}},"_links":{"self":[{"href":"https:\/\/horticom.ee\/e-pood\/ru\/wp-json\/wp\/v2\/product\/1822918","targetHints":{"allow":["GET"]}}],"collection":[{"href":"https:\/\/horticom.ee\/e-pood\/ru\/wp-json\/wp\/v2\/product"}],"about":[{"href":"https:\/\/horticom.ee\/e-pood\/ru\/wp-json\/wp\/v2\/types\/product"}],"replies":[{"embeddable":true,"href":"https:\/\/horticom.ee\/e-pood\/ru\/wp-json\/wp\/v2\/comments?post=1822918"}],"wp:featuredmedia":[{"embeddable":true,"href":"https:\/\/horticom.ee\/e-pood\/ru\/wp-json\/wp\/v2\/media\/2063517"}],"wp:attachment":[{"href":"https:\/\/horticom.ee\/e-pood\/ru\/wp-json\/wp\/v2\/media?parent=1822918"}],"wp:term":[{"taxonomy":"product_cat","embeddable":true,"href":"https:\/\/horticom.ee\/e-pood\/ru\/wp-json\/wp\/v2\/product_cat?post=1822918"},{"taxonomy":"product_tag","embeddable":true,"href":"https:\/\/horticom.ee\/e-pood\/ru\/wp-json\/wp\/v2\/product_tag?post=1822918"}],"curies":[{"name":"wp","href":"https:\/\/api.w.org\/{rel}","templated":true}]}}