{"id":1822921,"date":"2023-05-08T03:07:03","date_gmt":"2023-05-08T00:07:03","guid":{"rendered":"https:\/\/horticom.ee\/e-pood\/toode\/suvikorvits-cocourzelle-cucurbita-pepo-l\/"},"modified":"2026-04-19T03:12:51","modified_gmt":"2026-04-19T00:12:51","slug":"suvikorvits-cocourzelle-cucurbita-pepo-l","status":"publish","type":"product","link":"https:\/\/horticom.ee\/e-pood\/ru\/toode\/suvikorvits-cocourzelle-cucurbita-pepo-l\/","title":{"rendered":"Suvik\u00f5rvits Cocourzelle-Cucurbita pepo L."},"content":{"rendered":"<p>Suvik\u00f5rvits Cocourzelle on varajane p\u00f5\u00f5sastaim. Vegetatsiooniperiood 50 p\u00e4eva. Vili on silindrikujuline, 20\u201322cm pikkune, roheline, heledamate triipudega, suurep\u00e4rase maitsega. Sobib s\u00f6\u00f6miseks v\u00e4rskena, praetuna, hautatuna, konserveerituna. Kasvab h\u00e4sti viljakas pinnases, p\u00e4ikesepaistelises kohas. K\u00fclvatakse, kui pinnase temperatuur ulatub 10cm s\u00fcgavusel +10\u201312 C. 1g \u2013 umbes 6\u20138 seemet.<\/p>\n","protected":false},"excerpt":{"rendered":"<p>Suvik\u00f5rvits Cocourzelle on varajane p\u00f5\u00f5sastaim. Vegetatsiooniperiood 50 p\u00e4eva. Vili on silindrikujuline, 20\u201322cm pikkune, roheline, heledamate triipudega, suurep\u00e4rase maitsega. Sobib s\u00f6\u00f6miseks v\u00e4rskena, praetuna, hautatuna, konserveerituna. Kasvab h\u00e4sti viljakas pinnases, p\u00e4ikesepaistelises kohas. K\u00fclvatakse, kui pinnase temperatuur ulatub 10cm s\u00fcgavusel +10\u201312 C. 1g \u2013 umbes 6\u20138 seemet.<\/p>\n","protected":false},"featured_media":2063515,"comment_status":"closed","ping_status":"closed","template":"","meta":{"_themeisle_gutenberg_block_has_review":false},"product_cat":[13482],"product_tag":[],"class_list":{"0":"post-1822921","1":"product","2":"type-product","3":"status-publish","4":"has-post-thumbnail","6":"product_cat-suvikorvits-korvits","8":"first","9":"instock","10":"shipping-taxable","11":"purchasable","12":"product-type-simple"},"yoast_head":"<!-- This site is optimized with the Yoast SEO plugin v24.0 - https:\/\/yoast.com\/wordpress\/plugins\/seo\/ -->\n<title>Suvik\u00f5rvits Cocourzelle-Cucurbita pepo L. - Horticom.ee<\/title>\n<meta name=\"description\" content=\"Suvik\u00f5rvits Cocourzelle on varajane p\u00f5\u00f5sastaim, viljad rohetriibulised ja suurep\u00e4rase maitsega. Sobib v\u00e4rskena ja konserveerituna tarbimiseks.\" \/>\n<meta name=\"robots\" content=\"index, follow, max-snippet:-1, max-image-preview:large, max-video-preview:-1\" \/>\n<link rel=\"canonical\" href=\"https:\/\/horticom.ee\/e-pood\/toode\/suvikorvits-cocourzelle-cucurbita-pepo-l\/\" \/>\n<meta property=\"og:locale\" content=\"ru_RU\" \/>\n<meta property=\"og:type\" content=\"article\" \/>\n<meta property=\"og:title\" content=\"Suvik\u00f5rvits Cocourzelle-Cucurbita pepo L. - Horticom.ee\" \/>\n<meta property=\"og:description\" content=\"Suvik\u00f5rvits Cocourzelle on varajane p\u00f5\u00f5sastaim, viljad rohetriibulised ja suurep\u00e4rase maitsega. Sobib v\u00e4rskena ja konserveerituna tarbimiseks.\" \/>\n<meta property=\"og:url\" content=\"https:\/\/horticom.ee\/e-pood\/toode\/suvikorvits-cocourzelle-cucurbita-pepo-l\/\" \/>\n<meta property=\"og:site_name\" content=\"Horticom.ee\" \/>\n<meta property=\"article:publisher\" content=\"https:\/\/www.facebook.com\/horticom.ee\/e-pood\" \/>\n<meta property=\"article:modified_time\" content=\"2026-04-19T00:12:51+00:00\" \/>\n<meta property=\"og:image\" content=\"https:\/\/horticom.ee\/e-pood\/wp-content\/uploads\/importedmedia\/product-1822921_0-LA10260.jpg\" \/>\n\t<meta property=\"og:image:width\" content=\"999\" \/>\n\t<meta property=\"og:image:height\" content=\"1068\" \/>\n\t<meta property=\"og:image:type\" content=\"image\/jpeg\" \/>\n<meta name=\"twitter:card\" content=\"summary_large_image\" \/>\n<script type=\"application\/ld+json\" class=\"yoast-schema-graph\">{\"@context\":\"https:\/\/schema.org\",\"@graph\":[{\"@type\":\"WebPage\",\"@id\":\"https:\/\/horticom.ee\/e-pood\/toode\/suvikorvits-cocourzelle-cucurbita-pepo-l\/\",\"url\":\"https:\/\/horticom.ee\/e-pood\/toode\/suvikorvits-cocourzelle-cucurbita-pepo-l\/\",\"name\":\"Suvik\u00f5rvits Cocourzelle-Cucurbita pepo L. - Horticom.ee\",\"isPartOf\":{\"@id\":\"https:\/\/horticom.ee\/e-pood\/#website\"},\"primaryImageOfPage\":{\"@id\":\"https:\/\/horticom.ee\/e-pood\/toode\/suvikorvits-cocourzelle-cucurbita-pepo-l\/#primaryimage\"},\"image\":{\"@id\":\"https:\/\/horticom.ee\/e-pood\/toode\/suvikorvits-cocourzelle-cucurbita-pepo-l\/#primaryimage\"},\"thumbnailUrl\":\"https:\/\/horticom.ee\/e-pood\/wp-content\/uploads\/importedmedia\/product-1822921_0-LA10260.jpg\",\"datePublished\":\"2023-05-08T00:07:03+00:00\",\"dateModified\":\"2026-04-19T00:12:51+00:00\",\"description\":\"Suvik\u00f5rvits Cocourzelle on varajane p\u00f5\u00f5sastaim, viljad rohetriibulised ja suurep\u00e4rase maitsega. Sobib v\u00e4rskena ja konserveerituna tarbimiseks.\",\"breadcrumb\":{\"@id\":\"https:\/\/horticom.ee\/e-pood\/toode\/suvikorvits-cocourzelle-cucurbita-pepo-l\/#breadcrumb\"},\"inLanguage\":\"ru-RU\",\"potentialAction\":[{\"@type\":\"ReadAction\",\"target\":[\"https:\/\/horticom.ee\/e-pood\/toode\/suvikorvits-cocourzelle-cucurbita-pepo-l\/\"]}]},{\"@type\":\"ImageObject\",\"inLanguage\":\"ru-RU\",\"@id\":\"https:\/\/horticom.ee\/e-pood\/toode\/suvikorvits-cocourzelle-cucurbita-pepo-l\/#primaryimage\",\"url\":\"https:\/\/horticom.ee\/e-pood\/wp-content\/uploads\/importedmedia\/product-1822921_0-LA10260.jpg\",\"contentUrl\":\"https:\/\/horticom.ee\/e-pood\/wp-content\/uploads\/importedmedia\/product-1822921_0-LA10260.jpg\",\"width\":999,\"height\":1068,\"caption\":\"Suvik\u00f5rvits Cocourzelle-Cucurbita pepo L.\"},{\"@type\":\"BreadcrumbList\",\"@id\":\"https:\/\/horticom.ee\/e-pood\/toode\/suvikorvits-cocourzelle-cucurbita-pepo-l\/#breadcrumb\",\"itemListElement\":[{\"@type\":\"ListItem\",\"position\":1,\"name\":\"Home\",\"item\":\"https:\/\/horticom.ee\/e-pood\/\"},{\"@type\":\"ListItem\",\"position\":2,\"name\":\"Pood\",\"item\":\"https:\/\/horticom.ee\/e-pood\/pood\/\"},{\"@type\":\"ListItem\",\"position\":3,\"name\":\"Suvik\u00f5rvits Cocourzelle-Cucurbita pepo L.\"}]},{\"@type\":\"WebSite\",\"@id\":\"https:\/\/horticom.ee\/e-pood\/#website\",\"url\":\"https:\/\/horticom.ee\/e-pood\/\",\"name\":\"Horticom.ee\",\"description\":\"Aianduskaubad ja kodukaubad nii harrastajatele kui professionaalidele\",\"potentialAction\":[{\"@type\":\"SearchAction\",\"target\":{\"@type\":\"EntryPoint\",\"urlTemplate\":\"https:\/\/horticom.ee\/e-pood\/?s={search_term_string}\"},\"query-input\":{\"@type\":\"PropertyValueSpecification\",\"valueRequired\":true,\"valueName\":\"search_term_string\"}}],\"inLanguage\":\"ru-RU\"}]}<\/script>\n<!-- \/ Yoast SEO plugin. -->","yoast_head_json":{"title":"Suvik\u00f5rvits Cocourzelle-Cucurbita pepo L. - Horticom.ee","description":"Suvik\u00f5rvits Cocourzelle on varajane p\u00f5\u00f5sastaim, viljad rohetriibulised ja suurep\u00e4rase maitsega. Sobib v\u00e4rskena ja konserveerituna tarbimiseks.","robots":{"index":"index","follow":"follow","max-snippet":"max-snippet:-1","max-image-preview":"max-image-preview:large","max-video-preview":"max-video-preview:-1"},"canonical":"https:\/\/horticom.ee\/e-pood\/toode\/suvikorvits-cocourzelle-cucurbita-pepo-l\/","og_locale":"ru_RU","og_type":"article","og_title":"Suvik\u00f5rvits Cocourzelle-Cucurbita pepo L. - Horticom.ee","og_description":"Suvik\u00f5rvits Cocourzelle on varajane p\u00f5\u00f5sastaim, viljad rohetriibulised ja suurep\u00e4rase maitsega. Sobib v\u00e4rskena ja konserveerituna tarbimiseks.","og_url":"https:\/\/horticom.ee\/e-pood\/toode\/suvikorvits-cocourzelle-cucurbita-pepo-l\/","og_site_name":"Horticom.ee","article_publisher":"https:\/\/www.facebook.com\/horticom.ee\/e-pood","article_modified_time":"2026-04-19T00:12:51+00:00","og_image":[{"width":999,"height":1068,"url":"https:\/\/horticom.ee\/e-pood\/wp-content\/uploads\/importedmedia\/product-1822921_0-LA10260.jpg","type":"image\/jpeg"}],"twitter_card":"summary_large_image","schema":{"@context":"https:\/\/schema.org","@graph":[{"@type":"WebPage","@id":"https:\/\/horticom.ee\/e-pood\/toode\/suvikorvits-cocourzelle-cucurbita-pepo-l\/","url":"https:\/\/horticom.ee\/e-pood\/toode\/suvikorvits-cocourzelle-cucurbita-pepo-l\/","name":"Suvik\u00f5rvits Cocourzelle-Cucurbita pepo L. - Horticom.ee","isPartOf":{"@id":"https:\/\/horticom.ee\/e-pood\/#website"},"primaryImageOfPage":{"@id":"https:\/\/horticom.ee\/e-pood\/toode\/suvikorvits-cocourzelle-cucurbita-pepo-l\/#primaryimage"},"image":{"@id":"https:\/\/horticom.ee\/e-pood\/toode\/suvikorvits-cocourzelle-cucurbita-pepo-l\/#primaryimage"},"thumbnailUrl":"https:\/\/horticom.ee\/e-pood\/wp-content\/uploads\/importedmedia\/product-1822921_0-LA10260.jpg","datePublished":"2023-05-08T00:07:03+00:00","dateModified":"2026-04-19T00:12:51+00:00","description":"Suvik\u00f5rvits Cocourzelle on varajane p\u00f5\u00f5sastaim, viljad rohetriibulised ja suurep\u00e4rase maitsega. Sobib v\u00e4rskena ja konserveerituna tarbimiseks.","breadcrumb":{"@id":"https:\/\/horticom.ee\/e-pood\/toode\/suvikorvits-cocourzelle-cucurbita-pepo-l\/#breadcrumb"},"inLanguage":"ru-RU","potentialAction":[{"@type":"ReadAction","target":["https:\/\/horticom.ee\/e-pood\/toode\/suvikorvits-cocourzelle-cucurbita-pepo-l\/"]}]},{"@type":"ImageObject","inLanguage":"ru-RU","@id":"https:\/\/horticom.ee\/e-pood\/toode\/suvikorvits-cocourzelle-cucurbita-pepo-l\/#primaryimage","url":"https:\/\/horticom.ee\/e-pood\/wp-content\/uploads\/importedmedia\/product-1822921_0-LA10260.jpg","contentUrl":"https:\/\/horticom.ee\/e-pood\/wp-content\/uploads\/importedmedia\/product-1822921_0-LA10260.jpg","width":999,"height":1068,"caption":"Suvik\u00f5rvits Cocourzelle-Cucurbita pepo L."},{"@type":"BreadcrumbList","@id":"https:\/\/horticom.ee\/e-pood\/toode\/suvikorvits-cocourzelle-cucurbita-pepo-l\/#breadcrumb","itemListElement":[{"@type":"ListItem","position":1,"name":"Home","item":"https:\/\/horticom.ee\/e-pood\/"},{"@type":"ListItem","position":2,"name":"Pood","item":"https:\/\/horticom.ee\/e-pood\/pood\/"},{"@type":"ListItem","position":3,"name":"Suvik\u00f5rvits Cocourzelle-Cucurbita pepo L."}]},{"@type":"WebSite","@id":"https:\/\/horticom.ee\/e-pood\/#website","url":"https:\/\/horticom.ee\/e-pood\/","name":"Horticom.ee","description":"Aianduskaubad ja kodukaubad nii harrastajatele kui professionaalidele","potentialAction":[{"@type":"SearchAction","target":{"@type":"EntryPoint","urlTemplate":"https:\/\/horticom.ee\/e-pood\/?s={search_term_string}"},"query-input":{"@type":"PropertyValueSpecification","valueRequired":true,"valueName":"search_term_string"}}],"inLanguage":"ru-RU"}]}},"_links":{"self":[{"href":"https:\/\/horticom.ee\/e-pood\/ru\/wp-json\/wp\/v2\/product\/1822921","targetHints":{"allow":["GET"]}}],"collection":[{"href":"https:\/\/horticom.ee\/e-pood\/ru\/wp-json\/wp\/v2\/product"}],"about":[{"href":"https:\/\/horticom.ee\/e-pood\/ru\/wp-json\/wp\/v2\/types\/product"}],"replies":[{"embeddable":true,"href":"https:\/\/horticom.ee\/e-pood\/ru\/wp-json\/wp\/v2\/comments?post=1822921"}],"wp:featuredmedia":[{"embeddable":true,"href":"https:\/\/horticom.ee\/e-pood\/ru\/wp-json\/wp\/v2\/media\/2063515"}],"wp:attachment":[{"href":"https:\/\/horticom.ee\/e-pood\/ru\/wp-json\/wp\/v2\/media?parent=1822921"}],"wp:term":[{"taxonomy":"product_cat","embeddable":true,"href":"https:\/\/horticom.ee\/e-pood\/ru\/wp-json\/wp\/v2\/product_cat?post=1822921"},{"taxonomy":"product_tag","embeddable":true,"href":"https:\/\/horticom.ee\/e-pood\/ru\/wp-json\/wp\/v2\/product_tag?post=1822921"}],"curies":[{"name":"wp","href":"https:\/\/api.w.org\/{rel}","templated":true}]}}