{"id":1822922,"date":"2023-05-08T03:07:04","date_gmt":"2023-05-08T00:07:04","guid":{"rendered":"https:\/\/horticom.ee\/e-pood\/toode\/till-superdukat-anethum-graveolens-l\/"},"modified":"2026-05-02T03:10:55","modified_gmt":"2026-05-02T00:10:55","slug":"till-superdukat-anethum-graveolens-l","status":"publish","type":"product","link":"https:\/\/horticom.ee\/e-pood\/ru\/toode\/till-superdukat-anethum-graveolens-l\/","title":{"rendered":"Till Superdukat-Anethum graveolens L."},"content":{"rendered":"<p>Till Superdukat on keskmiselt varajane viljakas sort. \u00d5isikud kujunevad v\u00e4lja hilja. Taim on k\u00f5rget kasvu. On kerge kasvatada, mitten\u00f5udlik. Kannatab poolvilu. Selleks, et tilli oleks terve suvi, k\u00fclvatakse seda korduvalt. Toiduks kasutatakse v\u00e4rskeid, harvem kuivatatud lehti, \u00f5isikuid ja varsi. V\u00e4rsketes tillilehtedes on rohkesti C- ja B-grupi vitamiine ja mineraalaineid.<\/p>\n","protected":false},"excerpt":{"rendered":"<p>Till Superdukat on keskmiselt varajane viljakas sort. \u00d5isikud kujunevad v\u00e4lja hilja. Taim on k\u00f5rget kasvu. On kerge kasvatada, mitten\u00f5udlik. Kannatab poolvilu. Selleks, et tilli oleks terve suvi, k\u00fclvatakse seda korduvalt. Toiduks kasutatakse v\u00e4rskeid, harvem kuivatatud lehti, \u00f5isikuid ja varsi. V\u00e4rsketes tillilehtedes on rohkesti C- ja B-grupi vitamiine ja mineraalaineid.<\/p>\n","protected":false},"featured_media":2063513,"comment_status":"closed","ping_status":"closed","template":"","meta":{"_themeisle_gutenberg_block_has_review":false},"product_cat":[13490],"product_tag":[],"class_list":{"0":"post-1822922","1":"product","2":"type-product","3":"status-publish","4":"has-post-thumbnail","6":"product_cat-maitsetaimede-seemned","8":"first","9":"instock","10":"shipping-taxable","11":"purchasable","12":"product-type-simple"},"yoast_head":"<!-- This site is optimized with the Yoast SEO plugin v24.0 - https:\/\/yoast.com\/wordpress\/plugins\/seo\/ -->\n<title>Till Superdukat-Anethum graveolens L. - Horticom.ee<\/title>\n<meta name=\"description\" content=\"Till Superdukat on keskmiselt varajane sort, mis annab suve jooksul pidevalt saaki. Sobib v\u00e4rskelt tarbimiseks, rikkalikult vitamiine.\" \/>\n<meta name=\"robots\" content=\"index, follow, max-snippet:-1, max-image-preview:large, max-video-preview:-1\" \/>\n<link rel=\"canonical\" href=\"https:\/\/horticom.ee\/e-pood\/toode\/till-superdukat-anethum-graveolens-l\/\" \/>\n<meta property=\"og:locale\" content=\"ru_RU\" \/>\n<meta property=\"og:type\" content=\"article\" \/>\n<meta property=\"og:title\" content=\"Till Superdukat-Anethum graveolens L. - Horticom.ee\" \/>\n<meta property=\"og:description\" content=\"Till Superdukat on keskmiselt varajane sort, mis annab suve jooksul pidevalt saaki. Sobib v\u00e4rskelt tarbimiseks, rikkalikult vitamiine.\" \/>\n<meta property=\"og:url\" content=\"https:\/\/horticom.ee\/e-pood\/toode\/till-superdukat-anethum-graveolens-l\/\" \/>\n<meta property=\"og:site_name\" content=\"Horticom.ee\" \/>\n<meta property=\"article:publisher\" content=\"https:\/\/www.facebook.com\/horticom.ee\/e-pood\" \/>\n<meta property=\"article:modified_time\" content=\"2026-05-02T00:10:55+00:00\" \/>\n<meta property=\"og:image\" content=\"https:\/\/horticom.ee\/e-pood\/wp-content\/uploads\/importedmedia\/product-1822922_0-LA10420.jpg\" \/>\n\t<meta property=\"og:image:width\" content=\"999\" \/>\n\t<meta property=\"og:image:height\" content=\"1068\" \/>\n\t<meta property=\"og:image:type\" content=\"image\/jpeg\" \/>\n<meta name=\"twitter:card\" content=\"summary_large_image\" \/>\n<script type=\"application\/ld+json\" class=\"yoast-schema-graph\">{\"@context\":\"https:\/\/schema.org\",\"@graph\":[{\"@type\":\"WebPage\",\"@id\":\"https:\/\/horticom.ee\/e-pood\/toode\/till-superdukat-anethum-graveolens-l\/\",\"url\":\"https:\/\/horticom.ee\/e-pood\/toode\/till-superdukat-anethum-graveolens-l\/\",\"name\":\"Till Superdukat-Anethum graveolens L. - Horticom.ee\",\"isPartOf\":{\"@id\":\"https:\/\/horticom.ee\/e-pood\/#website\"},\"primaryImageOfPage\":{\"@id\":\"https:\/\/horticom.ee\/e-pood\/toode\/till-superdukat-anethum-graveolens-l\/#primaryimage\"},\"image\":{\"@id\":\"https:\/\/horticom.ee\/e-pood\/toode\/till-superdukat-anethum-graveolens-l\/#primaryimage\"},\"thumbnailUrl\":\"https:\/\/horticom.ee\/e-pood\/wp-content\/uploads\/importedmedia\/product-1822922_0-LA10420.jpg\",\"datePublished\":\"2023-05-08T00:07:04+00:00\",\"dateModified\":\"2026-05-02T00:10:55+00:00\",\"description\":\"Till Superdukat on keskmiselt varajane sort, mis annab suve jooksul pidevalt saaki. Sobib v\u00e4rskelt tarbimiseks, rikkalikult vitamiine.\",\"breadcrumb\":{\"@id\":\"https:\/\/horticom.ee\/e-pood\/toode\/till-superdukat-anethum-graveolens-l\/#breadcrumb\"},\"inLanguage\":\"ru-RU\",\"potentialAction\":[{\"@type\":\"ReadAction\",\"target\":[\"https:\/\/horticom.ee\/e-pood\/toode\/till-superdukat-anethum-graveolens-l\/\"]}]},{\"@type\":\"ImageObject\",\"inLanguage\":\"ru-RU\",\"@id\":\"https:\/\/horticom.ee\/e-pood\/toode\/till-superdukat-anethum-graveolens-l\/#primaryimage\",\"url\":\"https:\/\/horticom.ee\/e-pood\/wp-content\/uploads\/importedmedia\/product-1822922_0-LA10420.jpg\",\"contentUrl\":\"https:\/\/horticom.ee\/e-pood\/wp-content\/uploads\/importedmedia\/product-1822922_0-LA10420.jpg\",\"width\":999,\"height\":1068,\"caption\":\"Till Superdukat-Anethum graveolens L.\"},{\"@type\":\"BreadcrumbList\",\"@id\":\"https:\/\/horticom.ee\/e-pood\/toode\/till-superdukat-anethum-graveolens-l\/#breadcrumb\",\"itemListElement\":[{\"@type\":\"ListItem\",\"position\":1,\"name\":\"Home\",\"item\":\"https:\/\/horticom.ee\/e-pood\/\"},{\"@type\":\"ListItem\",\"position\":2,\"name\":\"Pood\",\"item\":\"https:\/\/horticom.ee\/e-pood\/pood\/\"},{\"@type\":\"ListItem\",\"position\":3,\"name\":\"Till Superdukat-Anethum graveolens L.\"}]},{\"@type\":\"WebSite\",\"@id\":\"https:\/\/horticom.ee\/e-pood\/#website\",\"url\":\"https:\/\/horticom.ee\/e-pood\/\",\"name\":\"Horticom.ee\",\"description\":\"Aianduskaubad ja kodukaubad nii harrastajatele kui professionaalidele\",\"potentialAction\":[{\"@type\":\"SearchAction\",\"target\":{\"@type\":\"EntryPoint\",\"urlTemplate\":\"https:\/\/horticom.ee\/e-pood\/?s={search_term_string}\"},\"query-input\":{\"@type\":\"PropertyValueSpecification\",\"valueRequired\":true,\"valueName\":\"search_term_string\"}}],\"inLanguage\":\"ru-RU\"}]}<\/script>\n<!-- \/ Yoast SEO plugin. -->","yoast_head_json":{"title":"Till Superdukat-Anethum graveolens L. - Horticom.ee","description":"Till Superdukat on keskmiselt varajane sort, mis annab suve jooksul pidevalt saaki. Sobib v\u00e4rskelt tarbimiseks, rikkalikult vitamiine.","robots":{"index":"index","follow":"follow","max-snippet":"max-snippet:-1","max-image-preview":"max-image-preview:large","max-video-preview":"max-video-preview:-1"},"canonical":"https:\/\/horticom.ee\/e-pood\/toode\/till-superdukat-anethum-graveolens-l\/","og_locale":"ru_RU","og_type":"article","og_title":"Till Superdukat-Anethum graveolens L. - Horticom.ee","og_description":"Till Superdukat on keskmiselt varajane sort, mis annab suve jooksul pidevalt saaki. Sobib v\u00e4rskelt tarbimiseks, rikkalikult vitamiine.","og_url":"https:\/\/horticom.ee\/e-pood\/toode\/till-superdukat-anethum-graveolens-l\/","og_site_name":"Horticom.ee","article_publisher":"https:\/\/www.facebook.com\/horticom.ee\/e-pood","article_modified_time":"2026-05-02T00:10:55+00:00","og_image":[{"width":999,"height":1068,"url":"https:\/\/horticom.ee\/e-pood\/wp-content\/uploads\/importedmedia\/product-1822922_0-LA10420.jpg","type":"image\/jpeg"}],"twitter_card":"summary_large_image","schema":{"@context":"https:\/\/schema.org","@graph":[{"@type":"WebPage","@id":"https:\/\/horticom.ee\/e-pood\/toode\/till-superdukat-anethum-graveolens-l\/","url":"https:\/\/horticom.ee\/e-pood\/toode\/till-superdukat-anethum-graveolens-l\/","name":"Till Superdukat-Anethum graveolens L. - Horticom.ee","isPartOf":{"@id":"https:\/\/horticom.ee\/e-pood\/#website"},"primaryImageOfPage":{"@id":"https:\/\/horticom.ee\/e-pood\/toode\/till-superdukat-anethum-graveolens-l\/#primaryimage"},"image":{"@id":"https:\/\/horticom.ee\/e-pood\/toode\/till-superdukat-anethum-graveolens-l\/#primaryimage"},"thumbnailUrl":"https:\/\/horticom.ee\/e-pood\/wp-content\/uploads\/importedmedia\/product-1822922_0-LA10420.jpg","datePublished":"2023-05-08T00:07:04+00:00","dateModified":"2026-05-02T00:10:55+00:00","description":"Till Superdukat on keskmiselt varajane sort, mis annab suve jooksul pidevalt saaki. Sobib v\u00e4rskelt tarbimiseks, rikkalikult vitamiine.","breadcrumb":{"@id":"https:\/\/horticom.ee\/e-pood\/toode\/till-superdukat-anethum-graveolens-l\/#breadcrumb"},"inLanguage":"ru-RU","potentialAction":[{"@type":"ReadAction","target":["https:\/\/horticom.ee\/e-pood\/toode\/till-superdukat-anethum-graveolens-l\/"]}]},{"@type":"ImageObject","inLanguage":"ru-RU","@id":"https:\/\/horticom.ee\/e-pood\/toode\/till-superdukat-anethum-graveolens-l\/#primaryimage","url":"https:\/\/horticom.ee\/e-pood\/wp-content\/uploads\/importedmedia\/product-1822922_0-LA10420.jpg","contentUrl":"https:\/\/horticom.ee\/e-pood\/wp-content\/uploads\/importedmedia\/product-1822922_0-LA10420.jpg","width":999,"height":1068,"caption":"Till Superdukat-Anethum graveolens L."},{"@type":"BreadcrumbList","@id":"https:\/\/horticom.ee\/e-pood\/toode\/till-superdukat-anethum-graveolens-l\/#breadcrumb","itemListElement":[{"@type":"ListItem","position":1,"name":"Home","item":"https:\/\/horticom.ee\/e-pood\/"},{"@type":"ListItem","position":2,"name":"Pood","item":"https:\/\/horticom.ee\/e-pood\/pood\/"},{"@type":"ListItem","position":3,"name":"Till Superdukat-Anethum graveolens L."}]},{"@type":"WebSite","@id":"https:\/\/horticom.ee\/e-pood\/#website","url":"https:\/\/horticom.ee\/e-pood\/","name":"Horticom.ee","description":"Aianduskaubad ja kodukaubad nii harrastajatele kui professionaalidele","potentialAction":[{"@type":"SearchAction","target":{"@type":"EntryPoint","urlTemplate":"https:\/\/horticom.ee\/e-pood\/?s={search_term_string}"},"query-input":{"@type":"PropertyValueSpecification","valueRequired":true,"valueName":"search_term_string"}}],"inLanguage":"ru-RU"}]}},"_links":{"self":[{"href":"https:\/\/horticom.ee\/e-pood\/ru\/wp-json\/wp\/v2\/product\/1822922","targetHints":{"allow":["GET"]}}],"collection":[{"href":"https:\/\/horticom.ee\/e-pood\/ru\/wp-json\/wp\/v2\/product"}],"about":[{"href":"https:\/\/horticom.ee\/e-pood\/ru\/wp-json\/wp\/v2\/types\/product"}],"replies":[{"embeddable":true,"href":"https:\/\/horticom.ee\/e-pood\/ru\/wp-json\/wp\/v2\/comments?post=1822922"}],"wp:featuredmedia":[{"embeddable":true,"href":"https:\/\/horticom.ee\/e-pood\/ru\/wp-json\/wp\/v2\/media\/2063513"}],"wp:attachment":[{"href":"https:\/\/horticom.ee\/e-pood\/ru\/wp-json\/wp\/v2\/media?parent=1822922"}],"wp:term":[{"taxonomy":"product_cat","embeddable":true,"href":"https:\/\/horticom.ee\/e-pood\/ru\/wp-json\/wp\/v2\/product_cat?post=1822922"},{"taxonomy":"product_tag","embeddable":true,"href":"https:\/\/horticom.ee\/e-pood\/ru\/wp-json\/wp\/v2\/product_tag?post=1822922"}],"curies":[{"name":"wp","href":"https:\/\/api.w.org\/{rel}","templated":true}]}}