{"id":1822924,"date":"2023-05-08T03:07:06","date_gmt":"2023-05-08T00:07:06","guid":{"rendered":"https:\/\/horticom.ee\/e-pood\/toode\/aedkannike-orange-sun-viola-x-wittrockiana-c\/"},"modified":"2026-04-24T03:13:29","modified_gmt":"2026-04-24T00:13:29","slug":"aedkannike-orange-sun-viola-x-wittrockiana-c","status":"publish","type":"product","link":"https:\/\/horticom.ee\/e-pood\/ru\/toode\/aedkannike-orange-sun-viola-x-wittrockiana-c\/","title":{"rendered":"Aedkannike Pansy Orange Sun &#8211; Viola X Wittrockiana"},"content":{"rendered":"<p>Aedkannike Orange Sun on p\u00fcsiktaim, k\u00f5rgusega kuni 15cm. \u00d5itsevad rohkelt. \u00dchel taimel kuni 30-40 \u00f5it kasvuperioodil.. Ei ole n\u00f5udlik pinnase suhtes, kuid eelistab h\u00e4sti valgustatud, toitaineterikast liiv-savi-mulda. K\u00fclvatakse varakevadel v\u00f5i s\u00fcgisel.<\/p>\n","protected":false},"excerpt":{"rendered":"<p>Aedkannike Orange Sun on p\u00fcsiktaim, k\u00f5rgusega kuni 15cm. \u00d5itsevad rohkelt. \u00dchel taimel kuni 30-40 \u00f5it kasvuperioodil.. Ei ole n\u00f5udlik pinnase suhtes, kuid eelistab h\u00e4sti valgustatud, toitaineterikast liiv-savi-mulda. K\u00fclvatakse varakevadel v\u00f5i s\u00fcgisel.<\/p>\n","protected":false},"featured_media":2067792,"comment_status":"closed","ping_status":"closed","template":"","meta":{"_themeisle_gutenberg_block_has_review":false},"product_cat":[13515],"product_tag":[],"class_list":{"0":"post-1822924","1":"product","2":"type-product","3":"status-publish","4":"has-post-thumbnail","6":"product_cat-mitmeaastased","8":"first","9":"instock","10":"shipping-taxable","11":"purchasable","12":"product-type-simple"},"yoast_head":"<!-- This site is optimized with the Yoast SEO plugin v24.0 - https:\/\/yoast.com\/wordpress\/plugins\/seo\/ -->\n<title>Aedkannike Pansy Orange Sun - Viola X Wittrockiana<\/title>\n<meta name=\"description\" content=\"Aedkannike Orange Sun on kuni 15 cm k\u00f5rgune p\u00fcsik taim. \u00d5itseb rikkalikult, sobib h\u00e4sti valgustatud kohtadesse.\" \/>\n<meta name=\"robots\" content=\"index, follow, max-snippet:-1, max-image-preview:large, max-video-preview:-1\" \/>\n<link rel=\"canonical\" href=\"https:\/\/horticom.ee\/e-pood\/toode\/aedkannike-orange-sun-viola-x-wittrockiana-c\/\" \/>\n<meta property=\"og:locale\" content=\"ru_RU\" \/>\n<meta property=\"og:type\" content=\"article\" \/>\n<meta property=\"og:title\" content=\"Aedkannike Pansy Orange Sun - Viola X Wittrockiana\" \/>\n<meta property=\"og:description\" content=\"Aedkannike Orange Sun on kuni 15 cm k\u00f5rgune p\u00fcsik taim. \u00d5itseb rikkalikult, sobib h\u00e4sti valgustatud kohtadesse.\" \/>\n<meta property=\"og:url\" content=\"https:\/\/horticom.ee\/e-pood\/toode\/aedkannike-orange-sun-viola-x-wittrockiana-c\/\" \/>\n<meta property=\"og:site_name\" content=\"Horticom.ee\" \/>\n<meta property=\"article:publisher\" content=\"https:\/\/www.facebook.com\/horticom.ee\/e-pood\" \/>\n<meta property=\"article:modified_time\" content=\"2026-04-24T00:13:29+00:00\" \/>\n<meta property=\"og:image\" content=\"https:\/\/horticom.ee\/e-pood\/wp-content\/uploads\/importedmedia\/product-1822924_0-L242550.jpg\" \/>\n\t<meta property=\"og:image:width\" content=\"999\" \/>\n\t<meta property=\"og:image:height\" content=\"1068\" \/>\n\t<meta property=\"og:image:type\" content=\"image\/jpeg\" \/>\n<meta name=\"twitter:card\" content=\"summary_large_image\" \/>\n<script type=\"application\/ld+json\" class=\"yoast-schema-graph\">{\"@context\":\"https:\/\/schema.org\",\"@graph\":[{\"@type\":\"WebPage\",\"@id\":\"https:\/\/horticom.ee\/e-pood\/toode\/aedkannike-orange-sun-viola-x-wittrockiana-c\/\",\"url\":\"https:\/\/horticom.ee\/e-pood\/toode\/aedkannike-orange-sun-viola-x-wittrockiana-c\/\",\"name\":\"Aedkannike Pansy Orange Sun - Viola X Wittrockiana\",\"isPartOf\":{\"@id\":\"https:\/\/horticom.ee\/e-pood\/#website\"},\"primaryImageOfPage\":{\"@id\":\"https:\/\/horticom.ee\/e-pood\/toode\/aedkannike-orange-sun-viola-x-wittrockiana-c\/#primaryimage\"},\"image\":{\"@id\":\"https:\/\/horticom.ee\/e-pood\/toode\/aedkannike-orange-sun-viola-x-wittrockiana-c\/#primaryimage\"},\"thumbnailUrl\":\"https:\/\/horticom.ee\/e-pood\/wp-content\/uploads\/importedmedia\/product-1822924_0-L242550.jpg\",\"datePublished\":\"2023-05-08T00:07:06+00:00\",\"dateModified\":\"2026-04-24T00:13:29+00:00\",\"description\":\"Aedkannike Orange Sun on kuni 15 cm k\u00f5rgune p\u00fcsik taim. \u00d5itseb rikkalikult, sobib h\u00e4sti valgustatud kohtadesse.\",\"breadcrumb\":{\"@id\":\"https:\/\/horticom.ee\/e-pood\/toode\/aedkannike-orange-sun-viola-x-wittrockiana-c\/#breadcrumb\"},\"inLanguage\":\"ru-RU\",\"potentialAction\":[{\"@type\":\"ReadAction\",\"target\":[\"https:\/\/horticom.ee\/e-pood\/toode\/aedkannike-orange-sun-viola-x-wittrockiana-c\/\"]}]},{\"@type\":\"ImageObject\",\"inLanguage\":\"ru-RU\",\"@id\":\"https:\/\/horticom.ee\/e-pood\/toode\/aedkannike-orange-sun-viola-x-wittrockiana-c\/#primaryimage\",\"url\":\"https:\/\/horticom.ee\/e-pood\/wp-content\/uploads\/importedmedia\/product-1822924_0-L242550.jpg\",\"contentUrl\":\"https:\/\/horticom.ee\/e-pood\/wp-content\/uploads\/importedmedia\/product-1822924_0-L242550.jpg\",\"width\":999,\"height\":1068,\"caption\":\"Aedkannike Pansy Orange Sun - Viola X Wittrockiana\"},{\"@type\":\"BreadcrumbList\",\"@id\":\"https:\/\/horticom.ee\/e-pood\/toode\/aedkannike-orange-sun-viola-x-wittrockiana-c\/#breadcrumb\",\"itemListElement\":[{\"@type\":\"ListItem\",\"position\":1,\"name\":\"Home\",\"item\":\"https:\/\/horticom.ee\/e-pood\/\"},{\"@type\":\"ListItem\",\"position\":2,\"name\":\"Pood\",\"item\":\"https:\/\/horticom.ee\/e-pood\/pood\/\"},{\"@type\":\"ListItem\",\"position\":3,\"name\":\"Aedkannike Pansy Orange Sun &#8211; Viola X Wittrockiana\"}]},{\"@type\":\"WebSite\",\"@id\":\"https:\/\/horticom.ee\/e-pood\/#website\",\"url\":\"https:\/\/horticom.ee\/e-pood\/\",\"name\":\"Horticom.ee\",\"description\":\"Aianduskaubad ja kodukaubad nii harrastajatele kui professionaalidele\",\"potentialAction\":[{\"@type\":\"SearchAction\",\"target\":{\"@type\":\"EntryPoint\",\"urlTemplate\":\"https:\/\/horticom.ee\/e-pood\/?s={search_term_string}\"},\"query-input\":{\"@type\":\"PropertyValueSpecification\",\"valueRequired\":true,\"valueName\":\"search_term_string\"}}],\"inLanguage\":\"ru-RU\"}]}<\/script>\n<!-- \/ Yoast SEO plugin. -->","yoast_head_json":{"title":"Aedkannike Pansy Orange Sun - Viola X Wittrockiana","description":"Aedkannike Orange Sun on kuni 15 cm k\u00f5rgune p\u00fcsik taim. \u00d5itseb rikkalikult, sobib h\u00e4sti valgustatud kohtadesse.","robots":{"index":"index","follow":"follow","max-snippet":"max-snippet:-1","max-image-preview":"max-image-preview:large","max-video-preview":"max-video-preview:-1"},"canonical":"https:\/\/horticom.ee\/e-pood\/toode\/aedkannike-orange-sun-viola-x-wittrockiana-c\/","og_locale":"ru_RU","og_type":"article","og_title":"Aedkannike Pansy Orange Sun - Viola X Wittrockiana","og_description":"Aedkannike Orange Sun on kuni 15 cm k\u00f5rgune p\u00fcsik taim. \u00d5itseb rikkalikult, sobib h\u00e4sti valgustatud kohtadesse.","og_url":"https:\/\/horticom.ee\/e-pood\/toode\/aedkannike-orange-sun-viola-x-wittrockiana-c\/","og_site_name":"Horticom.ee","article_publisher":"https:\/\/www.facebook.com\/horticom.ee\/e-pood","article_modified_time":"2026-04-24T00:13:29+00:00","og_image":[{"width":999,"height":1068,"url":"https:\/\/horticom.ee\/e-pood\/wp-content\/uploads\/importedmedia\/product-1822924_0-L242550.jpg","type":"image\/jpeg"}],"twitter_card":"summary_large_image","schema":{"@context":"https:\/\/schema.org","@graph":[{"@type":"WebPage","@id":"https:\/\/horticom.ee\/e-pood\/toode\/aedkannike-orange-sun-viola-x-wittrockiana-c\/","url":"https:\/\/horticom.ee\/e-pood\/toode\/aedkannike-orange-sun-viola-x-wittrockiana-c\/","name":"Aedkannike Pansy Orange Sun - Viola X Wittrockiana","isPartOf":{"@id":"https:\/\/horticom.ee\/e-pood\/#website"},"primaryImageOfPage":{"@id":"https:\/\/horticom.ee\/e-pood\/toode\/aedkannike-orange-sun-viola-x-wittrockiana-c\/#primaryimage"},"image":{"@id":"https:\/\/horticom.ee\/e-pood\/toode\/aedkannike-orange-sun-viola-x-wittrockiana-c\/#primaryimage"},"thumbnailUrl":"https:\/\/horticom.ee\/e-pood\/wp-content\/uploads\/importedmedia\/product-1822924_0-L242550.jpg","datePublished":"2023-05-08T00:07:06+00:00","dateModified":"2026-04-24T00:13:29+00:00","description":"Aedkannike Orange Sun on kuni 15 cm k\u00f5rgune p\u00fcsik taim. \u00d5itseb rikkalikult, sobib h\u00e4sti valgustatud kohtadesse.","breadcrumb":{"@id":"https:\/\/horticom.ee\/e-pood\/toode\/aedkannike-orange-sun-viola-x-wittrockiana-c\/#breadcrumb"},"inLanguage":"ru-RU","potentialAction":[{"@type":"ReadAction","target":["https:\/\/horticom.ee\/e-pood\/toode\/aedkannike-orange-sun-viola-x-wittrockiana-c\/"]}]},{"@type":"ImageObject","inLanguage":"ru-RU","@id":"https:\/\/horticom.ee\/e-pood\/toode\/aedkannike-orange-sun-viola-x-wittrockiana-c\/#primaryimage","url":"https:\/\/horticom.ee\/e-pood\/wp-content\/uploads\/importedmedia\/product-1822924_0-L242550.jpg","contentUrl":"https:\/\/horticom.ee\/e-pood\/wp-content\/uploads\/importedmedia\/product-1822924_0-L242550.jpg","width":999,"height":1068,"caption":"Aedkannike Pansy Orange Sun - Viola X Wittrockiana"},{"@type":"BreadcrumbList","@id":"https:\/\/horticom.ee\/e-pood\/toode\/aedkannike-orange-sun-viola-x-wittrockiana-c\/#breadcrumb","itemListElement":[{"@type":"ListItem","position":1,"name":"Home","item":"https:\/\/horticom.ee\/e-pood\/"},{"@type":"ListItem","position":2,"name":"Pood","item":"https:\/\/horticom.ee\/e-pood\/pood\/"},{"@type":"ListItem","position":3,"name":"Aedkannike Pansy Orange Sun &#8211; Viola X Wittrockiana"}]},{"@type":"WebSite","@id":"https:\/\/horticom.ee\/e-pood\/#website","url":"https:\/\/horticom.ee\/e-pood\/","name":"Horticom.ee","description":"Aianduskaubad ja kodukaubad nii harrastajatele kui professionaalidele","potentialAction":[{"@type":"SearchAction","target":{"@type":"EntryPoint","urlTemplate":"https:\/\/horticom.ee\/e-pood\/?s={search_term_string}"},"query-input":{"@type":"PropertyValueSpecification","valueRequired":true,"valueName":"search_term_string"}}],"inLanguage":"ru-RU"}]}},"_links":{"self":[{"href":"https:\/\/horticom.ee\/e-pood\/ru\/wp-json\/wp\/v2\/product\/1822924","targetHints":{"allow":["GET"]}}],"collection":[{"href":"https:\/\/horticom.ee\/e-pood\/ru\/wp-json\/wp\/v2\/product"}],"about":[{"href":"https:\/\/horticom.ee\/e-pood\/ru\/wp-json\/wp\/v2\/types\/product"}],"replies":[{"embeddable":true,"href":"https:\/\/horticom.ee\/e-pood\/ru\/wp-json\/wp\/v2\/comments?post=1822924"}],"wp:featuredmedia":[{"embeddable":true,"href":"https:\/\/horticom.ee\/e-pood\/ru\/wp-json\/wp\/v2\/media\/2067792"}],"wp:attachment":[{"href":"https:\/\/horticom.ee\/e-pood\/ru\/wp-json\/wp\/v2\/media?parent=1822924"}],"wp:term":[{"taxonomy":"product_cat","embeddable":true,"href":"https:\/\/horticom.ee\/e-pood\/ru\/wp-json\/wp\/v2\/product_cat?post=1822924"},{"taxonomy":"product_tag","embeddable":true,"href":"https:\/\/horticom.ee\/e-pood\/ru\/wp-json\/wp\/v2\/product_tag?post=1822924"}],"curies":[{"name":"wp","href":"https:\/\/api.w.org\/{rel}","templated":true}]}}