{"id":1822976,"date":"2023-05-08T03:08:11","date_gmt":"2023-05-08T00:08:11","guid":{"rendered":"https:\/\/horticom.ee\/e-pood\/toode\/peiulill-marigold-african-clinton\/"},"modified":"2026-05-04T03:11:15","modified_gmt":"2026-05-04T00:11:15","slug":"peiulill-marigold-african-clinton","status":"publish","type":"product","link":"https:\/\/horticom.ee\/e-pood\/ru\/toode\/peiulill-marigold-african-clinton\/","title":{"rendered":"Peiulill Marigold African Clinton"},"content":{"rendered":"<p>Peiulill Marigold African Clinton on \u00fcheaastased taimed, ilusate s\u00e4ravate ereoran\u017ei v\u00e4rvi \u00f5itega, mis kasvavad kuni 30-120 cm  k\u00f5rguseks. \u00d5ite l\u00e4bim\u00f5\u00f5t on 5\u201310 cm. Kasvab k\u00f5ige paremini lausp\u00e4ikeselises, keskmises, \u00fchtlaselt niiskes, h\u00e4sti kuivendatud pinnases. S\u00f6\u00f6davad \u00f5ied. Tsitruseliste maitsega lilledel on palju kasutusv\u00f5imalusi, proovige neid salatites, v\u00f5ileibades v\u00f5i mereanniroogades.<\/p>\n","protected":false},"excerpt":{"rendered":"<p>Peiulill Marigold African Clinton on \u00fcheaastased taimed, ilusate s\u00e4ravate ereoran\u017ei v\u00e4rvi \u00f5itega, mis kasvavad kuni 30-120 cm k\u00f5rguseks. \u00d5ite l\u00e4bim\u00f5\u00f5t on 5\u201310 cm. Kasvab k\u00f5ige paremini lausp\u00e4ikeselises, keskmises, \u00fchtlaselt niiskes, h\u00e4sti kuivendatud pinnases. S\u00f6\u00f6davad \u00f5ied. Tsitruseliste maitsega lilledel on palju kasutusv\u00f5imalusi, proovige neid salatites, v\u00f5ileibades v\u00f5i mereanniroogades.<\/p>\n","protected":false},"featured_media":1823610,"comment_status":"closed","ping_status":"closed","template":"","meta":{"_themeisle_gutenberg_block_has_review":false},"product_cat":[13510],"product_tag":[],"class_list":{"0":"post-1822976","1":"product","2":"type-product","3":"status-publish","4":"has-post-thumbnail","6":"product_cat-peiulill","8":"first","9":"instock","10":"shipping-taxable","11":"purchasable","12":"product-type-simple"},"yoast_head":"<!-- This site is optimized with the Yoast SEO plugin v24.0 - https:\/\/yoast.com\/wordpress\/plugins\/seo\/ -->\n<title>Peiulill Marigold African Clinton - Horticom.ee\/e-pood<\/title>\n<meta name=\"description\" content=\"Peiulill Marigold African Clinton, 120cm k\u00f5rgune taim, 5-10cm oran\u017eid \u00f5ied. Sobib h\u00e4sti salatitesse ja toitude kaunistamiseks.\" \/>\n<meta name=\"robots\" content=\"index, follow, max-snippet:-1, max-image-preview:large, max-video-preview:-1\" \/>\n<link rel=\"canonical\" href=\"https:\/\/horticom.ee\/e-pood\/toode\/peiulill-marigold-african-clinton\/\" \/>\n<meta property=\"og:locale\" content=\"ru_RU\" \/>\n<meta property=\"og:type\" content=\"article\" \/>\n<meta property=\"og:title\" content=\"Peiulill Marigold African Clinton - Horticom.ee\/e-pood\" \/>\n<meta property=\"og:description\" content=\"Peiulill Marigold African Clinton, 120cm k\u00f5rgune taim, 5-10cm oran\u017eid \u00f5ied. Sobib h\u00e4sti salatitesse ja toitude kaunistamiseks.\" \/>\n<meta property=\"og:url\" content=\"https:\/\/horticom.ee\/e-pood\/toode\/peiulill-marigold-african-clinton\/\" \/>\n<meta property=\"og:site_name\" content=\"Horticom.ee\" \/>\n<meta property=\"article:publisher\" content=\"https:\/\/www.facebook.com\/horticom.ee\/e-pood\" \/>\n<meta property=\"article:modified_time\" content=\"2026-05-04T00:11:15+00:00\" \/>\n<meta property=\"og:image\" content=\"https:\/\/horticom.ee\/e-pood\/wp-content\/uploads\/importedmedia\/product-1822976_0-PL407112.jpg\" \/>\n\t<meta property=\"og:image:width\" content=\"1000\" \/>\n\t<meta property=\"og:image:height\" content=\"1790\" \/>\n\t<meta property=\"og:image:type\" content=\"image\/jpeg\" \/>\n<meta name=\"twitter:card\" content=\"summary_large_image\" \/>\n<script type=\"application\/ld+json\" class=\"yoast-schema-graph\">{\"@context\":\"https:\/\/schema.org\",\"@graph\":[{\"@type\":\"WebPage\",\"@id\":\"https:\/\/horticom.ee\/e-pood\/toode\/peiulill-marigold-african-clinton\/\",\"url\":\"https:\/\/horticom.ee\/e-pood\/toode\/peiulill-marigold-african-clinton\/\",\"name\":\"Peiulill Marigold African Clinton - Horticom.ee\/e-pood\",\"isPartOf\":{\"@id\":\"https:\/\/horticom.ee\/e-pood\/#website\"},\"primaryImageOfPage\":{\"@id\":\"https:\/\/horticom.ee\/e-pood\/toode\/peiulill-marigold-african-clinton\/#primaryimage\"},\"image\":{\"@id\":\"https:\/\/horticom.ee\/e-pood\/toode\/peiulill-marigold-african-clinton\/#primaryimage\"},\"thumbnailUrl\":\"https:\/\/horticom.ee\/e-pood\/wp-content\/uploads\/importedmedia\/product-1822976_0-PL407112.jpg\",\"datePublished\":\"2023-05-08T00:08:11+00:00\",\"dateModified\":\"2026-05-04T00:11:15+00:00\",\"description\":\"Peiulill Marigold African Clinton, 120cm k\u00f5rgune taim, 5-10cm oran\u017eid \u00f5ied. Sobib h\u00e4sti salatitesse ja toitude kaunistamiseks.\",\"breadcrumb\":{\"@id\":\"https:\/\/horticom.ee\/e-pood\/toode\/peiulill-marigold-african-clinton\/#breadcrumb\"},\"inLanguage\":\"ru-RU\",\"potentialAction\":[{\"@type\":\"ReadAction\",\"target\":[\"https:\/\/horticom.ee\/e-pood\/toode\/peiulill-marigold-african-clinton\/\"]}]},{\"@type\":\"ImageObject\",\"inLanguage\":\"ru-RU\",\"@id\":\"https:\/\/horticom.ee\/e-pood\/toode\/peiulill-marigold-african-clinton\/#primaryimage\",\"url\":\"https:\/\/horticom.ee\/e-pood\/wp-content\/uploads\/importedmedia\/product-1822976_0-PL407112.jpg\",\"contentUrl\":\"https:\/\/horticom.ee\/e-pood\/wp-content\/uploads\/importedmedia\/product-1822976_0-PL407112.jpg\",\"width\":1000,\"height\":1790,\"caption\":\"Peiulill Marigold African Clinton\"},{\"@type\":\"BreadcrumbList\",\"@id\":\"https:\/\/horticom.ee\/e-pood\/toode\/peiulill-marigold-african-clinton\/#breadcrumb\",\"itemListElement\":[{\"@type\":\"ListItem\",\"position\":1,\"name\":\"Home\",\"item\":\"https:\/\/horticom.ee\/e-pood\/\"},{\"@type\":\"ListItem\",\"position\":2,\"name\":\"Pood\",\"item\":\"https:\/\/horticom.ee\/e-pood\/pood\/\"},{\"@type\":\"ListItem\",\"position\":3,\"name\":\"Peiulill Marigold African Clinton\"}]},{\"@type\":\"WebSite\",\"@id\":\"https:\/\/horticom.ee\/e-pood\/#website\",\"url\":\"https:\/\/horticom.ee\/e-pood\/\",\"name\":\"Horticom.ee\",\"description\":\"Aianduskaubad ja kodukaubad nii harrastajatele kui professionaalidele\",\"potentialAction\":[{\"@type\":\"SearchAction\",\"target\":{\"@type\":\"EntryPoint\",\"urlTemplate\":\"https:\/\/horticom.ee\/e-pood\/?s={search_term_string}\"},\"query-input\":{\"@type\":\"PropertyValueSpecification\",\"valueRequired\":true,\"valueName\":\"search_term_string\"}}],\"inLanguage\":\"ru-RU\"}]}<\/script>\n<!-- \/ Yoast SEO plugin. -->","yoast_head_json":{"title":"Peiulill Marigold African Clinton - Horticom.ee\/e-pood","description":"Peiulill Marigold African Clinton, 120cm k\u00f5rgune taim, 5-10cm oran\u017eid \u00f5ied. Sobib h\u00e4sti salatitesse ja toitude kaunistamiseks.","robots":{"index":"index","follow":"follow","max-snippet":"max-snippet:-1","max-image-preview":"max-image-preview:large","max-video-preview":"max-video-preview:-1"},"canonical":"https:\/\/horticom.ee\/e-pood\/toode\/peiulill-marigold-african-clinton\/","og_locale":"ru_RU","og_type":"article","og_title":"Peiulill Marigold African Clinton - Horticom.ee\/e-pood","og_description":"Peiulill Marigold African Clinton, 120cm k\u00f5rgune taim, 5-10cm oran\u017eid \u00f5ied. Sobib h\u00e4sti salatitesse ja toitude kaunistamiseks.","og_url":"https:\/\/horticom.ee\/e-pood\/toode\/peiulill-marigold-african-clinton\/","og_site_name":"Horticom.ee","article_publisher":"https:\/\/www.facebook.com\/horticom.ee\/e-pood","article_modified_time":"2026-05-04T00:11:15+00:00","og_image":[{"width":1000,"height":1790,"url":"https:\/\/horticom.ee\/e-pood\/wp-content\/uploads\/importedmedia\/product-1822976_0-PL407112.jpg","type":"image\/jpeg"}],"twitter_card":"summary_large_image","schema":{"@context":"https:\/\/schema.org","@graph":[{"@type":"WebPage","@id":"https:\/\/horticom.ee\/e-pood\/toode\/peiulill-marigold-african-clinton\/","url":"https:\/\/horticom.ee\/e-pood\/toode\/peiulill-marigold-african-clinton\/","name":"Peiulill Marigold African Clinton - Horticom.ee\/e-pood","isPartOf":{"@id":"https:\/\/horticom.ee\/e-pood\/#website"},"primaryImageOfPage":{"@id":"https:\/\/horticom.ee\/e-pood\/toode\/peiulill-marigold-african-clinton\/#primaryimage"},"image":{"@id":"https:\/\/horticom.ee\/e-pood\/toode\/peiulill-marigold-african-clinton\/#primaryimage"},"thumbnailUrl":"https:\/\/horticom.ee\/e-pood\/wp-content\/uploads\/importedmedia\/product-1822976_0-PL407112.jpg","datePublished":"2023-05-08T00:08:11+00:00","dateModified":"2026-05-04T00:11:15+00:00","description":"Peiulill Marigold African Clinton, 120cm k\u00f5rgune taim, 5-10cm oran\u017eid \u00f5ied. Sobib h\u00e4sti salatitesse ja toitude kaunistamiseks.","breadcrumb":{"@id":"https:\/\/horticom.ee\/e-pood\/toode\/peiulill-marigold-african-clinton\/#breadcrumb"},"inLanguage":"ru-RU","potentialAction":[{"@type":"ReadAction","target":["https:\/\/horticom.ee\/e-pood\/toode\/peiulill-marigold-african-clinton\/"]}]},{"@type":"ImageObject","inLanguage":"ru-RU","@id":"https:\/\/horticom.ee\/e-pood\/toode\/peiulill-marigold-african-clinton\/#primaryimage","url":"https:\/\/horticom.ee\/e-pood\/wp-content\/uploads\/importedmedia\/product-1822976_0-PL407112.jpg","contentUrl":"https:\/\/horticom.ee\/e-pood\/wp-content\/uploads\/importedmedia\/product-1822976_0-PL407112.jpg","width":1000,"height":1790,"caption":"Peiulill Marigold African Clinton"},{"@type":"BreadcrumbList","@id":"https:\/\/horticom.ee\/e-pood\/toode\/peiulill-marigold-african-clinton\/#breadcrumb","itemListElement":[{"@type":"ListItem","position":1,"name":"Home","item":"https:\/\/horticom.ee\/e-pood\/"},{"@type":"ListItem","position":2,"name":"Pood","item":"https:\/\/horticom.ee\/e-pood\/pood\/"},{"@type":"ListItem","position":3,"name":"Peiulill Marigold African Clinton"}]},{"@type":"WebSite","@id":"https:\/\/horticom.ee\/e-pood\/#website","url":"https:\/\/horticom.ee\/e-pood\/","name":"Horticom.ee","description":"Aianduskaubad ja kodukaubad nii harrastajatele kui professionaalidele","potentialAction":[{"@type":"SearchAction","target":{"@type":"EntryPoint","urlTemplate":"https:\/\/horticom.ee\/e-pood\/?s={search_term_string}"},"query-input":{"@type":"PropertyValueSpecification","valueRequired":true,"valueName":"search_term_string"}}],"inLanguage":"ru-RU"}]}},"_links":{"self":[{"href":"https:\/\/horticom.ee\/e-pood\/ru\/wp-json\/wp\/v2\/product\/1822976","targetHints":{"allow":["GET"]}}],"collection":[{"href":"https:\/\/horticom.ee\/e-pood\/ru\/wp-json\/wp\/v2\/product"}],"about":[{"href":"https:\/\/horticom.ee\/e-pood\/ru\/wp-json\/wp\/v2\/types\/product"}],"replies":[{"embeddable":true,"href":"https:\/\/horticom.ee\/e-pood\/ru\/wp-json\/wp\/v2\/comments?post=1822976"}],"wp:featuredmedia":[{"embeddable":true,"href":"https:\/\/horticom.ee\/e-pood\/ru\/wp-json\/wp\/v2\/media\/1823610"}],"wp:attachment":[{"href":"https:\/\/horticom.ee\/e-pood\/ru\/wp-json\/wp\/v2\/media?parent=1822976"}],"wp:term":[{"taxonomy":"product_cat","embeddable":true,"href":"https:\/\/horticom.ee\/e-pood\/ru\/wp-json\/wp\/v2\/product_cat?post=1822976"},{"taxonomy":"product_tag","embeddable":true,"href":"https:\/\/horticom.ee\/e-pood\/ru\/wp-json\/wp\/v2\/product_tag?post=1822976"}],"curies":[{"name":"wp","href":"https:\/\/api.w.org\/{rel}","templated":true}]}}