{"id":1822993,"date":"2023-05-08T03:08:32","date_gmt":"2023-05-08T00:08:32","guid":{"rendered":"https:\/\/horticom.ee\/e-pood\/toode\/umbrispott-elho-brussels-d-18cm-33l-pruun\/"},"modified":"2026-04-29T03:11:33","modified_gmt":"2026-04-29T00:11:33","slug":"umbrispott-elho-brussels-d-18cm-33l-pruun","status":"publish","type":"product","link":"https:\/\/horticom.ee\/e-pood\/ru\/toode\/umbrispott-elho-brussels-d-18cm-33l-pruun\/","title":{"rendered":"\u00dcmbrispott Elho Brussels d 18cm 3,3L pruun"},"content":{"rendered":"<p>Klassikalise \u00fcmarama vormiga v\u00e4ike \u00fcmbrispott. Taask\u00e4ideldatav, toodetud 100% taaskasutatud materjalidest tuuleenergia abil. Toote originaalv\u00e4rv p\u00fcsib kauem, kuna valmistamisel kasutatakse erilisi v\u00e4rvipigmente.<\/p>\n","protected":false},"excerpt":{"rendered":"<p>Klassikalise \u00fcmarama vormiga v\u00e4ike \u00fcmbrispott. Taask\u00e4ideldatav, toodetud 100% taaskasutatud materjalidest tuuleenergia abil. Toote originaalv\u00e4rv p\u00fcsib kauem, kuna valmistamisel kasutatakse erilisi v\u00e4rvipigmente.<\/p>\n","protected":false},"featured_media":1823578,"comment_status":"closed","ping_status":"closed","template":"","meta":{"_themeisle_gutenberg_block_has_review":false},"product_cat":[18563,14994],"product_tag":[],"class_list":{"0":"post-1822993","1":"product","2":"type-product","3":"status-publish","4":"has-post-thumbnail","6":"product_cat-lopumuugitooted","7":"product_cat-plastikust-umbrispotid","9":"first","10":"instock","11":"sale","12":"shipping-taxable","13":"purchasable","14":"product-type-simple"},"yoast_head":"<!-- This site is optimized with the Yoast SEO plugin v24.0 - https:\/\/yoast.com\/wordpress\/plugins\/seo\/ -->\n<title>\u00dcmbrispott Elho Brussels d 18cm 3,3L pruun - Horticom.ee<\/title>\n<meta name=\"description\" content=\"\u00dcmbrispott Elho Brussels l\u00e4ikiv on valmistatud kvaliteetsest ja vastupidavast plastikust ja on veekindel. Stiilse v\u00e4limusega.\" \/>\n<meta name=\"robots\" content=\"index, follow, max-snippet:-1, max-image-preview:large, max-video-preview:-1\" \/>\n<link rel=\"canonical\" href=\"https:\/\/horticom.ee\/e-pood\/toode\/umbrispott-elho-brussels-d-18cm-33l-pruun\/\" \/>\n<meta property=\"og:locale\" content=\"ru_RU\" \/>\n<meta property=\"og:type\" content=\"article\" \/>\n<meta property=\"og:title\" content=\"\u00dcmbrispott Elho Brussels d 18cm 3,3L pruun - Horticom.ee\" \/>\n<meta property=\"og:description\" content=\"\u00dcmbrispott Elho Brussels l\u00e4ikiv on valmistatud kvaliteetsest ja vastupidavast plastikust ja on veekindel. Stiilse v\u00e4limusega.\" \/>\n<meta property=\"og:url\" content=\"https:\/\/horticom.ee\/e-pood\/toode\/umbrispott-elho-brussels-d-18cm-33l-pruun\/\" \/>\n<meta property=\"og:site_name\" content=\"Horticom.ee\" \/>\n<meta property=\"article:publisher\" content=\"https:\/\/www.facebook.com\/horticom.ee\/e-pood\" \/>\n<meta property=\"article:modified_time\" content=\"2026-04-29T00:11:33+00:00\" \/>\n<meta property=\"og:image\" content=\"https:\/\/horticom.ee\/e-pood\/wp-content\/uploads\/importedmedia\/product-1822993_0-640028_753.jpg\" \/>\n\t<meta property=\"og:image:width\" content=\"1000\" \/>\n\t<meta property=\"og:image:height\" content=\"1000\" \/>\n\t<meta property=\"og:image:type\" content=\"image\/jpeg\" \/>\n<meta name=\"twitter:card\" content=\"summary_large_image\" \/>\n<script type=\"application\/ld+json\" class=\"yoast-schema-graph\">{\"@context\":\"https:\/\/schema.org\",\"@graph\":[{\"@type\":\"WebPage\",\"@id\":\"https:\/\/horticom.ee\/e-pood\/toode\/umbrispott-elho-brussels-d-18cm-33l-pruun\/\",\"url\":\"https:\/\/horticom.ee\/e-pood\/toode\/umbrispott-elho-brussels-d-18cm-33l-pruun\/\",\"name\":\"\u00dcmbrispott Elho Brussels d 18cm 3,3L pruun - Horticom.ee\",\"isPartOf\":{\"@id\":\"https:\/\/horticom.ee\/e-pood\/#website\"},\"primaryImageOfPage\":{\"@id\":\"https:\/\/horticom.ee\/e-pood\/toode\/umbrispott-elho-brussels-d-18cm-33l-pruun\/#primaryimage\"},\"image\":{\"@id\":\"https:\/\/horticom.ee\/e-pood\/toode\/umbrispott-elho-brussels-d-18cm-33l-pruun\/#primaryimage\"},\"thumbnailUrl\":\"https:\/\/horticom.ee\/e-pood\/wp-content\/uploads\/importedmedia\/product-1822993_0-640028_753.jpg\",\"datePublished\":\"2023-05-08T00:08:32+00:00\",\"dateModified\":\"2026-04-29T00:11:33+00:00\",\"description\":\"\u00dcmbrispott Elho Brussels l\u00e4ikiv on valmistatud kvaliteetsest ja vastupidavast plastikust ja on veekindel. Stiilse v\u00e4limusega.\",\"breadcrumb\":{\"@id\":\"https:\/\/horticom.ee\/e-pood\/toode\/umbrispott-elho-brussels-d-18cm-33l-pruun\/#breadcrumb\"},\"inLanguage\":\"ru-RU\",\"potentialAction\":[{\"@type\":\"ReadAction\",\"target\":[\"https:\/\/horticom.ee\/e-pood\/toode\/umbrispott-elho-brussels-d-18cm-33l-pruun\/\"]}]},{\"@type\":\"ImageObject\",\"inLanguage\":\"ru-RU\",\"@id\":\"https:\/\/horticom.ee\/e-pood\/toode\/umbrispott-elho-brussels-d-18cm-33l-pruun\/#primaryimage\",\"url\":\"https:\/\/horticom.ee\/e-pood\/wp-content\/uploads\/importedmedia\/product-1822993_0-640028_753.jpg\",\"contentUrl\":\"https:\/\/horticom.ee\/e-pood\/wp-content\/uploads\/importedmedia\/product-1822993_0-640028_753.jpg\",\"width\":1000,\"height\":1000,\"caption\":\"\u00dcmbrispott Elho Brussels d 18cm 3,3L pruun\"},{\"@type\":\"BreadcrumbList\",\"@id\":\"https:\/\/horticom.ee\/e-pood\/toode\/umbrispott-elho-brussels-d-18cm-33l-pruun\/#breadcrumb\",\"itemListElement\":[{\"@type\":\"ListItem\",\"position\":1,\"name\":\"Home\",\"item\":\"https:\/\/horticom.ee\/e-pood\/\"},{\"@type\":\"ListItem\",\"position\":2,\"name\":\"Pood\",\"item\":\"https:\/\/horticom.ee\/e-pood\/pood\/\"},{\"@type\":\"ListItem\",\"position\":3,\"name\":\"\u00dcmbrispott Elho Brussels d 18cm 3,3L pruun\"}]},{\"@type\":\"WebSite\",\"@id\":\"https:\/\/horticom.ee\/e-pood\/#website\",\"url\":\"https:\/\/horticom.ee\/e-pood\/\",\"name\":\"Horticom.ee\",\"description\":\"Aianduskaubad ja kodukaubad nii harrastajatele kui professionaalidele\",\"potentialAction\":[{\"@type\":\"SearchAction\",\"target\":{\"@type\":\"EntryPoint\",\"urlTemplate\":\"https:\/\/horticom.ee\/e-pood\/?s={search_term_string}\"},\"query-input\":{\"@type\":\"PropertyValueSpecification\",\"valueRequired\":true,\"valueName\":\"search_term_string\"}}],\"inLanguage\":\"ru-RU\"}]}<\/script>\n<!-- \/ Yoast SEO plugin. -->","yoast_head_json":{"title":"\u00dcmbrispott Elho Brussels d 18cm 3,3L pruun - Horticom.ee","description":"\u00dcmbrispott Elho Brussels l\u00e4ikiv on valmistatud kvaliteetsest ja vastupidavast plastikust ja on veekindel. Stiilse v\u00e4limusega.","robots":{"index":"index","follow":"follow","max-snippet":"max-snippet:-1","max-image-preview":"max-image-preview:large","max-video-preview":"max-video-preview:-1"},"canonical":"https:\/\/horticom.ee\/e-pood\/toode\/umbrispott-elho-brussels-d-18cm-33l-pruun\/","og_locale":"ru_RU","og_type":"article","og_title":"\u00dcmbrispott Elho Brussels d 18cm 3,3L pruun - Horticom.ee","og_description":"\u00dcmbrispott Elho Brussels l\u00e4ikiv on valmistatud kvaliteetsest ja vastupidavast plastikust ja on veekindel. Stiilse v\u00e4limusega.","og_url":"https:\/\/horticom.ee\/e-pood\/toode\/umbrispott-elho-brussels-d-18cm-33l-pruun\/","og_site_name":"Horticom.ee","article_publisher":"https:\/\/www.facebook.com\/horticom.ee\/e-pood","article_modified_time":"2026-04-29T00:11:33+00:00","og_image":[{"width":1000,"height":1000,"url":"https:\/\/horticom.ee\/e-pood\/wp-content\/uploads\/importedmedia\/product-1822993_0-640028_753.jpg","type":"image\/jpeg"}],"twitter_card":"summary_large_image","schema":{"@context":"https:\/\/schema.org","@graph":[{"@type":"WebPage","@id":"https:\/\/horticom.ee\/e-pood\/toode\/umbrispott-elho-brussels-d-18cm-33l-pruun\/","url":"https:\/\/horticom.ee\/e-pood\/toode\/umbrispott-elho-brussels-d-18cm-33l-pruun\/","name":"\u00dcmbrispott Elho Brussels d 18cm 3,3L pruun - Horticom.ee","isPartOf":{"@id":"https:\/\/horticom.ee\/e-pood\/#website"},"primaryImageOfPage":{"@id":"https:\/\/horticom.ee\/e-pood\/toode\/umbrispott-elho-brussels-d-18cm-33l-pruun\/#primaryimage"},"image":{"@id":"https:\/\/horticom.ee\/e-pood\/toode\/umbrispott-elho-brussels-d-18cm-33l-pruun\/#primaryimage"},"thumbnailUrl":"https:\/\/horticom.ee\/e-pood\/wp-content\/uploads\/importedmedia\/product-1822993_0-640028_753.jpg","datePublished":"2023-05-08T00:08:32+00:00","dateModified":"2026-04-29T00:11:33+00:00","description":"\u00dcmbrispott Elho Brussels l\u00e4ikiv on valmistatud kvaliteetsest ja vastupidavast plastikust ja on veekindel. Stiilse v\u00e4limusega.","breadcrumb":{"@id":"https:\/\/horticom.ee\/e-pood\/toode\/umbrispott-elho-brussels-d-18cm-33l-pruun\/#breadcrumb"},"inLanguage":"ru-RU","potentialAction":[{"@type":"ReadAction","target":["https:\/\/horticom.ee\/e-pood\/toode\/umbrispott-elho-brussels-d-18cm-33l-pruun\/"]}]},{"@type":"ImageObject","inLanguage":"ru-RU","@id":"https:\/\/horticom.ee\/e-pood\/toode\/umbrispott-elho-brussels-d-18cm-33l-pruun\/#primaryimage","url":"https:\/\/horticom.ee\/e-pood\/wp-content\/uploads\/importedmedia\/product-1822993_0-640028_753.jpg","contentUrl":"https:\/\/horticom.ee\/e-pood\/wp-content\/uploads\/importedmedia\/product-1822993_0-640028_753.jpg","width":1000,"height":1000,"caption":"\u00dcmbrispott Elho Brussels d 18cm 3,3L pruun"},{"@type":"BreadcrumbList","@id":"https:\/\/horticom.ee\/e-pood\/toode\/umbrispott-elho-brussels-d-18cm-33l-pruun\/#breadcrumb","itemListElement":[{"@type":"ListItem","position":1,"name":"Home","item":"https:\/\/horticom.ee\/e-pood\/"},{"@type":"ListItem","position":2,"name":"Pood","item":"https:\/\/horticom.ee\/e-pood\/pood\/"},{"@type":"ListItem","position":3,"name":"\u00dcmbrispott Elho Brussels d 18cm 3,3L pruun"}]},{"@type":"WebSite","@id":"https:\/\/horticom.ee\/e-pood\/#website","url":"https:\/\/horticom.ee\/e-pood\/","name":"Horticom.ee","description":"Aianduskaubad ja kodukaubad nii harrastajatele kui professionaalidele","potentialAction":[{"@type":"SearchAction","target":{"@type":"EntryPoint","urlTemplate":"https:\/\/horticom.ee\/e-pood\/?s={search_term_string}"},"query-input":{"@type":"PropertyValueSpecification","valueRequired":true,"valueName":"search_term_string"}}],"inLanguage":"ru-RU"}]}},"_links":{"self":[{"href":"https:\/\/horticom.ee\/e-pood\/ru\/wp-json\/wp\/v2\/product\/1822993","targetHints":{"allow":["GET"]}}],"collection":[{"href":"https:\/\/horticom.ee\/e-pood\/ru\/wp-json\/wp\/v2\/product"}],"about":[{"href":"https:\/\/horticom.ee\/e-pood\/ru\/wp-json\/wp\/v2\/types\/product"}],"replies":[{"embeddable":true,"href":"https:\/\/horticom.ee\/e-pood\/ru\/wp-json\/wp\/v2\/comments?post=1822993"}],"wp:featuredmedia":[{"embeddable":true,"href":"https:\/\/horticom.ee\/e-pood\/ru\/wp-json\/wp\/v2\/media\/1823578"}],"wp:attachment":[{"href":"https:\/\/horticom.ee\/e-pood\/ru\/wp-json\/wp\/v2\/media?parent=1822993"}],"wp:term":[{"taxonomy":"product_cat","embeddable":true,"href":"https:\/\/horticom.ee\/e-pood\/ru\/wp-json\/wp\/v2\/product_cat?post=1822993"},{"taxonomy":"product_tag","embeddable":true,"href":"https:\/\/horticom.ee\/e-pood\/ru\/wp-json\/wp\/v2\/product_tag?post=1822993"}],"curies":[{"name":"wp","href":"https:\/\/api.w.org\/{rel}","templated":true}]}}