{"id":1877674,"date":"2023-07-11T03:00:32","date_gmt":"2023-07-11T00:00:32","guid":{"rendered":"https:\/\/horticom.ee\/e-pood\/toode\/karusorg-valge-punakaslilla-acanthus-mollis-var-viciosoi-m-sp\/"},"modified":"2026-05-03T03:07:18","modified_gmt":"2026-05-03T00:07:18","slug":"karusorg-valge-punakaslilla-acanthus-mollis-var-viciosoi-m-sp","status":"publish","type":"product","link":"https:\/\/horticom.ee\/e-pood\/ru\/toode\/karusorg-valge-punakaslilla-acanthus-mollis-var-viciosoi-m-sp\/","title":{"rendered":"Karus\u00f5rg Acanthus White Purple &#8211; Acanthus mollis var. viciosoi"},"content":{"rendered":"<p>Karus\u00f5rg on pilkup\u00fc\u00fcdev oman\u00e4oline iludus k\u00f5rgusega 80-120 cm. Dekoratiivsed on nii suured lehed, kui ka oman\u00e4olised punakaslillad valgekirjud p\u00fcramiid\u00f5isikud. Kasvab p\u00e4ikeses ja kerges varjus. \u00d5itseb rikkalikult ja pikaajaliselt. Ei armasta rasket ja liigm\u00e4rga mulda. Vajab kuiva talvekatet.<\/p>\n","protected":false},"excerpt":{"rendered":"<p>Karus\u00f5rg on pilkup\u00fc\u00fcdev oman\u00e4oline iludus k\u00f5rgusega 80-120 cm. Dekoratiivsed on nii suured lehed, kui ka oman\u00e4olised punakaslillad valgekirjud p\u00fcramiid\u00f5isikud. Kasvab p\u00e4ikeses ja kerges varjus. \u00d5itseb rikkalikult ja pikaajaliselt. Ei armasta rasket ja liigm\u00e4rga mulda. Vajab kuiva talvekatet.<\/p>\n","protected":false},"featured_media":1878318,"comment_status":"closed","ping_status":"closed","template":"","meta":{"_themeisle_gutenberg_block_has_review":false},"product_cat":[13515],"product_tag":[],"class_list":{"0":"post-1877674","1":"product","2":"type-product","3":"status-publish","4":"has-post-thumbnail","6":"product_cat-mitmeaastased","8":"first","9":"instock","10":"shipping-taxable","11":"purchasable","12":"product-type-simple"},"yoast_head":"<!-- This site is optimized with the Yoast SEO plugin v24.0 - https:\/\/yoast.com\/wordpress\/plugins\/seo\/ -->\n<title>Karus\u00f5rg Acanthus White Purple<\/title>\n<meta name=\"description\" content=\"Karus\u00f5rg Acanthus White Purple \u2013 Pilkup\u00fc\u00fcdev taim suurte lehtede ja valge-lillade \u00f5isikutega. Vajab p\u00e4ikest v\u00f5i varju. Ei talu liigniisket mulda.\" \/>\n<meta name=\"robots\" content=\"index, follow, max-snippet:-1, max-image-preview:large, max-video-preview:-1\" \/>\n<link rel=\"canonical\" href=\"https:\/\/horticom.ee\/e-pood\/toode\/karusorg-valge-punakaslilla-acanthus-mollis-var-viciosoi-m-sp\/\" \/>\n<meta property=\"og:locale\" content=\"ru_RU\" \/>\n<meta property=\"og:type\" content=\"article\" \/>\n<meta property=\"og:title\" content=\"Karus\u00f5rg Acanthus White Purple\" \/>\n<meta property=\"og:description\" content=\"Karus\u00f5rg Acanthus White Purple \u2013 Pilkup\u00fc\u00fcdev taim suurte lehtede ja valge-lillade \u00f5isikutega. Vajab p\u00e4ikest v\u00f5i varju. Ei talu liigniisket mulda.\" \/>\n<meta property=\"og:url\" content=\"https:\/\/horticom.ee\/e-pood\/toode\/karusorg-valge-punakaslilla-acanthus-mollis-var-viciosoi-m-sp\/\" \/>\n<meta property=\"og:site_name\" content=\"Horticom.ee\" \/>\n<meta property=\"article:publisher\" content=\"https:\/\/www.facebook.com\/horticom.ee\/e-pood\" \/>\n<meta property=\"article:modified_time\" content=\"2026-05-03T00:07:18+00:00\" \/>\n<meta property=\"og:image\" content=\"https:\/\/horticom.ee\/e-pood\/wp-content\/uploads\/importedmedia\/product-1877674_0-L0150.jpg\" \/>\n\t<meta property=\"og:image:width\" content=\"1000\" \/>\n\t<meta property=\"og:image:height\" content=\"1767\" \/>\n\t<meta property=\"og:image:type\" content=\"image\/jpeg\" \/>\n<meta name=\"twitter:card\" content=\"summary_large_image\" \/>\n<script type=\"application\/ld+json\" class=\"yoast-schema-graph\">{\"@context\":\"https:\/\/schema.org\",\"@graph\":[{\"@type\":\"WebPage\",\"@id\":\"https:\/\/horticom.ee\/e-pood\/toode\/karusorg-valge-punakaslilla-acanthus-mollis-var-viciosoi-m-sp\/\",\"url\":\"https:\/\/horticom.ee\/e-pood\/toode\/karusorg-valge-punakaslilla-acanthus-mollis-var-viciosoi-m-sp\/\",\"name\":\"Karus\u00f5rg Acanthus White Purple\",\"isPartOf\":{\"@id\":\"https:\/\/horticom.ee\/e-pood\/#website\"},\"primaryImageOfPage\":{\"@id\":\"https:\/\/horticom.ee\/e-pood\/toode\/karusorg-valge-punakaslilla-acanthus-mollis-var-viciosoi-m-sp\/#primaryimage\"},\"image\":{\"@id\":\"https:\/\/horticom.ee\/e-pood\/toode\/karusorg-valge-punakaslilla-acanthus-mollis-var-viciosoi-m-sp\/#primaryimage\"},\"thumbnailUrl\":\"https:\/\/horticom.ee\/e-pood\/wp-content\/uploads\/importedmedia\/product-1877674_0-L0150.jpg\",\"datePublished\":\"2023-07-11T00:00:32+00:00\",\"dateModified\":\"2026-05-03T00:07:18+00:00\",\"description\":\"Karus\u00f5rg Acanthus White Purple \u2013 Pilkup\u00fc\u00fcdev taim suurte lehtede ja valge-lillade \u00f5isikutega. Vajab p\u00e4ikest v\u00f5i varju. Ei talu liigniisket mulda.\",\"breadcrumb\":{\"@id\":\"https:\/\/horticom.ee\/e-pood\/toode\/karusorg-valge-punakaslilla-acanthus-mollis-var-viciosoi-m-sp\/#breadcrumb\"},\"inLanguage\":\"ru-RU\",\"potentialAction\":[{\"@type\":\"ReadAction\",\"target\":[\"https:\/\/horticom.ee\/e-pood\/toode\/karusorg-valge-punakaslilla-acanthus-mollis-var-viciosoi-m-sp\/\"]}]},{\"@type\":\"ImageObject\",\"inLanguage\":\"ru-RU\",\"@id\":\"https:\/\/horticom.ee\/e-pood\/toode\/karusorg-valge-punakaslilla-acanthus-mollis-var-viciosoi-m-sp\/#primaryimage\",\"url\":\"https:\/\/horticom.ee\/e-pood\/wp-content\/uploads\/importedmedia\/product-1877674_0-L0150.jpg\",\"contentUrl\":\"https:\/\/horticom.ee\/e-pood\/wp-content\/uploads\/importedmedia\/product-1877674_0-L0150.jpg\",\"width\":1000,\"height\":1767,\"caption\":\"Karus\u00f5rg Acanthus White Purple - Acanthus mollis var. viciosoi\"},{\"@type\":\"BreadcrumbList\",\"@id\":\"https:\/\/horticom.ee\/e-pood\/toode\/karusorg-valge-punakaslilla-acanthus-mollis-var-viciosoi-m-sp\/#breadcrumb\",\"itemListElement\":[{\"@type\":\"ListItem\",\"position\":1,\"name\":\"Home\",\"item\":\"https:\/\/horticom.ee\/e-pood\/\"},{\"@type\":\"ListItem\",\"position\":2,\"name\":\"Pood\",\"item\":\"https:\/\/horticom.ee\/e-pood\/pood\/\"},{\"@type\":\"ListItem\",\"position\":3,\"name\":\"Karus\u00f5rg Acanthus White Purple &#8211; Acanthus mollis var. viciosoi\"}]},{\"@type\":\"WebSite\",\"@id\":\"https:\/\/horticom.ee\/e-pood\/#website\",\"url\":\"https:\/\/horticom.ee\/e-pood\/\",\"name\":\"Horticom.ee\",\"description\":\"Aianduskaubad ja kodukaubad nii harrastajatele kui professionaalidele\",\"potentialAction\":[{\"@type\":\"SearchAction\",\"target\":{\"@type\":\"EntryPoint\",\"urlTemplate\":\"https:\/\/horticom.ee\/e-pood\/?s={search_term_string}\"},\"query-input\":{\"@type\":\"PropertyValueSpecification\",\"valueRequired\":true,\"valueName\":\"search_term_string\"}}],\"inLanguage\":\"ru-RU\"}]}<\/script>\n<!-- \/ Yoast SEO plugin. -->","yoast_head_json":{"title":"Karus\u00f5rg Acanthus White Purple","description":"Karus\u00f5rg Acanthus White Purple \u2013 Pilkup\u00fc\u00fcdev taim suurte lehtede ja valge-lillade \u00f5isikutega. Vajab p\u00e4ikest v\u00f5i varju. Ei talu liigniisket mulda.","robots":{"index":"index","follow":"follow","max-snippet":"max-snippet:-1","max-image-preview":"max-image-preview:large","max-video-preview":"max-video-preview:-1"},"canonical":"https:\/\/horticom.ee\/e-pood\/toode\/karusorg-valge-punakaslilla-acanthus-mollis-var-viciosoi-m-sp\/","og_locale":"ru_RU","og_type":"article","og_title":"Karus\u00f5rg Acanthus White Purple","og_description":"Karus\u00f5rg Acanthus White Purple \u2013 Pilkup\u00fc\u00fcdev taim suurte lehtede ja valge-lillade \u00f5isikutega. Vajab p\u00e4ikest v\u00f5i varju. Ei talu liigniisket mulda.","og_url":"https:\/\/horticom.ee\/e-pood\/toode\/karusorg-valge-punakaslilla-acanthus-mollis-var-viciosoi-m-sp\/","og_site_name":"Horticom.ee","article_publisher":"https:\/\/www.facebook.com\/horticom.ee\/e-pood","article_modified_time":"2026-05-03T00:07:18+00:00","og_image":[{"width":1000,"height":1767,"url":"https:\/\/horticom.ee\/e-pood\/wp-content\/uploads\/importedmedia\/product-1877674_0-L0150.jpg","type":"image\/jpeg"}],"twitter_card":"summary_large_image","schema":{"@context":"https:\/\/schema.org","@graph":[{"@type":"WebPage","@id":"https:\/\/horticom.ee\/e-pood\/toode\/karusorg-valge-punakaslilla-acanthus-mollis-var-viciosoi-m-sp\/","url":"https:\/\/horticom.ee\/e-pood\/toode\/karusorg-valge-punakaslilla-acanthus-mollis-var-viciosoi-m-sp\/","name":"Karus\u00f5rg Acanthus White Purple","isPartOf":{"@id":"https:\/\/horticom.ee\/e-pood\/#website"},"primaryImageOfPage":{"@id":"https:\/\/horticom.ee\/e-pood\/toode\/karusorg-valge-punakaslilla-acanthus-mollis-var-viciosoi-m-sp\/#primaryimage"},"image":{"@id":"https:\/\/horticom.ee\/e-pood\/toode\/karusorg-valge-punakaslilla-acanthus-mollis-var-viciosoi-m-sp\/#primaryimage"},"thumbnailUrl":"https:\/\/horticom.ee\/e-pood\/wp-content\/uploads\/importedmedia\/product-1877674_0-L0150.jpg","datePublished":"2023-07-11T00:00:32+00:00","dateModified":"2026-05-03T00:07:18+00:00","description":"Karus\u00f5rg Acanthus White Purple \u2013 Pilkup\u00fc\u00fcdev taim suurte lehtede ja valge-lillade \u00f5isikutega. Vajab p\u00e4ikest v\u00f5i varju. Ei talu liigniisket mulda.","breadcrumb":{"@id":"https:\/\/horticom.ee\/e-pood\/toode\/karusorg-valge-punakaslilla-acanthus-mollis-var-viciosoi-m-sp\/#breadcrumb"},"inLanguage":"ru-RU","potentialAction":[{"@type":"ReadAction","target":["https:\/\/horticom.ee\/e-pood\/toode\/karusorg-valge-punakaslilla-acanthus-mollis-var-viciosoi-m-sp\/"]}]},{"@type":"ImageObject","inLanguage":"ru-RU","@id":"https:\/\/horticom.ee\/e-pood\/toode\/karusorg-valge-punakaslilla-acanthus-mollis-var-viciosoi-m-sp\/#primaryimage","url":"https:\/\/horticom.ee\/e-pood\/wp-content\/uploads\/importedmedia\/product-1877674_0-L0150.jpg","contentUrl":"https:\/\/horticom.ee\/e-pood\/wp-content\/uploads\/importedmedia\/product-1877674_0-L0150.jpg","width":1000,"height":1767,"caption":"Karus\u00f5rg Acanthus White Purple - Acanthus mollis var. viciosoi"},{"@type":"BreadcrumbList","@id":"https:\/\/horticom.ee\/e-pood\/toode\/karusorg-valge-punakaslilla-acanthus-mollis-var-viciosoi-m-sp\/#breadcrumb","itemListElement":[{"@type":"ListItem","position":1,"name":"Home","item":"https:\/\/horticom.ee\/e-pood\/"},{"@type":"ListItem","position":2,"name":"Pood","item":"https:\/\/horticom.ee\/e-pood\/pood\/"},{"@type":"ListItem","position":3,"name":"Karus\u00f5rg Acanthus White Purple &#8211; Acanthus mollis var. viciosoi"}]},{"@type":"WebSite","@id":"https:\/\/horticom.ee\/e-pood\/#website","url":"https:\/\/horticom.ee\/e-pood\/","name":"Horticom.ee","description":"Aianduskaubad ja kodukaubad nii harrastajatele kui professionaalidele","potentialAction":[{"@type":"SearchAction","target":{"@type":"EntryPoint","urlTemplate":"https:\/\/horticom.ee\/e-pood\/?s={search_term_string}"},"query-input":{"@type":"PropertyValueSpecification","valueRequired":true,"valueName":"search_term_string"}}],"inLanguage":"ru-RU"}]}},"_links":{"self":[{"href":"https:\/\/horticom.ee\/e-pood\/ru\/wp-json\/wp\/v2\/product\/1877674","targetHints":{"allow":["GET"]}}],"collection":[{"href":"https:\/\/horticom.ee\/e-pood\/ru\/wp-json\/wp\/v2\/product"}],"about":[{"href":"https:\/\/horticom.ee\/e-pood\/ru\/wp-json\/wp\/v2\/types\/product"}],"replies":[{"embeddable":true,"href":"https:\/\/horticom.ee\/e-pood\/ru\/wp-json\/wp\/v2\/comments?post=1877674"}],"wp:featuredmedia":[{"embeddable":true,"href":"https:\/\/horticom.ee\/e-pood\/ru\/wp-json\/wp\/v2\/media\/1878318"}],"wp:attachment":[{"href":"https:\/\/horticom.ee\/e-pood\/ru\/wp-json\/wp\/v2\/media?parent=1877674"}],"wp:term":[{"taxonomy":"product_cat","embeddable":true,"href":"https:\/\/horticom.ee\/e-pood\/ru\/wp-json\/wp\/v2\/product_cat?post=1877674"},{"taxonomy":"product_tag","embeddable":true,"href":"https:\/\/horticom.ee\/e-pood\/ru\/wp-json\/wp\/v2\/product_tag?post=1877674"}],"curies":[{"name":"wp","href":"https:\/\/api.w.org\/{rel}","templated":true}]}}