{"id":1923318,"date":"2023-09-07T03:00:36","date_gmt":"2023-09-07T00:00:36","guid":{"rendered":"https:\/\/horticom.ee\/e-pood\/toode\/muskaatkorvits-waltham-butternut-cucurbita-moschata\/"},"modified":"2026-04-18T03:13:32","modified_gmt":"2026-04-18T00:13:32","slug":"muskaatkorvits-waltham-butternut-cucurbita-moschata","status":"publish","type":"product","link":"https:\/\/horticom.ee\/e-pood\/ru\/toode\/muskaatkorvits-waltham-butternut-cucurbita-moschata\/","title":{"rendered":"Muskaatk\u00f5rvits Waltham Butternut Cucurbita Moschata"},"content":{"rendered":"<p>Muskaatk\u00f5rvits Waltham Butternut on keskvarajane, laiuvate v\u00e4\u00e4tidega k\u00f6\u00f6givili. Saagik\u00fcpsus 111\u2013120 p\u00e4eva p\u00e4rast taimede istutamist. Viljad pirnikujulised, kollaka koorega, viljaliha oran\u017e, magus, p\u00e4hkli maitsega. V\u00f5ib kasvatada avamaal ja kasvuhoones. Paremini kasvab tuulte eest varjatud kohas.<\/p>\n","protected":false},"excerpt":{"rendered":"<p>Muskaatk\u00f5rvits Waltham Butternut on keskvarajane, laiuvate v\u00e4\u00e4tidega k\u00f6\u00f6givili. Saagik\u00fcpsus 111\u2013120 p\u00e4eva p\u00e4rast taimede istutamist. Viljad pirnikujulised, kollaka koorega, viljaliha oran\u017e, magus, p\u00e4hkli maitsega. V\u00f5ib kasvatada avamaal ja kasvuhoones. Paremini kasvab tuulte eest varjatud kohas.<\/p>\n","protected":false},"featured_media":1923930,"comment_status":"closed","ping_status":"closed","template":"","meta":{"_themeisle_gutenberg_block_has_review":false},"product_cat":[13482],"product_tag":[],"class_list":{"0":"post-1923318","1":"product","2":"type-product","3":"status-publish","4":"has-post-thumbnail","6":"product_cat-suvikorvits-korvits","8":"first","9":"instock","10":"shipping-taxable","11":"purchasable","12":"product-type-simple"},"yoast_head":"<!-- This site is optimized with the Yoast SEO plugin v24.0 - https:\/\/yoast.com\/wordpress\/plugins\/seo\/ -->\n<title>Muskaatk\u00f5rvits Waltham Butternut Cucurbita Moschata<\/title>\n<meta name=\"description\" content=\"Muskaatk\u00f5rvits Waltham Butternut on keskvarajane sort. Pirnikujulised viljad, magus oran\u017e viljaliha. Kasvab avamaal v\u00f5i kasvuhoones.\" \/>\n<meta name=\"robots\" content=\"index, follow, max-snippet:-1, max-image-preview:large, max-video-preview:-1\" \/>\n<link rel=\"canonical\" href=\"https:\/\/horticom.ee\/e-pood\/toode\/muskaatkorvits-waltham-butternut-cucurbita-moschata\/\" \/>\n<meta property=\"og:locale\" content=\"ru_RU\" \/>\n<meta property=\"og:type\" content=\"article\" \/>\n<meta property=\"og:title\" content=\"Muskaatk\u00f5rvits Waltham Butternut Cucurbita Moschata\" \/>\n<meta property=\"og:description\" content=\"Muskaatk\u00f5rvits Waltham Butternut on keskvarajane sort. Pirnikujulised viljad, magus oran\u017e viljaliha. Kasvab avamaal v\u00f5i kasvuhoones.\" \/>\n<meta property=\"og:url\" content=\"https:\/\/horticom.ee\/e-pood\/toode\/muskaatkorvits-waltham-butternut-cucurbita-moschata\/\" \/>\n<meta property=\"og:site_name\" content=\"Horticom.ee\" \/>\n<meta property=\"article:publisher\" content=\"https:\/\/www.facebook.com\/horticom.ee\/e-pood\" \/>\n<meta property=\"article:modified_time\" content=\"2026-04-18T00:13:32+00:00\" \/>\n<meta property=\"og:image\" content=\"https:\/\/horticom.ee\/e-pood\/wp-content\/uploads\/importedmedia\/product-1923318_0-PL0475.jpg\" \/>\n\t<meta property=\"og:image:width\" content=\"1000\" \/>\n\t<meta property=\"og:image:height\" content=\"1750\" \/>\n\t<meta property=\"og:image:type\" content=\"image\/jpeg\" \/>\n<meta name=\"twitter:card\" content=\"summary_large_image\" \/>\n<script type=\"application\/ld+json\" class=\"yoast-schema-graph\">{\"@context\":\"https:\/\/schema.org\",\"@graph\":[{\"@type\":\"WebPage\",\"@id\":\"https:\/\/horticom.ee\/e-pood\/toode\/muskaatkorvits-waltham-butternut-cucurbita-moschata\/\",\"url\":\"https:\/\/horticom.ee\/e-pood\/toode\/muskaatkorvits-waltham-butternut-cucurbita-moschata\/\",\"name\":\"Muskaatk\u00f5rvits Waltham Butternut Cucurbita Moschata\",\"isPartOf\":{\"@id\":\"https:\/\/horticom.ee\/e-pood\/#website\"},\"primaryImageOfPage\":{\"@id\":\"https:\/\/horticom.ee\/e-pood\/toode\/muskaatkorvits-waltham-butternut-cucurbita-moschata\/#primaryimage\"},\"image\":{\"@id\":\"https:\/\/horticom.ee\/e-pood\/toode\/muskaatkorvits-waltham-butternut-cucurbita-moschata\/#primaryimage\"},\"thumbnailUrl\":\"https:\/\/horticom.ee\/e-pood\/wp-content\/uploads\/importedmedia\/product-1923318_0-PL0475.jpg\",\"datePublished\":\"2023-09-07T00:00:36+00:00\",\"dateModified\":\"2026-04-18T00:13:32+00:00\",\"description\":\"Muskaatk\u00f5rvits Waltham Butternut on keskvarajane sort. Pirnikujulised viljad, magus oran\u017e viljaliha. Kasvab avamaal v\u00f5i kasvuhoones.\",\"breadcrumb\":{\"@id\":\"https:\/\/horticom.ee\/e-pood\/toode\/muskaatkorvits-waltham-butternut-cucurbita-moschata\/#breadcrumb\"},\"inLanguage\":\"ru-RU\",\"potentialAction\":[{\"@type\":\"ReadAction\",\"target\":[\"https:\/\/horticom.ee\/e-pood\/toode\/muskaatkorvits-waltham-butternut-cucurbita-moschata\/\"]}]},{\"@type\":\"ImageObject\",\"inLanguage\":\"ru-RU\",\"@id\":\"https:\/\/horticom.ee\/e-pood\/toode\/muskaatkorvits-waltham-butternut-cucurbita-moschata\/#primaryimage\",\"url\":\"https:\/\/horticom.ee\/e-pood\/wp-content\/uploads\/importedmedia\/product-1923318_0-PL0475.jpg\",\"contentUrl\":\"https:\/\/horticom.ee\/e-pood\/wp-content\/uploads\/importedmedia\/product-1923318_0-PL0475.jpg\",\"width\":1000,\"height\":1750,\"caption\":\"Muskaatk\u00f5rvits Waltham Butternut Cucurbita Moschata\"},{\"@type\":\"BreadcrumbList\",\"@id\":\"https:\/\/horticom.ee\/e-pood\/toode\/muskaatkorvits-waltham-butternut-cucurbita-moschata\/#breadcrumb\",\"itemListElement\":[{\"@type\":\"ListItem\",\"position\":1,\"name\":\"Home\",\"item\":\"https:\/\/horticom.ee\/e-pood\/\"},{\"@type\":\"ListItem\",\"position\":2,\"name\":\"Pood\",\"item\":\"https:\/\/horticom.ee\/e-pood\/pood\/\"},{\"@type\":\"ListItem\",\"position\":3,\"name\":\"Muskaatk\u00f5rvits Waltham Butternut Cucurbita Moschata\"}]},{\"@type\":\"WebSite\",\"@id\":\"https:\/\/horticom.ee\/e-pood\/#website\",\"url\":\"https:\/\/horticom.ee\/e-pood\/\",\"name\":\"Horticom.ee\",\"description\":\"Aianduskaubad ja kodukaubad nii harrastajatele kui professionaalidele\",\"potentialAction\":[{\"@type\":\"SearchAction\",\"target\":{\"@type\":\"EntryPoint\",\"urlTemplate\":\"https:\/\/horticom.ee\/e-pood\/?s={search_term_string}\"},\"query-input\":{\"@type\":\"PropertyValueSpecification\",\"valueRequired\":true,\"valueName\":\"search_term_string\"}}],\"inLanguage\":\"ru-RU\"}]}<\/script>\n<!-- \/ Yoast SEO plugin. -->","yoast_head_json":{"title":"Muskaatk\u00f5rvits Waltham Butternut Cucurbita Moschata","description":"Muskaatk\u00f5rvits Waltham Butternut on keskvarajane sort. Pirnikujulised viljad, magus oran\u017e viljaliha. Kasvab avamaal v\u00f5i kasvuhoones.","robots":{"index":"index","follow":"follow","max-snippet":"max-snippet:-1","max-image-preview":"max-image-preview:large","max-video-preview":"max-video-preview:-1"},"canonical":"https:\/\/horticom.ee\/e-pood\/toode\/muskaatkorvits-waltham-butternut-cucurbita-moschata\/","og_locale":"ru_RU","og_type":"article","og_title":"Muskaatk\u00f5rvits Waltham Butternut Cucurbita Moschata","og_description":"Muskaatk\u00f5rvits Waltham Butternut on keskvarajane sort. Pirnikujulised viljad, magus oran\u017e viljaliha. Kasvab avamaal v\u00f5i kasvuhoones.","og_url":"https:\/\/horticom.ee\/e-pood\/toode\/muskaatkorvits-waltham-butternut-cucurbita-moschata\/","og_site_name":"Horticom.ee","article_publisher":"https:\/\/www.facebook.com\/horticom.ee\/e-pood","article_modified_time":"2026-04-18T00:13:32+00:00","og_image":[{"width":1000,"height":1750,"url":"https:\/\/horticom.ee\/e-pood\/wp-content\/uploads\/importedmedia\/product-1923318_0-PL0475.jpg","type":"image\/jpeg"}],"twitter_card":"summary_large_image","schema":{"@context":"https:\/\/schema.org","@graph":[{"@type":"WebPage","@id":"https:\/\/horticom.ee\/e-pood\/toode\/muskaatkorvits-waltham-butternut-cucurbita-moschata\/","url":"https:\/\/horticom.ee\/e-pood\/toode\/muskaatkorvits-waltham-butternut-cucurbita-moschata\/","name":"Muskaatk\u00f5rvits Waltham Butternut Cucurbita Moschata","isPartOf":{"@id":"https:\/\/horticom.ee\/e-pood\/#website"},"primaryImageOfPage":{"@id":"https:\/\/horticom.ee\/e-pood\/toode\/muskaatkorvits-waltham-butternut-cucurbita-moschata\/#primaryimage"},"image":{"@id":"https:\/\/horticom.ee\/e-pood\/toode\/muskaatkorvits-waltham-butternut-cucurbita-moschata\/#primaryimage"},"thumbnailUrl":"https:\/\/horticom.ee\/e-pood\/wp-content\/uploads\/importedmedia\/product-1923318_0-PL0475.jpg","datePublished":"2023-09-07T00:00:36+00:00","dateModified":"2026-04-18T00:13:32+00:00","description":"Muskaatk\u00f5rvits Waltham Butternut on keskvarajane sort. Pirnikujulised viljad, magus oran\u017e viljaliha. Kasvab avamaal v\u00f5i kasvuhoones.","breadcrumb":{"@id":"https:\/\/horticom.ee\/e-pood\/toode\/muskaatkorvits-waltham-butternut-cucurbita-moschata\/#breadcrumb"},"inLanguage":"ru-RU","potentialAction":[{"@type":"ReadAction","target":["https:\/\/horticom.ee\/e-pood\/toode\/muskaatkorvits-waltham-butternut-cucurbita-moschata\/"]}]},{"@type":"ImageObject","inLanguage":"ru-RU","@id":"https:\/\/horticom.ee\/e-pood\/toode\/muskaatkorvits-waltham-butternut-cucurbita-moschata\/#primaryimage","url":"https:\/\/horticom.ee\/e-pood\/wp-content\/uploads\/importedmedia\/product-1923318_0-PL0475.jpg","contentUrl":"https:\/\/horticom.ee\/e-pood\/wp-content\/uploads\/importedmedia\/product-1923318_0-PL0475.jpg","width":1000,"height":1750,"caption":"Muskaatk\u00f5rvits Waltham Butternut Cucurbita Moschata"},{"@type":"BreadcrumbList","@id":"https:\/\/horticom.ee\/e-pood\/toode\/muskaatkorvits-waltham-butternut-cucurbita-moschata\/#breadcrumb","itemListElement":[{"@type":"ListItem","position":1,"name":"Home","item":"https:\/\/horticom.ee\/e-pood\/"},{"@type":"ListItem","position":2,"name":"Pood","item":"https:\/\/horticom.ee\/e-pood\/pood\/"},{"@type":"ListItem","position":3,"name":"Muskaatk\u00f5rvits Waltham Butternut Cucurbita Moschata"}]},{"@type":"WebSite","@id":"https:\/\/horticom.ee\/e-pood\/#website","url":"https:\/\/horticom.ee\/e-pood\/","name":"Horticom.ee","description":"Aianduskaubad ja kodukaubad nii harrastajatele kui professionaalidele","potentialAction":[{"@type":"SearchAction","target":{"@type":"EntryPoint","urlTemplate":"https:\/\/horticom.ee\/e-pood\/?s={search_term_string}"},"query-input":{"@type":"PropertyValueSpecification","valueRequired":true,"valueName":"search_term_string"}}],"inLanguage":"ru-RU"}]}},"_links":{"self":[{"href":"https:\/\/horticom.ee\/e-pood\/ru\/wp-json\/wp\/v2\/product\/1923318","targetHints":{"allow":["GET"]}}],"collection":[{"href":"https:\/\/horticom.ee\/e-pood\/ru\/wp-json\/wp\/v2\/product"}],"about":[{"href":"https:\/\/horticom.ee\/e-pood\/ru\/wp-json\/wp\/v2\/types\/product"}],"replies":[{"embeddable":true,"href":"https:\/\/horticom.ee\/e-pood\/ru\/wp-json\/wp\/v2\/comments?post=1923318"}],"wp:featuredmedia":[{"embeddable":true,"href":"https:\/\/horticom.ee\/e-pood\/ru\/wp-json\/wp\/v2\/media\/1923930"}],"wp:attachment":[{"href":"https:\/\/horticom.ee\/e-pood\/ru\/wp-json\/wp\/v2\/media?parent=1923318"}],"wp:term":[{"taxonomy":"product_cat","embeddable":true,"href":"https:\/\/horticom.ee\/e-pood\/ru\/wp-json\/wp\/v2\/product_cat?post=1923318"},{"taxonomy":"product_tag","embeddable":true,"href":"https:\/\/horticom.ee\/e-pood\/ru\/wp-json\/wp\/v2\/product_tag?post=1923318"}],"curies":[{"name":"wp","href":"https:\/\/api.w.org\/{rel}","templated":true}]}}