{"id":1938920,"date":"2023-09-27T16:00:39","date_gmt":"2023-09-27T13:00:39","guid":{"rendered":"https:\/\/horticom.ee\/e-pood\/toode\/oolevkoi-night-scented-stock-rose-matthiola-bicornis-sibth-et-sm-dc\/"},"modified":"2026-04-18T03:11:15","modified_gmt":"2026-04-18T00:11:15","slug":"oolevkoi-night-scented-stock-rose-matthiola-bicornis-sibth-et-sm-dc","status":"publish","type":"product","link":"https:\/\/horticom.ee\/e-pood\/ru\/toode\/oolevkoi-night-scented-stock-rose-matthiola-bicornis-sibth-et-sm-dc\/","title":{"rendered":"\u00d6\u00f6levkoi Night-Scented Stock Rose &#8211; Matthiola bicornis Sibth. et Sm. DC."},"content":{"rendered":"<p>\u00d6\u00f6levkoi on \u00fcheaastane taim, k\u00f5rgus 20-40cm, k\u00fclv avamaale, \u00f5itseb juunist \u00f6\u00f6k\u00fclmadeni, l\u00f5hnab imeliselt. Kasvuks p\u00e4ikesepaisteline, sobivaimad kasvukohad on viljakal mullal. Vajab v\u00e4etamist ja kastmist.<\/p>\n","protected":false},"excerpt":{"rendered":"<p>\u00d6\u00f6levkoi on \u00fcheaastane taim, k\u00f5rgus 20-40cm, k\u00fclv avamaale, \u00f5itseb juunist \u00f6\u00f6k\u00fclmadeni, l\u00f5hnab imeliselt. Kasvuks p\u00e4ikesepaisteline, sobivaimad kasvukohad on viljakal mullal. Vajab v\u00e4etamist ja kastmist.<\/p>\n","protected":false},"featured_media":1939337,"comment_status":"closed","ping_status":"closed","template":"","meta":{"_themeisle_gutenberg_block_has_review":false},"product_cat":[18323],"product_tag":[],"class_list":{"0":"post-1938920","1":"product","2":"type-product","3":"status-publish","4":"has-post-thumbnail","6":"product_cat-levkoi","8":"first","9":"instock","10":"shipping-taxable","11":"purchasable","12":"product-type-simple"},"yoast_head":"<!-- This site is optimized with the Yoast SEO plugin v24.0 - https:\/\/yoast.com\/wordpress\/plugins\/seo\/ -->\n<title>\u00d6\u00f6levkoi Night-Scented Stock Rose<\/title>\n<meta name=\"description\" content=\"\u00d6\u00f6levkoi Night-Scented Stock \u2013 \u00dcheaastane l\u00f5hnav taim, \u00f5itseb juunist \u00f6\u00f6k\u00fclmadeni. Eelistab p\u00e4ikest ja viljakat mulda. Sobib l\u00f5ikelilleks.\" \/>\n<meta name=\"robots\" content=\"index, follow, max-snippet:-1, max-image-preview:large, max-video-preview:-1\" \/>\n<link rel=\"canonical\" href=\"https:\/\/horticom.ee\/e-pood\/toode\/oolevkoi-night-scented-stock-rose-matthiola-bicornis-sibth-et-sm-dc\/\" \/>\n<meta property=\"og:locale\" content=\"ru_RU\" \/>\n<meta property=\"og:type\" content=\"article\" \/>\n<meta property=\"og:title\" content=\"\u00d6\u00f6levkoi Night-Scented Stock Rose\" \/>\n<meta property=\"og:description\" content=\"\u00d6\u00f6levkoi Night-Scented Stock \u2013 \u00dcheaastane l\u00f5hnav taim, \u00f5itseb juunist \u00f6\u00f6k\u00fclmadeni. Eelistab p\u00e4ikest ja viljakat mulda. Sobib l\u00f5ikelilleks.\" \/>\n<meta property=\"og:url\" content=\"https:\/\/horticom.ee\/e-pood\/toode\/oolevkoi-night-scented-stock-rose-matthiola-bicornis-sibth-et-sm-dc\/\" \/>\n<meta property=\"og:site_name\" content=\"Horticom.ee\" \/>\n<meta property=\"article:publisher\" content=\"https:\/\/www.facebook.com\/horticom.ee\/e-pood\" \/>\n<meta property=\"article:modified_time\" content=\"2026-04-18T00:11:15+00:00\" \/>\n<meta property=\"og:image\" content=\"https:\/\/horticom.ee\/e-pood\/wp-content\/uploads\/importedmedia\/product-1938920_0-L3501.jpg\" \/>\n\t<meta property=\"og:image:width\" content=\"1000\" \/>\n\t<meta property=\"og:image:height\" content=\"1750\" \/>\n\t<meta property=\"og:image:type\" content=\"image\/jpeg\" \/>\n<meta name=\"twitter:card\" content=\"summary_large_image\" \/>\n<script type=\"application\/ld+json\" class=\"yoast-schema-graph\">{\"@context\":\"https:\/\/schema.org\",\"@graph\":[{\"@type\":\"WebPage\",\"@id\":\"https:\/\/horticom.ee\/e-pood\/toode\/oolevkoi-night-scented-stock-rose-matthiola-bicornis-sibth-et-sm-dc\/\",\"url\":\"https:\/\/horticom.ee\/e-pood\/toode\/oolevkoi-night-scented-stock-rose-matthiola-bicornis-sibth-et-sm-dc\/\",\"name\":\"\u00d6\u00f6levkoi Night-Scented Stock Rose\",\"isPartOf\":{\"@id\":\"https:\/\/horticom.ee\/e-pood\/#website\"},\"primaryImageOfPage\":{\"@id\":\"https:\/\/horticom.ee\/e-pood\/toode\/oolevkoi-night-scented-stock-rose-matthiola-bicornis-sibth-et-sm-dc\/#primaryimage\"},\"image\":{\"@id\":\"https:\/\/horticom.ee\/e-pood\/toode\/oolevkoi-night-scented-stock-rose-matthiola-bicornis-sibth-et-sm-dc\/#primaryimage\"},\"thumbnailUrl\":\"https:\/\/horticom.ee\/e-pood\/wp-content\/uploads\/importedmedia\/product-1938920_0-L3501.jpg\",\"datePublished\":\"2023-09-27T13:00:39+00:00\",\"dateModified\":\"2026-04-18T00:11:15+00:00\",\"description\":\"\u00d6\u00f6levkoi Night-Scented Stock \u2013 \u00dcheaastane l\u00f5hnav taim, \u00f5itseb juunist \u00f6\u00f6k\u00fclmadeni. Eelistab p\u00e4ikest ja viljakat mulda. Sobib l\u00f5ikelilleks.\",\"breadcrumb\":{\"@id\":\"https:\/\/horticom.ee\/e-pood\/toode\/oolevkoi-night-scented-stock-rose-matthiola-bicornis-sibth-et-sm-dc\/#breadcrumb\"},\"inLanguage\":\"ru-RU\",\"potentialAction\":[{\"@type\":\"ReadAction\",\"target\":[\"https:\/\/horticom.ee\/e-pood\/toode\/oolevkoi-night-scented-stock-rose-matthiola-bicornis-sibth-et-sm-dc\/\"]}]},{\"@type\":\"ImageObject\",\"inLanguage\":\"ru-RU\",\"@id\":\"https:\/\/horticom.ee\/e-pood\/toode\/oolevkoi-night-scented-stock-rose-matthiola-bicornis-sibth-et-sm-dc\/#primaryimage\",\"url\":\"https:\/\/horticom.ee\/e-pood\/wp-content\/uploads\/importedmedia\/product-1938920_0-L3501.jpg\",\"contentUrl\":\"https:\/\/horticom.ee\/e-pood\/wp-content\/uploads\/importedmedia\/product-1938920_0-L3501.jpg\",\"width\":1000,\"height\":1750,\"caption\":\"\u00d6\u00f6levkoi Night-Scented Stock Rose - Matthiola bicornis Sibth. et Sm. DC.\"},{\"@type\":\"BreadcrumbList\",\"@id\":\"https:\/\/horticom.ee\/e-pood\/toode\/oolevkoi-night-scented-stock-rose-matthiola-bicornis-sibth-et-sm-dc\/#breadcrumb\",\"itemListElement\":[{\"@type\":\"ListItem\",\"position\":1,\"name\":\"Home\",\"item\":\"https:\/\/horticom.ee\/e-pood\/\"},{\"@type\":\"ListItem\",\"position\":2,\"name\":\"Pood\",\"item\":\"https:\/\/horticom.ee\/e-pood\/pood\/\"},{\"@type\":\"ListItem\",\"position\":3,\"name\":\"\u00d6\u00f6levkoi Night-Scented Stock Rose &#8211; Matthiola bicornis Sibth. et Sm. DC.\"}]},{\"@type\":\"WebSite\",\"@id\":\"https:\/\/horticom.ee\/e-pood\/#website\",\"url\":\"https:\/\/horticom.ee\/e-pood\/\",\"name\":\"Horticom.ee\",\"description\":\"Aianduskaubad ja kodukaubad nii harrastajatele kui professionaalidele\",\"potentialAction\":[{\"@type\":\"SearchAction\",\"target\":{\"@type\":\"EntryPoint\",\"urlTemplate\":\"https:\/\/horticom.ee\/e-pood\/?s={search_term_string}\"},\"query-input\":{\"@type\":\"PropertyValueSpecification\",\"valueRequired\":true,\"valueName\":\"search_term_string\"}}],\"inLanguage\":\"ru-RU\"}]}<\/script>\n<!-- \/ Yoast SEO plugin. -->","yoast_head_json":{"title":"\u00d6\u00f6levkoi Night-Scented Stock Rose","description":"\u00d6\u00f6levkoi Night-Scented Stock \u2013 \u00dcheaastane l\u00f5hnav taim, \u00f5itseb juunist \u00f6\u00f6k\u00fclmadeni. Eelistab p\u00e4ikest ja viljakat mulda. Sobib l\u00f5ikelilleks.","robots":{"index":"index","follow":"follow","max-snippet":"max-snippet:-1","max-image-preview":"max-image-preview:large","max-video-preview":"max-video-preview:-1"},"canonical":"https:\/\/horticom.ee\/e-pood\/toode\/oolevkoi-night-scented-stock-rose-matthiola-bicornis-sibth-et-sm-dc\/","og_locale":"ru_RU","og_type":"article","og_title":"\u00d6\u00f6levkoi Night-Scented Stock Rose","og_description":"\u00d6\u00f6levkoi Night-Scented Stock \u2013 \u00dcheaastane l\u00f5hnav taim, \u00f5itseb juunist \u00f6\u00f6k\u00fclmadeni. Eelistab p\u00e4ikest ja viljakat mulda. Sobib l\u00f5ikelilleks.","og_url":"https:\/\/horticom.ee\/e-pood\/toode\/oolevkoi-night-scented-stock-rose-matthiola-bicornis-sibth-et-sm-dc\/","og_site_name":"Horticom.ee","article_publisher":"https:\/\/www.facebook.com\/horticom.ee\/e-pood","article_modified_time":"2026-04-18T00:11:15+00:00","og_image":[{"width":1000,"height":1750,"url":"https:\/\/horticom.ee\/e-pood\/wp-content\/uploads\/importedmedia\/product-1938920_0-L3501.jpg","type":"image\/jpeg"}],"twitter_card":"summary_large_image","schema":{"@context":"https:\/\/schema.org","@graph":[{"@type":"WebPage","@id":"https:\/\/horticom.ee\/e-pood\/toode\/oolevkoi-night-scented-stock-rose-matthiola-bicornis-sibth-et-sm-dc\/","url":"https:\/\/horticom.ee\/e-pood\/toode\/oolevkoi-night-scented-stock-rose-matthiola-bicornis-sibth-et-sm-dc\/","name":"\u00d6\u00f6levkoi Night-Scented Stock Rose","isPartOf":{"@id":"https:\/\/horticom.ee\/e-pood\/#website"},"primaryImageOfPage":{"@id":"https:\/\/horticom.ee\/e-pood\/toode\/oolevkoi-night-scented-stock-rose-matthiola-bicornis-sibth-et-sm-dc\/#primaryimage"},"image":{"@id":"https:\/\/horticom.ee\/e-pood\/toode\/oolevkoi-night-scented-stock-rose-matthiola-bicornis-sibth-et-sm-dc\/#primaryimage"},"thumbnailUrl":"https:\/\/horticom.ee\/e-pood\/wp-content\/uploads\/importedmedia\/product-1938920_0-L3501.jpg","datePublished":"2023-09-27T13:00:39+00:00","dateModified":"2026-04-18T00:11:15+00:00","description":"\u00d6\u00f6levkoi Night-Scented Stock \u2013 \u00dcheaastane l\u00f5hnav taim, \u00f5itseb juunist \u00f6\u00f6k\u00fclmadeni. Eelistab p\u00e4ikest ja viljakat mulda. Sobib l\u00f5ikelilleks.","breadcrumb":{"@id":"https:\/\/horticom.ee\/e-pood\/toode\/oolevkoi-night-scented-stock-rose-matthiola-bicornis-sibth-et-sm-dc\/#breadcrumb"},"inLanguage":"ru-RU","potentialAction":[{"@type":"ReadAction","target":["https:\/\/horticom.ee\/e-pood\/toode\/oolevkoi-night-scented-stock-rose-matthiola-bicornis-sibth-et-sm-dc\/"]}]},{"@type":"ImageObject","inLanguage":"ru-RU","@id":"https:\/\/horticom.ee\/e-pood\/toode\/oolevkoi-night-scented-stock-rose-matthiola-bicornis-sibth-et-sm-dc\/#primaryimage","url":"https:\/\/horticom.ee\/e-pood\/wp-content\/uploads\/importedmedia\/product-1938920_0-L3501.jpg","contentUrl":"https:\/\/horticom.ee\/e-pood\/wp-content\/uploads\/importedmedia\/product-1938920_0-L3501.jpg","width":1000,"height":1750,"caption":"\u00d6\u00f6levkoi Night-Scented Stock Rose - Matthiola bicornis Sibth. et Sm. DC."},{"@type":"BreadcrumbList","@id":"https:\/\/horticom.ee\/e-pood\/toode\/oolevkoi-night-scented-stock-rose-matthiola-bicornis-sibth-et-sm-dc\/#breadcrumb","itemListElement":[{"@type":"ListItem","position":1,"name":"Home","item":"https:\/\/horticom.ee\/e-pood\/"},{"@type":"ListItem","position":2,"name":"Pood","item":"https:\/\/horticom.ee\/e-pood\/pood\/"},{"@type":"ListItem","position":3,"name":"\u00d6\u00f6levkoi Night-Scented Stock Rose &#8211; Matthiola bicornis Sibth. et Sm. DC."}]},{"@type":"WebSite","@id":"https:\/\/horticom.ee\/e-pood\/#website","url":"https:\/\/horticom.ee\/e-pood\/","name":"Horticom.ee","description":"Aianduskaubad ja kodukaubad nii harrastajatele kui professionaalidele","potentialAction":[{"@type":"SearchAction","target":{"@type":"EntryPoint","urlTemplate":"https:\/\/horticom.ee\/e-pood\/?s={search_term_string}"},"query-input":{"@type":"PropertyValueSpecification","valueRequired":true,"valueName":"search_term_string"}}],"inLanguage":"ru-RU"}]}},"_links":{"self":[{"href":"https:\/\/horticom.ee\/e-pood\/ru\/wp-json\/wp\/v2\/product\/1938920","targetHints":{"allow":["GET"]}}],"collection":[{"href":"https:\/\/horticom.ee\/e-pood\/ru\/wp-json\/wp\/v2\/product"}],"about":[{"href":"https:\/\/horticom.ee\/e-pood\/ru\/wp-json\/wp\/v2\/types\/product"}],"replies":[{"embeddable":true,"href":"https:\/\/horticom.ee\/e-pood\/ru\/wp-json\/wp\/v2\/comments?post=1938920"}],"wp:featuredmedia":[{"embeddable":true,"href":"https:\/\/horticom.ee\/e-pood\/ru\/wp-json\/wp\/v2\/media\/1939337"}],"wp:attachment":[{"href":"https:\/\/horticom.ee\/e-pood\/ru\/wp-json\/wp\/v2\/media?parent=1938920"}],"wp:term":[{"taxonomy":"product_cat","embeddable":true,"href":"https:\/\/horticom.ee\/e-pood\/ru\/wp-json\/wp\/v2\/product_cat?post=1938920"},{"taxonomy":"product_tag","embeddable":true,"href":"https:\/\/horticom.ee\/e-pood\/ru\/wp-json\/wp\/v2\/product_tag?post=1938920"}],"curies":[{"name":"wp","href":"https:\/\/api.w.org\/{rel}","templated":true}]}}