{"id":1938941,"date":"2023-09-27T16:00:47","date_gmt":"2023-09-27T13:00:47","guid":{"rendered":"https:\/\/horticom.ee\/e-pood\/toode\/muskaatkorvits-violina-cucurbita-moschata-duchesne-ex-lam-poir\/"},"modified":"2026-04-12T03:08:47","modified_gmt":"2026-04-12T00:08:47","slug":"muskaatkorvits-violina-cucurbita-moschata-duchesne-ex-lam-poir","status":"publish","type":"product","link":"https:\/\/horticom.ee\/e-pood\/ru\/toode\/muskaatkorvits-violina-cucurbita-moschata-duchesne-ex-lam-poir\/","title":{"rendered":"Muskaatk\u00f5rvits Violina &#8211; Cucurbita moschata Duchesne ex Lam. Poir."},"content":{"rendered":"<p>Muskaatk\u00f5rvits Violina on keskvarajane sort. Saagik\u00fcpsus 110 p\u00e4eva p\u00e4rast taime istutamist. Viljad kasvavad 30-40 cm pikkuseks ja kaaluvad 3-4 kg. Kujult meenutavad viljad viiulit, oran\u017e viljaliha on magus. Sobib v\u00e4rskelt tarvitamiseks, hautamiseks, k\u00fcpsetamiseks, suppide valmistamiseks ja k\u00fcpsetiste maitsestamiseks. Saaki v\u00f5ib s\u00e4ilitada 5-6 kuud. Paremini kasvab tuule eest varjatud kohas, liivsavi- v\u00f5i kerges saviliivas.<\/p>\n","protected":false},"excerpt":{"rendered":"<p>Muskaatk\u00f5rvits Violina on keskvarajane sort. Saagik\u00fcpsus 110 p\u00e4eva p\u00e4rast taime istutamist. Viljad kasvavad 30-40 cm pikkuseks ja kaaluvad 3-4 kg. Kujult meenutavad viljad viiulit, oran\u017e viljaliha on magus. Sobib v\u00e4rskelt tarvitamiseks, hautamiseks, k\u00fcpsetamiseks, suppide valmistamiseks ja k\u00fcpsetiste maitsestamiseks. Saaki v\u00f5ib s\u00e4ilitada 5-6 kuud. Paremini kasvab tuule eest varjatud kohas, liivsavi- v\u00f5i kerges saviliivas.<\/p>\n","protected":false},"featured_media":1939299,"comment_status":"closed","ping_status":"closed","template":"","meta":{"_themeisle_gutenberg_block_has_review":false},"product_cat":[13482],"product_tag":[],"class_list":{"0":"post-1938941","1":"product","2":"type-product","3":"status-publish","4":"has-post-thumbnail","6":"product_cat-suvikorvits-korvits","8":"first","9":"instock","10":"shipping-taxable","11":"purchasable","12":"product-type-simple"},"yoast_head":"<!-- This site is optimized with the Yoast SEO plugin v24.0 - https:\/\/yoast.com\/wordpress\/plugins\/seo\/ -->\n<title>Muskaatk\u00f5rvits Violina<\/title>\n<meta name=\"description\" content=\"Muskaatk\u00f5rvits Violina on magusa oran\u017ei viljalihaga sort, viljad kasvavad 30-40 cm pikkuseks ja meenutavad viiulit. Sobib k\u00fcpsetamiseks ja s\u00e4ilitamiseks.\" \/>\n<meta name=\"robots\" content=\"index, follow, max-snippet:-1, max-image-preview:large, max-video-preview:-1\" \/>\n<link rel=\"canonical\" href=\"https:\/\/horticom.ee\/e-pood\/toode\/muskaatkorvits-violina-cucurbita-moschata-duchesne-ex-lam-poir\/\" \/>\n<meta property=\"og:locale\" content=\"ru_RU\" \/>\n<meta property=\"og:type\" content=\"article\" \/>\n<meta property=\"og:title\" content=\"Muskaatk\u00f5rvits Violina\" \/>\n<meta property=\"og:description\" content=\"Muskaatk\u00f5rvits Violina on magusa oran\u017ei viljalihaga sort, viljad kasvavad 30-40 cm pikkuseks ja meenutavad viiulit. Sobib k\u00fcpsetamiseks ja s\u00e4ilitamiseks.\" \/>\n<meta property=\"og:url\" content=\"https:\/\/horticom.ee\/e-pood\/toode\/muskaatkorvits-violina-cucurbita-moschata-duchesne-ex-lam-poir\/\" \/>\n<meta property=\"og:site_name\" content=\"Horticom.ee\" \/>\n<meta property=\"article:publisher\" content=\"https:\/\/www.facebook.com\/horticom.ee\/e-pood\" \/>\n<meta property=\"article:modified_time\" content=\"2026-04-12T00:08:47+00:00\" \/>\n<meta property=\"og:image\" content=\"https:\/\/horticom.ee\/e-pood\/wp-content\/uploads\/importedmedia\/product-1938941_0-L12132.jpg\" \/>\n\t<meta property=\"og:image:width\" content=\"1000\" \/>\n\t<meta property=\"og:image:height\" content=\"1750\" \/>\n\t<meta property=\"og:image:type\" content=\"image\/jpeg\" \/>\n<meta name=\"twitter:card\" content=\"summary_large_image\" \/>\n<script type=\"application\/ld+json\" class=\"yoast-schema-graph\">{\"@context\":\"https:\/\/schema.org\",\"@graph\":[{\"@type\":\"WebPage\",\"@id\":\"https:\/\/horticom.ee\/e-pood\/toode\/muskaatkorvits-violina-cucurbita-moschata-duchesne-ex-lam-poir\/\",\"url\":\"https:\/\/horticom.ee\/e-pood\/toode\/muskaatkorvits-violina-cucurbita-moschata-duchesne-ex-lam-poir\/\",\"name\":\"Muskaatk\u00f5rvits Violina\",\"isPartOf\":{\"@id\":\"https:\/\/horticom.ee\/e-pood\/#website\"},\"primaryImageOfPage\":{\"@id\":\"https:\/\/horticom.ee\/e-pood\/toode\/muskaatkorvits-violina-cucurbita-moschata-duchesne-ex-lam-poir\/#primaryimage\"},\"image\":{\"@id\":\"https:\/\/horticom.ee\/e-pood\/toode\/muskaatkorvits-violina-cucurbita-moschata-duchesne-ex-lam-poir\/#primaryimage\"},\"thumbnailUrl\":\"https:\/\/horticom.ee\/e-pood\/wp-content\/uploads\/importedmedia\/product-1938941_0-L12132.jpg\",\"datePublished\":\"2023-09-27T13:00:47+00:00\",\"dateModified\":\"2026-04-12T00:08:47+00:00\",\"description\":\"Muskaatk\u00f5rvits Violina on magusa oran\u017ei viljalihaga sort, viljad kasvavad 30-40 cm pikkuseks ja meenutavad viiulit. Sobib k\u00fcpsetamiseks ja s\u00e4ilitamiseks.\",\"breadcrumb\":{\"@id\":\"https:\/\/horticom.ee\/e-pood\/toode\/muskaatkorvits-violina-cucurbita-moschata-duchesne-ex-lam-poir\/#breadcrumb\"},\"inLanguage\":\"ru-RU\",\"potentialAction\":[{\"@type\":\"ReadAction\",\"target\":[\"https:\/\/horticom.ee\/e-pood\/toode\/muskaatkorvits-violina-cucurbita-moschata-duchesne-ex-lam-poir\/\"]}]},{\"@type\":\"ImageObject\",\"inLanguage\":\"ru-RU\",\"@id\":\"https:\/\/horticom.ee\/e-pood\/toode\/muskaatkorvits-violina-cucurbita-moschata-duchesne-ex-lam-poir\/#primaryimage\",\"url\":\"https:\/\/horticom.ee\/e-pood\/wp-content\/uploads\/importedmedia\/product-1938941_0-L12132.jpg\",\"contentUrl\":\"https:\/\/horticom.ee\/e-pood\/wp-content\/uploads\/importedmedia\/product-1938941_0-L12132.jpg\",\"width\":1000,\"height\":1750,\"caption\":\"Muskaatk\u00f5rvits Violina - Cucurbita moschata Duchesne ex Lam. Poir.\"},{\"@type\":\"BreadcrumbList\",\"@id\":\"https:\/\/horticom.ee\/e-pood\/toode\/muskaatkorvits-violina-cucurbita-moschata-duchesne-ex-lam-poir\/#breadcrumb\",\"itemListElement\":[{\"@type\":\"ListItem\",\"position\":1,\"name\":\"Home\",\"item\":\"https:\/\/horticom.ee\/e-pood\/\"},{\"@type\":\"ListItem\",\"position\":2,\"name\":\"Pood\",\"item\":\"https:\/\/horticom.ee\/e-pood\/pood\/\"},{\"@type\":\"ListItem\",\"position\":3,\"name\":\"Muskaatk\u00f5rvits Violina &#8211; Cucurbita moschata Duchesne ex Lam. Poir.\"}]},{\"@type\":\"WebSite\",\"@id\":\"https:\/\/horticom.ee\/e-pood\/#website\",\"url\":\"https:\/\/horticom.ee\/e-pood\/\",\"name\":\"Horticom.ee\",\"description\":\"Aianduskaubad ja kodukaubad nii harrastajatele kui professionaalidele\",\"potentialAction\":[{\"@type\":\"SearchAction\",\"target\":{\"@type\":\"EntryPoint\",\"urlTemplate\":\"https:\/\/horticom.ee\/e-pood\/?s={search_term_string}\"},\"query-input\":{\"@type\":\"PropertyValueSpecification\",\"valueRequired\":true,\"valueName\":\"search_term_string\"}}],\"inLanguage\":\"ru-RU\"}]}<\/script>\n<!-- \/ Yoast SEO plugin. -->","yoast_head_json":{"title":"Muskaatk\u00f5rvits Violina","description":"Muskaatk\u00f5rvits Violina on magusa oran\u017ei viljalihaga sort, viljad kasvavad 30-40 cm pikkuseks ja meenutavad viiulit. Sobib k\u00fcpsetamiseks ja s\u00e4ilitamiseks.","robots":{"index":"index","follow":"follow","max-snippet":"max-snippet:-1","max-image-preview":"max-image-preview:large","max-video-preview":"max-video-preview:-1"},"canonical":"https:\/\/horticom.ee\/e-pood\/toode\/muskaatkorvits-violina-cucurbita-moschata-duchesne-ex-lam-poir\/","og_locale":"ru_RU","og_type":"article","og_title":"Muskaatk\u00f5rvits Violina","og_description":"Muskaatk\u00f5rvits Violina on magusa oran\u017ei viljalihaga sort, viljad kasvavad 30-40 cm pikkuseks ja meenutavad viiulit. Sobib k\u00fcpsetamiseks ja s\u00e4ilitamiseks.","og_url":"https:\/\/horticom.ee\/e-pood\/toode\/muskaatkorvits-violina-cucurbita-moschata-duchesne-ex-lam-poir\/","og_site_name":"Horticom.ee","article_publisher":"https:\/\/www.facebook.com\/horticom.ee\/e-pood","article_modified_time":"2026-04-12T00:08:47+00:00","og_image":[{"width":1000,"height":1750,"url":"https:\/\/horticom.ee\/e-pood\/wp-content\/uploads\/importedmedia\/product-1938941_0-L12132.jpg","type":"image\/jpeg"}],"twitter_card":"summary_large_image","schema":{"@context":"https:\/\/schema.org","@graph":[{"@type":"WebPage","@id":"https:\/\/horticom.ee\/e-pood\/toode\/muskaatkorvits-violina-cucurbita-moschata-duchesne-ex-lam-poir\/","url":"https:\/\/horticom.ee\/e-pood\/toode\/muskaatkorvits-violina-cucurbita-moschata-duchesne-ex-lam-poir\/","name":"Muskaatk\u00f5rvits Violina","isPartOf":{"@id":"https:\/\/horticom.ee\/e-pood\/#website"},"primaryImageOfPage":{"@id":"https:\/\/horticom.ee\/e-pood\/toode\/muskaatkorvits-violina-cucurbita-moschata-duchesne-ex-lam-poir\/#primaryimage"},"image":{"@id":"https:\/\/horticom.ee\/e-pood\/toode\/muskaatkorvits-violina-cucurbita-moschata-duchesne-ex-lam-poir\/#primaryimage"},"thumbnailUrl":"https:\/\/horticom.ee\/e-pood\/wp-content\/uploads\/importedmedia\/product-1938941_0-L12132.jpg","datePublished":"2023-09-27T13:00:47+00:00","dateModified":"2026-04-12T00:08:47+00:00","description":"Muskaatk\u00f5rvits Violina on magusa oran\u017ei viljalihaga sort, viljad kasvavad 30-40 cm pikkuseks ja meenutavad viiulit. Sobib k\u00fcpsetamiseks ja s\u00e4ilitamiseks.","breadcrumb":{"@id":"https:\/\/horticom.ee\/e-pood\/toode\/muskaatkorvits-violina-cucurbita-moschata-duchesne-ex-lam-poir\/#breadcrumb"},"inLanguage":"ru-RU","potentialAction":[{"@type":"ReadAction","target":["https:\/\/horticom.ee\/e-pood\/toode\/muskaatkorvits-violina-cucurbita-moschata-duchesne-ex-lam-poir\/"]}]},{"@type":"ImageObject","inLanguage":"ru-RU","@id":"https:\/\/horticom.ee\/e-pood\/toode\/muskaatkorvits-violina-cucurbita-moschata-duchesne-ex-lam-poir\/#primaryimage","url":"https:\/\/horticom.ee\/e-pood\/wp-content\/uploads\/importedmedia\/product-1938941_0-L12132.jpg","contentUrl":"https:\/\/horticom.ee\/e-pood\/wp-content\/uploads\/importedmedia\/product-1938941_0-L12132.jpg","width":1000,"height":1750,"caption":"Muskaatk\u00f5rvits Violina - Cucurbita moschata Duchesne ex Lam. Poir."},{"@type":"BreadcrumbList","@id":"https:\/\/horticom.ee\/e-pood\/toode\/muskaatkorvits-violina-cucurbita-moschata-duchesne-ex-lam-poir\/#breadcrumb","itemListElement":[{"@type":"ListItem","position":1,"name":"Home","item":"https:\/\/horticom.ee\/e-pood\/"},{"@type":"ListItem","position":2,"name":"Pood","item":"https:\/\/horticom.ee\/e-pood\/pood\/"},{"@type":"ListItem","position":3,"name":"Muskaatk\u00f5rvits Violina &#8211; Cucurbita moschata Duchesne ex Lam. Poir."}]},{"@type":"WebSite","@id":"https:\/\/horticom.ee\/e-pood\/#website","url":"https:\/\/horticom.ee\/e-pood\/","name":"Horticom.ee","description":"Aianduskaubad ja kodukaubad nii harrastajatele kui professionaalidele","potentialAction":[{"@type":"SearchAction","target":{"@type":"EntryPoint","urlTemplate":"https:\/\/horticom.ee\/e-pood\/?s={search_term_string}"},"query-input":{"@type":"PropertyValueSpecification","valueRequired":true,"valueName":"search_term_string"}}],"inLanguage":"ru-RU"}]}},"_links":{"self":[{"href":"https:\/\/horticom.ee\/e-pood\/ru\/wp-json\/wp\/v2\/product\/1938941","targetHints":{"allow":["GET"]}}],"collection":[{"href":"https:\/\/horticom.ee\/e-pood\/ru\/wp-json\/wp\/v2\/product"}],"about":[{"href":"https:\/\/horticom.ee\/e-pood\/ru\/wp-json\/wp\/v2\/types\/product"}],"replies":[{"embeddable":true,"href":"https:\/\/horticom.ee\/e-pood\/ru\/wp-json\/wp\/v2\/comments?post=1938941"}],"wp:featuredmedia":[{"embeddable":true,"href":"https:\/\/horticom.ee\/e-pood\/ru\/wp-json\/wp\/v2\/media\/1939299"}],"wp:attachment":[{"href":"https:\/\/horticom.ee\/e-pood\/ru\/wp-json\/wp\/v2\/media?parent=1938941"}],"wp:term":[{"taxonomy":"product_cat","embeddable":true,"href":"https:\/\/horticom.ee\/e-pood\/ru\/wp-json\/wp\/v2\/product_cat?post=1938941"},{"taxonomy":"product_tag","embeddable":true,"href":"https:\/\/horticom.ee\/e-pood\/ru\/wp-json\/wp\/v2\/product_tag?post=1938941"}],"curies":[{"name":"wp","href":"https:\/\/api.w.org\/{rel}","templated":true}]}}