{"id":1938943,"date":"2023-09-27T16:00:47","date_gmt":"2023-09-27T13:00:47","guid":{"rendered":"https:\/\/horticom.ee\/e-pood\/toode\/arbuus-zloto-wolicy-h-citrullus-lanatus-thunb-matsum-et-nakai\/"},"modified":"2026-04-24T03:08:10","modified_gmt":"2026-04-24T00:08:10","slug":"arbuus-zloto-wolicy-h-citrullus-lanatus-thunb-matsum-et-nakai","status":"publish","type":"product","link":"https:\/\/horticom.ee\/e-pood\/ru\/toode\/arbuus-zloto-wolicy-h-citrullus-lanatus-thunb-matsum-et-nakai\/","title":{"rendered":"Arbuus Zloto wolicy H &#8211; Citrullus lanatus Thunb. Matsum. et Nakai"},"content":{"rendered":"<p>Arbuus Zloto Wolicy H on varajane sort. Koor kollane. Sisu punane, mahlane, v\u00e4ga magus. Vili v\u00f5ib kaaluda kuni 6 kg. Taimed kasvatada ette ning avamaale istutada juuni alguses, peale \u00f6\u00f6k\u00fclmade m\u00f6\u00f6dumist. Avamaal kasvatada kateloori all. Sort on haiguskindel.<\/p>\n","protected":false},"excerpt":{"rendered":"<p>Arbuus Zloto Wolicy H on varajane sort. Koor kollane. Sisu punane, mahlane, v\u00e4ga magus. Vili v\u00f5ib kaaluda kuni 6 kg. Taimed kasvatada ette ning avamaale istutada juuni alguses, peale \u00f6\u00f6k\u00fclmade m\u00f6\u00f6dumist. Avamaal kasvatada kateloori all. Sort on haiguskindel.<\/p>\n","protected":false},"featured_media":1939295,"comment_status":"closed","ping_status":"closed","template":"","meta":{"_themeisle_gutenberg_block_has_review":false},"product_cat":[13498],"product_tag":[],"class_list":{"0":"post-1938943","1":"product","2":"type-product","3":"status-publish","4":"has-post-thumbnail","6":"product_cat-arbuus-melon","8":"first","9":"instock","10":"shipping-taxable","11":"purchasable","12":"product-type-simple"},"yoast_head":"<!-- This site is optimized with the Yoast SEO plugin v24.0 - https:\/\/yoast.com\/wordpress\/plugins\/seo\/ -->\n<title>Arbuus Zloto wolicy H - Citrullus lanatus Thunb. Matsum.<\/title>\n<meta name=\"description\" content=\"Arbuus Zloto Wolicy H \u2013 Kollase koore ja punase viljalihaga arbuus. Magus ja mahlane, kaalub kuni 6 kg. Varajane ja haiguskindel sort.\" \/>\n<meta name=\"robots\" content=\"index, follow, max-snippet:-1, max-image-preview:large, max-video-preview:-1\" \/>\n<link rel=\"canonical\" href=\"https:\/\/horticom.ee\/e-pood\/toode\/arbuus-zloto-wolicy-h-citrullus-lanatus-thunb-matsum-et-nakai\/\" \/>\n<meta property=\"og:locale\" content=\"ru_RU\" \/>\n<meta property=\"og:type\" content=\"article\" \/>\n<meta property=\"og:title\" content=\"Arbuus Zloto wolicy H - Citrullus lanatus Thunb. Matsum.\" \/>\n<meta property=\"og:description\" content=\"Arbuus Zloto Wolicy H \u2013 Kollase koore ja punase viljalihaga arbuus. Magus ja mahlane, kaalub kuni 6 kg. Varajane ja haiguskindel sort.\" \/>\n<meta property=\"og:url\" content=\"https:\/\/horticom.ee\/e-pood\/toode\/arbuus-zloto-wolicy-h-citrullus-lanatus-thunb-matsum-et-nakai\/\" \/>\n<meta property=\"og:site_name\" content=\"Horticom.ee\" \/>\n<meta property=\"article:publisher\" content=\"https:\/\/www.facebook.com\/horticom.ee\/e-pood\" \/>\n<meta property=\"article:modified_time\" content=\"2026-04-24T00:08:10+00:00\" \/>\n<meta property=\"og:image\" content=\"https:\/\/horticom.ee\/e-pood\/wp-content\/uploads\/importedmedia\/product-1938943_0-L0304.jpg\" \/>\n\t<meta property=\"og:image:width\" content=\"999\" \/>\n\t<meta property=\"og:image:height\" content=\"1755\" \/>\n\t<meta property=\"og:image:type\" content=\"image\/jpeg\" \/>\n<meta name=\"twitter:card\" content=\"summary_large_image\" \/>\n<script type=\"application\/ld+json\" class=\"yoast-schema-graph\">{\"@context\":\"https:\/\/schema.org\",\"@graph\":[{\"@type\":\"WebPage\",\"@id\":\"https:\/\/horticom.ee\/e-pood\/toode\/arbuus-zloto-wolicy-h-citrullus-lanatus-thunb-matsum-et-nakai\/\",\"url\":\"https:\/\/horticom.ee\/e-pood\/toode\/arbuus-zloto-wolicy-h-citrullus-lanatus-thunb-matsum-et-nakai\/\",\"name\":\"Arbuus Zloto wolicy H - Citrullus lanatus Thunb. Matsum.\",\"isPartOf\":{\"@id\":\"https:\/\/horticom.ee\/e-pood\/#website\"},\"primaryImageOfPage\":{\"@id\":\"https:\/\/horticom.ee\/e-pood\/toode\/arbuus-zloto-wolicy-h-citrullus-lanatus-thunb-matsum-et-nakai\/#primaryimage\"},\"image\":{\"@id\":\"https:\/\/horticom.ee\/e-pood\/toode\/arbuus-zloto-wolicy-h-citrullus-lanatus-thunb-matsum-et-nakai\/#primaryimage\"},\"thumbnailUrl\":\"https:\/\/horticom.ee\/e-pood\/wp-content\/uploads\/importedmedia\/product-1938943_0-L0304.jpg\",\"datePublished\":\"2023-09-27T13:00:47+00:00\",\"dateModified\":\"2026-04-24T00:08:10+00:00\",\"description\":\"Arbuus Zloto Wolicy H \u2013 Kollase koore ja punase viljalihaga arbuus. Magus ja mahlane, kaalub kuni 6 kg. Varajane ja haiguskindel sort.\",\"breadcrumb\":{\"@id\":\"https:\/\/horticom.ee\/e-pood\/toode\/arbuus-zloto-wolicy-h-citrullus-lanatus-thunb-matsum-et-nakai\/#breadcrumb\"},\"inLanguage\":\"ru-RU\",\"potentialAction\":[{\"@type\":\"ReadAction\",\"target\":[\"https:\/\/horticom.ee\/e-pood\/toode\/arbuus-zloto-wolicy-h-citrullus-lanatus-thunb-matsum-et-nakai\/\"]}]},{\"@type\":\"ImageObject\",\"inLanguage\":\"ru-RU\",\"@id\":\"https:\/\/horticom.ee\/e-pood\/toode\/arbuus-zloto-wolicy-h-citrullus-lanatus-thunb-matsum-et-nakai\/#primaryimage\",\"url\":\"https:\/\/horticom.ee\/e-pood\/wp-content\/uploads\/importedmedia\/product-1938943_0-L0304.jpg\",\"contentUrl\":\"https:\/\/horticom.ee\/e-pood\/wp-content\/uploads\/importedmedia\/product-1938943_0-L0304.jpg\",\"width\":999,\"height\":1755,\"caption\":\"Arbuus Zloto wolicy H - Citrullus lanatus Thunb. Matsum. et Nakai\"},{\"@type\":\"BreadcrumbList\",\"@id\":\"https:\/\/horticom.ee\/e-pood\/toode\/arbuus-zloto-wolicy-h-citrullus-lanatus-thunb-matsum-et-nakai\/#breadcrumb\",\"itemListElement\":[{\"@type\":\"ListItem\",\"position\":1,\"name\":\"Home\",\"item\":\"https:\/\/horticom.ee\/e-pood\/\"},{\"@type\":\"ListItem\",\"position\":2,\"name\":\"Pood\",\"item\":\"https:\/\/horticom.ee\/e-pood\/pood\/\"},{\"@type\":\"ListItem\",\"position\":3,\"name\":\"Arbuus Zloto wolicy H &#8211; Citrullus lanatus Thunb. Matsum. et Nakai\"}]},{\"@type\":\"WebSite\",\"@id\":\"https:\/\/horticom.ee\/e-pood\/#website\",\"url\":\"https:\/\/horticom.ee\/e-pood\/\",\"name\":\"Horticom.ee\",\"description\":\"Aianduskaubad ja kodukaubad nii harrastajatele kui professionaalidele\",\"potentialAction\":[{\"@type\":\"SearchAction\",\"target\":{\"@type\":\"EntryPoint\",\"urlTemplate\":\"https:\/\/horticom.ee\/e-pood\/?s={search_term_string}\"},\"query-input\":{\"@type\":\"PropertyValueSpecification\",\"valueRequired\":true,\"valueName\":\"search_term_string\"}}],\"inLanguage\":\"ru-RU\"}]}<\/script>\n<!-- \/ Yoast SEO plugin. -->","yoast_head_json":{"title":"Arbuus Zloto wolicy H - Citrullus lanatus Thunb. Matsum.","description":"Arbuus Zloto Wolicy H \u2013 Kollase koore ja punase viljalihaga arbuus. Magus ja mahlane, kaalub kuni 6 kg. Varajane ja haiguskindel sort.","robots":{"index":"index","follow":"follow","max-snippet":"max-snippet:-1","max-image-preview":"max-image-preview:large","max-video-preview":"max-video-preview:-1"},"canonical":"https:\/\/horticom.ee\/e-pood\/toode\/arbuus-zloto-wolicy-h-citrullus-lanatus-thunb-matsum-et-nakai\/","og_locale":"ru_RU","og_type":"article","og_title":"Arbuus Zloto wolicy H - Citrullus lanatus Thunb. Matsum.","og_description":"Arbuus Zloto Wolicy H \u2013 Kollase koore ja punase viljalihaga arbuus. Magus ja mahlane, kaalub kuni 6 kg. Varajane ja haiguskindel sort.","og_url":"https:\/\/horticom.ee\/e-pood\/toode\/arbuus-zloto-wolicy-h-citrullus-lanatus-thunb-matsum-et-nakai\/","og_site_name":"Horticom.ee","article_publisher":"https:\/\/www.facebook.com\/horticom.ee\/e-pood","article_modified_time":"2026-04-24T00:08:10+00:00","og_image":[{"width":999,"height":1755,"url":"https:\/\/horticom.ee\/e-pood\/wp-content\/uploads\/importedmedia\/product-1938943_0-L0304.jpg","type":"image\/jpeg"}],"twitter_card":"summary_large_image","schema":{"@context":"https:\/\/schema.org","@graph":[{"@type":"WebPage","@id":"https:\/\/horticom.ee\/e-pood\/toode\/arbuus-zloto-wolicy-h-citrullus-lanatus-thunb-matsum-et-nakai\/","url":"https:\/\/horticom.ee\/e-pood\/toode\/arbuus-zloto-wolicy-h-citrullus-lanatus-thunb-matsum-et-nakai\/","name":"Arbuus Zloto wolicy H - Citrullus lanatus Thunb. Matsum.","isPartOf":{"@id":"https:\/\/horticom.ee\/e-pood\/#website"},"primaryImageOfPage":{"@id":"https:\/\/horticom.ee\/e-pood\/toode\/arbuus-zloto-wolicy-h-citrullus-lanatus-thunb-matsum-et-nakai\/#primaryimage"},"image":{"@id":"https:\/\/horticom.ee\/e-pood\/toode\/arbuus-zloto-wolicy-h-citrullus-lanatus-thunb-matsum-et-nakai\/#primaryimage"},"thumbnailUrl":"https:\/\/horticom.ee\/e-pood\/wp-content\/uploads\/importedmedia\/product-1938943_0-L0304.jpg","datePublished":"2023-09-27T13:00:47+00:00","dateModified":"2026-04-24T00:08:10+00:00","description":"Arbuus Zloto Wolicy H \u2013 Kollase koore ja punase viljalihaga arbuus. Magus ja mahlane, kaalub kuni 6 kg. Varajane ja haiguskindel sort.","breadcrumb":{"@id":"https:\/\/horticom.ee\/e-pood\/toode\/arbuus-zloto-wolicy-h-citrullus-lanatus-thunb-matsum-et-nakai\/#breadcrumb"},"inLanguage":"ru-RU","potentialAction":[{"@type":"ReadAction","target":["https:\/\/horticom.ee\/e-pood\/toode\/arbuus-zloto-wolicy-h-citrullus-lanatus-thunb-matsum-et-nakai\/"]}]},{"@type":"ImageObject","inLanguage":"ru-RU","@id":"https:\/\/horticom.ee\/e-pood\/toode\/arbuus-zloto-wolicy-h-citrullus-lanatus-thunb-matsum-et-nakai\/#primaryimage","url":"https:\/\/horticom.ee\/e-pood\/wp-content\/uploads\/importedmedia\/product-1938943_0-L0304.jpg","contentUrl":"https:\/\/horticom.ee\/e-pood\/wp-content\/uploads\/importedmedia\/product-1938943_0-L0304.jpg","width":999,"height":1755,"caption":"Arbuus Zloto wolicy H - Citrullus lanatus Thunb. Matsum. et Nakai"},{"@type":"BreadcrumbList","@id":"https:\/\/horticom.ee\/e-pood\/toode\/arbuus-zloto-wolicy-h-citrullus-lanatus-thunb-matsum-et-nakai\/#breadcrumb","itemListElement":[{"@type":"ListItem","position":1,"name":"Home","item":"https:\/\/horticom.ee\/e-pood\/"},{"@type":"ListItem","position":2,"name":"Pood","item":"https:\/\/horticom.ee\/e-pood\/pood\/"},{"@type":"ListItem","position":3,"name":"Arbuus Zloto wolicy H &#8211; Citrullus lanatus Thunb. Matsum. et Nakai"}]},{"@type":"WebSite","@id":"https:\/\/horticom.ee\/e-pood\/#website","url":"https:\/\/horticom.ee\/e-pood\/","name":"Horticom.ee","description":"Aianduskaubad ja kodukaubad nii harrastajatele kui professionaalidele","potentialAction":[{"@type":"SearchAction","target":{"@type":"EntryPoint","urlTemplate":"https:\/\/horticom.ee\/e-pood\/?s={search_term_string}"},"query-input":{"@type":"PropertyValueSpecification","valueRequired":true,"valueName":"search_term_string"}}],"inLanguage":"ru-RU"}]}},"_links":{"self":[{"href":"https:\/\/horticom.ee\/e-pood\/ru\/wp-json\/wp\/v2\/product\/1938943","targetHints":{"allow":["GET"]}}],"collection":[{"href":"https:\/\/horticom.ee\/e-pood\/ru\/wp-json\/wp\/v2\/product"}],"about":[{"href":"https:\/\/horticom.ee\/e-pood\/ru\/wp-json\/wp\/v2\/types\/product"}],"replies":[{"embeddable":true,"href":"https:\/\/horticom.ee\/e-pood\/ru\/wp-json\/wp\/v2\/comments?post=1938943"}],"wp:featuredmedia":[{"embeddable":true,"href":"https:\/\/horticom.ee\/e-pood\/ru\/wp-json\/wp\/v2\/media\/1939295"}],"wp:attachment":[{"href":"https:\/\/horticom.ee\/e-pood\/ru\/wp-json\/wp\/v2\/media?parent=1938943"}],"wp:term":[{"taxonomy":"product_cat","embeddable":true,"href":"https:\/\/horticom.ee\/e-pood\/ru\/wp-json\/wp\/v2\/product_cat?post=1938943"},{"taxonomy":"product_tag","embeddable":true,"href":"https:\/\/horticom.ee\/e-pood\/ru\/wp-json\/wp\/v2\/product_tag?post=1938943"}],"curies":[{"name":"wp","href":"https:\/\/api.w.org\/{rel}","templated":true}]}}