{"id":1939785,"date":"2023-09-28T03:00:38","date_gmt":"2023-09-28T00:00:38","guid":{"rendered":"https:\/\/horticom.ee\/e-pood\/toode\/kurk-charlotte-h-cucumis-sativus-l\/"},"modified":"2026-04-27T03:16:35","modified_gmt":"2026-04-27T00:16:35","slug":"kurk-charlotte-h-cucumis-sativus-l","status":"publish","type":"product","link":"https:\/\/horticom.ee\/e-pood\/ru\/toode\/kurk-charlotte-h-cucumis-sativus-l\/","title":{"rendered":"Kurk Charlotte H &#8211; Cucumis sativus L."},"content":{"rendered":"<p>Kurk Charlotte H on v\u00e4ga varajane v\u00e4ikeste ogadega h\u00fcbriid, hea viljade moodustumise v\u00f5imega. H\u00fcbriid on mesilastega tolmlev. Moodustab taimele 3-4 v\u00e4ikest, sileda nahaga, mitte kibedat kurki. H\u00fcbriid vastupidav kurk mosaic viirusele lehtedel, keskmiselt vastupidav ebajahukastele. Kurke v\u00f5ib kasvatada p\u00f5llul ja kile all kaitstuna. See v\u00f5ib kasvada toetades. Kasutatav v\u00e4rskena, v\u00f5imalik s\u00e4ilitada ja konserveerida.<\/p>\n","protected":false},"excerpt":{"rendered":"<p>Kurk Charlotte H on v\u00e4ga varajane v\u00e4ikeste ogadega h\u00fcbriid, hea viljade moodustumise v\u00f5imega. H\u00fcbriid on mesilastega tolmlev. Moodustab taimele 3-4 v\u00e4ikest, sileda nahaga, mitte kibedat kurki. H\u00fcbriid vastupidav kurk mosaic viirusele lehtedel, keskmiselt vastupidav ebajahukastele. Kurke v\u00f5ib kasvatada p\u00f5llul ja kile all kaitstuna. See v\u00f5ib kasvada toetades. Kasutatav v\u00e4rskena, v\u00f5imalik s\u00e4ilitada ja konserveerida.<\/p>\n","protected":false},"featured_media":1940533,"comment_status":"closed","ping_status":"closed","template":"","meta":{"_themeisle_gutenberg_block_has_review":false},"product_cat":[13493],"product_tag":[],"class_list":{"0":"post-1939785","1":"product","2":"type-product","3":"status-publish","4":"has-post-thumbnail","6":"product_cat-kurk","8":"first","9":"instock","10":"shipping-taxable","11":"purchasable","12":"product-type-simple"},"yoast_head":"<!-- This site is optimized with the Yoast SEO plugin v24.0 - https:\/\/yoast.com\/wordpress\/plugins\/seo\/ -->\n<title>Kurk Charlotte H - Cucumis sativus L. - Horticom.ee<\/title>\n<meta name=\"description\" content=\"Kurk Charlotte H on varajane mesilastega tolmlev h\u00fcbriid, v\u00e4ikeste ogadega ja magusa maitsega kurgid. Sobib v\u00e4rskeks tarbimiseks ja konserveerimiseks.\" \/>\n<meta name=\"robots\" content=\"index, follow, max-snippet:-1, max-image-preview:large, max-video-preview:-1\" \/>\n<link rel=\"canonical\" href=\"https:\/\/horticom.ee\/e-pood\/toode\/kurk-charlotte-h-cucumis-sativus-l\/\" \/>\n<meta property=\"og:locale\" content=\"ru_RU\" \/>\n<meta property=\"og:type\" content=\"article\" \/>\n<meta property=\"og:title\" content=\"Kurk Charlotte H - Cucumis sativus L. - Horticom.ee\" \/>\n<meta property=\"og:description\" content=\"Kurk Charlotte H on varajane mesilastega tolmlev h\u00fcbriid, v\u00e4ikeste ogadega ja magusa maitsega kurgid. Sobib v\u00e4rskeks tarbimiseks ja konserveerimiseks.\" \/>\n<meta property=\"og:url\" content=\"https:\/\/horticom.ee\/e-pood\/toode\/kurk-charlotte-h-cucumis-sativus-l\/\" \/>\n<meta property=\"og:site_name\" content=\"Horticom.ee\" \/>\n<meta property=\"article:publisher\" content=\"https:\/\/www.facebook.com\/horticom.ee\/e-pood\" \/>\n<meta property=\"article:modified_time\" content=\"2026-04-27T00:16:35+00:00\" \/>\n<meta property=\"og:image\" content=\"https:\/\/horticom.ee\/e-pood\/wp-content\/uploads\/importedmedia\/product-1939785_0-L10151.jpg\" \/>\n\t<meta property=\"og:image:width\" content=\"1000\" \/>\n\t<meta property=\"og:image:height\" content=\"1752\" \/>\n\t<meta property=\"og:image:type\" content=\"image\/jpeg\" \/>\n<meta name=\"twitter:card\" content=\"summary_large_image\" \/>\n<script type=\"application\/ld+json\" class=\"yoast-schema-graph\">{\"@context\":\"https:\/\/schema.org\",\"@graph\":[{\"@type\":\"WebPage\",\"@id\":\"https:\/\/horticom.ee\/e-pood\/toode\/kurk-charlotte-h-cucumis-sativus-l\/\",\"url\":\"https:\/\/horticom.ee\/e-pood\/toode\/kurk-charlotte-h-cucumis-sativus-l\/\",\"name\":\"Kurk Charlotte H - Cucumis sativus L. - Horticom.ee\",\"isPartOf\":{\"@id\":\"https:\/\/horticom.ee\/e-pood\/#website\"},\"primaryImageOfPage\":{\"@id\":\"https:\/\/horticom.ee\/e-pood\/toode\/kurk-charlotte-h-cucumis-sativus-l\/#primaryimage\"},\"image\":{\"@id\":\"https:\/\/horticom.ee\/e-pood\/toode\/kurk-charlotte-h-cucumis-sativus-l\/#primaryimage\"},\"thumbnailUrl\":\"https:\/\/horticom.ee\/e-pood\/wp-content\/uploads\/importedmedia\/product-1939785_0-L10151.jpg\",\"datePublished\":\"2023-09-28T00:00:38+00:00\",\"dateModified\":\"2026-04-27T00:16:35+00:00\",\"description\":\"Kurk Charlotte H on varajane mesilastega tolmlev h\u00fcbriid, v\u00e4ikeste ogadega ja magusa maitsega kurgid. Sobib v\u00e4rskeks tarbimiseks ja konserveerimiseks.\",\"breadcrumb\":{\"@id\":\"https:\/\/horticom.ee\/e-pood\/toode\/kurk-charlotte-h-cucumis-sativus-l\/#breadcrumb\"},\"inLanguage\":\"ru-RU\",\"potentialAction\":[{\"@type\":\"ReadAction\",\"target\":[\"https:\/\/horticom.ee\/e-pood\/toode\/kurk-charlotte-h-cucumis-sativus-l\/\"]}]},{\"@type\":\"ImageObject\",\"inLanguage\":\"ru-RU\",\"@id\":\"https:\/\/horticom.ee\/e-pood\/toode\/kurk-charlotte-h-cucumis-sativus-l\/#primaryimage\",\"url\":\"https:\/\/horticom.ee\/e-pood\/wp-content\/uploads\/importedmedia\/product-1939785_0-L10151.jpg\",\"contentUrl\":\"https:\/\/horticom.ee\/e-pood\/wp-content\/uploads\/importedmedia\/product-1939785_0-L10151.jpg\",\"width\":1000,\"height\":1752,\"caption\":\"Kurk Charlotte H - Cucumis sativus L.\"},{\"@type\":\"BreadcrumbList\",\"@id\":\"https:\/\/horticom.ee\/e-pood\/toode\/kurk-charlotte-h-cucumis-sativus-l\/#breadcrumb\",\"itemListElement\":[{\"@type\":\"ListItem\",\"position\":1,\"name\":\"Home\",\"item\":\"https:\/\/horticom.ee\/e-pood\/\"},{\"@type\":\"ListItem\",\"position\":2,\"name\":\"Pood\",\"item\":\"https:\/\/horticom.ee\/e-pood\/pood\/\"},{\"@type\":\"ListItem\",\"position\":3,\"name\":\"Kurk Charlotte H &#8211; Cucumis sativus L.\"}]},{\"@type\":\"WebSite\",\"@id\":\"https:\/\/horticom.ee\/e-pood\/#website\",\"url\":\"https:\/\/horticom.ee\/e-pood\/\",\"name\":\"Horticom.ee\",\"description\":\"Aianduskaubad ja kodukaubad nii harrastajatele kui professionaalidele\",\"potentialAction\":[{\"@type\":\"SearchAction\",\"target\":{\"@type\":\"EntryPoint\",\"urlTemplate\":\"https:\/\/horticom.ee\/e-pood\/?s={search_term_string}\"},\"query-input\":{\"@type\":\"PropertyValueSpecification\",\"valueRequired\":true,\"valueName\":\"search_term_string\"}}],\"inLanguage\":\"ru-RU\"}]}<\/script>\n<!-- \/ Yoast SEO plugin. -->","yoast_head_json":{"title":"Kurk Charlotte H - Cucumis sativus L. - Horticom.ee","description":"Kurk Charlotte H on varajane mesilastega tolmlev h\u00fcbriid, v\u00e4ikeste ogadega ja magusa maitsega kurgid. Sobib v\u00e4rskeks tarbimiseks ja konserveerimiseks.","robots":{"index":"index","follow":"follow","max-snippet":"max-snippet:-1","max-image-preview":"max-image-preview:large","max-video-preview":"max-video-preview:-1"},"canonical":"https:\/\/horticom.ee\/e-pood\/toode\/kurk-charlotte-h-cucumis-sativus-l\/","og_locale":"ru_RU","og_type":"article","og_title":"Kurk Charlotte H - Cucumis sativus L. - Horticom.ee","og_description":"Kurk Charlotte H on varajane mesilastega tolmlev h\u00fcbriid, v\u00e4ikeste ogadega ja magusa maitsega kurgid. Sobib v\u00e4rskeks tarbimiseks ja konserveerimiseks.","og_url":"https:\/\/horticom.ee\/e-pood\/toode\/kurk-charlotte-h-cucumis-sativus-l\/","og_site_name":"Horticom.ee","article_publisher":"https:\/\/www.facebook.com\/horticom.ee\/e-pood","article_modified_time":"2026-04-27T00:16:35+00:00","og_image":[{"width":1000,"height":1752,"url":"https:\/\/horticom.ee\/e-pood\/wp-content\/uploads\/importedmedia\/product-1939785_0-L10151.jpg","type":"image\/jpeg"}],"twitter_card":"summary_large_image","schema":{"@context":"https:\/\/schema.org","@graph":[{"@type":"WebPage","@id":"https:\/\/horticom.ee\/e-pood\/toode\/kurk-charlotte-h-cucumis-sativus-l\/","url":"https:\/\/horticom.ee\/e-pood\/toode\/kurk-charlotte-h-cucumis-sativus-l\/","name":"Kurk Charlotte H - Cucumis sativus L. - Horticom.ee","isPartOf":{"@id":"https:\/\/horticom.ee\/e-pood\/#website"},"primaryImageOfPage":{"@id":"https:\/\/horticom.ee\/e-pood\/toode\/kurk-charlotte-h-cucumis-sativus-l\/#primaryimage"},"image":{"@id":"https:\/\/horticom.ee\/e-pood\/toode\/kurk-charlotte-h-cucumis-sativus-l\/#primaryimage"},"thumbnailUrl":"https:\/\/horticom.ee\/e-pood\/wp-content\/uploads\/importedmedia\/product-1939785_0-L10151.jpg","datePublished":"2023-09-28T00:00:38+00:00","dateModified":"2026-04-27T00:16:35+00:00","description":"Kurk Charlotte H on varajane mesilastega tolmlev h\u00fcbriid, v\u00e4ikeste ogadega ja magusa maitsega kurgid. Sobib v\u00e4rskeks tarbimiseks ja konserveerimiseks.","breadcrumb":{"@id":"https:\/\/horticom.ee\/e-pood\/toode\/kurk-charlotte-h-cucumis-sativus-l\/#breadcrumb"},"inLanguage":"ru-RU","potentialAction":[{"@type":"ReadAction","target":["https:\/\/horticom.ee\/e-pood\/toode\/kurk-charlotte-h-cucumis-sativus-l\/"]}]},{"@type":"ImageObject","inLanguage":"ru-RU","@id":"https:\/\/horticom.ee\/e-pood\/toode\/kurk-charlotte-h-cucumis-sativus-l\/#primaryimage","url":"https:\/\/horticom.ee\/e-pood\/wp-content\/uploads\/importedmedia\/product-1939785_0-L10151.jpg","contentUrl":"https:\/\/horticom.ee\/e-pood\/wp-content\/uploads\/importedmedia\/product-1939785_0-L10151.jpg","width":1000,"height":1752,"caption":"Kurk Charlotte H - Cucumis sativus L."},{"@type":"BreadcrumbList","@id":"https:\/\/horticom.ee\/e-pood\/toode\/kurk-charlotte-h-cucumis-sativus-l\/#breadcrumb","itemListElement":[{"@type":"ListItem","position":1,"name":"Home","item":"https:\/\/horticom.ee\/e-pood\/"},{"@type":"ListItem","position":2,"name":"Pood","item":"https:\/\/horticom.ee\/e-pood\/pood\/"},{"@type":"ListItem","position":3,"name":"Kurk Charlotte H &#8211; Cucumis sativus L."}]},{"@type":"WebSite","@id":"https:\/\/horticom.ee\/e-pood\/#website","url":"https:\/\/horticom.ee\/e-pood\/","name":"Horticom.ee","description":"Aianduskaubad ja kodukaubad nii harrastajatele kui professionaalidele","potentialAction":[{"@type":"SearchAction","target":{"@type":"EntryPoint","urlTemplate":"https:\/\/horticom.ee\/e-pood\/?s={search_term_string}"},"query-input":{"@type":"PropertyValueSpecification","valueRequired":true,"valueName":"search_term_string"}}],"inLanguage":"ru-RU"}]}},"_links":{"self":[{"href":"https:\/\/horticom.ee\/e-pood\/ru\/wp-json\/wp\/v2\/product\/1939785","targetHints":{"allow":["GET"]}}],"collection":[{"href":"https:\/\/horticom.ee\/e-pood\/ru\/wp-json\/wp\/v2\/product"}],"about":[{"href":"https:\/\/horticom.ee\/e-pood\/ru\/wp-json\/wp\/v2\/types\/product"}],"replies":[{"embeddable":true,"href":"https:\/\/horticom.ee\/e-pood\/ru\/wp-json\/wp\/v2\/comments?post=1939785"}],"wp:featuredmedia":[{"embeddable":true,"href":"https:\/\/horticom.ee\/e-pood\/ru\/wp-json\/wp\/v2\/media\/1940533"}],"wp:attachment":[{"href":"https:\/\/horticom.ee\/e-pood\/ru\/wp-json\/wp\/v2\/media?parent=1939785"}],"wp:term":[{"taxonomy":"product_cat","embeddable":true,"href":"https:\/\/horticom.ee\/e-pood\/ru\/wp-json\/wp\/v2\/product_cat?post=1939785"},{"taxonomy":"product_tag","embeddable":true,"href":"https:\/\/horticom.ee\/e-pood\/ru\/wp-json\/wp\/v2\/product_tag?post=1939785"}],"curies":[{"name":"wp","href":"https:\/\/api.w.org\/{rel}","templated":true}]}}