{"id":1961174,"date":"2023-10-26T03:00:46","date_gmt":"2023-10-26T00:00:46","guid":{"rendered":"https:\/\/horticom.ee\/e-pood\/toode\/kuunal-rustik-30h-d-70-x-80mm-hall\/"},"modified":"2026-04-29T03:08:54","modified_gmt":"2026-04-29T00:08:54","slug":"kuunal-rustik-30h-d-70-x-80mm-hall","status":"publish","type":"product","link":"https:\/\/horticom.ee\/e-pood\/ru\/toode\/kuunal-rustik-30h-d-70-x-80mm-hall\/","title":{"rendered":"K\u00fc\u00fcnal Rustik 30h d 70 x 80mm hall"},"content":{"rendered":"<p>K\u00fc\u00fcnal Rustik on k\u00e4sitsi valatud l\u00f5hnatu k\u00fc\u00fcnal on l\u00e4binisti v\u00e4rviline, kergelt kriibitud pinnaga ja mustrilt varieeruv. K\u00fc\u00fcnal ei tilgu ning selle taht ei ulatu vaha p\u00f5hja ja t\u00e4nu sellele k\u00fc\u00fcnal kustub enne l\u00f5puni p\u00f5lemist. Valmistatud 100% parafiinist. Kvaliteetsed k\u00fc\u00fcnlad firmalt, kellel on 150+ aastat kogemust valmistamaks parimatest saadaolevatest koostisosadest h\u00e4sti p\u00f5levaid k\u00fc\u00fcnlaid, mis ei saasta \u00f5hku ega ole tervisele ohtlikud.<\/p>\n","protected":false},"excerpt":{"rendered":"<p>K\u00fc\u00fcnal Rustik on k\u00e4sitsi valatud l\u00f5hnatu k\u00fc\u00fcnal on l\u00e4binisti v\u00e4rviline, kergelt kriibitud pinnaga ja mustrilt varieeruv. K\u00fc\u00fcnal ei tilgu ning selle taht ei ulatu vaha p\u00f5hja ja t\u00e4nu sellele k\u00fc\u00fcnal kustub enne l\u00f5puni p\u00f5lemist. Valmistatud 100% parafiinist. Kvaliteetsed k\u00fc\u00fcnlad firmalt, kellel on 150+ aastat kogemust valmistamaks parimatest saadaolevatest koostisosadest h\u00e4sti p\u00f5levaid k\u00fc\u00fcnlaid, mis ei saasta [&hellip;]<\/p>\n","protected":false},"featured_media":1961880,"comment_status":"closed","ping_status":"closed","template":"","meta":{"_themeisle_gutenberg_block_has_review":false},"product_cat":[18563,13451],"product_tag":[],"class_list":{"0":"post-1961174","1":"product","2":"type-product","3":"status-publish","4":"has-post-thumbnail","6":"product_cat-lopumuugitooted","7":"product_cat-rustik-kuunlad","9":"first","10":"instock","11":"sale","12":"shipping-taxable","13":"purchasable","14":"product-type-simple"},"yoast_head":"<!-- This site is optimized with the Yoast SEO plugin v24.0 - https:\/\/yoast.com\/wordpress\/plugins\/seo\/ -->\n<title>K\u00fc\u00fcnal Rustik 30h d 70 x 80mm hall - Horticom.ee\/e-pood<\/title>\n<meta name=\"description\" content=\"K\u00fc\u00fcnal Rustik \u2013 k\u00e4sitsi valmistatud k\u00fc\u00fcnal, mille taht ei ulatu p\u00f5hjani. Ei tilgu ja kustub enne t\u00e4ielikku p\u00f5lemist.\" \/>\n<meta name=\"robots\" content=\"index, follow, max-snippet:-1, max-image-preview:large, max-video-preview:-1\" \/>\n<link rel=\"canonical\" href=\"https:\/\/horticom.ee\/e-pood\/toode\/kuunal-rustik-30h-d-70-x-80mm-hall\/\" \/>\n<meta property=\"og:locale\" content=\"ru_RU\" \/>\n<meta property=\"og:type\" content=\"article\" \/>\n<meta property=\"og:title\" content=\"K\u00fc\u00fcnal Rustik 30h d 70 x 80mm hall - Horticom.ee\/e-pood\" \/>\n<meta property=\"og:description\" content=\"K\u00fc\u00fcnal Rustik \u2013 k\u00e4sitsi valmistatud k\u00fc\u00fcnal, mille taht ei ulatu p\u00f5hjani. Ei tilgu ja kustub enne t\u00e4ielikku p\u00f5lemist.\" \/>\n<meta property=\"og:url\" content=\"https:\/\/horticom.ee\/e-pood\/toode\/kuunal-rustik-30h-d-70-x-80mm-hall\/\" \/>\n<meta property=\"og:site_name\" content=\"Horticom.ee\" \/>\n<meta property=\"article:publisher\" content=\"https:\/\/www.facebook.com\/horticom.ee\/e-pood\" \/>\n<meta property=\"article:modified_time\" content=\"2026-04-29T00:08:54+00:00\" \/>\n<meta property=\"og:image\" content=\"https:\/\/horticom.ee\/e-pood\/wp-content\/uploads\/importedmedia\/product-1961174_0-690195_604.jpg\" \/>\n\t<meta property=\"og:image:width\" content=\"999\" \/>\n\t<meta property=\"og:image:height\" content=\"1250\" \/>\n\t<meta property=\"og:image:type\" content=\"image\/jpeg\" \/>\n<meta name=\"twitter:card\" content=\"summary_large_image\" \/>\n<script type=\"application\/ld+json\" class=\"yoast-schema-graph\">{\"@context\":\"https:\/\/schema.org\",\"@graph\":[{\"@type\":\"WebPage\",\"@id\":\"https:\/\/horticom.ee\/e-pood\/toode\/kuunal-rustik-30h-d-70-x-80mm-hall\/\",\"url\":\"https:\/\/horticom.ee\/e-pood\/toode\/kuunal-rustik-30h-d-70-x-80mm-hall\/\",\"name\":\"K\u00fc\u00fcnal Rustik 30h d 70 x 80mm hall - Horticom.ee\/e-pood\",\"isPartOf\":{\"@id\":\"https:\/\/horticom.ee\/e-pood\/#website\"},\"primaryImageOfPage\":{\"@id\":\"https:\/\/horticom.ee\/e-pood\/toode\/kuunal-rustik-30h-d-70-x-80mm-hall\/#primaryimage\"},\"image\":{\"@id\":\"https:\/\/horticom.ee\/e-pood\/toode\/kuunal-rustik-30h-d-70-x-80mm-hall\/#primaryimage\"},\"thumbnailUrl\":\"https:\/\/horticom.ee\/e-pood\/wp-content\/uploads\/importedmedia\/product-1961174_0-690195_604.jpg\",\"datePublished\":\"2023-10-26T00:00:46+00:00\",\"dateModified\":\"2026-04-29T00:08:54+00:00\",\"description\":\"K\u00fc\u00fcnal Rustik \u2013 k\u00e4sitsi valmistatud k\u00fc\u00fcnal, mille taht ei ulatu p\u00f5hjani. Ei tilgu ja kustub enne t\u00e4ielikku p\u00f5lemist.\",\"breadcrumb\":{\"@id\":\"https:\/\/horticom.ee\/e-pood\/toode\/kuunal-rustik-30h-d-70-x-80mm-hall\/#breadcrumb\"},\"inLanguage\":\"ru-RU\",\"potentialAction\":[{\"@type\":\"ReadAction\",\"target\":[\"https:\/\/horticom.ee\/e-pood\/toode\/kuunal-rustik-30h-d-70-x-80mm-hall\/\"]}]},{\"@type\":\"ImageObject\",\"inLanguage\":\"ru-RU\",\"@id\":\"https:\/\/horticom.ee\/e-pood\/toode\/kuunal-rustik-30h-d-70-x-80mm-hall\/#primaryimage\",\"url\":\"https:\/\/horticom.ee\/e-pood\/wp-content\/uploads\/importedmedia\/product-1961174_0-690195_604.jpg\",\"contentUrl\":\"https:\/\/horticom.ee\/e-pood\/wp-content\/uploads\/importedmedia\/product-1961174_0-690195_604.jpg\",\"width\":999,\"height\":1250,\"caption\":\"K\u00fc\u00fcnal Rustik 30h d 70 x 80mm hall\"},{\"@type\":\"BreadcrumbList\",\"@id\":\"https:\/\/horticom.ee\/e-pood\/toode\/kuunal-rustik-30h-d-70-x-80mm-hall\/#breadcrumb\",\"itemListElement\":[{\"@type\":\"ListItem\",\"position\":1,\"name\":\"Home\",\"item\":\"https:\/\/horticom.ee\/e-pood\/\"},{\"@type\":\"ListItem\",\"position\":2,\"name\":\"Pood\",\"item\":\"https:\/\/horticom.ee\/e-pood\/pood\/\"},{\"@type\":\"ListItem\",\"position\":3,\"name\":\"K\u00fc\u00fcnal Rustik 30h d 70 x 80mm hall\"}]},{\"@type\":\"WebSite\",\"@id\":\"https:\/\/horticom.ee\/e-pood\/#website\",\"url\":\"https:\/\/horticom.ee\/e-pood\/\",\"name\":\"Horticom.ee\",\"description\":\"Aianduskaubad ja kodukaubad nii harrastajatele kui professionaalidele\",\"potentialAction\":[{\"@type\":\"SearchAction\",\"target\":{\"@type\":\"EntryPoint\",\"urlTemplate\":\"https:\/\/horticom.ee\/e-pood\/?s={search_term_string}\"},\"query-input\":{\"@type\":\"PropertyValueSpecification\",\"valueRequired\":true,\"valueName\":\"search_term_string\"}}],\"inLanguage\":\"ru-RU\"}]}<\/script>\n<!-- \/ Yoast SEO plugin. -->","yoast_head_json":{"title":"K\u00fc\u00fcnal Rustik 30h d 70 x 80mm hall - Horticom.ee\/e-pood","description":"K\u00fc\u00fcnal Rustik \u2013 k\u00e4sitsi valmistatud k\u00fc\u00fcnal, mille taht ei ulatu p\u00f5hjani. Ei tilgu ja kustub enne t\u00e4ielikku p\u00f5lemist.","robots":{"index":"index","follow":"follow","max-snippet":"max-snippet:-1","max-image-preview":"max-image-preview:large","max-video-preview":"max-video-preview:-1"},"canonical":"https:\/\/horticom.ee\/e-pood\/toode\/kuunal-rustik-30h-d-70-x-80mm-hall\/","og_locale":"ru_RU","og_type":"article","og_title":"K\u00fc\u00fcnal Rustik 30h d 70 x 80mm hall - Horticom.ee\/e-pood","og_description":"K\u00fc\u00fcnal Rustik \u2013 k\u00e4sitsi valmistatud k\u00fc\u00fcnal, mille taht ei ulatu p\u00f5hjani. Ei tilgu ja kustub enne t\u00e4ielikku p\u00f5lemist.","og_url":"https:\/\/horticom.ee\/e-pood\/toode\/kuunal-rustik-30h-d-70-x-80mm-hall\/","og_site_name":"Horticom.ee","article_publisher":"https:\/\/www.facebook.com\/horticom.ee\/e-pood","article_modified_time":"2026-04-29T00:08:54+00:00","og_image":[{"width":999,"height":1250,"url":"https:\/\/horticom.ee\/e-pood\/wp-content\/uploads\/importedmedia\/product-1961174_0-690195_604.jpg","type":"image\/jpeg"}],"twitter_card":"summary_large_image","schema":{"@context":"https:\/\/schema.org","@graph":[{"@type":"WebPage","@id":"https:\/\/horticom.ee\/e-pood\/toode\/kuunal-rustik-30h-d-70-x-80mm-hall\/","url":"https:\/\/horticom.ee\/e-pood\/toode\/kuunal-rustik-30h-d-70-x-80mm-hall\/","name":"K\u00fc\u00fcnal Rustik 30h d 70 x 80mm hall - Horticom.ee\/e-pood","isPartOf":{"@id":"https:\/\/horticom.ee\/e-pood\/#website"},"primaryImageOfPage":{"@id":"https:\/\/horticom.ee\/e-pood\/toode\/kuunal-rustik-30h-d-70-x-80mm-hall\/#primaryimage"},"image":{"@id":"https:\/\/horticom.ee\/e-pood\/toode\/kuunal-rustik-30h-d-70-x-80mm-hall\/#primaryimage"},"thumbnailUrl":"https:\/\/horticom.ee\/e-pood\/wp-content\/uploads\/importedmedia\/product-1961174_0-690195_604.jpg","datePublished":"2023-10-26T00:00:46+00:00","dateModified":"2026-04-29T00:08:54+00:00","description":"K\u00fc\u00fcnal Rustik \u2013 k\u00e4sitsi valmistatud k\u00fc\u00fcnal, mille taht ei ulatu p\u00f5hjani. Ei tilgu ja kustub enne t\u00e4ielikku p\u00f5lemist.","breadcrumb":{"@id":"https:\/\/horticom.ee\/e-pood\/toode\/kuunal-rustik-30h-d-70-x-80mm-hall\/#breadcrumb"},"inLanguage":"ru-RU","potentialAction":[{"@type":"ReadAction","target":["https:\/\/horticom.ee\/e-pood\/toode\/kuunal-rustik-30h-d-70-x-80mm-hall\/"]}]},{"@type":"ImageObject","inLanguage":"ru-RU","@id":"https:\/\/horticom.ee\/e-pood\/toode\/kuunal-rustik-30h-d-70-x-80mm-hall\/#primaryimage","url":"https:\/\/horticom.ee\/e-pood\/wp-content\/uploads\/importedmedia\/product-1961174_0-690195_604.jpg","contentUrl":"https:\/\/horticom.ee\/e-pood\/wp-content\/uploads\/importedmedia\/product-1961174_0-690195_604.jpg","width":999,"height":1250,"caption":"K\u00fc\u00fcnal Rustik 30h d 70 x 80mm hall"},{"@type":"BreadcrumbList","@id":"https:\/\/horticom.ee\/e-pood\/toode\/kuunal-rustik-30h-d-70-x-80mm-hall\/#breadcrumb","itemListElement":[{"@type":"ListItem","position":1,"name":"Home","item":"https:\/\/horticom.ee\/e-pood\/"},{"@type":"ListItem","position":2,"name":"Pood","item":"https:\/\/horticom.ee\/e-pood\/pood\/"},{"@type":"ListItem","position":3,"name":"K\u00fc\u00fcnal Rustik 30h d 70 x 80mm hall"}]},{"@type":"WebSite","@id":"https:\/\/horticom.ee\/e-pood\/#website","url":"https:\/\/horticom.ee\/e-pood\/","name":"Horticom.ee","description":"Aianduskaubad ja kodukaubad nii harrastajatele kui professionaalidele","potentialAction":[{"@type":"SearchAction","target":{"@type":"EntryPoint","urlTemplate":"https:\/\/horticom.ee\/e-pood\/?s={search_term_string}"},"query-input":{"@type":"PropertyValueSpecification","valueRequired":true,"valueName":"search_term_string"}}],"inLanguage":"ru-RU"}]}},"_links":{"self":[{"href":"https:\/\/horticom.ee\/e-pood\/ru\/wp-json\/wp\/v2\/product\/1961174","targetHints":{"allow":["GET"]}}],"collection":[{"href":"https:\/\/horticom.ee\/e-pood\/ru\/wp-json\/wp\/v2\/product"}],"about":[{"href":"https:\/\/horticom.ee\/e-pood\/ru\/wp-json\/wp\/v2\/types\/product"}],"replies":[{"embeddable":true,"href":"https:\/\/horticom.ee\/e-pood\/ru\/wp-json\/wp\/v2\/comments?post=1961174"}],"wp:featuredmedia":[{"embeddable":true,"href":"https:\/\/horticom.ee\/e-pood\/ru\/wp-json\/wp\/v2\/media\/1961880"}],"wp:attachment":[{"href":"https:\/\/horticom.ee\/e-pood\/ru\/wp-json\/wp\/v2\/media?parent=1961174"}],"wp:term":[{"taxonomy":"product_cat","embeddable":true,"href":"https:\/\/horticom.ee\/e-pood\/ru\/wp-json\/wp\/v2\/product_cat?post=1961174"},{"taxonomy":"product_tag","embeddable":true,"href":"https:\/\/horticom.ee\/e-pood\/ru\/wp-json\/wp\/v2\/product_tag?post=1961174"}],"curies":[{"name":"wp","href":"https:\/\/api.w.org\/{rel}","templated":true}]}}