{"id":1961197,"date":"2023-10-26T14:00:48","date_gmt":"2023-10-26T11:00:48","guid":{"rendered":"https:\/\/horticom.ee\/e-pood\/toode\/olikuunal-50-55h-valge-8tk-pakis\/"},"modified":"2026-04-23T03:18:42","modified_gmt":"2026-04-23T00:18:42","slug":"olikuunal-50-55h-valge-8tk-pakis","status":"publish","type":"product","link":"https:\/\/horticom.ee\/e-pood\/ru\/toode\/olikuunal-50-55h-valge-8tk-pakis\/","title":{"rendered":"\u00d5lik\u00fc\u00fcnal 50-55h valge 8tk\/pakis"},"content":{"rendered":"<p>Pika p\u00f5lemisajaga \u00f5lik\u00fc\u00fcnal sobib ideaalselt kalmulaternatesse (h 9,5 cm). P\u00f5lemisaeg 50-55h. Pakis 8tk.<br \/>\nSobib p\u00f5letamiseks ainult v\u00e4listingimustes.<br \/>\nKoostis: parafiin + steariin<\/p>\n","protected":false},"excerpt":{"rendered":"<p>Pika p\u00f5lemisajaga \u00f5lik\u00fc\u00fcnal sobib ideaalselt kalmulaternatesse (h 9,5 cm). P\u00f5lemisaeg 50-55h. Pakis 8tk. Sobib p\u00f5letamiseks ainult v\u00e4listingimustes. Koostis: parafiin + steariin<\/p>\n","protected":false},"featured_media":2483470,"comment_status":"closed","ping_status":"closed","template":"","meta":{"_themeisle_gutenberg_block_has_review":false},"product_cat":[13447],"product_tag":[],"class_list":{"0":"post-1961197","1":"product","2":"type-product","3":"status-publish","4":"has-post-thumbnail","6":"product_cat-ouekuunlad","8":"first","9":"instock","10":"shipping-taxable","11":"purchasable","12":"product-type-simple"},"yoast_head":"<!-- This site is optimized with the Yoast SEO plugin v24.0 - https:\/\/yoast.com\/wordpress\/plugins\/seo\/ -->\n<title>\u00d5lik\u00fc\u00fcnal 50-55h valge 8tk\/pakis - Horticom<\/title>\n<meta name=\"robots\" content=\"index, follow, max-snippet:-1, max-image-preview:large, max-video-preview:-1\" \/>\n<link rel=\"canonical\" href=\"https:\/\/horticom.ee\/e-pood\/toode\/olikuunal-50-55h-valge-8tk-pakis\/\" \/>\n<meta property=\"og:locale\" content=\"ru_RU\" \/>\n<meta property=\"og:type\" content=\"article\" \/>\n<meta property=\"og:title\" content=\"\u00d5lik\u00fc\u00fcnal 50-55h valge 8tk\/pakis - Horticom\" \/>\n<meta property=\"og:description\" content=\"Pika p\u00f5lemisajaga \u00f5lik\u00fc\u00fcnal sobib ideaalselt kalmulaternatesse (h 9,5 cm). P\u00f5lemisaeg 50-55h. Pakis 8tk. Sobib p\u00f5letamiseks ainult v\u00e4listingimustes. Koostis: parafiin + steariin\" \/>\n<meta property=\"og:url\" content=\"https:\/\/horticom.ee\/e-pood\/toode\/olikuunal-50-55h-valge-8tk-pakis\/\" \/>\n<meta property=\"og:site_name\" content=\"Horticom.ee\" \/>\n<meta property=\"article:publisher\" content=\"https:\/\/www.facebook.com\/horticom.ee\/e-pood\" \/>\n<meta property=\"article:modified_time\" content=\"2026-04-23T00:18:42+00:00\" \/>\n<meta property=\"og:image\" content=\"https:\/\/horticom.ee\/e-pood\/wp-content\/uploads\/importedmedia\/product_1961197_0_695013.jpg\" \/>\n\t<meta property=\"og:image:width\" content=\"999\" \/>\n\t<meta property=\"og:image:height\" content=\"1256\" \/>\n\t<meta property=\"og:image:type\" content=\"image\/jpeg\" \/>\n<meta name=\"twitter:card\" content=\"summary_large_image\" \/>\n<script type=\"application\/ld+json\" class=\"yoast-schema-graph\">{\"@context\":\"https:\/\/schema.org\",\"@graph\":[{\"@type\":\"WebPage\",\"@id\":\"https:\/\/horticom.ee\/e-pood\/toode\/olikuunal-50-55h-valge-8tk-pakis\/\",\"url\":\"https:\/\/horticom.ee\/e-pood\/toode\/olikuunal-50-55h-valge-8tk-pakis\/\",\"name\":\"\u00d5lik\u00fc\u00fcnal 50-55h valge 8tk\/pakis - Horticom\",\"isPartOf\":{\"@id\":\"https:\/\/horticom.ee\/e-pood\/#website\"},\"primaryImageOfPage\":{\"@id\":\"https:\/\/horticom.ee\/e-pood\/toode\/olikuunal-50-55h-valge-8tk-pakis\/#primaryimage\"},\"image\":{\"@id\":\"https:\/\/horticom.ee\/e-pood\/toode\/olikuunal-50-55h-valge-8tk-pakis\/#primaryimage\"},\"thumbnailUrl\":\"https:\/\/horticom.ee\/e-pood\/wp-content\/uploads\/importedmedia\/product_1961197_0_695013.jpg\",\"datePublished\":\"2023-10-26T11:00:48+00:00\",\"dateModified\":\"2026-04-23T00:18:42+00:00\",\"breadcrumb\":{\"@id\":\"https:\/\/horticom.ee\/e-pood\/toode\/olikuunal-50-55h-valge-8tk-pakis\/#breadcrumb\"},\"inLanguage\":\"ru-RU\",\"potentialAction\":[{\"@type\":\"ReadAction\",\"target\":[\"https:\/\/horticom.ee\/e-pood\/toode\/olikuunal-50-55h-valge-8tk-pakis\/\"]}]},{\"@type\":\"ImageObject\",\"inLanguage\":\"ru-RU\",\"@id\":\"https:\/\/horticom.ee\/e-pood\/toode\/olikuunal-50-55h-valge-8tk-pakis\/#primaryimage\",\"url\":\"https:\/\/horticom.ee\/e-pood\/wp-content\/uploads\/importedmedia\/product_1961197_0_695013.jpg\",\"contentUrl\":\"https:\/\/horticom.ee\/e-pood\/wp-content\/uploads\/importedmedia\/product_1961197_0_695013.jpg\",\"width\":999,\"height\":1256},{\"@type\":\"BreadcrumbList\",\"@id\":\"https:\/\/horticom.ee\/e-pood\/toode\/olikuunal-50-55h-valge-8tk-pakis\/#breadcrumb\",\"itemListElement\":[{\"@type\":\"ListItem\",\"position\":1,\"name\":\"Home\",\"item\":\"https:\/\/horticom.ee\/e-pood\/\"},{\"@type\":\"ListItem\",\"position\":2,\"name\":\"Pood\",\"item\":\"https:\/\/horticom.ee\/e-pood\/pood\/\"},{\"@type\":\"ListItem\",\"position\":3,\"name\":\"\u00d5lik\u00fc\u00fcnal 50-55h valge 8tk\/pakis\"}]},{\"@type\":\"WebSite\",\"@id\":\"https:\/\/horticom.ee\/e-pood\/#website\",\"url\":\"https:\/\/horticom.ee\/e-pood\/\",\"name\":\"Horticom.ee\",\"description\":\"Aianduskaubad ja kodukaubad nii harrastajatele kui professionaalidele\",\"potentialAction\":[{\"@type\":\"SearchAction\",\"target\":{\"@type\":\"EntryPoint\",\"urlTemplate\":\"https:\/\/horticom.ee\/e-pood\/?s={search_term_string}\"},\"query-input\":{\"@type\":\"PropertyValueSpecification\",\"valueRequired\":true,\"valueName\":\"search_term_string\"}}],\"inLanguage\":\"ru-RU\"}]}<\/script>\n<!-- \/ Yoast SEO plugin. -->","yoast_head_json":{"title":"\u00d5lik\u00fc\u00fcnal 50-55h valge 8tk\/pakis - Horticom","robots":{"index":"index","follow":"follow","max-snippet":"max-snippet:-1","max-image-preview":"max-image-preview:large","max-video-preview":"max-video-preview:-1"},"canonical":"https:\/\/horticom.ee\/e-pood\/toode\/olikuunal-50-55h-valge-8tk-pakis\/","og_locale":"ru_RU","og_type":"article","og_title":"\u00d5lik\u00fc\u00fcnal 50-55h valge 8tk\/pakis - Horticom","og_description":"Pika p\u00f5lemisajaga \u00f5lik\u00fc\u00fcnal sobib ideaalselt kalmulaternatesse (h 9,5 cm). P\u00f5lemisaeg 50-55h. Pakis 8tk. Sobib p\u00f5letamiseks ainult v\u00e4listingimustes. Koostis: parafiin + steariin","og_url":"https:\/\/horticom.ee\/e-pood\/toode\/olikuunal-50-55h-valge-8tk-pakis\/","og_site_name":"Horticom.ee","article_publisher":"https:\/\/www.facebook.com\/horticom.ee\/e-pood","article_modified_time":"2026-04-23T00:18:42+00:00","og_image":[{"width":999,"height":1256,"url":"https:\/\/horticom.ee\/e-pood\/wp-content\/uploads\/importedmedia\/product_1961197_0_695013.jpg","type":"image\/jpeg"}],"twitter_card":"summary_large_image","schema":{"@context":"https:\/\/schema.org","@graph":[{"@type":"WebPage","@id":"https:\/\/horticom.ee\/e-pood\/toode\/olikuunal-50-55h-valge-8tk-pakis\/","url":"https:\/\/horticom.ee\/e-pood\/toode\/olikuunal-50-55h-valge-8tk-pakis\/","name":"\u00d5lik\u00fc\u00fcnal 50-55h valge 8tk\/pakis - Horticom","isPartOf":{"@id":"https:\/\/horticom.ee\/e-pood\/#website"},"primaryImageOfPage":{"@id":"https:\/\/horticom.ee\/e-pood\/toode\/olikuunal-50-55h-valge-8tk-pakis\/#primaryimage"},"image":{"@id":"https:\/\/horticom.ee\/e-pood\/toode\/olikuunal-50-55h-valge-8tk-pakis\/#primaryimage"},"thumbnailUrl":"https:\/\/horticom.ee\/e-pood\/wp-content\/uploads\/importedmedia\/product_1961197_0_695013.jpg","datePublished":"2023-10-26T11:00:48+00:00","dateModified":"2026-04-23T00:18:42+00:00","breadcrumb":{"@id":"https:\/\/horticom.ee\/e-pood\/toode\/olikuunal-50-55h-valge-8tk-pakis\/#breadcrumb"},"inLanguage":"ru-RU","potentialAction":[{"@type":"ReadAction","target":["https:\/\/horticom.ee\/e-pood\/toode\/olikuunal-50-55h-valge-8tk-pakis\/"]}]},{"@type":"ImageObject","inLanguage":"ru-RU","@id":"https:\/\/horticom.ee\/e-pood\/toode\/olikuunal-50-55h-valge-8tk-pakis\/#primaryimage","url":"https:\/\/horticom.ee\/e-pood\/wp-content\/uploads\/importedmedia\/product_1961197_0_695013.jpg","contentUrl":"https:\/\/horticom.ee\/e-pood\/wp-content\/uploads\/importedmedia\/product_1961197_0_695013.jpg","width":999,"height":1256},{"@type":"BreadcrumbList","@id":"https:\/\/horticom.ee\/e-pood\/toode\/olikuunal-50-55h-valge-8tk-pakis\/#breadcrumb","itemListElement":[{"@type":"ListItem","position":1,"name":"Home","item":"https:\/\/horticom.ee\/e-pood\/"},{"@type":"ListItem","position":2,"name":"Pood","item":"https:\/\/horticom.ee\/e-pood\/pood\/"},{"@type":"ListItem","position":3,"name":"\u00d5lik\u00fc\u00fcnal 50-55h valge 8tk\/pakis"}]},{"@type":"WebSite","@id":"https:\/\/horticom.ee\/e-pood\/#website","url":"https:\/\/horticom.ee\/e-pood\/","name":"Horticom.ee","description":"Aianduskaubad ja kodukaubad nii harrastajatele kui professionaalidele","potentialAction":[{"@type":"SearchAction","target":{"@type":"EntryPoint","urlTemplate":"https:\/\/horticom.ee\/e-pood\/?s={search_term_string}"},"query-input":{"@type":"PropertyValueSpecification","valueRequired":true,"valueName":"search_term_string"}}],"inLanguage":"ru-RU"}]}},"_links":{"self":[{"href":"https:\/\/horticom.ee\/e-pood\/ru\/wp-json\/wp\/v2\/product\/1961197","targetHints":{"allow":["GET"]}}],"collection":[{"href":"https:\/\/horticom.ee\/e-pood\/ru\/wp-json\/wp\/v2\/product"}],"about":[{"href":"https:\/\/horticom.ee\/e-pood\/ru\/wp-json\/wp\/v2\/types\/product"}],"replies":[{"embeddable":true,"href":"https:\/\/horticom.ee\/e-pood\/ru\/wp-json\/wp\/v2\/comments?post=1961197"}],"wp:featuredmedia":[{"embeddable":true,"href":"https:\/\/horticom.ee\/e-pood\/ru\/wp-json\/wp\/v2\/media\/2483470"}],"wp:attachment":[{"href":"https:\/\/horticom.ee\/e-pood\/ru\/wp-json\/wp\/v2\/media?parent=1961197"}],"wp:term":[{"taxonomy":"product_cat","embeddable":true,"href":"https:\/\/horticom.ee\/e-pood\/ru\/wp-json\/wp\/v2\/product_cat?post=1961197"},{"taxonomy":"product_tag","embeddable":true,"href":"https:\/\/horticom.ee\/e-pood\/ru\/wp-json\/wp\/v2\/product_tag?post=1961197"}],"curies":[{"name":"wp","href":"https:\/\/api.w.org\/{rel}","templated":true}]}}