{"id":1972286,"date":"2023-11-09T14:00:37","date_gmt":"2023-11-09T12:00:37","guid":{"rendered":"https:\/\/horticom.ee\/e-pood\/toode\/pakasekaitsekangas-300g-m2-2-x-25m-5m2\/"},"modified":"2026-05-13T03:04:33","modified_gmt":"2026-05-13T00:04:33","slug":"pakasekaitsekangas-300g-m2-2-x-25m-5m2","status":"publish","type":"product","link":"https:\/\/horticom.ee\/e-pood\/ru\/toode\/pakasekaitsekangas-300g-m2-2-x-25m-5m2\/","title":{"rendered":"Pakasekaitsekangas 300g\/m2 2 x 2,5m 5m2"},"content":{"rendered":"<p>Kaitseb k\u00fclma\u00f5rnu p\u00f5\u00f5said, ilu- ja okaspuid, p\u00fcsililli ja ronitaimi k\u00fclma- ja kevadp\u00e4ikese kahjustuse eest. Kangas asetatakse taimedele alles p\u00e4rast p\u00fcsik\u00fclmade saabumist, kui maa on j\u00e4\u00e4tunud ja eemaldatakse alles p\u00e4rast mullapinna sulamist. P\u00e4rast kanga eemaldamist ja kuivatamist panna see hoiule kuiva kohta ja kasutada j\u00e4rgmisel aastal uuesti. Kangas laseb l\u00e4bi \u00f5hku ja kaitseb jahukaste eest. On vastupidav mehhaanilistele m\u00f5jutustele ja UV-kiirtele. Kangas paigaldatakse taime \u00fcmber tehtud raamile, et katte ja taime vahel saaks \u00f5hk liikuda.<\/p>\n","protected":false},"excerpt":{"rendered":"<p>Kaitseb k\u00fclma\u00f5rnu p\u00f5\u00f5said, ilu- ja okaspuid, p\u00fcsililli ja ronitaimi k\u00fclma- ja kevadp\u00e4ikese kahjustuse eest. Kangas asetatakse taimedele alles p\u00e4rast p\u00fcsik\u00fclmade saabumist, kui maa on j\u00e4\u00e4tunud ja eemaldatakse alles p\u00e4rast mullapinna sulamist. P\u00e4rast kanga eemaldamist ja kuivatamist panna see hoiule kuiva kohta ja kasutada j\u00e4rgmisel aastal uuesti. Kangas laseb l\u00e4bi \u00f5hku ja kaitseb jahukaste eest. On [&hellip;]<\/p>\n","protected":false},"featured_media":1972639,"comment_status":"closed","ping_status":"closed","template":"","meta":{"_themeisle_gutenberg_block_has_review":false},"product_cat":[13381,13639],"product_tag":[],"class_list":{"0":"post-1972286","1":"product","2":"type-product","3":"status-publish","4":"has-post-thumbnail","6":"product_cat-talvekangad","7":"product_cat-talvekangad-tootjale","9":"first","10":"instock","11":"shipping-taxable","12":"purchasable","13":"product-type-simple"},"yoast_head":"<!-- This site is optimized with the Yoast SEO plugin v24.0 - https:\/\/yoast.com\/wordpress\/plugins\/seo\/ -->\n<title>Pakasekaitsekangas 300g\/m2 2 x 2,5m 5m2 - Horticom<\/title>\n<meta name=\"robots\" content=\"index, follow, max-snippet:-1, max-image-preview:large, max-video-preview:-1\" \/>\n<link rel=\"canonical\" href=\"https:\/\/horticom.ee\/e-pood\/toode\/pakasekaitsekangas-300g-m2-2-x-25m-5m2\/\" \/>\n<meta property=\"og:locale\" content=\"ru_RU\" \/>\n<meta property=\"og:type\" content=\"article\" \/>\n<meta property=\"og:title\" content=\"Pakasekaitsekangas 300g\/m2 2 x 2,5m 5m2 - Horticom\" \/>\n<meta property=\"og:description\" content=\"Kaitseb k\u00fclma\u00f5rnu p\u00f5\u00f5said, ilu- ja okaspuid, p\u00fcsililli ja ronitaimi k\u00fclma- ja kevadp\u00e4ikese kahjustuse eest. Kangas asetatakse taimedele alles p\u00e4rast p\u00fcsik\u00fclmade saabumist, kui maa on j\u00e4\u00e4tunud ja eemaldatakse alles p\u00e4rast mullapinna sulamist. P\u00e4rast kanga eemaldamist ja kuivatamist panna see hoiule kuiva kohta ja kasutada j\u00e4rgmisel aastal uuesti. Kangas laseb l\u00e4bi \u00f5hku ja kaitseb jahukaste eest. On [&hellip;]\" \/>\n<meta property=\"og:url\" content=\"https:\/\/horticom.ee\/e-pood\/toode\/pakasekaitsekangas-300g-m2-2-x-25m-5m2\/\" \/>\n<meta property=\"og:site_name\" content=\"Horticom.ee\" \/>\n<meta property=\"article:publisher\" content=\"https:\/\/www.facebook.com\/horticom.ee\/e-pood\" \/>\n<meta property=\"article:modified_time\" content=\"2026-05-13T00:04:33+00:00\" \/>\n<meta property=\"og:image\" content=\"https:\/\/horticom.ee\/e-pood\/wp-content\/uploads\/importedmedia\/product-1972286_0-672206.jpg\" \/>\n\t<meta property=\"og:image:width\" content=\"999\" \/>\n\t<meta property=\"og:image:height\" content=\"1152\" \/>\n\t<meta property=\"og:image:type\" content=\"image\/jpeg\" \/>\n<meta name=\"twitter:card\" content=\"summary_large_image\" \/>\n<script type=\"application\/ld+json\" class=\"yoast-schema-graph\">{\"@context\":\"https:\/\/schema.org\",\"@graph\":[{\"@type\":\"WebPage\",\"@id\":\"https:\/\/horticom.ee\/e-pood\/toode\/pakasekaitsekangas-300g-m2-2-x-25m-5m2\/\",\"url\":\"https:\/\/horticom.ee\/e-pood\/toode\/pakasekaitsekangas-300g-m2-2-x-25m-5m2\/\",\"name\":\"Pakasekaitsekangas 300g\/m2 2 x 2,5m 5m2 - Horticom\",\"isPartOf\":{\"@id\":\"https:\/\/horticom.ee\/e-pood\/#website\"},\"primaryImageOfPage\":{\"@id\":\"https:\/\/horticom.ee\/e-pood\/toode\/pakasekaitsekangas-300g-m2-2-x-25m-5m2\/#primaryimage\"},\"image\":{\"@id\":\"https:\/\/horticom.ee\/e-pood\/toode\/pakasekaitsekangas-300g-m2-2-x-25m-5m2\/#primaryimage\"},\"thumbnailUrl\":\"https:\/\/horticom.ee\/e-pood\/wp-content\/uploads\/importedmedia\/product-1972286_0-672206.jpg\",\"datePublished\":\"2023-11-09T12:00:37+00:00\",\"dateModified\":\"2026-05-13T00:04:33+00:00\",\"breadcrumb\":{\"@id\":\"https:\/\/horticom.ee\/e-pood\/toode\/pakasekaitsekangas-300g-m2-2-x-25m-5m2\/#breadcrumb\"},\"inLanguage\":\"ru-RU\",\"potentialAction\":[{\"@type\":\"ReadAction\",\"target\":[\"https:\/\/horticom.ee\/e-pood\/toode\/pakasekaitsekangas-300g-m2-2-x-25m-5m2\/\"]}]},{\"@type\":\"ImageObject\",\"inLanguage\":\"ru-RU\",\"@id\":\"https:\/\/horticom.ee\/e-pood\/toode\/pakasekaitsekangas-300g-m2-2-x-25m-5m2\/#primaryimage\",\"url\":\"https:\/\/horticom.ee\/e-pood\/wp-content\/uploads\/importedmedia\/product-1972286_0-672206.jpg\",\"contentUrl\":\"https:\/\/horticom.ee\/e-pood\/wp-content\/uploads\/importedmedia\/product-1972286_0-672206.jpg\",\"width\":999,\"height\":1152},{\"@type\":\"BreadcrumbList\",\"@id\":\"https:\/\/horticom.ee\/e-pood\/toode\/pakasekaitsekangas-300g-m2-2-x-25m-5m2\/#breadcrumb\",\"itemListElement\":[{\"@type\":\"ListItem\",\"position\":1,\"name\":\"Home\",\"item\":\"https:\/\/horticom.ee\/e-pood\/\"},{\"@type\":\"ListItem\",\"position\":2,\"name\":\"Pood\",\"item\":\"https:\/\/horticom.ee\/e-pood\/pood\/\"},{\"@type\":\"ListItem\",\"position\":3,\"name\":\"Pakasekaitsekangas 300g\/m2 2 x 2,5m 5m2\"}]},{\"@type\":\"WebSite\",\"@id\":\"https:\/\/horticom.ee\/e-pood\/#website\",\"url\":\"https:\/\/horticom.ee\/e-pood\/\",\"name\":\"Horticom.ee\",\"description\":\"Aianduskaubad ja kodukaubad nii harrastajatele kui professionaalidele\",\"potentialAction\":[{\"@type\":\"SearchAction\",\"target\":{\"@type\":\"EntryPoint\",\"urlTemplate\":\"https:\/\/horticom.ee\/e-pood\/?s={search_term_string}\"},\"query-input\":{\"@type\":\"PropertyValueSpecification\",\"valueRequired\":true,\"valueName\":\"search_term_string\"}}],\"inLanguage\":\"ru-RU\"}]}<\/script>\n<!-- \/ Yoast SEO plugin. -->","yoast_head_json":{"title":"Pakasekaitsekangas 300g\/m2 2 x 2,5m 5m2 - Horticom","robots":{"index":"index","follow":"follow","max-snippet":"max-snippet:-1","max-image-preview":"max-image-preview:large","max-video-preview":"max-video-preview:-1"},"canonical":"https:\/\/horticom.ee\/e-pood\/toode\/pakasekaitsekangas-300g-m2-2-x-25m-5m2\/","og_locale":"ru_RU","og_type":"article","og_title":"Pakasekaitsekangas 300g\/m2 2 x 2,5m 5m2 - Horticom","og_description":"Kaitseb k\u00fclma\u00f5rnu p\u00f5\u00f5said, ilu- ja okaspuid, p\u00fcsililli ja ronitaimi k\u00fclma- ja kevadp\u00e4ikese kahjustuse eest. Kangas asetatakse taimedele alles p\u00e4rast p\u00fcsik\u00fclmade saabumist, kui maa on j\u00e4\u00e4tunud ja eemaldatakse alles p\u00e4rast mullapinna sulamist. P\u00e4rast kanga eemaldamist ja kuivatamist panna see hoiule kuiva kohta ja kasutada j\u00e4rgmisel aastal uuesti. Kangas laseb l\u00e4bi \u00f5hku ja kaitseb jahukaste eest. On [&hellip;]","og_url":"https:\/\/horticom.ee\/e-pood\/toode\/pakasekaitsekangas-300g-m2-2-x-25m-5m2\/","og_site_name":"Horticom.ee","article_publisher":"https:\/\/www.facebook.com\/horticom.ee\/e-pood","article_modified_time":"2026-05-13T00:04:33+00:00","og_image":[{"width":999,"height":1152,"url":"https:\/\/horticom.ee\/e-pood\/wp-content\/uploads\/importedmedia\/product-1972286_0-672206.jpg","type":"image\/jpeg"}],"twitter_card":"summary_large_image","schema":{"@context":"https:\/\/schema.org","@graph":[{"@type":"WebPage","@id":"https:\/\/horticom.ee\/e-pood\/toode\/pakasekaitsekangas-300g-m2-2-x-25m-5m2\/","url":"https:\/\/horticom.ee\/e-pood\/toode\/pakasekaitsekangas-300g-m2-2-x-25m-5m2\/","name":"Pakasekaitsekangas 300g\/m2 2 x 2,5m 5m2 - Horticom","isPartOf":{"@id":"https:\/\/horticom.ee\/e-pood\/#website"},"primaryImageOfPage":{"@id":"https:\/\/horticom.ee\/e-pood\/toode\/pakasekaitsekangas-300g-m2-2-x-25m-5m2\/#primaryimage"},"image":{"@id":"https:\/\/horticom.ee\/e-pood\/toode\/pakasekaitsekangas-300g-m2-2-x-25m-5m2\/#primaryimage"},"thumbnailUrl":"https:\/\/horticom.ee\/e-pood\/wp-content\/uploads\/importedmedia\/product-1972286_0-672206.jpg","datePublished":"2023-11-09T12:00:37+00:00","dateModified":"2026-05-13T00:04:33+00:00","breadcrumb":{"@id":"https:\/\/horticom.ee\/e-pood\/toode\/pakasekaitsekangas-300g-m2-2-x-25m-5m2\/#breadcrumb"},"inLanguage":"ru-RU","potentialAction":[{"@type":"ReadAction","target":["https:\/\/horticom.ee\/e-pood\/toode\/pakasekaitsekangas-300g-m2-2-x-25m-5m2\/"]}]},{"@type":"ImageObject","inLanguage":"ru-RU","@id":"https:\/\/horticom.ee\/e-pood\/toode\/pakasekaitsekangas-300g-m2-2-x-25m-5m2\/#primaryimage","url":"https:\/\/horticom.ee\/e-pood\/wp-content\/uploads\/importedmedia\/product-1972286_0-672206.jpg","contentUrl":"https:\/\/horticom.ee\/e-pood\/wp-content\/uploads\/importedmedia\/product-1972286_0-672206.jpg","width":999,"height":1152},{"@type":"BreadcrumbList","@id":"https:\/\/horticom.ee\/e-pood\/toode\/pakasekaitsekangas-300g-m2-2-x-25m-5m2\/#breadcrumb","itemListElement":[{"@type":"ListItem","position":1,"name":"Home","item":"https:\/\/horticom.ee\/e-pood\/"},{"@type":"ListItem","position":2,"name":"Pood","item":"https:\/\/horticom.ee\/e-pood\/pood\/"},{"@type":"ListItem","position":3,"name":"Pakasekaitsekangas 300g\/m2 2 x 2,5m 5m2"}]},{"@type":"WebSite","@id":"https:\/\/horticom.ee\/e-pood\/#website","url":"https:\/\/horticom.ee\/e-pood\/","name":"Horticom.ee","description":"Aianduskaubad ja kodukaubad nii harrastajatele kui professionaalidele","potentialAction":[{"@type":"SearchAction","target":{"@type":"EntryPoint","urlTemplate":"https:\/\/horticom.ee\/e-pood\/?s={search_term_string}"},"query-input":{"@type":"PropertyValueSpecification","valueRequired":true,"valueName":"search_term_string"}}],"inLanguage":"ru-RU"}]}},"_links":{"self":[{"href":"https:\/\/horticom.ee\/e-pood\/ru\/wp-json\/wp\/v2\/product\/1972286","targetHints":{"allow":["GET"]}}],"collection":[{"href":"https:\/\/horticom.ee\/e-pood\/ru\/wp-json\/wp\/v2\/product"}],"about":[{"href":"https:\/\/horticom.ee\/e-pood\/ru\/wp-json\/wp\/v2\/types\/product"}],"replies":[{"embeddable":true,"href":"https:\/\/horticom.ee\/e-pood\/ru\/wp-json\/wp\/v2\/comments?post=1972286"}],"wp:featuredmedia":[{"embeddable":true,"href":"https:\/\/horticom.ee\/e-pood\/ru\/wp-json\/wp\/v2\/media\/1972639"}],"wp:attachment":[{"href":"https:\/\/horticom.ee\/e-pood\/ru\/wp-json\/wp\/v2\/media?parent=1972286"}],"wp:term":[{"taxonomy":"product_cat","embeddable":true,"href":"https:\/\/horticom.ee\/e-pood\/ru\/wp-json\/wp\/v2\/product_cat?post=1972286"},{"taxonomy":"product_tag","embeddable":true,"href":"https:\/\/horticom.ee\/e-pood\/ru\/wp-json\/wp\/v2\/product_tag?post=1972286"}],"curies":[{"name":"wp","href":"https:\/\/api.w.org\/{rel}","templated":true}]}}