{"id":1973134,"date":"2023-11-10T03:01:11","date_gmt":"2023-11-10T01:01:11","guid":{"rendered":"https:\/\/horticom.ee\/e-pood\/toode\/seemnesegu-aialindudele-horticom-2kg\/"},"modified":"2026-04-24T03:12:31","modified_gmt":"2026-04-24T00:12:31","slug":"seemnesegu-aialindudele-horticom-2kg","status":"publish","type":"product","link":"https:\/\/horticom.ee\/e-pood\/ru\/toode\/seemnesegu-aialindudele-horticom-2kg\/","title":{"rendered":"Seemnesegu aialindudele Horticom 2kg"},"content":{"rendered":"<p>Seemnesegu aialindudele on m\u00f5eldud talviseks toitmiseks. Kasutada s\u00f6\u00f6tjates ja s\u00f6\u00f6gimajades, mis on spetsiaalselt m\u00f5eldud seemnetele. Ei ole m\u00f5eldud inimtoiduks. Puhastage s\u00f6\u00f6gimaju ja s\u00f6\u00f6tjaid regulaarselt hoidmaks \u00e4ra bakterite leviku. Lisaks toidule vajavad linnud ka joogivett. Talvine lisatoitmine on aia- ja metsalindudele h\u00e4davajalik, kuna mitmete meil talvituvate lindude elluj\u00e4\u00e4mine s\u00f5ltub sellest.<\/p>\n","protected":false},"excerpt":{"rendered":"<p>Seemnesegu aialindudele on m\u00f5eldud talviseks toitmiseks. Kasutada s\u00f6\u00f6tjates ja s\u00f6\u00f6gimajades, mis on spetsiaalselt m\u00f5eldud seemnetele. Ei ole m\u00f5eldud inimtoiduks. Puhastage s\u00f6\u00f6gimaju ja s\u00f6\u00f6tjaid regulaarselt hoidmaks \u00e4ra bakterite leviku. Lisaks toidule vajavad linnud ka joogivett. Talvine lisatoitmine on aia- ja metsalindudele h\u00e4davajalik, kuna mitmete meil talvituvate lindude elluj\u00e4\u00e4mine s\u00f5ltub sellest.<\/p>\n","protected":false},"featured_media":2378404,"comment_status":"closed","ping_status":"closed","template":"","meta":{"_themeisle_gutenberg_block_has_review":false},"product_cat":[13401],"product_tag":[],"class_list":{"0":"post-1973134","1":"product","2":"type-product","3":"status-publish","4":"has-post-thumbnail","6":"product_cat-linnutoidud","8":"first","9":"instock","10":"shipping-taxable","11":"purchasable","12":"product-type-simple"},"yoast_head":"<!-- This site is optimized with the Yoast SEO plugin v24.0 - https:\/\/yoast.com\/wordpress\/plugins\/seo\/ -->\n<title>Seemnesegu aialindudele Horticom 2kg - Horticom<\/title>\n<meta name=\"robots\" content=\"index, follow, max-snippet:-1, max-image-preview:large, max-video-preview:-1\" \/>\n<link rel=\"canonical\" href=\"https:\/\/horticom.ee\/e-pood\/toode\/seemnesegu-aialindudele-horticom-2kg\/\" \/>\n<meta property=\"og:locale\" content=\"ru_RU\" \/>\n<meta property=\"og:type\" content=\"article\" \/>\n<meta property=\"og:title\" content=\"Seemnesegu aialindudele Horticom 2kg - Horticom\" \/>\n<meta property=\"og:description\" content=\"Seemnesegu aialindudele on m\u00f5eldud talviseks toitmiseks. Kasutada s\u00f6\u00f6tjates ja s\u00f6\u00f6gimajades, mis on spetsiaalselt m\u00f5eldud seemnetele. Ei ole m\u00f5eldud inimtoiduks. Puhastage s\u00f6\u00f6gimaju ja s\u00f6\u00f6tjaid regulaarselt hoidmaks \u00e4ra bakterite leviku. Lisaks toidule vajavad linnud ka joogivett. Talvine lisatoitmine on aia- ja metsalindudele h\u00e4davajalik, kuna mitmete meil talvituvate lindude elluj\u00e4\u00e4mine s\u00f5ltub sellest.\" \/>\n<meta property=\"og:url\" content=\"https:\/\/horticom.ee\/e-pood\/toode\/seemnesegu-aialindudele-horticom-2kg\/\" \/>\n<meta property=\"og:site_name\" content=\"Horticom.ee\" \/>\n<meta property=\"article:publisher\" content=\"https:\/\/www.facebook.com\/horticom.ee\/e-pood\" \/>\n<meta property=\"article:modified_time\" content=\"2026-04-24T00:12:31+00:00\" \/>\n<meta property=\"og:image\" content=\"https:\/\/horticom.ee\/e-pood\/wp-content\/uploads\/importedmedia\/product-1973134_0-1473077.jpg\" \/>\n\t<meta property=\"og:image:width\" content=\"999\" \/>\n\t<meta property=\"og:image:height\" content=\"1079\" \/>\n\t<meta property=\"og:image:type\" content=\"image\/jpeg\" \/>\n<meta name=\"twitter:card\" content=\"summary_large_image\" \/>\n<script type=\"application\/ld+json\" class=\"yoast-schema-graph\">{\"@context\":\"https:\/\/schema.org\",\"@graph\":[{\"@type\":\"WebPage\",\"@id\":\"https:\/\/horticom.ee\/e-pood\/toode\/seemnesegu-aialindudele-horticom-2kg\/\",\"url\":\"https:\/\/horticom.ee\/e-pood\/toode\/seemnesegu-aialindudele-horticom-2kg\/\",\"name\":\"Seemnesegu aialindudele Horticom 2kg - Horticom\",\"isPartOf\":{\"@id\":\"https:\/\/horticom.ee\/e-pood\/#website\"},\"primaryImageOfPage\":{\"@id\":\"https:\/\/horticom.ee\/e-pood\/toode\/seemnesegu-aialindudele-horticom-2kg\/#primaryimage\"},\"image\":{\"@id\":\"https:\/\/horticom.ee\/e-pood\/toode\/seemnesegu-aialindudele-horticom-2kg\/#primaryimage\"},\"thumbnailUrl\":\"https:\/\/horticom.ee\/e-pood\/wp-content\/uploads\/importedmedia\/product-1973134_0-1473077.jpg\",\"datePublished\":\"2023-11-10T01:01:11+00:00\",\"dateModified\":\"2026-04-24T00:12:31+00:00\",\"breadcrumb\":{\"@id\":\"https:\/\/horticom.ee\/e-pood\/toode\/seemnesegu-aialindudele-horticom-2kg\/#breadcrumb\"},\"inLanguage\":\"ru-RU\",\"potentialAction\":[{\"@type\":\"ReadAction\",\"target\":[\"https:\/\/horticom.ee\/e-pood\/toode\/seemnesegu-aialindudele-horticom-2kg\/\"]}]},{\"@type\":\"ImageObject\",\"inLanguage\":\"ru-RU\",\"@id\":\"https:\/\/horticom.ee\/e-pood\/toode\/seemnesegu-aialindudele-horticom-2kg\/#primaryimage\",\"url\":\"https:\/\/horticom.ee\/e-pood\/wp-content\/uploads\/importedmedia\/product-1973134_0-1473077.jpg\",\"contentUrl\":\"https:\/\/horticom.ee\/e-pood\/wp-content\/uploads\/importedmedia\/product-1973134_0-1473077.jpg\",\"width\":999,\"height\":1079},{\"@type\":\"BreadcrumbList\",\"@id\":\"https:\/\/horticom.ee\/e-pood\/toode\/seemnesegu-aialindudele-horticom-2kg\/#breadcrumb\",\"itemListElement\":[{\"@type\":\"ListItem\",\"position\":1,\"name\":\"Home\",\"item\":\"https:\/\/horticom.ee\/e-pood\/\"},{\"@type\":\"ListItem\",\"position\":2,\"name\":\"Pood\",\"item\":\"https:\/\/horticom.ee\/e-pood\/pood\/\"},{\"@type\":\"ListItem\",\"position\":3,\"name\":\"Seemnesegu aialindudele Horticom 2kg\"}]},{\"@type\":\"WebSite\",\"@id\":\"https:\/\/horticom.ee\/e-pood\/#website\",\"url\":\"https:\/\/horticom.ee\/e-pood\/\",\"name\":\"Horticom.ee\",\"description\":\"Aianduskaubad ja kodukaubad nii harrastajatele kui professionaalidele\",\"potentialAction\":[{\"@type\":\"SearchAction\",\"target\":{\"@type\":\"EntryPoint\",\"urlTemplate\":\"https:\/\/horticom.ee\/e-pood\/?s={search_term_string}\"},\"query-input\":{\"@type\":\"PropertyValueSpecification\",\"valueRequired\":true,\"valueName\":\"search_term_string\"}}],\"inLanguage\":\"ru-RU\"}]}<\/script>\n<!-- \/ Yoast SEO plugin. -->","yoast_head_json":{"title":"Seemnesegu aialindudele Horticom 2kg - Horticom","robots":{"index":"index","follow":"follow","max-snippet":"max-snippet:-1","max-image-preview":"max-image-preview:large","max-video-preview":"max-video-preview:-1"},"canonical":"https:\/\/horticom.ee\/e-pood\/toode\/seemnesegu-aialindudele-horticom-2kg\/","og_locale":"ru_RU","og_type":"article","og_title":"Seemnesegu aialindudele Horticom 2kg - Horticom","og_description":"Seemnesegu aialindudele on m\u00f5eldud talviseks toitmiseks. Kasutada s\u00f6\u00f6tjates ja s\u00f6\u00f6gimajades, mis on spetsiaalselt m\u00f5eldud seemnetele. Ei ole m\u00f5eldud inimtoiduks. Puhastage s\u00f6\u00f6gimaju ja s\u00f6\u00f6tjaid regulaarselt hoidmaks \u00e4ra bakterite leviku. Lisaks toidule vajavad linnud ka joogivett. Talvine lisatoitmine on aia- ja metsalindudele h\u00e4davajalik, kuna mitmete meil talvituvate lindude elluj\u00e4\u00e4mine s\u00f5ltub sellest.","og_url":"https:\/\/horticom.ee\/e-pood\/toode\/seemnesegu-aialindudele-horticom-2kg\/","og_site_name":"Horticom.ee","article_publisher":"https:\/\/www.facebook.com\/horticom.ee\/e-pood","article_modified_time":"2026-04-24T00:12:31+00:00","og_image":[{"width":999,"height":1079,"url":"https:\/\/horticom.ee\/e-pood\/wp-content\/uploads\/importedmedia\/product-1973134_0-1473077.jpg","type":"image\/jpeg"}],"twitter_card":"summary_large_image","schema":{"@context":"https:\/\/schema.org","@graph":[{"@type":"WebPage","@id":"https:\/\/horticom.ee\/e-pood\/toode\/seemnesegu-aialindudele-horticom-2kg\/","url":"https:\/\/horticom.ee\/e-pood\/toode\/seemnesegu-aialindudele-horticom-2kg\/","name":"Seemnesegu aialindudele Horticom 2kg - Horticom","isPartOf":{"@id":"https:\/\/horticom.ee\/e-pood\/#website"},"primaryImageOfPage":{"@id":"https:\/\/horticom.ee\/e-pood\/toode\/seemnesegu-aialindudele-horticom-2kg\/#primaryimage"},"image":{"@id":"https:\/\/horticom.ee\/e-pood\/toode\/seemnesegu-aialindudele-horticom-2kg\/#primaryimage"},"thumbnailUrl":"https:\/\/horticom.ee\/e-pood\/wp-content\/uploads\/importedmedia\/product-1973134_0-1473077.jpg","datePublished":"2023-11-10T01:01:11+00:00","dateModified":"2026-04-24T00:12:31+00:00","breadcrumb":{"@id":"https:\/\/horticom.ee\/e-pood\/toode\/seemnesegu-aialindudele-horticom-2kg\/#breadcrumb"},"inLanguage":"ru-RU","potentialAction":[{"@type":"ReadAction","target":["https:\/\/horticom.ee\/e-pood\/toode\/seemnesegu-aialindudele-horticom-2kg\/"]}]},{"@type":"ImageObject","inLanguage":"ru-RU","@id":"https:\/\/horticom.ee\/e-pood\/toode\/seemnesegu-aialindudele-horticom-2kg\/#primaryimage","url":"https:\/\/horticom.ee\/e-pood\/wp-content\/uploads\/importedmedia\/product-1973134_0-1473077.jpg","contentUrl":"https:\/\/horticom.ee\/e-pood\/wp-content\/uploads\/importedmedia\/product-1973134_0-1473077.jpg","width":999,"height":1079},{"@type":"BreadcrumbList","@id":"https:\/\/horticom.ee\/e-pood\/toode\/seemnesegu-aialindudele-horticom-2kg\/#breadcrumb","itemListElement":[{"@type":"ListItem","position":1,"name":"Home","item":"https:\/\/horticom.ee\/e-pood\/"},{"@type":"ListItem","position":2,"name":"Pood","item":"https:\/\/horticom.ee\/e-pood\/pood\/"},{"@type":"ListItem","position":3,"name":"Seemnesegu aialindudele Horticom 2kg"}]},{"@type":"WebSite","@id":"https:\/\/horticom.ee\/e-pood\/#website","url":"https:\/\/horticom.ee\/e-pood\/","name":"Horticom.ee","description":"Aianduskaubad ja kodukaubad nii harrastajatele kui professionaalidele","potentialAction":[{"@type":"SearchAction","target":{"@type":"EntryPoint","urlTemplate":"https:\/\/horticom.ee\/e-pood\/?s={search_term_string}"},"query-input":{"@type":"PropertyValueSpecification","valueRequired":true,"valueName":"search_term_string"}}],"inLanguage":"ru-RU"}]}},"_links":{"self":[{"href":"https:\/\/horticom.ee\/e-pood\/ru\/wp-json\/wp\/v2\/product\/1973134","targetHints":{"allow":["GET"]}}],"collection":[{"href":"https:\/\/horticom.ee\/e-pood\/ru\/wp-json\/wp\/v2\/product"}],"about":[{"href":"https:\/\/horticom.ee\/e-pood\/ru\/wp-json\/wp\/v2\/types\/product"}],"replies":[{"embeddable":true,"href":"https:\/\/horticom.ee\/e-pood\/ru\/wp-json\/wp\/v2\/comments?post=1973134"}],"wp:featuredmedia":[{"embeddable":true,"href":"https:\/\/horticom.ee\/e-pood\/ru\/wp-json\/wp\/v2\/media\/2378404"}],"wp:attachment":[{"href":"https:\/\/horticom.ee\/e-pood\/ru\/wp-json\/wp\/v2\/media?parent=1973134"}],"wp:term":[{"taxonomy":"product_cat","embeddable":true,"href":"https:\/\/horticom.ee\/e-pood\/ru\/wp-json\/wp\/v2\/product_cat?post=1973134"},{"taxonomy":"product_tag","embeddable":true,"href":"https:\/\/horticom.ee\/e-pood\/ru\/wp-json\/wp\/v2\/product_tag?post=1973134"}],"curies":[{"name":"wp","href":"https:\/\/api.w.org\/{rel}","templated":true}]}}