{"id":2023395,"date":"2024-01-02T03:00:54","date_gmt":"2024-01-02T01:00:54","guid":{"rendered":"https:\/\/horticom.ee\/e-pood\/toode\/pikaajaline-vaetis-koikidele-okaspuudele-ja-igihaljastele-taimedele-6-kuud-compo-850g\/"},"modified":"2026-04-28T03:10:39","modified_gmt":"2026-04-28T00:10:39","slug":"pikaajaline-vaetis-koikidele-okaspuudele-ja-igihaljastele-taimedele-6-kuud-compo-850g","status":"publish","type":"product","link":"https:\/\/horticom.ee\/e-pood\/ru\/toode\/pikaajaline-vaetis-koikidele-okaspuudele-ja-igihaljastele-taimedele-6-kuud-compo-850g\/","title":{"rendered":"Pikaajaline v\u00e4etis k\u00f5ikidele okaspuudele ja igihaljastele taimedele 6-kuud Compo 850g"},"content":{"rendered":"<p>Sobib ideaalselt igat t\u00fc\u00fcpi okaspuudele nagu kuused, lehised, kadakad, m\u00e4nnid, k\u00fcpressid, seedrid ja erinevad igihaljad taimed. Spetsiaalne toitainete kooslus v\u00e4etises vastab t\u00e4pselt k\u00f5ikide oskaspuude ja igihaljaste taimede vajadustele. Selle tulemusena on taimed terve ja tugeva kasvuga, vastupidavamad erinevatele haigustele ja okaste kolletumisele. Tasakaalustatud toitainete vahekord stimuleerib juurestiku arengut. Piisab vaid \u00fchest v\u00e4etamiskorrast hooajal. V\u00e4etise \u00fchtlane toime kestab kuni 6 kuud.<\/p>\n","protected":false},"excerpt":{"rendered":"<p>Sobib ideaalselt igat t\u00fc\u00fcpi okaspuudele nagu kuused, lehised, kadakad, m\u00e4nnid, k\u00fcpressid, seedrid ja erinevad igihaljad taimed. Spetsiaalne toitainete kooslus v\u00e4etises vastab t\u00e4pselt k\u00f5ikide oskaspuude ja igihaljaste taimede vajadustele. Selle tulemusena on taimed terve ja tugeva kasvuga, vastupidavamad erinevatele haigustele ja okaste kolletumisele. Tasakaalustatud toitainete vahekord stimuleerib juurestiku arengut. Piisab vaid \u00fchest v\u00e4etamiskorrast hooajal. V\u00e4etise \u00fchtlane [&hellip;]<\/p>\n","protected":false},"featured_media":2024719,"comment_status":"closed","ping_status":"closed","template":"","meta":{"_themeisle_gutenberg_block_has_review":false},"product_cat":[16967],"product_tag":[],"class_list":{"0":"post-2023395","1":"product","2":"type-product","3":"status-publish","4":"has-post-thumbnail","6":"product_cat-okaspuudele-rododele-ja-hortensiatele","8":"first","9":"instock","10":"shipping-taxable","11":"purchasable","12":"product-type-simple"},"yoast_head":"<!-- This site is optimized with the Yoast SEO plugin v24.0 - https:\/\/yoast.com\/wordpress\/plugins\/seo\/ -->\n<title>Pikaajaline v\u00e4etis k\u00f5ikidele okaspuudele ja igihaljastele taimedele 6-kuud Compo 850g - Horticom<\/title>\n<meta name=\"robots\" content=\"index, follow, max-snippet:-1, max-image-preview:large, max-video-preview:-1\" \/>\n<link rel=\"canonical\" href=\"https:\/\/horticom.ee\/e-pood\/toode\/pikaajaline-vaetis-koikidele-okaspuudele-ja-igihaljastele-taimedele-6-kuud-compo-850g\/\" \/>\n<meta property=\"og:locale\" content=\"ru_RU\" \/>\n<meta property=\"og:type\" content=\"article\" \/>\n<meta property=\"og:title\" content=\"Pikaajaline v\u00e4etis k\u00f5ikidele okaspuudele ja igihaljastele taimedele 6-kuud Compo 850g - Horticom\" \/>\n<meta property=\"og:description\" content=\"Sobib ideaalselt igat t\u00fc\u00fcpi okaspuudele nagu kuused, lehised, kadakad, m\u00e4nnid, k\u00fcpressid, seedrid ja erinevad igihaljad taimed. Spetsiaalne toitainete kooslus v\u00e4etises vastab t\u00e4pselt k\u00f5ikide oskaspuude ja igihaljaste taimede vajadustele. Selle tulemusena on taimed terve ja tugeva kasvuga, vastupidavamad erinevatele haigustele ja okaste kolletumisele. Tasakaalustatud toitainete vahekord stimuleerib juurestiku arengut. Piisab vaid \u00fchest v\u00e4etamiskorrast hooajal. V\u00e4etise \u00fchtlane [&hellip;]\" \/>\n<meta property=\"og:url\" content=\"https:\/\/horticom.ee\/e-pood\/toode\/pikaajaline-vaetis-koikidele-okaspuudele-ja-igihaljastele-taimedele-6-kuud-compo-850g\/\" \/>\n<meta property=\"og:site_name\" content=\"Horticom.ee\" \/>\n<meta property=\"article:publisher\" content=\"https:\/\/www.facebook.com\/horticom.ee\/e-pood\" \/>\n<meta property=\"article:modified_time\" content=\"2026-04-28T00:10:39+00:00\" \/>\n<meta property=\"og:image\" content=\"https:\/\/horticom.ee\/e-pood\/wp-content\/uploads\/importedmedia\/product-2023395_0-6701554.jpg\" \/>\n\t<meta property=\"og:image:width\" content=\"1000\" \/>\n\t<meta property=\"og:image:height\" content=\"1414\" \/>\n\t<meta property=\"og:image:type\" content=\"image\/jpeg\" \/>\n<meta name=\"twitter:card\" content=\"summary_large_image\" \/>\n<script type=\"application\/ld+json\" class=\"yoast-schema-graph\">{\"@context\":\"https:\/\/schema.org\",\"@graph\":[{\"@type\":\"WebPage\",\"@id\":\"https:\/\/horticom.ee\/e-pood\/toode\/pikaajaline-vaetis-koikidele-okaspuudele-ja-igihaljastele-taimedele-6-kuud-compo-850g\/\",\"url\":\"https:\/\/horticom.ee\/e-pood\/toode\/pikaajaline-vaetis-koikidele-okaspuudele-ja-igihaljastele-taimedele-6-kuud-compo-850g\/\",\"name\":\"Pikaajaline v\u00e4etis k\u00f5ikidele okaspuudele ja igihaljastele taimedele 6-kuud Compo 850g - Horticom\",\"isPartOf\":{\"@id\":\"https:\/\/horticom.ee\/e-pood\/#website\"},\"primaryImageOfPage\":{\"@id\":\"https:\/\/horticom.ee\/e-pood\/toode\/pikaajaline-vaetis-koikidele-okaspuudele-ja-igihaljastele-taimedele-6-kuud-compo-850g\/#primaryimage\"},\"image\":{\"@id\":\"https:\/\/horticom.ee\/e-pood\/toode\/pikaajaline-vaetis-koikidele-okaspuudele-ja-igihaljastele-taimedele-6-kuud-compo-850g\/#primaryimage\"},\"thumbnailUrl\":\"https:\/\/horticom.ee\/e-pood\/wp-content\/uploads\/importedmedia\/product-2023395_0-6701554.jpg\",\"datePublished\":\"2024-01-02T01:00:54+00:00\",\"dateModified\":\"2026-04-28T00:10:39+00:00\",\"breadcrumb\":{\"@id\":\"https:\/\/horticom.ee\/e-pood\/toode\/pikaajaline-vaetis-koikidele-okaspuudele-ja-igihaljastele-taimedele-6-kuud-compo-850g\/#breadcrumb\"},\"inLanguage\":\"ru-RU\",\"potentialAction\":[{\"@type\":\"ReadAction\",\"target\":[\"https:\/\/horticom.ee\/e-pood\/toode\/pikaajaline-vaetis-koikidele-okaspuudele-ja-igihaljastele-taimedele-6-kuud-compo-850g\/\"]}]},{\"@type\":\"ImageObject\",\"inLanguage\":\"ru-RU\",\"@id\":\"https:\/\/horticom.ee\/e-pood\/toode\/pikaajaline-vaetis-koikidele-okaspuudele-ja-igihaljastele-taimedele-6-kuud-compo-850g\/#primaryimage\",\"url\":\"https:\/\/horticom.ee\/e-pood\/wp-content\/uploads\/importedmedia\/product-2023395_0-6701554.jpg\",\"contentUrl\":\"https:\/\/horticom.ee\/e-pood\/wp-content\/uploads\/importedmedia\/product-2023395_0-6701554.jpg\",\"width\":1000,\"height\":1414},{\"@type\":\"BreadcrumbList\",\"@id\":\"https:\/\/horticom.ee\/e-pood\/toode\/pikaajaline-vaetis-koikidele-okaspuudele-ja-igihaljastele-taimedele-6-kuud-compo-850g\/#breadcrumb\",\"itemListElement\":[{\"@type\":\"ListItem\",\"position\":1,\"name\":\"Home\",\"item\":\"https:\/\/horticom.ee\/e-pood\/\"},{\"@type\":\"ListItem\",\"position\":2,\"name\":\"Pood\",\"item\":\"https:\/\/horticom.ee\/e-pood\/pood\/\"},{\"@type\":\"ListItem\",\"position\":3,\"name\":\"Pikaajaline v\u00e4etis k\u00f5ikidele okaspuudele ja igihaljastele taimedele 6-kuud Compo 850g\"}]},{\"@type\":\"WebSite\",\"@id\":\"https:\/\/horticom.ee\/e-pood\/#website\",\"url\":\"https:\/\/horticom.ee\/e-pood\/\",\"name\":\"Horticom.ee\",\"description\":\"Aianduskaubad ja kodukaubad nii harrastajatele kui professionaalidele\",\"potentialAction\":[{\"@type\":\"SearchAction\",\"target\":{\"@type\":\"EntryPoint\",\"urlTemplate\":\"https:\/\/horticom.ee\/e-pood\/?s={search_term_string}\"},\"query-input\":{\"@type\":\"PropertyValueSpecification\",\"valueRequired\":true,\"valueName\":\"search_term_string\"}}],\"inLanguage\":\"ru-RU\"}]}<\/script>\n<!-- \/ Yoast SEO plugin. -->","yoast_head_json":{"title":"Pikaajaline v\u00e4etis k\u00f5ikidele okaspuudele ja igihaljastele taimedele 6-kuud Compo 850g - Horticom","robots":{"index":"index","follow":"follow","max-snippet":"max-snippet:-1","max-image-preview":"max-image-preview:large","max-video-preview":"max-video-preview:-1"},"canonical":"https:\/\/horticom.ee\/e-pood\/toode\/pikaajaline-vaetis-koikidele-okaspuudele-ja-igihaljastele-taimedele-6-kuud-compo-850g\/","og_locale":"ru_RU","og_type":"article","og_title":"Pikaajaline v\u00e4etis k\u00f5ikidele okaspuudele ja igihaljastele taimedele 6-kuud Compo 850g - Horticom","og_description":"Sobib ideaalselt igat t\u00fc\u00fcpi okaspuudele nagu kuused, lehised, kadakad, m\u00e4nnid, k\u00fcpressid, seedrid ja erinevad igihaljad taimed. Spetsiaalne toitainete kooslus v\u00e4etises vastab t\u00e4pselt k\u00f5ikide oskaspuude ja igihaljaste taimede vajadustele. Selle tulemusena on taimed terve ja tugeva kasvuga, vastupidavamad erinevatele haigustele ja okaste kolletumisele. Tasakaalustatud toitainete vahekord stimuleerib juurestiku arengut. Piisab vaid \u00fchest v\u00e4etamiskorrast hooajal. V\u00e4etise \u00fchtlane [&hellip;]","og_url":"https:\/\/horticom.ee\/e-pood\/toode\/pikaajaline-vaetis-koikidele-okaspuudele-ja-igihaljastele-taimedele-6-kuud-compo-850g\/","og_site_name":"Horticom.ee","article_publisher":"https:\/\/www.facebook.com\/horticom.ee\/e-pood","article_modified_time":"2026-04-28T00:10:39+00:00","og_image":[{"width":1000,"height":1414,"url":"https:\/\/horticom.ee\/e-pood\/wp-content\/uploads\/importedmedia\/product-2023395_0-6701554.jpg","type":"image\/jpeg"}],"twitter_card":"summary_large_image","schema":{"@context":"https:\/\/schema.org","@graph":[{"@type":"WebPage","@id":"https:\/\/horticom.ee\/e-pood\/toode\/pikaajaline-vaetis-koikidele-okaspuudele-ja-igihaljastele-taimedele-6-kuud-compo-850g\/","url":"https:\/\/horticom.ee\/e-pood\/toode\/pikaajaline-vaetis-koikidele-okaspuudele-ja-igihaljastele-taimedele-6-kuud-compo-850g\/","name":"Pikaajaline v\u00e4etis k\u00f5ikidele okaspuudele ja igihaljastele taimedele 6-kuud Compo 850g - Horticom","isPartOf":{"@id":"https:\/\/horticom.ee\/e-pood\/#website"},"primaryImageOfPage":{"@id":"https:\/\/horticom.ee\/e-pood\/toode\/pikaajaline-vaetis-koikidele-okaspuudele-ja-igihaljastele-taimedele-6-kuud-compo-850g\/#primaryimage"},"image":{"@id":"https:\/\/horticom.ee\/e-pood\/toode\/pikaajaline-vaetis-koikidele-okaspuudele-ja-igihaljastele-taimedele-6-kuud-compo-850g\/#primaryimage"},"thumbnailUrl":"https:\/\/horticom.ee\/e-pood\/wp-content\/uploads\/importedmedia\/product-2023395_0-6701554.jpg","datePublished":"2024-01-02T01:00:54+00:00","dateModified":"2026-04-28T00:10:39+00:00","breadcrumb":{"@id":"https:\/\/horticom.ee\/e-pood\/toode\/pikaajaline-vaetis-koikidele-okaspuudele-ja-igihaljastele-taimedele-6-kuud-compo-850g\/#breadcrumb"},"inLanguage":"ru-RU","potentialAction":[{"@type":"ReadAction","target":["https:\/\/horticom.ee\/e-pood\/toode\/pikaajaline-vaetis-koikidele-okaspuudele-ja-igihaljastele-taimedele-6-kuud-compo-850g\/"]}]},{"@type":"ImageObject","inLanguage":"ru-RU","@id":"https:\/\/horticom.ee\/e-pood\/toode\/pikaajaline-vaetis-koikidele-okaspuudele-ja-igihaljastele-taimedele-6-kuud-compo-850g\/#primaryimage","url":"https:\/\/horticom.ee\/e-pood\/wp-content\/uploads\/importedmedia\/product-2023395_0-6701554.jpg","contentUrl":"https:\/\/horticom.ee\/e-pood\/wp-content\/uploads\/importedmedia\/product-2023395_0-6701554.jpg","width":1000,"height":1414},{"@type":"BreadcrumbList","@id":"https:\/\/horticom.ee\/e-pood\/toode\/pikaajaline-vaetis-koikidele-okaspuudele-ja-igihaljastele-taimedele-6-kuud-compo-850g\/#breadcrumb","itemListElement":[{"@type":"ListItem","position":1,"name":"Home","item":"https:\/\/horticom.ee\/e-pood\/"},{"@type":"ListItem","position":2,"name":"Pood","item":"https:\/\/horticom.ee\/e-pood\/pood\/"},{"@type":"ListItem","position":3,"name":"Pikaajaline v\u00e4etis k\u00f5ikidele okaspuudele ja igihaljastele taimedele 6-kuud Compo 850g"}]},{"@type":"WebSite","@id":"https:\/\/horticom.ee\/e-pood\/#website","url":"https:\/\/horticom.ee\/e-pood\/","name":"Horticom.ee","description":"Aianduskaubad ja kodukaubad nii harrastajatele kui professionaalidele","potentialAction":[{"@type":"SearchAction","target":{"@type":"EntryPoint","urlTemplate":"https:\/\/horticom.ee\/e-pood\/?s={search_term_string}"},"query-input":{"@type":"PropertyValueSpecification","valueRequired":true,"valueName":"search_term_string"}}],"inLanguage":"ru-RU"}]}},"_links":{"self":[{"href":"https:\/\/horticom.ee\/e-pood\/ru\/wp-json\/wp\/v2\/product\/2023395","targetHints":{"allow":["GET"]}}],"collection":[{"href":"https:\/\/horticom.ee\/e-pood\/ru\/wp-json\/wp\/v2\/product"}],"about":[{"href":"https:\/\/horticom.ee\/e-pood\/ru\/wp-json\/wp\/v2\/types\/product"}],"replies":[{"embeddable":true,"href":"https:\/\/horticom.ee\/e-pood\/ru\/wp-json\/wp\/v2\/comments?post=2023395"}],"wp:featuredmedia":[{"embeddable":true,"href":"https:\/\/horticom.ee\/e-pood\/ru\/wp-json\/wp\/v2\/media\/2024719"}],"wp:attachment":[{"href":"https:\/\/horticom.ee\/e-pood\/ru\/wp-json\/wp\/v2\/media?parent=2023395"}],"wp:term":[{"taxonomy":"product_cat","embeddable":true,"href":"https:\/\/horticom.ee\/e-pood\/ru\/wp-json\/wp\/v2\/product_cat?post=2023395"},{"taxonomy":"product_tag","embeddable":true,"href":"https:\/\/horticom.ee\/e-pood\/ru\/wp-json\/wp\/v2\/product_tag?post=2023395"}],"curies":[{"name":"wp","href":"https:\/\/api.w.org\/{rel}","templated":true}]}}