{"id":2023401,"date":"2024-01-02T03:00:56","date_gmt":"2024-01-02T01:00:56","guid":{"rendered":"https:\/\/horticom.ee\/e-pood\/toode\/istutuspott-savist-levante-d-21-x-18cm-hallikaspruun-1tk\/"},"modified":"2026-05-04T13:09:13","modified_gmt":"2026-05-04T10:09:13","slug":"istutuspott-savist-levante-d-21-x-18cm-hallikaspruun-1tk","status":"publish","type":"product","link":"https:\/\/horticom.ee\/e-pood\/ru\/toode\/istutuspott-savist-levante-d-21-x-18cm-hallikaspruun-1tk\/","title":{"rendered":"Istutuspott savist Levante d 21 x 18cm hallikaspruun 1tk"},"content":{"rendered":"<p>Levante on kaasaegse v\u00e4rvilahenduse kuid klassikaline disainiga k\u00fclmakindel savist istutuspott. Talvel talub \u201320C aga kui pott ei ole m\u00e4rg s.t et ei kasteta v\u00f5i ei ole vihma k\u00e4es ning on \u00f5ues varju all siis kuni \u201330C.<br \/>\nSobiv istutuspoti alus 65801554  XLU Basalt d 14cm hallikaspruun<\/p>\n","protected":false},"excerpt":{"rendered":"<p>Levante on kaasaegse v\u00e4rvilahenduse kuid klassikaline disainiga k\u00fclmakindel savist istutuspott. Talvel talub \u201320C aga kui pott ei ole m\u00e4rg s.t et ei kasteta v\u00f5i ei ole vihma k\u00e4es ning on \u00f5ues varju all siis kuni \u201330C. Sobiv istutuspoti alus 65801554 XLU Basalt d 14cm hallikaspruun<\/p>\n","protected":false},"featured_media":2378126,"comment_status":"closed","ping_status":"closed","template":"","meta":{"_themeisle_gutenberg_block_has_review":false},"product_cat":[13440],"product_tag":[],"class_list":{"0":"post-2023401","1":"product","2":"type-product","3":"status-publish","4":"has-post-thumbnail","6":"product_cat-savipotid","8":"first","9":"instock","10":"shipping-taxable","11":"purchasable","12":"product-type-simple"},"yoast_head":"<!-- This site is optimized with the Yoast SEO plugin v24.0 - https:\/\/yoast.com\/wordpress\/plugins\/seo\/ -->\n<title>Istutuspott savist Levante d 21 x 18cm hallikaspruun 1tk - Horticom<\/title>\n<meta name=\"robots\" content=\"index, follow, max-snippet:-1, max-image-preview:large, max-video-preview:-1\" \/>\n<link rel=\"canonical\" href=\"https:\/\/horticom.ee\/e-pood\/toode\/istutuspott-savist-levante-d-21-x-18cm-hallikaspruun-1tk\/\" \/>\n<meta property=\"og:locale\" content=\"ru_RU\" \/>\n<meta property=\"og:type\" content=\"article\" \/>\n<meta property=\"og:title\" content=\"Istutuspott savist Levante d 21 x 18cm hallikaspruun 1tk - Horticom\" \/>\n<meta property=\"og:description\" content=\"Levante on kaasaegse v\u00e4rvilahenduse kuid klassikaline disainiga k\u00fclmakindel savist istutuspott. Talvel talub \u201320C aga kui pott ei ole m\u00e4rg s.t et ei kasteta v\u00f5i ei ole vihma k\u00e4es ning on \u00f5ues varju all siis kuni \u201330C. Sobiv istutuspoti alus 65801554 XLU Basalt d 14cm hallikaspruun\" \/>\n<meta property=\"og:url\" content=\"https:\/\/horticom.ee\/e-pood\/toode\/istutuspott-savist-levante-d-21-x-18cm-hallikaspruun-1tk\/\" \/>\n<meta property=\"og:site_name\" content=\"Horticom.ee\" \/>\n<meta property=\"article:publisher\" content=\"https:\/\/www.facebook.com\/horticom.ee\/e-pood\" \/>\n<meta property=\"article:modified_time\" content=\"2026-05-04T10:09:13+00:00\" \/>\n<meta property=\"og:image\" content=\"https:\/\/horticom.ee\/e-pood\/wp-content\/uploads\/importedmedia\/product-2023401_0-65801059.jpg\" \/>\n\t<meta property=\"og:image:width\" content=\"1000\" \/>\n\t<meta property=\"og:image:height\" content=\"914\" \/>\n\t<meta property=\"og:image:type\" content=\"image\/jpeg\" \/>\n<meta name=\"twitter:card\" content=\"summary_large_image\" \/>\n<script type=\"application\/ld+json\" class=\"yoast-schema-graph\">{\"@context\":\"https:\/\/schema.org\",\"@graph\":[{\"@type\":\"WebPage\",\"@id\":\"https:\/\/horticom.ee\/e-pood\/toode\/istutuspott-savist-levante-d-21-x-18cm-hallikaspruun-1tk\/\",\"url\":\"https:\/\/horticom.ee\/e-pood\/toode\/istutuspott-savist-levante-d-21-x-18cm-hallikaspruun-1tk\/\",\"name\":\"Istutuspott savist Levante d 21 x 18cm hallikaspruun 1tk - Horticom\",\"isPartOf\":{\"@id\":\"https:\/\/horticom.ee\/e-pood\/#website\"},\"primaryImageOfPage\":{\"@id\":\"https:\/\/horticom.ee\/e-pood\/toode\/istutuspott-savist-levante-d-21-x-18cm-hallikaspruun-1tk\/#primaryimage\"},\"image\":{\"@id\":\"https:\/\/horticom.ee\/e-pood\/toode\/istutuspott-savist-levante-d-21-x-18cm-hallikaspruun-1tk\/#primaryimage\"},\"thumbnailUrl\":\"https:\/\/horticom.ee\/e-pood\/wp-content\/uploads\/importedmedia\/product-2023401_0-65801059.jpg\",\"datePublished\":\"2024-01-02T01:00:56+00:00\",\"dateModified\":\"2026-05-04T10:09:13+00:00\",\"breadcrumb\":{\"@id\":\"https:\/\/horticom.ee\/e-pood\/toode\/istutuspott-savist-levante-d-21-x-18cm-hallikaspruun-1tk\/#breadcrumb\"},\"inLanguage\":\"ru-RU\",\"potentialAction\":[{\"@type\":\"ReadAction\",\"target\":[\"https:\/\/horticom.ee\/e-pood\/toode\/istutuspott-savist-levante-d-21-x-18cm-hallikaspruun-1tk\/\"]}]},{\"@type\":\"ImageObject\",\"inLanguage\":\"ru-RU\",\"@id\":\"https:\/\/horticom.ee\/e-pood\/toode\/istutuspott-savist-levante-d-21-x-18cm-hallikaspruun-1tk\/#primaryimage\",\"url\":\"https:\/\/horticom.ee\/e-pood\/wp-content\/uploads\/importedmedia\/product-2023401_0-65801059.jpg\",\"contentUrl\":\"https:\/\/horticom.ee\/e-pood\/wp-content\/uploads\/importedmedia\/product-2023401_0-65801059.jpg\",\"width\":1000,\"height\":914},{\"@type\":\"BreadcrumbList\",\"@id\":\"https:\/\/horticom.ee\/e-pood\/toode\/istutuspott-savist-levante-d-21-x-18cm-hallikaspruun-1tk\/#breadcrumb\",\"itemListElement\":[{\"@type\":\"ListItem\",\"position\":1,\"name\":\"Home\",\"item\":\"https:\/\/horticom.ee\/e-pood\/\"},{\"@type\":\"ListItem\",\"position\":2,\"name\":\"Pood\",\"item\":\"https:\/\/horticom.ee\/e-pood\/pood\/\"},{\"@type\":\"ListItem\",\"position\":3,\"name\":\"Istutuspott savist Levante d 21 x 18cm hallikaspruun 1tk\"}]},{\"@type\":\"WebSite\",\"@id\":\"https:\/\/horticom.ee\/e-pood\/#website\",\"url\":\"https:\/\/horticom.ee\/e-pood\/\",\"name\":\"Horticom.ee\",\"description\":\"Aianduskaubad ja kodukaubad nii harrastajatele kui professionaalidele\",\"potentialAction\":[{\"@type\":\"SearchAction\",\"target\":{\"@type\":\"EntryPoint\",\"urlTemplate\":\"https:\/\/horticom.ee\/e-pood\/?s={search_term_string}\"},\"query-input\":{\"@type\":\"PropertyValueSpecification\",\"valueRequired\":true,\"valueName\":\"search_term_string\"}}],\"inLanguage\":\"ru-RU\"}]}<\/script>\n<!-- \/ Yoast SEO plugin. -->","yoast_head_json":{"title":"Istutuspott savist Levante d 21 x 18cm hallikaspruun 1tk - Horticom","robots":{"index":"index","follow":"follow","max-snippet":"max-snippet:-1","max-image-preview":"max-image-preview:large","max-video-preview":"max-video-preview:-1"},"canonical":"https:\/\/horticom.ee\/e-pood\/toode\/istutuspott-savist-levante-d-21-x-18cm-hallikaspruun-1tk\/","og_locale":"ru_RU","og_type":"article","og_title":"Istutuspott savist Levante d 21 x 18cm hallikaspruun 1tk - Horticom","og_description":"Levante on kaasaegse v\u00e4rvilahenduse kuid klassikaline disainiga k\u00fclmakindel savist istutuspott. Talvel talub \u201320C aga kui pott ei ole m\u00e4rg s.t et ei kasteta v\u00f5i ei ole vihma k\u00e4es ning on \u00f5ues varju all siis kuni \u201330C. Sobiv istutuspoti alus 65801554 XLU Basalt d 14cm hallikaspruun","og_url":"https:\/\/horticom.ee\/e-pood\/toode\/istutuspott-savist-levante-d-21-x-18cm-hallikaspruun-1tk\/","og_site_name":"Horticom.ee","article_publisher":"https:\/\/www.facebook.com\/horticom.ee\/e-pood","article_modified_time":"2026-05-04T10:09:13+00:00","og_image":[{"width":1000,"height":914,"url":"https:\/\/horticom.ee\/e-pood\/wp-content\/uploads\/importedmedia\/product-2023401_0-65801059.jpg","type":"image\/jpeg"}],"twitter_card":"summary_large_image","schema":{"@context":"https:\/\/schema.org","@graph":[{"@type":"WebPage","@id":"https:\/\/horticom.ee\/e-pood\/toode\/istutuspott-savist-levante-d-21-x-18cm-hallikaspruun-1tk\/","url":"https:\/\/horticom.ee\/e-pood\/toode\/istutuspott-savist-levante-d-21-x-18cm-hallikaspruun-1tk\/","name":"Istutuspott savist Levante d 21 x 18cm hallikaspruun 1tk - Horticom","isPartOf":{"@id":"https:\/\/horticom.ee\/e-pood\/#website"},"primaryImageOfPage":{"@id":"https:\/\/horticom.ee\/e-pood\/toode\/istutuspott-savist-levante-d-21-x-18cm-hallikaspruun-1tk\/#primaryimage"},"image":{"@id":"https:\/\/horticom.ee\/e-pood\/toode\/istutuspott-savist-levante-d-21-x-18cm-hallikaspruun-1tk\/#primaryimage"},"thumbnailUrl":"https:\/\/horticom.ee\/e-pood\/wp-content\/uploads\/importedmedia\/product-2023401_0-65801059.jpg","datePublished":"2024-01-02T01:00:56+00:00","dateModified":"2026-05-04T10:09:13+00:00","breadcrumb":{"@id":"https:\/\/horticom.ee\/e-pood\/toode\/istutuspott-savist-levante-d-21-x-18cm-hallikaspruun-1tk\/#breadcrumb"},"inLanguage":"ru-RU","potentialAction":[{"@type":"ReadAction","target":["https:\/\/horticom.ee\/e-pood\/toode\/istutuspott-savist-levante-d-21-x-18cm-hallikaspruun-1tk\/"]}]},{"@type":"ImageObject","inLanguage":"ru-RU","@id":"https:\/\/horticom.ee\/e-pood\/toode\/istutuspott-savist-levante-d-21-x-18cm-hallikaspruun-1tk\/#primaryimage","url":"https:\/\/horticom.ee\/e-pood\/wp-content\/uploads\/importedmedia\/product-2023401_0-65801059.jpg","contentUrl":"https:\/\/horticom.ee\/e-pood\/wp-content\/uploads\/importedmedia\/product-2023401_0-65801059.jpg","width":1000,"height":914},{"@type":"BreadcrumbList","@id":"https:\/\/horticom.ee\/e-pood\/toode\/istutuspott-savist-levante-d-21-x-18cm-hallikaspruun-1tk\/#breadcrumb","itemListElement":[{"@type":"ListItem","position":1,"name":"Home","item":"https:\/\/horticom.ee\/e-pood\/"},{"@type":"ListItem","position":2,"name":"Pood","item":"https:\/\/horticom.ee\/e-pood\/pood\/"},{"@type":"ListItem","position":3,"name":"Istutuspott savist Levante d 21 x 18cm hallikaspruun 1tk"}]},{"@type":"WebSite","@id":"https:\/\/horticom.ee\/e-pood\/#website","url":"https:\/\/horticom.ee\/e-pood\/","name":"Horticom.ee","description":"Aianduskaubad ja kodukaubad nii harrastajatele kui professionaalidele","potentialAction":[{"@type":"SearchAction","target":{"@type":"EntryPoint","urlTemplate":"https:\/\/horticom.ee\/e-pood\/?s={search_term_string}"},"query-input":{"@type":"PropertyValueSpecification","valueRequired":true,"valueName":"search_term_string"}}],"inLanguage":"ru-RU"}]}},"_links":{"self":[{"href":"https:\/\/horticom.ee\/e-pood\/ru\/wp-json\/wp\/v2\/product\/2023401","targetHints":{"allow":["GET"]}}],"collection":[{"href":"https:\/\/horticom.ee\/e-pood\/ru\/wp-json\/wp\/v2\/product"}],"about":[{"href":"https:\/\/horticom.ee\/e-pood\/ru\/wp-json\/wp\/v2\/types\/product"}],"replies":[{"embeddable":true,"href":"https:\/\/horticom.ee\/e-pood\/ru\/wp-json\/wp\/v2\/comments?post=2023401"}],"wp:featuredmedia":[{"embeddable":true,"href":"https:\/\/horticom.ee\/e-pood\/ru\/wp-json\/wp\/v2\/media\/2378126"}],"wp:attachment":[{"href":"https:\/\/horticom.ee\/e-pood\/ru\/wp-json\/wp\/v2\/media?parent=2023401"}],"wp:term":[{"taxonomy":"product_cat","embeddable":true,"href":"https:\/\/horticom.ee\/e-pood\/ru\/wp-json\/wp\/v2\/product_cat?post=2023401"},{"taxonomy":"product_tag","embeddable":true,"href":"https:\/\/horticom.ee\/e-pood\/ru\/wp-json\/wp\/v2\/product_tag?post=2023401"}],"curies":[{"name":"wp","href":"https:\/\/api.w.org\/{rel}","templated":true}]}}