{"id":2023495,"date":"2024-01-02T03:01:29","date_gmt":"2024-01-02T01:01:29","guid":{"rendered":"https:\/\/horticom.ee\/e-pood\/toode\/plastikadapter-ecoturbo-trap-isetehtavate-puuniste-tegemiseks-teod-nalkjad-roheline-3tk-pk\/"},"modified":"2026-04-20T03:15:11","modified_gmt":"2026-04-20T00:15:11","slug":"plastikadapter-ecoturbo-trap-isetehtavate-puuniste-tegemiseks-teod-nalkjad-roheline-3tk-pk","status":"publish","type":"product","link":"https:\/\/horticom.ee\/e-pood\/ru\/toode\/plastikadapter-ecoturbo-trap-isetehtavate-puuniste-tegemiseks-teod-nalkjad-roheline-3tk-pk\/","title":{"rendered":"Plastikadapter EcoTurbo Trap isetehtavate p\u00fc\u00fcniste tegemiseks teod n\u00e4lkjad roheline 3tk\/pk"},"content":{"rendered":"<p>Lihtne, efektiivne ja korduvkasutatav. V\u00f5imalus valmistada 3 l\u00f5ksu korraga! \u00d6koloogiline ja universaalne plastikadapter Eco Turbo Trap aitab p\u00fc\u00fcda tigusid ja n\u00e4lkjaid, kaitseb k\u00f6\u00f6givilju, taimi tigude r\u00fcnnakute eest, sobib ka hispaania teeteo l\u00f5ksuks. Ohutu kasutada laste ja lemmikloomade l\u00e4heduses, adapter kaitseb s\u00f6\u00f6ta kehvade ilmastikuolude eest. On loodud sobima erineva suurusega purkide\/plastpudelite\/konteineritega, mille l\u00e4bim\u00f5\u00f5t j\u00e4\u00e4b vahemikku 60-118mm. P\u00fc\u00fcnis ei sisalda atraktanti. S\u00f6\u00f6daks sobib: \u00f5lu, vesi suhkur, jahu ja p\u00e4rm. *n\u00e4lkjate ja tigude s\u00f6\u00f6t (Swissinno Natural Control).<\/p>\n","protected":false},"excerpt":{"rendered":"<p>Lihtne, efektiivne ja korduvkasutatav. V\u00f5imalus valmistada 3 l\u00f5ksu korraga! \u00d6koloogiline ja universaalne plastikadapter Eco Turbo Trap aitab p\u00fc\u00fcda tigusid ja n\u00e4lkjaid, kaitseb k\u00f6\u00f6givilju, taimi tigude r\u00fcnnakute eest, sobib ka hispaania teeteo l\u00f5ksuks. Ohutu kasutada laste ja lemmikloomade l\u00e4heduses, adapter kaitseb s\u00f6\u00f6ta kehvade ilmastikuolude eest. On loodud sobima erineva suurusega purkide\/plastpudelite\/konteineritega, mille l\u00e4bim\u00f5\u00f5t j\u00e4\u00e4b vahemikku 60-118mm. [&hellip;]<\/p>\n","protected":false},"featured_media":2382120,"comment_status":"closed","ping_status":"closed","template":"","meta":{"_themeisle_gutenberg_block_has_review":false},"product_cat":[18563,13595],"product_tag":[],"class_list":{"0":"post-2023495","1":"product","2":"type-product","3":"status-publish","4":"has-post-thumbnail","6":"product_cat-lopumuugitooted","7":"product_cat-teod","9":"first","10":"instock","11":"sale","12":"shipping-taxable","13":"purchasable","14":"product-type-simple"},"yoast_head":"<!-- This site is optimized with the Yoast SEO plugin v24.0 - https:\/\/yoast.com\/wordpress\/plugins\/seo\/ -->\n<title>Adapter EcoTurbo Trap p\u00fc\u00fcniste tegemiseks teod n\u00e4lkjad<\/title>\n<meta name=\"description\" content=\"Eco Turbo Trap on efektiivne ja korduvkasutatav p\u00fc\u00fcnis tigudele ja n\u00e4lkjatele. Sobib purkidele\/pudelitele, ohutu lastele ja lemmikloomadele.\" \/>\n<meta name=\"robots\" content=\"index, follow, max-snippet:-1, max-image-preview:large, max-video-preview:-1\" \/>\n<link rel=\"canonical\" href=\"https:\/\/horticom.ee\/e-pood\/toode\/plastikadapter-ecoturbo-trap-isetehtavate-puuniste-tegemiseks-teod-nalkjad-roheline-3tk-pk\/\" \/>\n<meta property=\"og:locale\" content=\"ru_RU\" \/>\n<meta property=\"og:type\" content=\"article\" \/>\n<meta property=\"og:title\" content=\"Adapter EcoTurbo Trap p\u00fc\u00fcniste tegemiseks teod n\u00e4lkjad\" \/>\n<meta property=\"og:description\" content=\"Eco Turbo Trap on efektiivne ja korduvkasutatav p\u00fc\u00fcnis tigudele ja n\u00e4lkjatele. Sobib purkidele\/pudelitele, ohutu lastele ja lemmikloomadele.\" \/>\n<meta property=\"og:url\" content=\"https:\/\/horticom.ee\/e-pood\/toode\/plastikadapter-ecoturbo-trap-isetehtavate-puuniste-tegemiseks-teod-nalkjad-roheline-3tk-pk\/\" \/>\n<meta property=\"og:site_name\" content=\"Horticom.ee\" \/>\n<meta property=\"article:publisher\" content=\"https:\/\/www.facebook.com\/horticom.ee\/e-pood\" \/>\n<meta property=\"article:modified_time\" content=\"2026-04-20T00:15:11+00:00\" \/>\n<meta property=\"og:image\" content=\"https:\/\/horticom.ee\/e-pood\/wp-content\/uploads\/importedmedia\/product-2023495_0-P060902.jpg\" \/>\n\t<meta property=\"og:image:width\" content=\"999\" \/>\n\t<meta property=\"og:image:height\" content=\"606\" \/>\n\t<meta property=\"og:image:type\" content=\"image\/jpeg\" \/>\n<meta name=\"twitter:card\" content=\"summary_large_image\" \/>\n<meta name=\"twitter:label1\" content=\"\u041f\u0440\u0438\u043c\u0435\u0440\u043d\u043e\u0435 \u0432\u0440\u0435\u043c\u044f \u0434\u043b\u044f \u0447\u0442\u0435\u043d\u0438\u044f\" \/>\n\t<meta name=\"twitter:data1\" content=\"1 \u043c\u0438\u043d\u0443\u0442\u0430\" \/>\n<script type=\"application\/ld+json\" class=\"yoast-schema-graph\">{\"@context\":\"https:\/\/schema.org\",\"@graph\":[{\"@type\":\"WebPage\",\"@id\":\"https:\/\/horticom.ee\/e-pood\/toode\/plastikadapter-ecoturbo-trap-isetehtavate-puuniste-tegemiseks-teod-nalkjad-roheline-3tk-pk\/\",\"url\":\"https:\/\/horticom.ee\/e-pood\/toode\/plastikadapter-ecoturbo-trap-isetehtavate-puuniste-tegemiseks-teod-nalkjad-roheline-3tk-pk\/\",\"name\":\"Adapter EcoTurbo Trap p\u00fc\u00fcniste tegemiseks teod n\u00e4lkjad\",\"isPartOf\":{\"@id\":\"https:\/\/horticom.ee\/e-pood\/#website\"},\"primaryImageOfPage\":{\"@id\":\"https:\/\/horticom.ee\/e-pood\/toode\/plastikadapter-ecoturbo-trap-isetehtavate-puuniste-tegemiseks-teod-nalkjad-roheline-3tk-pk\/#primaryimage\"},\"image\":{\"@id\":\"https:\/\/horticom.ee\/e-pood\/toode\/plastikadapter-ecoturbo-trap-isetehtavate-puuniste-tegemiseks-teod-nalkjad-roheline-3tk-pk\/#primaryimage\"},\"thumbnailUrl\":\"https:\/\/horticom.ee\/e-pood\/wp-content\/uploads\/importedmedia\/product-2023495_0-P060902.jpg\",\"datePublished\":\"2024-01-02T01:01:29+00:00\",\"dateModified\":\"2026-04-20T00:15:11+00:00\",\"description\":\"Eco Turbo Trap on efektiivne ja korduvkasutatav p\u00fc\u00fcnis tigudele ja n\u00e4lkjatele. Sobib purkidele\/pudelitele, ohutu lastele ja lemmikloomadele.\",\"breadcrumb\":{\"@id\":\"https:\/\/horticom.ee\/e-pood\/toode\/plastikadapter-ecoturbo-trap-isetehtavate-puuniste-tegemiseks-teod-nalkjad-roheline-3tk-pk\/#breadcrumb\"},\"inLanguage\":\"ru-RU\",\"potentialAction\":[{\"@type\":\"ReadAction\",\"target\":[\"https:\/\/horticom.ee\/e-pood\/toode\/plastikadapter-ecoturbo-trap-isetehtavate-puuniste-tegemiseks-teod-nalkjad-roheline-3tk-pk\/\"]}]},{\"@type\":\"ImageObject\",\"inLanguage\":\"ru-RU\",\"@id\":\"https:\/\/horticom.ee\/e-pood\/toode\/plastikadapter-ecoturbo-trap-isetehtavate-puuniste-tegemiseks-teod-nalkjad-roheline-3tk-pk\/#primaryimage\",\"url\":\"https:\/\/horticom.ee\/e-pood\/wp-content\/uploads\/importedmedia\/product-2023495_0-P060902.jpg\",\"contentUrl\":\"https:\/\/horticom.ee\/e-pood\/wp-content\/uploads\/importedmedia\/product-2023495_0-P060902.jpg\",\"width\":999,\"height\":606},{\"@type\":\"BreadcrumbList\",\"@id\":\"https:\/\/horticom.ee\/e-pood\/toode\/plastikadapter-ecoturbo-trap-isetehtavate-puuniste-tegemiseks-teod-nalkjad-roheline-3tk-pk\/#breadcrumb\",\"itemListElement\":[{\"@type\":\"ListItem\",\"position\":1,\"name\":\"Home\",\"item\":\"https:\/\/horticom.ee\/e-pood\/\"},{\"@type\":\"ListItem\",\"position\":2,\"name\":\"Pood\",\"item\":\"https:\/\/horticom.ee\/e-pood\/pood\/\"},{\"@type\":\"ListItem\",\"position\":3,\"name\":\"Plastikadapter EcoTurbo Trap isetehtavate p\u00fc\u00fcniste tegemiseks teod n\u00e4lkjad roheline 3tk\/pk\"}]},{\"@type\":\"WebSite\",\"@id\":\"https:\/\/horticom.ee\/e-pood\/#website\",\"url\":\"https:\/\/horticom.ee\/e-pood\/\",\"name\":\"Horticom.ee\",\"description\":\"Aianduskaubad ja kodukaubad nii harrastajatele kui professionaalidele\",\"potentialAction\":[{\"@type\":\"SearchAction\",\"target\":{\"@type\":\"EntryPoint\",\"urlTemplate\":\"https:\/\/horticom.ee\/e-pood\/?s={search_term_string}\"},\"query-input\":{\"@type\":\"PropertyValueSpecification\",\"valueRequired\":true,\"valueName\":\"search_term_string\"}}],\"inLanguage\":\"ru-RU\"}]}<\/script>\n<!-- \/ Yoast SEO plugin. -->","yoast_head_json":{"title":"Adapter EcoTurbo Trap p\u00fc\u00fcniste tegemiseks teod n\u00e4lkjad","description":"Eco Turbo Trap on efektiivne ja korduvkasutatav p\u00fc\u00fcnis tigudele ja n\u00e4lkjatele. Sobib purkidele\/pudelitele, ohutu lastele ja lemmikloomadele.","robots":{"index":"index","follow":"follow","max-snippet":"max-snippet:-1","max-image-preview":"max-image-preview:large","max-video-preview":"max-video-preview:-1"},"canonical":"https:\/\/horticom.ee\/e-pood\/toode\/plastikadapter-ecoturbo-trap-isetehtavate-puuniste-tegemiseks-teod-nalkjad-roheline-3tk-pk\/","og_locale":"ru_RU","og_type":"article","og_title":"Adapter EcoTurbo Trap p\u00fc\u00fcniste tegemiseks teod n\u00e4lkjad","og_description":"Eco Turbo Trap on efektiivne ja korduvkasutatav p\u00fc\u00fcnis tigudele ja n\u00e4lkjatele. Sobib purkidele\/pudelitele, ohutu lastele ja lemmikloomadele.","og_url":"https:\/\/horticom.ee\/e-pood\/toode\/plastikadapter-ecoturbo-trap-isetehtavate-puuniste-tegemiseks-teod-nalkjad-roheline-3tk-pk\/","og_site_name":"Horticom.ee","article_publisher":"https:\/\/www.facebook.com\/horticom.ee\/e-pood","article_modified_time":"2026-04-20T00:15:11+00:00","og_image":[{"width":999,"height":606,"url":"https:\/\/horticom.ee\/e-pood\/wp-content\/uploads\/importedmedia\/product-2023495_0-P060902.jpg","type":"image\/jpeg"}],"twitter_card":"summary_large_image","twitter_misc":{"\u041f\u0440\u0438\u043c\u0435\u0440\u043d\u043e\u0435 \u0432\u0440\u0435\u043c\u044f \u0434\u043b\u044f \u0447\u0442\u0435\u043d\u0438\u044f":"1 \u043c\u0438\u043d\u0443\u0442\u0430"},"schema":{"@context":"https:\/\/schema.org","@graph":[{"@type":"WebPage","@id":"https:\/\/horticom.ee\/e-pood\/toode\/plastikadapter-ecoturbo-trap-isetehtavate-puuniste-tegemiseks-teod-nalkjad-roheline-3tk-pk\/","url":"https:\/\/horticom.ee\/e-pood\/toode\/plastikadapter-ecoturbo-trap-isetehtavate-puuniste-tegemiseks-teod-nalkjad-roheline-3tk-pk\/","name":"Adapter EcoTurbo Trap p\u00fc\u00fcniste tegemiseks teod n\u00e4lkjad","isPartOf":{"@id":"https:\/\/horticom.ee\/e-pood\/#website"},"primaryImageOfPage":{"@id":"https:\/\/horticom.ee\/e-pood\/toode\/plastikadapter-ecoturbo-trap-isetehtavate-puuniste-tegemiseks-teod-nalkjad-roheline-3tk-pk\/#primaryimage"},"image":{"@id":"https:\/\/horticom.ee\/e-pood\/toode\/plastikadapter-ecoturbo-trap-isetehtavate-puuniste-tegemiseks-teod-nalkjad-roheline-3tk-pk\/#primaryimage"},"thumbnailUrl":"https:\/\/horticom.ee\/e-pood\/wp-content\/uploads\/importedmedia\/product-2023495_0-P060902.jpg","datePublished":"2024-01-02T01:01:29+00:00","dateModified":"2026-04-20T00:15:11+00:00","description":"Eco Turbo Trap on efektiivne ja korduvkasutatav p\u00fc\u00fcnis tigudele ja n\u00e4lkjatele. Sobib purkidele\/pudelitele, ohutu lastele ja lemmikloomadele.","breadcrumb":{"@id":"https:\/\/horticom.ee\/e-pood\/toode\/plastikadapter-ecoturbo-trap-isetehtavate-puuniste-tegemiseks-teod-nalkjad-roheline-3tk-pk\/#breadcrumb"},"inLanguage":"ru-RU","potentialAction":[{"@type":"ReadAction","target":["https:\/\/horticom.ee\/e-pood\/toode\/plastikadapter-ecoturbo-trap-isetehtavate-puuniste-tegemiseks-teod-nalkjad-roheline-3tk-pk\/"]}]},{"@type":"ImageObject","inLanguage":"ru-RU","@id":"https:\/\/horticom.ee\/e-pood\/toode\/plastikadapter-ecoturbo-trap-isetehtavate-puuniste-tegemiseks-teod-nalkjad-roheline-3tk-pk\/#primaryimage","url":"https:\/\/horticom.ee\/e-pood\/wp-content\/uploads\/importedmedia\/product-2023495_0-P060902.jpg","contentUrl":"https:\/\/horticom.ee\/e-pood\/wp-content\/uploads\/importedmedia\/product-2023495_0-P060902.jpg","width":999,"height":606},{"@type":"BreadcrumbList","@id":"https:\/\/horticom.ee\/e-pood\/toode\/plastikadapter-ecoturbo-trap-isetehtavate-puuniste-tegemiseks-teod-nalkjad-roheline-3tk-pk\/#breadcrumb","itemListElement":[{"@type":"ListItem","position":1,"name":"Home","item":"https:\/\/horticom.ee\/e-pood\/"},{"@type":"ListItem","position":2,"name":"Pood","item":"https:\/\/horticom.ee\/e-pood\/pood\/"},{"@type":"ListItem","position":3,"name":"Plastikadapter EcoTurbo Trap isetehtavate p\u00fc\u00fcniste tegemiseks teod n\u00e4lkjad roheline 3tk\/pk"}]},{"@type":"WebSite","@id":"https:\/\/horticom.ee\/e-pood\/#website","url":"https:\/\/horticom.ee\/e-pood\/","name":"Horticom.ee","description":"Aianduskaubad ja kodukaubad nii harrastajatele kui professionaalidele","potentialAction":[{"@type":"SearchAction","target":{"@type":"EntryPoint","urlTemplate":"https:\/\/horticom.ee\/e-pood\/?s={search_term_string}"},"query-input":{"@type":"PropertyValueSpecification","valueRequired":true,"valueName":"search_term_string"}}],"inLanguage":"ru-RU"}]}},"_links":{"self":[{"href":"https:\/\/horticom.ee\/e-pood\/ru\/wp-json\/wp\/v2\/product\/2023495","targetHints":{"allow":["GET"]}}],"collection":[{"href":"https:\/\/horticom.ee\/e-pood\/ru\/wp-json\/wp\/v2\/product"}],"about":[{"href":"https:\/\/horticom.ee\/e-pood\/ru\/wp-json\/wp\/v2\/types\/product"}],"replies":[{"embeddable":true,"href":"https:\/\/horticom.ee\/e-pood\/ru\/wp-json\/wp\/v2\/comments?post=2023495"}],"wp:featuredmedia":[{"embeddable":true,"href":"https:\/\/horticom.ee\/e-pood\/ru\/wp-json\/wp\/v2\/media\/2382120"}],"wp:attachment":[{"href":"https:\/\/horticom.ee\/e-pood\/ru\/wp-json\/wp\/v2\/media?parent=2023495"}],"wp:term":[{"taxonomy":"product_cat","embeddable":true,"href":"https:\/\/horticom.ee\/e-pood\/ru\/wp-json\/wp\/v2\/product_cat?post=2023495"},{"taxonomy":"product_tag","embeddable":true,"href":"https:\/\/horticom.ee\/e-pood\/ru\/wp-json\/wp\/v2\/product_tag?post=2023495"}],"curies":[{"name":"wp","href":"https:\/\/api.w.org\/{rel}","templated":true}]}}