{"id":2023497,"date":"2024-01-02T03:01:30","date_gmt":"2024-01-02T01:01:30","guid":{"rendered":"https:\/\/horticom.ee\/e-pood\/toode\/kasside-koerte-peletusgraanulid-horticom-1000ml\/"},"modified":"2026-05-03T22:26:13","modified_gmt":"2026-05-03T19:26:13","slug":"kasside-koerte-peletusgraanulid-horticom-1000ml","status":"publish","type":"product","link":"https:\/\/horticom.ee\/e-pood\/ru\/toode\/kasside-koerte-peletusgraanulid-horticom-1000ml\/","title":{"rendered":"Kasside-koerte peletusgraanulid Horticom 1000ml"},"content":{"rendered":"<p>Graanulid loovad pealekandmisel l\u00f5hna barj\u00e4\u00e4ri, mis on koertele ja kassidele eriti ebameeldiv. Selle tulemusel kassid ja koerad ei soovi l\u00e4bida ega j\u00e4\u00e4da t\u00f6\u00f6deldud alasse. Spetsiaalse koostisega naturaalsed graanulid on kahjutud p\u00f5llukultuuridele, murule ja taimedele, nende pealekandmine on lihtne ja mugav, seda ka t\u00e4nu praktilisele m\u00f5\u00f5tetopsile. V\u00f5ib kasutada mistahes kohas, kus esineb vajadus &#8211; murul, aias, haljastatud aladel jne.<\/p>\n","protected":false},"excerpt":{"rendered":"<p>Graanulid loovad pealekandmisel l\u00f5hna barj\u00e4\u00e4ri, mis on koertele ja kassidele eriti ebameeldiv. Selle tulemusel kassid ja koerad ei soovi l\u00e4bida ega j\u00e4\u00e4da t\u00f6\u00f6deldud alasse. Spetsiaalse koostisega naturaalsed graanulid on kahjutud p\u00f5llukultuuridele, murule ja taimedele, nende pealekandmine on lihtne ja mugav, seda ka t\u00e4nu praktilisele m\u00f5\u00f5tetopsile. V\u00f5ib kasutada mistahes kohas, kus esineb vajadus &#8211; murul, aias, [&hellip;]<\/p>\n","protected":false},"featured_media":2024521,"comment_status":"closed","ping_status":"closed","template":"","meta":{"_themeisle_gutenberg_block_has_review":false},"product_cat":[13591],"product_tag":[],"class_list":{"0":"post-2023497","1":"product","2":"type-product","3":"status-publish","4":"has-post-thumbnail","6":"product_cat-peletusvahendid-e-repellendid","8":"first","9":"instock","10":"shipping-taxable","11":"purchasable","12":"product-type-simple"},"yoast_head":"<!-- This site is optimized with the Yoast SEO plugin v24.0 - https:\/\/yoast.com\/wordpress\/plugins\/seo\/ -->\n<title>Kasside-koerte peletusgraanulid Horticom 1000ml<\/title>\n<meta name=\"description\" content=\"L\u00f5hnavad graanulid loovad haistmisbarj\u00e4\u00e4ri, mis on koertele ja kassidele ebameeldiv. Sobib aedadesse ja haljasaladele.\" \/>\n<meta name=\"robots\" content=\"index, follow, max-snippet:-1, max-image-preview:large, max-video-preview:-1\" \/>\n<link rel=\"canonical\" href=\"https:\/\/horticom.ee\/e-pood\/toode\/kasside-koerte-peletusgraanulid-horticom-1000ml\/\" \/>\n<meta property=\"og:locale\" content=\"ru_RU\" \/>\n<meta property=\"og:type\" content=\"article\" \/>\n<meta property=\"og:title\" content=\"Kasside-koerte peletusgraanulid Horticom 1000ml\" \/>\n<meta property=\"og:description\" content=\"L\u00f5hnavad graanulid loovad haistmisbarj\u00e4\u00e4ri, mis on koertele ja kassidele ebameeldiv. Sobib aedadesse ja haljasaladele.\" \/>\n<meta property=\"og:url\" content=\"https:\/\/horticom.ee\/e-pood\/toode\/kasside-koerte-peletusgraanulid-horticom-1000ml\/\" \/>\n<meta property=\"og:site_name\" content=\"Horticom.ee\" \/>\n<meta property=\"article:publisher\" content=\"https:\/\/www.facebook.com\/horticom.ee\/e-pood\" \/>\n<meta property=\"article:modified_time\" content=\"2026-05-03T19:26:13+00:00\" \/>\n<meta property=\"og:image\" content=\"https:\/\/horticom.ee\/e-pood\/wp-content\/uploads\/importedmedia\/product-2023497_0-P060904.jpg\" \/>\n\t<meta property=\"og:image:width\" content=\"1000\" \/>\n\t<meta property=\"og:image:height\" content=\"1000\" \/>\n\t<meta property=\"og:image:type\" content=\"image\/jpeg\" \/>\n<meta name=\"twitter:card\" content=\"summary_large_image\" \/>\n<script type=\"application\/ld+json\" class=\"yoast-schema-graph\">{\"@context\":\"https:\/\/schema.org\",\"@graph\":[{\"@type\":\"WebPage\",\"@id\":\"https:\/\/horticom.ee\/e-pood\/toode\/kasside-koerte-peletusgraanulid-horticom-1000ml\/\",\"url\":\"https:\/\/horticom.ee\/e-pood\/toode\/kasside-koerte-peletusgraanulid-horticom-1000ml\/\",\"name\":\"Kasside-koerte peletusgraanulid Horticom 1000ml\",\"isPartOf\":{\"@id\":\"https:\/\/horticom.ee\/e-pood\/#website\"},\"primaryImageOfPage\":{\"@id\":\"https:\/\/horticom.ee\/e-pood\/toode\/kasside-koerte-peletusgraanulid-horticom-1000ml\/#primaryimage\"},\"image\":{\"@id\":\"https:\/\/horticom.ee\/e-pood\/toode\/kasside-koerte-peletusgraanulid-horticom-1000ml\/#primaryimage\"},\"thumbnailUrl\":\"https:\/\/horticom.ee\/e-pood\/wp-content\/uploads\/importedmedia\/product-2023497_0-P060904.jpg\",\"datePublished\":\"2024-01-02T01:01:30+00:00\",\"dateModified\":\"2026-05-03T19:26:13+00:00\",\"description\":\"L\u00f5hnavad graanulid loovad haistmisbarj\u00e4\u00e4ri, mis on koertele ja kassidele ebameeldiv. Sobib aedadesse ja haljasaladele.\",\"breadcrumb\":{\"@id\":\"https:\/\/horticom.ee\/e-pood\/toode\/kasside-koerte-peletusgraanulid-horticom-1000ml\/#breadcrumb\"},\"inLanguage\":\"ru-RU\",\"potentialAction\":[{\"@type\":\"ReadAction\",\"target\":[\"https:\/\/horticom.ee\/e-pood\/toode\/kasside-koerte-peletusgraanulid-horticom-1000ml\/\"]}]},{\"@type\":\"ImageObject\",\"inLanguage\":\"ru-RU\",\"@id\":\"https:\/\/horticom.ee\/e-pood\/toode\/kasside-koerte-peletusgraanulid-horticom-1000ml\/#primaryimage\",\"url\":\"https:\/\/horticom.ee\/e-pood\/wp-content\/uploads\/importedmedia\/product-2023497_0-P060904.jpg\",\"contentUrl\":\"https:\/\/horticom.ee\/e-pood\/wp-content\/uploads\/importedmedia\/product-2023497_0-P060904.jpg\",\"width\":1000,\"height\":1000,\"caption\":\"Kasside-koerte peletusgraanulid Horticom 1000ml\"},{\"@type\":\"BreadcrumbList\",\"@id\":\"https:\/\/horticom.ee\/e-pood\/toode\/kasside-koerte-peletusgraanulid-horticom-1000ml\/#breadcrumb\",\"itemListElement\":[{\"@type\":\"ListItem\",\"position\":1,\"name\":\"Home\",\"item\":\"https:\/\/horticom.ee\/e-pood\/\"},{\"@type\":\"ListItem\",\"position\":2,\"name\":\"Pood\",\"item\":\"https:\/\/horticom.ee\/e-pood\/pood\/\"},{\"@type\":\"ListItem\",\"position\":3,\"name\":\"Kasside-koerte peletusgraanulid Horticom 1000ml\"}]},{\"@type\":\"WebSite\",\"@id\":\"https:\/\/horticom.ee\/e-pood\/#website\",\"url\":\"https:\/\/horticom.ee\/e-pood\/\",\"name\":\"Horticom.ee\",\"description\":\"Aianduskaubad ja kodukaubad nii harrastajatele kui professionaalidele\",\"potentialAction\":[{\"@type\":\"SearchAction\",\"target\":{\"@type\":\"EntryPoint\",\"urlTemplate\":\"https:\/\/horticom.ee\/e-pood\/?s={search_term_string}\"},\"query-input\":{\"@type\":\"PropertyValueSpecification\",\"valueRequired\":true,\"valueName\":\"search_term_string\"}}],\"inLanguage\":\"ru-RU\"}]}<\/script>\n<!-- \/ Yoast SEO plugin. -->","yoast_head_json":{"title":"Kasside-koerte peletusgraanulid Horticom 1000ml","description":"L\u00f5hnavad graanulid loovad haistmisbarj\u00e4\u00e4ri, mis on koertele ja kassidele ebameeldiv. Sobib aedadesse ja haljasaladele.","robots":{"index":"index","follow":"follow","max-snippet":"max-snippet:-1","max-image-preview":"max-image-preview:large","max-video-preview":"max-video-preview:-1"},"canonical":"https:\/\/horticom.ee\/e-pood\/toode\/kasside-koerte-peletusgraanulid-horticom-1000ml\/","og_locale":"ru_RU","og_type":"article","og_title":"Kasside-koerte peletusgraanulid Horticom 1000ml","og_description":"L\u00f5hnavad graanulid loovad haistmisbarj\u00e4\u00e4ri, mis on koertele ja kassidele ebameeldiv. Sobib aedadesse ja haljasaladele.","og_url":"https:\/\/horticom.ee\/e-pood\/toode\/kasside-koerte-peletusgraanulid-horticom-1000ml\/","og_site_name":"Horticom.ee","article_publisher":"https:\/\/www.facebook.com\/horticom.ee\/e-pood","article_modified_time":"2026-05-03T19:26:13+00:00","og_image":[{"width":1000,"height":1000,"url":"https:\/\/horticom.ee\/e-pood\/wp-content\/uploads\/importedmedia\/product-2023497_0-P060904.jpg","type":"image\/jpeg"}],"twitter_card":"summary_large_image","schema":{"@context":"https:\/\/schema.org","@graph":[{"@type":"WebPage","@id":"https:\/\/horticom.ee\/e-pood\/toode\/kasside-koerte-peletusgraanulid-horticom-1000ml\/","url":"https:\/\/horticom.ee\/e-pood\/toode\/kasside-koerte-peletusgraanulid-horticom-1000ml\/","name":"Kasside-koerte peletusgraanulid Horticom 1000ml","isPartOf":{"@id":"https:\/\/horticom.ee\/e-pood\/#website"},"primaryImageOfPage":{"@id":"https:\/\/horticom.ee\/e-pood\/toode\/kasside-koerte-peletusgraanulid-horticom-1000ml\/#primaryimage"},"image":{"@id":"https:\/\/horticom.ee\/e-pood\/toode\/kasside-koerte-peletusgraanulid-horticom-1000ml\/#primaryimage"},"thumbnailUrl":"https:\/\/horticom.ee\/e-pood\/wp-content\/uploads\/importedmedia\/product-2023497_0-P060904.jpg","datePublished":"2024-01-02T01:01:30+00:00","dateModified":"2026-05-03T19:26:13+00:00","description":"L\u00f5hnavad graanulid loovad haistmisbarj\u00e4\u00e4ri, mis on koertele ja kassidele ebameeldiv. Sobib aedadesse ja haljasaladele.","breadcrumb":{"@id":"https:\/\/horticom.ee\/e-pood\/toode\/kasside-koerte-peletusgraanulid-horticom-1000ml\/#breadcrumb"},"inLanguage":"ru-RU","potentialAction":[{"@type":"ReadAction","target":["https:\/\/horticom.ee\/e-pood\/toode\/kasside-koerte-peletusgraanulid-horticom-1000ml\/"]}]},{"@type":"ImageObject","inLanguage":"ru-RU","@id":"https:\/\/horticom.ee\/e-pood\/toode\/kasside-koerte-peletusgraanulid-horticom-1000ml\/#primaryimage","url":"https:\/\/horticom.ee\/e-pood\/wp-content\/uploads\/importedmedia\/product-2023497_0-P060904.jpg","contentUrl":"https:\/\/horticom.ee\/e-pood\/wp-content\/uploads\/importedmedia\/product-2023497_0-P060904.jpg","width":1000,"height":1000,"caption":"Kasside-koerte peletusgraanulid Horticom 1000ml"},{"@type":"BreadcrumbList","@id":"https:\/\/horticom.ee\/e-pood\/toode\/kasside-koerte-peletusgraanulid-horticom-1000ml\/#breadcrumb","itemListElement":[{"@type":"ListItem","position":1,"name":"Home","item":"https:\/\/horticom.ee\/e-pood\/"},{"@type":"ListItem","position":2,"name":"Pood","item":"https:\/\/horticom.ee\/e-pood\/pood\/"},{"@type":"ListItem","position":3,"name":"Kasside-koerte peletusgraanulid Horticom 1000ml"}]},{"@type":"WebSite","@id":"https:\/\/horticom.ee\/e-pood\/#website","url":"https:\/\/horticom.ee\/e-pood\/","name":"Horticom.ee","description":"Aianduskaubad ja kodukaubad nii harrastajatele kui professionaalidele","potentialAction":[{"@type":"SearchAction","target":{"@type":"EntryPoint","urlTemplate":"https:\/\/horticom.ee\/e-pood\/?s={search_term_string}"},"query-input":{"@type":"PropertyValueSpecification","valueRequired":true,"valueName":"search_term_string"}}],"inLanguage":"ru-RU"}]}},"_links":{"self":[{"href":"https:\/\/horticom.ee\/e-pood\/ru\/wp-json\/wp\/v2\/product\/2023497","targetHints":{"allow":["GET"]}}],"collection":[{"href":"https:\/\/horticom.ee\/e-pood\/ru\/wp-json\/wp\/v2\/product"}],"about":[{"href":"https:\/\/horticom.ee\/e-pood\/ru\/wp-json\/wp\/v2\/types\/product"}],"replies":[{"embeddable":true,"href":"https:\/\/horticom.ee\/e-pood\/ru\/wp-json\/wp\/v2\/comments?post=2023497"}],"wp:featuredmedia":[{"embeddable":true,"href":"https:\/\/horticom.ee\/e-pood\/ru\/wp-json\/wp\/v2\/media\/2024521"}],"wp:attachment":[{"href":"https:\/\/horticom.ee\/e-pood\/ru\/wp-json\/wp\/v2\/media?parent=2023497"}],"wp:term":[{"taxonomy":"product_cat","embeddable":true,"href":"https:\/\/horticom.ee\/e-pood\/ru\/wp-json\/wp\/v2\/product_cat?post=2023497"},{"taxonomy":"product_tag","embeddable":true,"href":"https:\/\/horticom.ee\/e-pood\/ru\/wp-json\/wp\/v2\/product_tag?post=2023497"}],"curies":[{"name":"wp","href":"https:\/\/api.w.org\/{rel}","templated":true}]}}