{"id":2023499,"date":"2024-01-02T03:01:30","date_gmt":"2024-01-02T01:01:30","guid":{"rendered":"https:\/\/horticom.ee\/e-pood\/toode\/muti-ja-vesirotipeletusgeel-roditor-niiskusekindel-750ml\/"},"modified":"2026-05-03T03:12:04","modified_gmt":"2026-05-03T00:12:04","slug":"muti-ja-vesirotipeletusgeel-roditor-niiskusekindel-750ml","status":"publish","type":"product","link":"https:\/\/horticom.ee\/e-pood\/ru\/toode\/muti-ja-vesirotipeletusgeel-roditor-niiskusekindel-750ml\/","title":{"rendered":"Muti- ja vesirotipeletusgeel Roditor niiskusekindel 750ml"},"content":{"rendered":"<p>Roditor peletusgeel koosneb l\u00f5hnavatest geelgraanulitest, mis loovad l\u00f5hna barj\u00e4\u00e4ri. See on eriti ebameeldiv muttidele, saarmatele ja vesirottidele. Eriline l\u00f5hnastatud essentside segu ei lase n\u00e4rilistel tajuda taimede ja putukate l\u00f5hnu, mida nad s\u00f6\u00f6vad, ajendades neid liikuma mujale, kus nad suudavad taas l\u00f5hnu eristada. Ideaalne igat liiki n\u00e4rilistele, kes kaevavad mullas tunneleid. Toote geelkoostis muudab selle eriti vastupidavaks vihmale, kastmisele ja niiskusele.  Roditor peletusgeel ei asenda turul olevaid loomade h\u00e4vitamiseks m\u00f5eldud tooteid, kuid on ideaalne lahendus, kui te ei soovi v\u00f5i ei saa kasutada m\u00fcrgiseid kemikaale.<\/p>\n","protected":false},"excerpt":{"rendered":"<p>Roditor peletusgeel koosneb l\u00f5hnavatest geelgraanulitest, mis loovad l\u00f5hna barj\u00e4\u00e4ri. See on eriti ebameeldiv muttidele, saarmatele ja vesirottidele. Eriline l\u00f5hnastatud essentside segu ei lase n\u00e4rilistel tajuda taimede ja putukate l\u00f5hnu, mida nad s\u00f6\u00f6vad, ajendades neid liikuma mujale, kus nad suudavad taas l\u00f5hnu eristada. Ideaalne igat liiki n\u00e4rilistele, kes kaevavad mullas tunneleid. Toote geelkoostis muudab selle eriti [&hellip;]<\/p>\n","protected":false},"featured_media":2024523,"comment_status":"closed","ping_status":"closed","template":"","meta":{"_themeisle_gutenberg_block_has_review":false},"product_cat":[13601,13591],"product_tag":[],"class_list":{"0":"post-2023499","1":"product","2":"type-product","3":"status-publish","4":"has-post-thumbnail","6":"product_cat-mutid-ja-vesirotid","7":"product_cat-peletusvahendid-e-repellendid","9":"first","10":"instock","11":"shipping-taxable","12":"purchasable","13":"product-type-simple"},"yoast_head":"<!-- This site is optimized with the Yoast SEO plugin v24.0 - https:\/\/yoast.com\/wordpress\/plugins\/seo\/ -->\n<title>Muti- ja vesirotipeletusgeel Roditor niiskusekindel 750ml<\/title>\n<meta name=\"description\" content=\"Aromaatsete essentsidega t\u00f5rjevahend, vastupidav ilmastikule ja kauakestev. Sobib muruplatside, taimede ja aedade kaitsmiseks.\" \/>\n<meta name=\"robots\" content=\"index, follow, max-snippet:-1, max-image-preview:large, max-video-preview:-1\" \/>\n<link rel=\"canonical\" href=\"https:\/\/horticom.ee\/e-pood\/toode\/muti-ja-vesirotipeletusgeel-roditor-niiskusekindel-750ml\/\" \/>\n<meta property=\"og:locale\" content=\"ru_RU\" \/>\n<meta property=\"og:type\" content=\"article\" \/>\n<meta property=\"og:title\" content=\"Muti- ja vesirotipeletusgeel Roditor niiskusekindel 750ml\" \/>\n<meta property=\"og:description\" content=\"Aromaatsete essentsidega t\u00f5rjevahend, vastupidav ilmastikule ja kauakestev. Sobib muruplatside, taimede ja aedade kaitsmiseks.\" \/>\n<meta property=\"og:url\" content=\"https:\/\/horticom.ee\/e-pood\/toode\/muti-ja-vesirotipeletusgeel-roditor-niiskusekindel-750ml\/\" \/>\n<meta property=\"og:site_name\" content=\"Horticom.ee\" \/>\n<meta property=\"article:publisher\" content=\"https:\/\/www.facebook.com\/horticom.ee\/e-pood\" \/>\n<meta property=\"article:modified_time\" content=\"2026-05-03T00:12:04+00:00\" \/>\n<meta property=\"og:image\" content=\"https:\/\/horticom.ee\/e-pood\/wp-content\/uploads\/importedmedia\/product-2023499_0-P060906.jpg\" \/>\n\t<meta property=\"og:image:width\" content=\"1000\" \/>\n\t<meta property=\"og:image:height\" content=\"1000\" \/>\n\t<meta property=\"og:image:type\" content=\"image\/jpeg\" \/>\n<meta name=\"twitter:card\" content=\"summary_large_image\" \/>\n<script type=\"application\/ld+json\" class=\"yoast-schema-graph\">{\"@context\":\"https:\/\/schema.org\",\"@graph\":[{\"@type\":\"WebPage\",\"@id\":\"https:\/\/horticom.ee\/e-pood\/toode\/muti-ja-vesirotipeletusgeel-roditor-niiskusekindel-750ml\/\",\"url\":\"https:\/\/horticom.ee\/e-pood\/toode\/muti-ja-vesirotipeletusgeel-roditor-niiskusekindel-750ml\/\",\"name\":\"Muti- ja vesirotipeletusgeel Roditor niiskusekindel 750ml\",\"isPartOf\":{\"@id\":\"https:\/\/horticom.ee\/e-pood\/#website\"},\"primaryImageOfPage\":{\"@id\":\"https:\/\/horticom.ee\/e-pood\/toode\/muti-ja-vesirotipeletusgeel-roditor-niiskusekindel-750ml\/#primaryimage\"},\"image\":{\"@id\":\"https:\/\/horticom.ee\/e-pood\/toode\/muti-ja-vesirotipeletusgeel-roditor-niiskusekindel-750ml\/#primaryimage\"},\"thumbnailUrl\":\"https:\/\/horticom.ee\/e-pood\/wp-content\/uploads\/importedmedia\/product-2023499_0-P060906.jpg\",\"datePublished\":\"2024-01-02T01:01:30+00:00\",\"dateModified\":\"2026-05-03T00:12:04+00:00\",\"description\":\"Aromaatsete essentsidega t\u00f5rjevahend, vastupidav ilmastikule ja kauakestev. Sobib muruplatside, taimede ja aedade kaitsmiseks.\",\"breadcrumb\":{\"@id\":\"https:\/\/horticom.ee\/e-pood\/toode\/muti-ja-vesirotipeletusgeel-roditor-niiskusekindel-750ml\/#breadcrumb\"},\"inLanguage\":\"ru-RU\",\"potentialAction\":[{\"@type\":\"ReadAction\",\"target\":[\"https:\/\/horticom.ee\/e-pood\/toode\/muti-ja-vesirotipeletusgeel-roditor-niiskusekindel-750ml\/\"]}]},{\"@type\":\"ImageObject\",\"inLanguage\":\"ru-RU\",\"@id\":\"https:\/\/horticom.ee\/e-pood\/toode\/muti-ja-vesirotipeletusgeel-roditor-niiskusekindel-750ml\/#primaryimage\",\"url\":\"https:\/\/horticom.ee\/e-pood\/wp-content\/uploads\/importedmedia\/product-2023499_0-P060906.jpg\",\"contentUrl\":\"https:\/\/horticom.ee\/e-pood\/wp-content\/uploads\/importedmedia\/product-2023499_0-P060906.jpg\",\"width\":1000,\"height\":1000,\"caption\":\"Muti- ja vesirotipeletusgeel Roditor niiskusekindel 750ml\"},{\"@type\":\"BreadcrumbList\",\"@id\":\"https:\/\/horticom.ee\/e-pood\/toode\/muti-ja-vesirotipeletusgeel-roditor-niiskusekindel-750ml\/#breadcrumb\",\"itemListElement\":[{\"@type\":\"ListItem\",\"position\":1,\"name\":\"Home\",\"item\":\"https:\/\/horticom.ee\/e-pood\/\"},{\"@type\":\"ListItem\",\"position\":2,\"name\":\"Pood\",\"item\":\"https:\/\/horticom.ee\/e-pood\/pood\/\"},{\"@type\":\"ListItem\",\"position\":3,\"name\":\"Muti- ja vesirotipeletusgeel Roditor niiskusekindel 750ml\"}]},{\"@type\":\"WebSite\",\"@id\":\"https:\/\/horticom.ee\/e-pood\/#website\",\"url\":\"https:\/\/horticom.ee\/e-pood\/\",\"name\":\"Horticom.ee\",\"description\":\"Aianduskaubad ja kodukaubad nii harrastajatele kui professionaalidele\",\"potentialAction\":[{\"@type\":\"SearchAction\",\"target\":{\"@type\":\"EntryPoint\",\"urlTemplate\":\"https:\/\/horticom.ee\/e-pood\/?s={search_term_string}\"},\"query-input\":{\"@type\":\"PropertyValueSpecification\",\"valueRequired\":true,\"valueName\":\"search_term_string\"}}],\"inLanguage\":\"ru-RU\"}]}<\/script>\n<!-- \/ Yoast SEO plugin. -->","yoast_head_json":{"title":"Muti- ja vesirotipeletusgeel Roditor niiskusekindel 750ml","description":"Aromaatsete essentsidega t\u00f5rjevahend, vastupidav ilmastikule ja kauakestev. Sobib muruplatside, taimede ja aedade kaitsmiseks.","robots":{"index":"index","follow":"follow","max-snippet":"max-snippet:-1","max-image-preview":"max-image-preview:large","max-video-preview":"max-video-preview:-1"},"canonical":"https:\/\/horticom.ee\/e-pood\/toode\/muti-ja-vesirotipeletusgeel-roditor-niiskusekindel-750ml\/","og_locale":"ru_RU","og_type":"article","og_title":"Muti- ja vesirotipeletusgeel Roditor niiskusekindel 750ml","og_description":"Aromaatsete essentsidega t\u00f5rjevahend, vastupidav ilmastikule ja kauakestev. Sobib muruplatside, taimede ja aedade kaitsmiseks.","og_url":"https:\/\/horticom.ee\/e-pood\/toode\/muti-ja-vesirotipeletusgeel-roditor-niiskusekindel-750ml\/","og_site_name":"Horticom.ee","article_publisher":"https:\/\/www.facebook.com\/horticom.ee\/e-pood","article_modified_time":"2026-05-03T00:12:04+00:00","og_image":[{"width":1000,"height":1000,"url":"https:\/\/horticom.ee\/e-pood\/wp-content\/uploads\/importedmedia\/product-2023499_0-P060906.jpg","type":"image\/jpeg"}],"twitter_card":"summary_large_image","schema":{"@context":"https:\/\/schema.org","@graph":[{"@type":"WebPage","@id":"https:\/\/horticom.ee\/e-pood\/toode\/muti-ja-vesirotipeletusgeel-roditor-niiskusekindel-750ml\/","url":"https:\/\/horticom.ee\/e-pood\/toode\/muti-ja-vesirotipeletusgeel-roditor-niiskusekindel-750ml\/","name":"Muti- ja vesirotipeletusgeel Roditor niiskusekindel 750ml","isPartOf":{"@id":"https:\/\/horticom.ee\/e-pood\/#website"},"primaryImageOfPage":{"@id":"https:\/\/horticom.ee\/e-pood\/toode\/muti-ja-vesirotipeletusgeel-roditor-niiskusekindel-750ml\/#primaryimage"},"image":{"@id":"https:\/\/horticom.ee\/e-pood\/toode\/muti-ja-vesirotipeletusgeel-roditor-niiskusekindel-750ml\/#primaryimage"},"thumbnailUrl":"https:\/\/horticom.ee\/e-pood\/wp-content\/uploads\/importedmedia\/product-2023499_0-P060906.jpg","datePublished":"2024-01-02T01:01:30+00:00","dateModified":"2026-05-03T00:12:04+00:00","description":"Aromaatsete essentsidega t\u00f5rjevahend, vastupidav ilmastikule ja kauakestev. Sobib muruplatside, taimede ja aedade kaitsmiseks.","breadcrumb":{"@id":"https:\/\/horticom.ee\/e-pood\/toode\/muti-ja-vesirotipeletusgeel-roditor-niiskusekindel-750ml\/#breadcrumb"},"inLanguage":"ru-RU","potentialAction":[{"@type":"ReadAction","target":["https:\/\/horticom.ee\/e-pood\/toode\/muti-ja-vesirotipeletusgeel-roditor-niiskusekindel-750ml\/"]}]},{"@type":"ImageObject","inLanguage":"ru-RU","@id":"https:\/\/horticom.ee\/e-pood\/toode\/muti-ja-vesirotipeletusgeel-roditor-niiskusekindel-750ml\/#primaryimage","url":"https:\/\/horticom.ee\/e-pood\/wp-content\/uploads\/importedmedia\/product-2023499_0-P060906.jpg","contentUrl":"https:\/\/horticom.ee\/e-pood\/wp-content\/uploads\/importedmedia\/product-2023499_0-P060906.jpg","width":1000,"height":1000,"caption":"Muti- ja vesirotipeletusgeel Roditor niiskusekindel 750ml"},{"@type":"BreadcrumbList","@id":"https:\/\/horticom.ee\/e-pood\/toode\/muti-ja-vesirotipeletusgeel-roditor-niiskusekindel-750ml\/#breadcrumb","itemListElement":[{"@type":"ListItem","position":1,"name":"Home","item":"https:\/\/horticom.ee\/e-pood\/"},{"@type":"ListItem","position":2,"name":"Pood","item":"https:\/\/horticom.ee\/e-pood\/pood\/"},{"@type":"ListItem","position":3,"name":"Muti- ja vesirotipeletusgeel Roditor niiskusekindel 750ml"}]},{"@type":"WebSite","@id":"https:\/\/horticom.ee\/e-pood\/#website","url":"https:\/\/horticom.ee\/e-pood\/","name":"Horticom.ee","description":"Aianduskaubad ja kodukaubad nii harrastajatele kui professionaalidele","potentialAction":[{"@type":"SearchAction","target":{"@type":"EntryPoint","urlTemplate":"https:\/\/horticom.ee\/e-pood\/?s={search_term_string}"},"query-input":{"@type":"PropertyValueSpecification","valueRequired":true,"valueName":"search_term_string"}}],"inLanguage":"ru-RU"}]}},"_links":{"self":[{"href":"https:\/\/horticom.ee\/e-pood\/ru\/wp-json\/wp\/v2\/product\/2023499","targetHints":{"allow":["GET"]}}],"collection":[{"href":"https:\/\/horticom.ee\/e-pood\/ru\/wp-json\/wp\/v2\/product"}],"about":[{"href":"https:\/\/horticom.ee\/e-pood\/ru\/wp-json\/wp\/v2\/types\/product"}],"replies":[{"embeddable":true,"href":"https:\/\/horticom.ee\/e-pood\/ru\/wp-json\/wp\/v2\/comments?post=2023499"}],"wp:featuredmedia":[{"embeddable":true,"href":"https:\/\/horticom.ee\/e-pood\/ru\/wp-json\/wp\/v2\/media\/2024523"}],"wp:attachment":[{"href":"https:\/\/horticom.ee\/e-pood\/ru\/wp-json\/wp\/v2\/media?parent=2023499"}],"wp:term":[{"taxonomy":"product_cat","embeddable":true,"href":"https:\/\/horticom.ee\/e-pood\/ru\/wp-json\/wp\/v2\/product_cat?post=2023499"},{"taxonomy":"product_tag","embeddable":true,"href":"https:\/\/horticom.ee\/e-pood\/ru\/wp-json\/wp\/v2\/product_tag?post=2023499"}],"curies":[{"name":"wp","href":"https:\/\/api.w.org\/{rel}","templated":true}]}}