{"id":2023508,"date":"2024-01-02T03:01:33","date_gmt":"2024-01-02T01:01:33","guid":{"rendered":"https:\/\/horticom.ee\/e-pood\/toode\/bio-kulvi-ja-maitsetaimemuld-compo-20l\/"},"modified":"2026-05-03T03:12:05","modified_gmt":"2026-05-03T00:12:05","slug":"bio-kulvi-ja-maitsetaimemuld-compo-20l","status":"publish","type":"product","link":"https:\/\/horticom.ee\/e-pood\/ru\/toode\/bio-kulvi-ja-maitsetaimemuld-compo-20l\/","title":{"rendered":"BIO k\u00fclvi- ja maitsetaimemuld Compo 20L"},"content":{"rendered":"<p>Turbavaba orgaaniline muld ,mis sobib seemnete k\u00fclvamiseks ning noortaimede ja maitsetaimede \u00fcmberistutamiseks. 100% looduslikest taastuvatest koostisosadest muld sisaldab kvaliteetset komposti, puidukiudu, kookosturvast ning on rikastatud sarvejahu ning s\u00f5nnikuga. Muld on neutraalne, \u00f5hulise struktuuriga, hea veeimamisv\u00f5imega. Lisatud on v\u00e4etiste kompleks, mis on kohandatud noorte taimede ja seemnete vajadustele idanemise ja tugeva kasvu tagamiseks.<\/p>\n","protected":false},"excerpt":{"rendered":"<p>Turbavaba orgaaniline muld ,mis sobib seemnete k\u00fclvamiseks ning noortaimede ja maitsetaimede \u00fcmberistutamiseks. 100% looduslikest taastuvatest koostisosadest muld sisaldab kvaliteetset komposti, puidukiudu, kookosturvast ning on rikastatud sarvejahu ning s\u00f5nnikuga. Muld on neutraalne, \u00f5hulise struktuuriga, hea veeimamisv\u00f5imega. Lisatud on v\u00e4etiste kompleks, mis on kohandatud noorte taimede ja seemnete vajadustele idanemise ja tugeva kasvu tagamiseks.<\/p>\n","protected":false},"featured_media":2024499,"comment_status":"closed","ping_status":"closed","template":"","meta":{"_themeisle_gutenberg_block_has_review":false},"product_cat":[13575],"product_tag":[],"class_list":{"0":"post-2023508","1":"product","2":"type-product","3":"status-publish","4":"has-post-thumbnail","6":"product_cat-mullad-ja-turbad","8":"first","9":"instock","10":"shipping-taxable","11":"purchasable","12":"product-type-simple"},"yoast_head":"<!-- This site is optimized with the Yoast SEO plugin v24.0 - https:\/\/yoast.com\/wordpress\/plugins\/seo\/ -->\n<title>BIO k\u00fclvi- ja maitsetaimemuld Compo 20L - Horticom<\/title>\n<meta name=\"robots\" content=\"index, follow, max-snippet:-1, max-image-preview:large, max-video-preview:-1\" \/>\n<link rel=\"canonical\" href=\"https:\/\/horticom.ee\/e-pood\/toode\/bio-kulvi-ja-maitsetaimemuld-compo-20l\/\" \/>\n<meta property=\"og:locale\" content=\"ru_RU\" \/>\n<meta property=\"og:type\" content=\"article\" \/>\n<meta property=\"og:title\" content=\"BIO k\u00fclvi- ja maitsetaimemuld Compo 20L - Horticom\" \/>\n<meta property=\"og:description\" content=\"Turbavaba orgaaniline muld ,mis sobib seemnete k\u00fclvamiseks ning noortaimede ja maitsetaimede \u00fcmberistutamiseks. 100% looduslikest taastuvatest koostisosadest muld sisaldab kvaliteetset komposti, puidukiudu, kookosturvast ning on rikastatud sarvejahu ning s\u00f5nnikuga. Muld on neutraalne, \u00f5hulise struktuuriga, hea veeimamisv\u00f5imega. Lisatud on v\u00e4etiste kompleks, mis on kohandatud noorte taimede ja seemnete vajadustele idanemise ja tugeva kasvu tagamiseks.\" \/>\n<meta property=\"og:url\" content=\"https:\/\/horticom.ee\/e-pood\/toode\/bio-kulvi-ja-maitsetaimemuld-compo-20l\/\" \/>\n<meta property=\"og:site_name\" content=\"Horticom.ee\" \/>\n<meta property=\"article:publisher\" content=\"https:\/\/www.facebook.com\/horticom.ee\/e-pood\" \/>\n<meta property=\"article:modified_time\" content=\"2026-05-03T00:12:05+00:00\" \/>\n<meta property=\"og:image\" content=\"https:\/\/horticom.ee\/e-pood\/wp-content\/uploads\/importedmedia\/product-2023508_0-670255.jpg\" \/>\n\t<meta property=\"og:image:width\" content=\"1000\" \/>\n\t<meta property=\"og:image:height\" content=\"1414\" \/>\n\t<meta property=\"og:image:type\" content=\"image\/jpeg\" \/>\n<meta name=\"twitter:card\" content=\"summary_large_image\" \/>\n<meta name=\"twitter:label1\" content=\"\u041f\u0440\u0438\u043c\u0435\u0440\u043d\u043e\u0435 \u0432\u0440\u0435\u043c\u044f \u0434\u043b\u044f \u0447\u0442\u0435\u043d\u0438\u044f\" \/>\n\t<meta name=\"twitter:data1\" content=\"1 \u043c\u0438\u043d\u0443\u0442\u0430\" \/>\n<script type=\"application\/ld+json\" class=\"yoast-schema-graph\">{\"@context\":\"https:\/\/schema.org\",\"@graph\":[{\"@type\":\"WebPage\",\"@id\":\"https:\/\/horticom.ee\/e-pood\/toode\/bio-kulvi-ja-maitsetaimemuld-compo-20l\/\",\"url\":\"https:\/\/horticom.ee\/e-pood\/toode\/bio-kulvi-ja-maitsetaimemuld-compo-20l\/\",\"name\":\"BIO k\u00fclvi- ja maitsetaimemuld Compo 20L - Horticom\",\"isPartOf\":{\"@id\":\"https:\/\/horticom.ee\/e-pood\/#website\"},\"primaryImageOfPage\":{\"@id\":\"https:\/\/horticom.ee\/e-pood\/toode\/bio-kulvi-ja-maitsetaimemuld-compo-20l\/#primaryimage\"},\"image\":{\"@id\":\"https:\/\/horticom.ee\/e-pood\/toode\/bio-kulvi-ja-maitsetaimemuld-compo-20l\/#primaryimage\"},\"thumbnailUrl\":\"https:\/\/horticom.ee\/e-pood\/wp-content\/uploads\/importedmedia\/product-2023508_0-670255.jpg\",\"datePublished\":\"2024-01-02T01:01:33+00:00\",\"dateModified\":\"2026-05-03T00:12:05+00:00\",\"breadcrumb\":{\"@id\":\"https:\/\/horticom.ee\/e-pood\/toode\/bio-kulvi-ja-maitsetaimemuld-compo-20l\/#breadcrumb\"},\"inLanguage\":\"ru-RU\",\"potentialAction\":[{\"@type\":\"ReadAction\",\"target\":[\"https:\/\/horticom.ee\/e-pood\/toode\/bio-kulvi-ja-maitsetaimemuld-compo-20l\/\"]}]},{\"@type\":\"ImageObject\",\"inLanguage\":\"ru-RU\",\"@id\":\"https:\/\/horticom.ee\/e-pood\/toode\/bio-kulvi-ja-maitsetaimemuld-compo-20l\/#primaryimage\",\"url\":\"https:\/\/horticom.ee\/e-pood\/wp-content\/uploads\/importedmedia\/product-2023508_0-670255.jpg\",\"contentUrl\":\"https:\/\/horticom.ee\/e-pood\/wp-content\/uploads\/importedmedia\/product-2023508_0-670255.jpg\",\"width\":1000,\"height\":1414},{\"@type\":\"BreadcrumbList\",\"@id\":\"https:\/\/horticom.ee\/e-pood\/toode\/bio-kulvi-ja-maitsetaimemuld-compo-20l\/#breadcrumb\",\"itemListElement\":[{\"@type\":\"ListItem\",\"position\":1,\"name\":\"Home\",\"item\":\"https:\/\/horticom.ee\/e-pood\/\"},{\"@type\":\"ListItem\",\"position\":2,\"name\":\"Pood\",\"item\":\"https:\/\/horticom.ee\/e-pood\/pood\/\"},{\"@type\":\"ListItem\",\"position\":3,\"name\":\"BIO k\u00fclvi- ja maitsetaimemuld Compo 20L\"}]},{\"@type\":\"WebSite\",\"@id\":\"https:\/\/horticom.ee\/e-pood\/#website\",\"url\":\"https:\/\/horticom.ee\/e-pood\/\",\"name\":\"Horticom.ee\",\"description\":\"Aianduskaubad ja kodukaubad nii harrastajatele kui professionaalidele\",\"potentialAction\":[{\"@type\":\"SearchAction\",\"target\":{\"@type\":\"EntryPoint\",\"urlTemplate\":\"https:\/\/horticom.ee\/e-pood\/?s={search_term_string}\"},\"query-input\":{\"@type\":\"PropertyValueSpecification\",\"valueRequired\":true,\"valueName\":\"search_term_string\"}}],\"inLanguage\":\"ru-RU\"}]}<\/script>\n<!-- \/ Yoast SEO plugin. -->","yoast_head_json":{"title":"BIO k\u00fclvi- ja maitsetaimemuld Compo 20L - Horticom","robots":{"index":"index","follow":"follow","max-snippet":"max-snippet:-1","max-image-preview":"max-image-preview:large","max-video-preview":"max-video-preview:-1"},"canonical":"https:\/\/horticom.ee\/e-pood\/toode\/bio-kulvi-ja-maitsetaimemuld-compo-20l\/","og_locale":"ru_RU","og_type":"article","og_title":"BIO k\u00fclvi- ja maitsetaimemuld Compo 20L - Horticom","og_description":"Turbavaba orgaaniline muld ,mis sobib seemnete k\u00fclvamiseks ning noortaimede ja maitsetaimede \u00fcmberistutamiseks. 100% looduslikest taastuvatest koostisosadest muld sisaldab kvaliteetset komposti, puidukiudu, kookosturvast ning on rikastatud sarvejahu ning s\u00f5nnikuga. Muld on neutraalne, \u00f5hulise struktuuriga, hea veeimamisv\u00f5imega. Lisatud on v\u00e4etiste kompleks, mis on kohandatud noorte taimede ja seemnete vajadustele idanemise ja tugeva kasvu tagamiseks.","og_url":"https:\/\/horticom.ee\/e-pood\/toode\/bio-kulvi-ja-maitsetaimemuld-compo-20l\/","og_site_name":"Horticom.ee","article_publisher":"https:\/\/www.facebook.com\/horticom.ee\/e-pood","article_modified_time":"2026-05-03T00:12:05+00:00","og_image":[{"width":1000,"height":1414,"url":"https:\/\/horticom.ee\/e-pood\/wp-content\/uploads\/importedmedia\/product-2023508_0-670255.jpg","type":"image\/jpeg"}],"twitter_card":"summary_large_image","twitter_misc":{"\u041f\u0440\u0438\u043c\u0435\u0440\u043d\u043e\u0435 \u0432\u0440\u0435\u043c\u044f \u0434\u043b\u044f \u0447\u0442\u0435\u043d\u0438\u044f":"1 \u043c\u0438\u043d\u0443\u0442\u0430"},"schema":{"@context":"https:\/\/schema.org","@graph":[{"@type":"WebPage","@id":"https:\/\/horticom.ee\/e-pood\/toode\/bio-kulvi-ja-maitsetaimemuld-compo-20l\/","url":"https:\/\/horticom.ee\/e-pood\/toode\/bio-kulvi-ja-maitsetaimemuld-compo-20l\/","name":"BIO k\u00fclvi- ja maitsetaimemuld Compo 20L - Horticom","isPartOf":{"@id":"https:\/\/horticom.ee\/e-pood\/#website"},"primaryImageOfPage":{"@id":"https:\/\/horticom.ee\/e-pood\/toode\/bio-kulvi-ja-maitsetaimemuld-compo-20l\/#primaryimage"},"image":{"@id":"https:\/\/horticom.ee\/e-pood\/toode\/bio-kulvi-ja-maitsetaimemuld-compo-20l\/#primaryimage"},"thumbnailUrl":"https:\/\/horticom.ee\/e-pood\/wp-content\/uploads\/importedmedia\/product-2023508_0-670255.jpg","datePublished":"2024-01-02T01:01:33+00:00","dateModified":"2026-05-03T00:12:05+00:00","breadcrumb":{"@id":"https:\/\/horticom.ee\/e-pood\/toode\/bio-kulvi-ja-maitsetaimemuld-compo-20l\/#breadcrumb"},"inLanguage":"ru-RU","potentialAction":[{"@type":"ReadAction","target":["https:\/\/horticom.ee\/e-pood\/toode\/bio-kulvi-ja-maitsetaimemuld-compo-20l\/"]}]},{"@type":"ImageObject","inLanguage":"ru-RU","@id":"https:\/\/horticom.ee\/e-pood\/toode\/bio-kulvi-ja-maitsetaimemuld-compo-20l\/#primaryimage","url":"https:\/\/horticom.ee\/e-pood\/wp-content\/uploads\/importedmedia\/product-2023508_0-670255.jpg","contentUrl":"https:\/\/horticom.ee\/e-pood\/wp-content\/uploads\/importedmedia\/product-2023508_0-670255.jpg","width":1000,"height":1414},{"@type":"BreadcrumbList","@id":"https:\/\/horticom.ee\/e-pood\/toode\/bio-kulvi-ja-maitsetaimemuld-compo-20l\/#breadcrumb","itemListElement":[{"@type":"ListItem","position":1,"name":"Home","item":"https:\/\/horticom.ee\/e-pood\/"},{"@type":"ListItem","position":2,"name":"Pood","item":"https:\/\/horticom.ee\/e-pood\/pood\/"},{"@type":"ListItem","position":3,"name":"BIO k\u00fclvi- ja maitsetaimemuld Compo 20L"}]},{"@type":"WebSite","@id":"https:\/\/horticom.ee\/e-pood\/#website","url":"https:\/\/horticom.ee\/e-pood\/","name":"Horticom.ee","description":"Aianduskaubad ja kodukaubad nii harrastajatele kui professionaalidele","potentialAction":[{"@type":"SearchAction","target":{"@type":"EntryPoint","urlTemplate":"https:\/\/horticom.ee\/e-pood\/?s={search_term_string}"},"query-input":{"@type":"PropertyValueSpecification","valueRequired":true,"valueName":"search_term_string"}}],"inLanguage":"ru-RU"}]}},"_links":{"self":[{"href":"https:\/\/horticom.ee\/e-pood\/ru\/wp-json\/wp\/v2\/product\/2023508","targetHints":{"allow":["GET"]}}],"collection":[{"href":"https:\/\/horticom.ee\/e-pood\/ru\/wp-json\/wp\/v2\/product"}],"about":[{"href":"https:\/\/horticom.ee\/e-pood\/ru\/wp-json\/wp\/v2\/types\/product"}],"replies":[{"embeddable":true,"href":"https:\/\/horticom.ee\/e-pood\/ru\/wp-json\/wp\/v2\/comments?post=2023508"}],"wp:featuredmedia":[{"embeddable":true,"href":"https:\/\/horticom.ee\/e-pood\/ru\/wp-json\/wp\/v2\/media\/2024499"}],"wp:attachment":[{"href":"https:\/\/horticom.ee\/e-pood\/ru\/wp-json\/wp\/v2\/media?parent=2023508"}],"wp:term":[{"taxonomy":"product_cat","embeddable":true,"href":"https:\/\/horticom.ee\/e-pood\/ru\/wp-json\/wp\/v2\/product_cat?post=2023508"},{"taxonomy":"product_tag","embeddable":true,"href":"https:\/\/horticom.ee\/e-pood\/ru\/wp-json\/wp\/v2\/product_tag?post=2023508"}],"curies":[{"name":"wp","href":"https:\/\/api.w.org\/{rel}","templated":true}]}}