{"id":2023581,"date":"2024-01-02T03:01:57","date_gmt":"2024-01-02T01:01:57","guid":{"rendered":"https:\/\/horticom.ee\/e-pood\/toode\/pikaajaline-vaetis-complete-6-kuud-compo-850g\/"},"modified":"2026-05-02T03:10:58","modified_gmt":"2026-05-02T00:10:58","slug":"pikaajaline-vaetis-complete-6-kuud-compo-850g","status":"publish","type":"product","link":"https:\/\/horticom.ee\/e-pood\/ru\/toode\/pikaajaline-vaetis-complete-6-kuud-compo-850g\/","title":{"rendered":"Pikaajaline v\u00e4etis COMPLETE 6-kuud Compo 850g"},"content":{"rendered":"<p>Sobib kasutamiseks aia-, r\u00f5du- ja toataimedele. Unikaalne v\u00e4etamiss\u00fcsteem, kus toitainete vabastamine toimub kahes faasis: kohene toime ja pikaajaline toime. Soojuse ja vee m\u00f5jul tungivad toitained v\u00e4hehaaval l\u00e4bi \u00fcmbriskihi. Seel\u00e4bi kindlustatakse taimedele kontrollitud ja vajadusekohane toitainetega varustamine. \u00dchekordsest v\u00e4etamisest piisab terveks hooajaks. Optimaalne varustamine t\u00e4nu esmasele ja pikaajalisele m\u00f5jule &#8211; 6 kuud. Pole \u00fcle- ega alav\u00e4etamist, vajadusekohane doseerimine vastavalt niiskusele ja soojusele. K\u00f5ik olulisemad p\u00f5hi- ja mikrotoitained igas teras hoolitsevad tugeva ja terve kasvu eest.<\/p>\n","protected":false},"excerpt":{"rendered":"<p>Sobib kasutamiseks aia-, r\u00f5du- ja toataimedele. Unikaalne v\u00e4etamiss\u00fcsteem, kus toitainete vabastamine toimub kahes faasis: kohene toime ja pikaajaline toime. Soojuse ja vee m\u00f5jul tungivad toitained v\u00e4hehaaval l\u00e4bi \u00fcmbriskihi. Seel\u00e4bi kindlustatakse taimedele kontrollitud ja vajadusekohane toitainetega varustamine. \u00dchekordsest v\u00e4etamisest piisab terveks hooajaks. Optimaalne varustamine t\u00e4nu esmasele ja pikaajalisele m\u00f5jule &#8211; 6 kuud. Pole \u00fcle- ega alav\u00e4etamist, [&hellip;]<\/p>\n","protected":false},"featured_media":2024359,"comment_status":"closed","ping_status":"closed","template":"","meta":{"_themeisle_gutenberg_block_has_review":false},"product_cat":[16965,16964,16968,16960,13572],"product_tag":[],"class_list":{"0":"post-2023581","1":"product","2":"type-product","3":"status-publish","4":"has-post-thumbnail","6":"product_cat-koogiviljadele-ja-maitsetaimedele","7":"product_cat-suvelilledele-ja-rodutaimedele","8":"product_cat-toataimedele","9":"product_cat-universaalvaetised","10":"product_cat-vaetised-lilledele","12":"first","13":"instock","14":"shipping-taxable","15":"purchasable","16":"product-type-simple"},"yoast_head":"<!-- This site is optimized with the Yoast SEO plugin v24.0 - https:\/\/yoast.com\/wordpress\/plugins\/seo\/ -->\n<title>Pikaajaline v\u00e4etis COMPLETE 6-kuud Compo 850g - Horticom<\/title>\n<meta name=\"description\" content=\"Compo Complete pikaajaline v\u00e4etis sobib aia-, r\u00f5du- ja toataimedele. Kahes faasis vabanevad toitained tagavad pikaajalise kasvu terve hooaja jooksul.\" \/>\n<meta name=\"robots\" content=\"index, follow, max-snippet:-1, max-image-preview:large, max-video-preview:-1\" \/>\n<link rel=\"canonical\" href=\"https:\/\/horticom.ee\/e-pood\/toode\/pikaajaline-vaetis-complete-6-kuud-compo-850g\/\" \/>\n<meta property=\"og:locale\" content=\"ru_RU\" \/>\n<meta property=\"og:type\" content=\"article\" \/>\n<meta property=\"og:title\" content=\"Pikaajaline v\u00e4etis COMPLETE 6-kuud Compo 850g - Horticom\" \/>\n<meta property=\"og:description\" content=\"Compo Complete pikaajaline v\u00e4etis sobib aia-, r\u00f5du- ja toataimedele. Kahes faasis vabanevad toitained tagavad pikaajalise kasvu terve hooaja jooksul.\" \/>\n<meta property=\"og:url\" content=\"https:\/\/horticom.ee\/e-pood\/toode\/pikaajaline-vaetis-complete-6-kuud-compo-850g\/\" \/>\n<meta property=\"og:site_name\" content=\"Horticom.ee\" \/>\n<meta property=\"article:publisher\" content=\"https:\/\/www.facebook.com\/horticom.ee\/e-pood\" \/>\n<meta property=\"article:modified_time\" content=\"2026-05-02T00:10:58+00:00\" \/>\n<meta property=\"og:image\" content=\"https:\/\/horticom.ee\/e-pood\/wp-content\/uploads\/importedmedia\/product-2023581_0-670118_9.jpg\" \/>\n\t<meta property=\"og:image:width\" content=\"1000\" \/>\n\t<meta property=\"og:image:height\" content=\"1625\" \/>\n\t<meta property=\"og:image:type\" content=\"image\/jpeg\" \/>\n<meta name=\"twitter:card\" content=\"summary_large_image\" \/>\n<meta name=\"twitter:label1\" content=\"\u041f\u0440\u0438\u043c\u0435\u0440\u043d\u043e\u0435 \u0432\u0440\u0435\u043c\u044f \u0434\u043b\u044f \u0447\u0442\u0435\u043d\u0438\u044f\" \/>\n\t<meta name=\"twitter:data1\" content=\"1 \u043c\u0438\u043d\u0443\u0442\u0430\" \/>\n<script type=\"application\/ld+json\" class=\"yoast-schema-graph\">{\"@context\":\"https:\/\/schema.org\",\"@graph\":[{\"@type\":\"WebPage\",\"@id\":\"https:\/\/horticom.ee\/e-pood\/toode\/pikaajaline-vaetis-complete-6-kuud-compo-850g\/\",\"url\":\"https:\/\/horticom.ee\/e-pood\/toode\/pikaajaline-vaetis-complete-6-kuud-compo-850g\/\",\"name\":\"Pikaajaline v\u00e4etis COMPLETE 6-kuud Compo 850g - Horticom\",\"isPartOf\":{\"@id\":\"https:\/\/horticom.ee\/e-pood\/#website\"},\"primaryImageOfPage\":{\"@id\":\"https:\/\/horticom.ee\/e-pood\/toode\/pikaajaline-vaetis-complete-6-kuud-compo-850g\/#primaryimage\"},\"image\":{\"@id\":\"https:\/\/horticom.ee\/e-pood\/toode\/pikaajaline-vaetis-complete-6-kuud-compo-850g\/#primaryimage\"},\"thumbnailUrl\":\"https:\/\/horticom.ee\/e-pood\/wp-content\/uploads\/importedmedia\/product-2023581_0-670118_9.jpg\",\"datePublished\":\"2024-01-02T01:01:57+00:00\",\"dateModified\":\"2026-05-02T00:10:58+00:00\",\"description\":\"Compo Complete pikaajaline v\u00e4etis sobib aia-, r\u00f5du- ja toataimedele. Kahes faasis vabanevad toitained tagavad pikaajalise kasvu terve hooaja jooksul.\",\"breadcrumb\":{\"@id\":\"https:\/\/horticom.ee\/e-pood\/toode\/pikaajaline-vaetis-complete-6-kuud-compo-850g\/#breadcrumb\"},\"inLanguage\":\"ru-RU\",\"potentialAction\":[{\"@type\":\"ReadAction\",\"target\":[\"https:\/\/horticom.ee\/e-pood\/toode\/pikaajaline-vaetis-complete-6-kuud-compo-850g\/\"]}]},{\"@type\":\"ImageObject\",\"inLanguage\":\"ru-RU\",\"@id\":\"https:\/\/horticom.ee\/e-pood\/toode\/pikaajaline-vaetis-complete-6-kuud-compo-850g\/#primaryimage\",\"url\":\"https:\/\/horticom.ee\/e-pood\/wp-content\/uploads\/importedmedia\/product-2023581_0-670118_9.jpg\",\"contentUrl\":\"https:\/\/horticom.ee\/e-pood\/wp-content\/uploads\/importedmedia\/product-2023581_0-670118_9.jpg\",\"width\":1000,\"height\":1625,\"caption\":\"Pikaajaline v\u00e4etis COMPLETE 6-kuud Compo 850g\"},{\"@type\":\"BreadcrumbList\",\"@id\":\"https:\/\/horticom.ee\/e-pood\/toode\/pikaajaline-vaetis-complete-6-kuud-compo-850g\/#breadcrumb\",\"itemListElement\":[{\"@type\":\"ListItem\",\"position\":1,\"name\":\"Home\",\"item\":\"https:\/\/horticom.ee\/e-pood\/\"},{\"@type\":\"ListItem\",\"position\":2,\"name\":\"Pood\",\"item\":\"https:\/\/horticom.ee\/e-pood\/pood\/\"},{\"@type\":\"ListItem\",\"position\":3,\"name\":\"Pikaajaline v\u00e4etis COMPLETE 6-kuud Compo 850g\"}]},{\"@type\":\"WebSite\",\"@id\":\"https:\/\/horticom.ee\/e-pood\/#website\",\"url\":\"https:\/\/horticom.ee\/e-pood\/\",\"name\":\"Horticom.ee\",\"description\":\"Aianduskaubad ja kodukaubad nii harrastajatele kui professionaalidele\",\"potentialAction\":[{\"@type\":\"SearchAction\",\"target\":{\"@type\":\"EntryPoint\",\"urlTemplate\":\"https:\/\/horticom.ee\/e-pood\/?s={search_term_string}\"},\"query-input\":{\"@type\":\"PropertyValueSpecification\",\"valueRequired\":true,\"valueName\":\"search_term_string\"}}],\"inLanguage\":\"ru-RU\"}]}<\/script>\n<!-- \/ Yoast SEO plugin. -->","yoast_head_json":{"title":"Pikaajaline v\u00e4etis COMPLETE 6-kuud Compo 850g - Horticom","description":"Compo Complete pikaajaline v\u00e4etis sobib aia-, r\u00f5du- ja toataimedele. Kahes faasis vabanevad toitained tagavad pikaajalise kasvu terve hooaja jooksul.","robots":{"index":"index","follow":"follow","max-snippet":"max-snippet:-1","max-image-preview":"max-image-preview:large","max-video-preview":"max-video-preview:-1"},"canonical":"https:\/\/horticom.ee\/e-pood\/toode\/pikaajaline-vaetis-complete-6-kuud-compo-850g\/","og_locale":"ru_RU","og_type":"article","og_title":"Pikaajaline v\u00e4etis COMPLETE 6-kuud Compo 850g - Horticom","og_description":"Compo Complete pikaajaline v\u00e4etis sobib aia-, r\u00f5du- ja toataimedele. Kahes faasis vabanevad toitained tagavad pikaajalise kasvu terve hooaja jooksul.","og_url":"https:\/\/horticom.ee\/e-pood\/toode\/pikaajaline-vaetis-complete-6-kuud-compo-850g\/","og_site_name":"Horticom.ee","article_publisher":"https:\/\/www.facebook.com\/horticom.ee\/e-pood","article_modified_time":"2026-05-02T00:10:58+00:00","og_image":[{"width":1000,"height":1625,"url":"https:\/\/horticom.ee\/e-pood\/wp-content\/uploads\/importedmedia\/product-2023581_0-670118_9.jpg","type":"image\/jpeg"}],"twitter_card":"summary_large_image","twitter_misc":{"\u041f\u0440\u0438\u043c\u0435\u0440\u043d\u043e\u0435 \u0432\u0440\u0435\u043c\u044f \u0434\u043b\u044f \u0447\u0442\u0435\u043d\u0438\u044f":"1 \u043c\u0438\u043d\u0443\u0442\u0430"},"schema":{"@context":"https:\/\/schema.org","@graph":[{"@type":"WebPage","@id":"https:\/\/horticom.ee\/e-pood\/toode\/pikaajaline-vaetis-complete-6-kuud-compo-850g\/","url":"https:\/\/horticom.ee\/e-pood\/toode\/pikaajaline-vaetis-complete-6-kuud-compo-850g\/","name":"Pikaajaline v\u00e4etis COMPLETE 6-kuud Compo 850g - Horticom","isPartOf":{"@id":"https:\/\/horticom.ee\/e-pood\/#website"},"primaryImageOfPage":{"@id":"https:\/\/horticom.ee\/e-pood\/toode\/pikaajaline-vaetis-complete-6-kuud-compo-850g\/#primaryimage"},"image":{"@id":"https:\/\/horticom.ee\/e-pood\/toode\/pikaajaline-vaetis-complete-6-kuud-compo-850g\/#primaryimage"},"thumbnailUrl":"https:\/\/horticom.ee\/e-pood\/wp-content\/uploads\/importedmedia\/product-2023581_0-670118_9.jpg","datePublished":"2024-01-02T01:01:57+00:00","dateModified":"2026-05-02T00:10:58+00:00","description":"Compo Complete pikaajaline v\u00e4etis sobib aia-, r\u00f5du- ja toataimedele. Kahes faasis vabanevad toitained tagavad pikaajalise kasvu terve hooaja jooksul.","breadcrumb":{"@id":"https:\/\/horticom.ee\/e-pood\/toode\/pikaajaline-vaetis-complete-6-kuud-compo-850g\/#breadcrumb"},"inLanguage":"ru-RU","potentialAction":[{"@type":"ReadAction","target":["https:\/\/horticom.ee\/e-pood\/toode\/pikaajaline-vaetis-complete-6-kuud-compo-850g\/"]}]},{"@type":"ImageObject","inLanguage":"ru-RU","@id":"https:\/\/horticom.ee\/e-pood\/toode\/pikaajaline-vaetis-complete-6-kuud-compo-850g\/#primaryimage","url":"https:\/\/horticom.ee\/e-pood\/wp-content\/uploads\/importedmedia\/product-2023581_0-670118_9.jpg","contentUrl":"https:\/\/horticom.ee\/e-pood\/wp-content\/uploads\/importedmedia\/product-2023581_0-670118_9.jpg","width":1000,"height":1625,"caption":"Pikaajaline v\u00e4etis COMPLETE 6-kuud Compo 850g"},{"@type":"BreadcrumbList","@id":"https:\/\/horticom.ee\/e-pood\/toode\/pikaajaline-vaetis-complete-6-kuud-compo-850g\/#breadcrumb","itemListElement":[{"@type":"ListItem","position":1,"name":"Home","item":"https:\/\/horticom.ee\/e-pood\/"},{"@type":"ListItem","position":2,"name":"Pood","item":"https:\/\/horticom.ee\/e-pood\/pood\/"},{"@type":"ListItem","position":3,"name":"Pikaajaline v\u00e4etis COMPLETE 6-kuud Compo 850g"}]},{"@type":"WebSite","@id":"https:\/\/horticom.ee\/e-pood\/#website","url":"https:\/\/horticom.ee\/e-pood\/","name":"Horticom.ee","description":"Aianduskaubad ja kodukaubad nii harrastajatele kui professionaalidele","potentialAction":[{"@type":"SearchAction","target":{"@type":"EntryPoint","urlTemplate":"https:\/\/horticom.ee\/e-pood\/?s={search_term_string}"},"query-input":{"@type":"PropertyValueSpecification","valueRequired":true,"valueName":"search_term_string"}}],"inLanguage":"ru-RU"}]}},"_links":{"self":[{"href":"https:\/\/horticom.ee\/e-pood\/ru\/wp-json\/wp\/v2\/product\/2023581","targetHints":{"allow":["GET"]}}],"collection":[{"href":"https:\/\/horticom.ee\/e-pood\/ru\/wp-json\/wp\/v2\/product"}],"about":[{"href":"https:\/\/horticom.ee\/e-pood\/ru\/wp-json\/wp\/v2\/types\/product"}],"replies":[{"embeddable":true,"href":"https:\/\/horticom.ee\/e-pood\/ru\/wp-json\/wp\/v2\/comments?post=2023581"}],"wp:featuredmedia":[{"embeddable":true,"href":"https:\/\/horticom.ee\/e-pood\/ru\/wp-json\/wp\/v2\/media\/2024359"}],"wp:attachment":[{"href":"https:\/\/horticom.ee\/e-pood\/ru\/wp-json\/wp\/v2\/media?parent=2023581"}],"wp:term":[{"taxonomy":"product_cat","embeddable":true,"href":"https:\/\/horticom.ee\/e-pood\/ru\/wp-json\/wp\/v2\/product_cat?post=2023581"},{"taxonomy":"product_tag","embeddable":true,"href":"https:\/\/horticom.ee\/e-pood\/ru\/wp-json\/wp\/v2\/product_tag?post=2023581"}],"curies":[{"name":"wp","href":"https:\/\/api.w.org\/{rel}","templated":true}]}}