{"id":2023593,"date":"2024-01-02T03:02:01","date_gmt":"2024-01-02T01:02:01","guid":{"rendered":"https:\/\/horticom.ee\/e-pood\/toode\/kulvimuld-horticom-10l\/"},"modified":"2026-04-24T13:01:22","modified_gmt":"2026-04-24T10:01:22","slug":"kulvimuld-horticom-10l","status":"publish","type":"product","link":"https:\/\/horticom.ee\/e-pood\/ru\/toode\/kulvimuld-horticom-10l\/","title":{"rendered":"K\u00fclvimuld Horticom 10L"},"content":{"rendered":"<p>Horticomi k\u00fclvimuld on toodetud k\u00f5rgeimate kvaliteedistandardite j\u00e4rgi, et tagada parim idanevus k\u00f5ikidele seemnetele. K\u00fclvimuld pakub seemnete idanemiseks ja v\u00e4ikeste n\u00f5rkade juurtega taimede kasvamiseks optimaalseid kasvutingimusi. Mullas sisalduvad orgaanilised ained toidavad taimi vajalike toitainetega ning arendavad juurekava. Peen ja \u00f5huline struktuur tagab suurep\u00e4rase niiskustaseme mullas ning samal ajal tagab piisava drenaa\u017ei liigniiskuse v\u00e4ltimiseks.<\/p>\n","protected":false},"excerpt":{"rendered":"<p>Horticomi k\u00fclvimuld on toodetud k\u00f5rgeimate kvaliteedistandardite j\u00e4rgi, et tagada parim idanevus k\u00f5ikidele seemnetele. K\u00fclvimuld pakub seemnete idanemiseks ja v\u00e4ikeste n\u00f5rkade juurtega taimede kasvamiseks optimaalseid kasvutingimusi. Mullas sisalduvad orgaanilised ained toidavad taimi vajalike toitainetega ning arendavad juurekava. Peen ja \u00f5huline struktuur tagab suurep\u00e4rase niiskustaseme mullas ning samal ajal tagab piisava drenaa\u017ei liigniiskuse v\u00e4ltimiseks.<\/p>\n","protected":false},"featured_media":2378414,"comment_status":"closed","ping_status":"closed","template":"","meta":{"_themeisle_gutenberg_block_has_review":false},"product_cat":[13575],"product_tag":[],"class_list":{"0":"post-2023593","1":"product","2":"type-product","3":"status-publish","4":"has-post-thumbnail","6":"product_cat-mullad-ja-turbad","8":"first","9":"instock","10":"shipping-taxable","11":"purchasable","12":"product-type-simple"},"yoast_head":"<!-- This site is optimized with the Yoast SEO plugin v24.0 - https:\/\/yoast.com\/wordpress\/plugins\/seo\/ -->\n<title>K\u00fclvimuld Horticom 10L - Horticom<\/title>\n<meta name=\"robots\" content=\"index, follow, max-snippet:-1, max-image-preview:large, max-video-preview:-1\" \/>\n<link rel=\"canonical\" href=\"https:\/\/horticom.ee\/e-pood\/toode\/kulvimuld-horticom-10l\/\" \/>\n<meta property=\"og:locale\" content=\"ru_RU\" \/>\n<meta property=\"og:type\" content=\"article\" \/>\n<meta property=\"og:title\" content=\"K\u00fclvimuld Horticom 10L - Horticom\" \/>\n<meta property=\"og:description\" content=\"Horticomi k\u00fclvimuld on toodetud k\u00f5rgeimate kvaliteedistandardite j\u00e4rgi, et tagada parim idanevus k\u00f5ikidele seemnetele. K\u00fclvimuld pakub seemnete idanemiseks ja v\u00e4ikeste n\u00f5rkade juurtega taimede kasvamiseks optimaalseid kasvutingimusi. Mullas sisalduvad orgaanilised ained toidavad taimi vajalike toitainetega ning arendavad juurekava. Peen ja \u00f5huline struktuur tagab suurep\u00e4rase niiskustaseme mullas ning samal ajal tagab piisava drenaa\u017ei liigniiskuse v\u00e4ltimiseks.\" \/>\n<meta property=\"og:url\" content=\"https:\/\/horticom.ee\/e-pood\/toode\/kulvimuld-horticom-10l\/\" \/>\n<meta property=\"og:site_name\" content=\"Horticom.ee\" \/>\n<meta property=\"article:publisher\" content=\"https:\/\/www.facebook.com\/horticom.ee\/e-pood\" \/>\n<meta property=\"article:modified_time\" content=\"2026-04-24T10:01:22+00:00\" \/>\n<meta property=\"og:image\" content=\"https:\/\/horticom.ee\/e-pood\/wp-content\/uploads\/importedmedia\/product-2023593_0-6800004.jpg\" \/>\n\t<meta property=\"og:image:width\" content=\"1000\" \/>\n\t<meta property=\"og:image:height\" content=\"1000\" \/>\n\t<meta property=\"og:image:type\" content=\"image\/jpeg\" \/>\n<meta name=\"twitter:card\" content=\"summary_large_image\" \/>\n<script type=\"application\/ld+json\" class=\"yoast-schema-graph\">{\"@context\":\"https:\/\/schema.org\",\"@graph\":[{\"@type\":\"WebPage\",\"@id\":\"https:\/\/horticom.ee\/e-pood\/toode\/kulvimuld-horticom-10l\/\",\"url\":\"https:\/\/horticom.ee\/e-pood\/toode\/kulvimuld-horticom-10l\/\",\"name\":\"K\u00fclvimuld Horticom 10L - Horticom\",\"isPartOf\":{\"@id\":\"https:\/\/horticom.ee\/e-pood\/#website\"},\"primaryImageOfPage\":{\"@id\":\"https:\/\/horticom.ee\/e-pood\/toode\/kulvimuld-horticom-10l\/#primaryimage\"},\"image\":{\"@id\":\"https:\/\/horticom.ee\/e-pood\/toode\/kulvimuld-horticom-10l\/#primaryimage\"},\"thumbnailUrl\":\"https:\/\/horticom.ee\/e-pood\/wp-content\/uploads\/importedmedia\/product-2023593_0-6800004.jpg\",\"datePublished\":\"2024-01-02T01:02:01+00:00\",\"dateModified\":\"2026-04-24T10:01:22+00:00\",\"breadcrumb\":{\"@id\":\"https:\/\/horticom.ee\/e-pood\/toode\/kulvimuld-horticom-10l\/#breadcrumb\"},\"inLanguage\":\"ru-RU\",\"potentialAction\":[{\"@type\":\"ReadAction\",\"target\":[\"https:\/\/horticom.ee\/e-pood\/toode\/kulvimuld-horticom-10l\/\"]}]},{\"@type\":\"ImageObject\",\"inLanguage\":\"ru-RU\",\"@id\":\"https:\/\/horticom.ee\/e-pood\/toode\/kulvimuld-horticom-10l\/#primaryimage\",\"url\":\"https:\/\/horticom.ee\/e-pood\/wp-content\/uploads\/importedmedia\/product-2023593_0-6800004.jpg\",\"contentUrl\":\"https:\/\/horticom.ee\/e-pood\/wp-content\/uploads\/importedmedia\/product-2023593_0-6800004.jpg\",\"width\":1000,\"height\":1000},{\"@type\":\"BreadcrumbList\",\"@id\":\"https:\/\/horticom.ee\/e-pood\/toode\/kulvimuld-horticom-10l\/#breadcrumb\",\"itemListElement\":[{\"@type\":\"ListItem\",\"position\":1,\"name\":\"Home\",\"item\":\"https:\/\/horticom.ee\/e-pood\/\"},{\"@type\":\"ListItem\",\"position\":2,\"name\":\"Pood\",\"item\":\"https:\/\/horticom.ee\/e-pood\/pood\/\"},{\"@type\":\"ListItem\",\"position\":3,\"name\":\"K\u00fclvimuld Horticom 10L\"}]},{\"@type\":\"WebSite\",\"@id\":\"https:\/\/horticom.ee\/e-pood\/#website\",\"url\":\"https:\/\/horticom.ee\/e-pood\/\",\"name\":\"Horticom.ee\",\"description\":\"Aianduskaubad ja kodukaubad nii harrastajatele kui professionaalidele\",\"potentialAction\":[{\"@type\":\"SearchAction\",\"target\":{\"@type\":\"EntryPoint\",\"urlTemplate\":\"https:\/\/horticom.ee\/e-pood\/?s={search_term_string}\"},\"query-input\":{\"@type\":\"PropertyValueSpecification\",\"valueRequired\":true,\"valueName\":\"search_term_string\"}}],\"inLanguage\":\"ru-RU\"}]}<\/script>\n<!-- \/ Yoast SEO plugin. -->","yoast_head_json":{"title":"K\u00fclvimuld Horticom 10L - Horticom","robots":{"index":"index","follow":"follow","max-snippet":"max-snippet:-1","max-image-preview":"max-image-preview:large","max-video-preview":"max-video-preview:-1"},"canonical":"https:\/\/horticom.ee\/e-pood\/toode\/kulvimuld-horticom-10l\/","og_locale":"ru_RU","og_type":"article","og_title":"K\u00fclvimuld Horticom 10L - Horticom","og_description":"Horticomi k\u00fclvimuld on toodetud k\u00f5rgeimate kvaliteedistandardite j\u00e4rgi, et tagada parim idanevus k\u00f5ikidele seemnetele. K\u00fclvimuld pakub seemnete idanemiseks ja v\u00e4ikeste n\u00f5rkade juurtega taimede kasvamiseks optimaalseid kasvutingimusi. Mullas sisalduvad orgaanilised ained toidavad taimi vajalike toitainetega ning arendavad juurekava. Peen ja \u00f5huline struktuur tagab suurep\u00e4rase niiskustaseme mullas ning samal ajal tagab piisava drenaa\u017ei liigniiskuse v\u00e4ltimiseks.","og_url":"https:\/\/horticom.ee\/e-pood\/toode\/kulvimuld-horticom-10l\/","og_site_name":"Horticom.ee","article_publisher":"https:\/\/www.facebook.com\/horticom.ee\/e-pood","article_modified_time":"2026-04-24T10:01:22+00:00","og_image":[{"width":1000,"height":1000,"url":"https:\/\/horticom.ee\/e-pood\/wp-content\/uploads\/importedmedia\/product-2023593_0-6800004.jpg","type":"image\/jpeg"}],"twitter_card":"summary_large_image","schema":{"@context":"https:\/\/schema.org","@graph":[{"@type":"WebPage","@id":"https:\/\/horticom.ee\/e-pood\/toode\/kulvimuld-horticom-10l\/","url":"https:\/\/horticom.ee\/e-pood\/toode\/kulvimuld-horticom-10l\/","name":"K\u00fclvimuld Horticom 10L - Horticom","isPartOf":{"@id":"https:\/\/horticom.ee\/e-pood\/#website"},"primaryImageOfPage":{"@id":"https:\/\/horticom.ee\/e-pood\/toode\/kulvimuld-horticom-10l\/#primaryimage"},"image":{"@id":"https:\/\/horticom.ee\/e-pood\/toode\/kulvimuld-horticom-10l\/#primaryimage"},"thumbnailUrl":"https:\/\/horticom.ee\/e-pood\/wp-content\/uploads\/importedmedia\/product-2023593_0-6800004.jpg","datePublished":"2024-01-02T01:02:01+00:00","dateModified":"2026-04-24T10:01:22+00:00","breadcrumb":{"@id":"https:\/\/horticom.ee\/e-pood\/toode\/kulvimuld-horticom-10l\/#breadcrumb"},"inLanguage":"ru-RU","potentialAction":[{"@type":"ReadAction","target":["https:\/\/horticom.ee\/e-pood\/toode\/kulvimuld-horticom-10l\/"]}]},{"@type":"ImageObject","inLanguage":"ru-RU","@id":"https:\/\/horticom.ee\/e-pood\/toode\/kulvimuld-horticom-10l\/#primaryimage","url":"https:\/\/horticom.ee\/e-pood\/wp-content\/uploads\/importedmedia\/product-2023593_0-6800004.jpg","contentUrl":"https:\/\/horticom.ee\/e-pood\/wp-content\/uploads\/importedmedia\/product-2023593_0-6800004.jpg","width":1000,"height":1000},{"@type":"BreadcrumbList","@id":"https:\/\/horticom.ee\/e-pood\/toode\/kulvimuld-horticom-10l\/#breadcrumb","itemListElement":[{"@type":"ListItem","position":1,"name":"Home","item":"https:\/\/horticom.ee\/e-pood\/"},{"@type":"ListItem","position":2,"name":"Pood","item":"https:\/\/horticom.ee\/e-pood\/pood\/"},{"@type":"ListItem","position":3,"name":"K\u00fclvimuld Horticom 10L"}]},{"@type":"WebSite","@id":"https:\/\/horticom.ee\/e-pood\/#website","url":"https:\/\/horticom.ee\/e-pood\/","name":"Horticom.ee","description":"Aianduskaubad ja kodukaubad nii harrastajatele kui professionaalidele","potentialAction":[{"@type":"SearchAction","target":{"@type":"EntryPoint","urlTemplate":"https:\/\/horticom.ee\/e-pood\/?s={search_term_string}"},"query-input":{"@type":"PropertyValueSpecification","valueRequired":true,"valueName":"search_term_string"}}],"inLanguage":"ru-RU"}]}},"_links":{"self":[{"href":"https:\/\/horticom.ee\/e-pood\/ru\/wp-json\/wp\/v2\/product\/2023593","targetHints":{"allow":["GET"]}}],"collection":[{"href":"https:\/\/horticom.ee\/e-pood\/ru\/wp-json\/wp\/v2\/product"}],"about":[{"href":"https:\/\/horticom.ee\/e-pood\/ru\/wp-json\/wp\/v2\/types\/product"}],"replies":[{"embeddable":true,"href":"https:\/\/horticom.ee\/e-pood\/ru\/wp-json\/wp\/v2\/comments?post=2023593"}],"wp:featuredmedia":[{"embeddable":true,"href":"https:\/\/horticom.ee\/e-pood\/ru\/wp-json\/wp\/v2\/media\/2378414"}],"wp:attachment":[{"href":"https:\/\/horticom.ee\/e-pood\/ru\/wp-json\/wp\/v2\/media?parent=2023593"}],"wp:term":[{"taxonomy":"product_cat","embeddable":true,"href":"https:\/\/horticom.ee\/e-pood\/ru\/wp-json\/wp\/v2\/product_cat?post=2023593"},{"taxonomy":"product_tag","embeddable":true,"href":"https:\/\/horticom.ee\/e-pood\/ru\/wp-json\/wp\/v2\/product_tag?post=2023593"}],"curies":[{"name":"wp","href":"https:\/\/api.w.org\/{rel}","templated":true}]}}