{"id":2023634,"date":"2024-01-02T03:02:14","date_gmt":"2024-01-02T01:02:14","guid":{"rendered":"https:\/\/horticom.ee\/e-pood\/toode\/nuikapsas-korist-f1-bio-20-seemet-4\/"},"modified":"2026-04-19T11:00:47","modified_gmt":"2026-04-19T08:00:47","slug":"nuikapsas-korist-f1-bio-20-seemet-4","status":"publish","type":"product","link":"https:\/\/horticom.ee\/e-pood\/ru\/toode\/nuikapsas-korist-f1-bio-20-seemet-4\/","title":{"rendered":"Nuikapsas Korist F1 BIO 20 seemet 4"},"content":{"rendered":"<p>\u00dcliheade maitseomadustega varavalmiv h\u00fcbriidsort. Kiirekasvuline. Vili 7-9 cm l\u00e4bim\u00f5\u00f5duga poolkera kujuline ja kahvaturoheline. K\u00f5rge suhkru- ja vitamiinisisaldusega viljaliha on  valge, \u00f5rn, mahlakas. V\u00e4ga \u00fchtlase valmimisega.<\/p>\n","protected":false},"excerpt":{"rendered":"<p>\u00dcliheade maitseomadustega varavalmiv h\u00fcbriidsort. Kiirekasvuline. Vili 7-9 cm l\u00e4bim\u00f5\u00f5duga poolkera kujuline ja kahvaturoheline. K\u00f5rge suhkru- ja vitamiinisisaldusega viljaliha on valge, \u00f5rn, mahlakas. V\u00e4ga \u00fchtlase valmimisega.<\/p>\n","protected":false},"featured_media":2024247,"comment_status":"closed","ping_status":"closed","template":"","meta":{"_themeisle_gutenberg_block_has_review":false},"product_cat":[13494,13479],"product_tag":[],"class_list":{"0":"post-2023634","1":"product","2":"type-product","3":"status-publish","4":"has-post-thumbnail","6":"product_cat-kapsas","7":"product_cat-okoseemned","9":"first","10":"instock","11":"shipping-taxable","12":"purchasable","13":"product-type-simple"},"yoast_head":"<!-- This site is optimized with the Yoast SEO plugin v24.0 - https:\/\/yoast.com\/wordpress\/plugins\/seo\/ -->\n<title>Nuikapsas Korist F1 BIO 20 seemet 4 - Horticom.ee\/e-pood<\/title>\n<meta name=\"description\" content=\"Varajane h\u00fcbriid melon \u2013 Kiirekasvuline melon, k\u00f5rge vitamiinisisaldusega viljaliha. \u00dchtlase valmimisega, v\u00e4ga maitsev ja mahlane.\" \/>\n<meta name=\"robots\" content=\"index, follow, max-snippet:-1, max-image-preview:large, max-video-preview:-1\" \/>\n<link rel=\"canonical\" href=\"https:\/\/horticom.ee\/e-pood\/toode\/nuikapsas-korist-f1-bio-20-seemet-4\/\" \/>\n<meta property=\"og:locale\" content=\"ru_RU\" \/>\n<meta property=\"og:type\" content=\"article\" \/>\n<meta property=\"og:title\" content=\"Nuikapsas Korist F1 BIO 20 seemet 4 - Horticom.ee\/e-pood\" \/>\n<meta property=\"og:description\" content=\"Varajane h\u00fcbriid melon \u2013 Kiirekasvuline melon, k\u00f5rge vitamiinisisaldusega viljaliha. \u00dchtlase valmimisega, v\u00e4ga maitsev ja mahlane.\" \/>\n<meta property=\"og:url\" content=\"https:\/\/horticom.ee\/e-pood\/toode\/nuikapsas-korist-f1-bio-20-seemet-4\/\" \/>\n<meta property=\"og:site_name\" content=\"Horticom.ee\" \/>\n<meta property=\"article:publisher\" content=\"https:\/\/www.facebook.com\/horticom.ee\/e-pood\" \/>\n<meta property=\"article:modified_time\" content=\"2026-04-19T08:00:47+00:00\" \/>\n<meta property=\"og:image\" content=\"https:\/\/horticom.ee\/e-pood\/wp-content\/uploads\/importedmedia\/product-2023634_0-HM06087.jpg\" \/>\n\t<meta property=\"og:image:width\" content=\"1000\" \/>\n\t<meta property=\"og:image:height\" content=\"1500\" \/>\n\t<meta property=\"og:image:type\" content=\"image\/jpeg\" \/>\n<meta name=\"twitter:card\" content=\"summary_large_image\" \/>\n<script type=\"application\/ld+json\" class=\"yoast-schema-graph\">{\"@context\":\"https:\/\/schema.org\",\"@graph\":[{\"@type\":\"WebPage\",\"@id\":\"https:\/\/horticom.ee\/e-pood\/toode\/nuikapsas-korist-f1-bio-20-seemet-4\/\",\"url\":\"https:\/\/horticom.ee\/e-pood\/toode\/nuikapsas-korist-f1-bio-20-seemet-4\/\",\"name\":\"Nuikapsas Korist F1 BIO 20 seemet 4 - Horticom.ee\/e-pood\",\"isPartOf\":{\"@id\":\"https:\/\/horticom.ee\/e-pood\/#website\"},\"primaryImageOfPage\":{\"@id\":\"https:\/\/horticom.ee\/e-pood\/toode\/nuikapsas-korist-f1-bio-20-seemet-4\/#primaryimage\"},\"image\":{\"@id\":\"https:\/\/horticom.ee\/e-pood\/toode\/nuikapsas-korist-f1-bio-20-seemet-4\/#primaryimage\"},\"thumbnailUrl\":\"https:\/\/horticom.ee\/e-pood\/wp-content\/uploads\/importedmedia\/product-2023634_0-HM06087.jpg\",\"datePublished\":\"2024-01-02T01:02:14+00:00\",\"dateModified\":\"2026-04-19T08:00:47+00:00\",\"description\":\"Varajane h\u00fcbriid melon \u2013 Kiirekasvuline melon, k\u00f5rge vitamiinisisaldusega viljaliha. \u00dchtlase valmimisega, v\u00e4ga maitsev ja mahlane.\",\"breadcrumb\":{\"@id\":\"https:\/\/horticom.ee\/e-pood\/toode\/nuikapsas-korist-f1-bio-20-seemet-4\/#breadcrumb\"},\"inLanguage\":\"ru-RU\",\"potentialAction\":[{\"@type\":\"ReadAction\",\"target\":[\"https:\/\/horticom.ee\/e-pood\/toode\/nuikapsas-korist-f1-bio-20-seemet-4\/\"]}]},{\"@type\":\"ImageObject\",\"inLanguage\":\"ru-RU\",\"@id\":\"https:\/\/horticom.ee\/e-pood\/toode\/nuikapsas-korist-f1-bio-20-seemet-4\/#primaryimage\",\"url\":\"https:\/\/horticom.ee\/e-pood\/wp-content\/uploads\/importedmedia\/product-2023634_0-HM06087.jpg\",\"contentUrl\":\"https:\/\/horticom.ee\/e-pood\/wp-content\/uploads\/importedmedia\/product-2023634_0-HM06087.jpg\",\"width\":1000,\"height\":1500,\"caption\":\"Nuikapsas Korist F1 BIO 20 seemet 4\"},{\"@type\":\"BreadcrumbList\",\"@id\":\"https:\/\/horticom.ee\/e-pood\/toode\/nuikapsas-korist-f1-bio-20-seemet-4\/#breadcrumb\",\"itemListElement\":[{\"@type\":\"ListItem\",\"position\":1,\"name\":\"Home\",\"item\":\"https:\/\/horticom.ee\/e-pood\/\"},{\"@type\":\"ListItem\",\"position\":2,\"name\":\"Pood\",\"item\":\"https:\/\/horticom.ee\/e-pood\/pood\/\"},{\"@type\":\"ListItem\",\"position\":3,\"name\":\"Nuikapsas Korist F1 BIO 20 seemet 4\"}]},{\"@type\":\"WebSite\",\"@id\":\"https:\/\/horticom.ee\/e-pood\/#website\",\"url\":\"https:\/\/horticom.ee\/e-pood\/\",\"name\":\"Horticom.ee\",\"description\":\"Aianduskaubad ja kodukaubad nii harrastajatele kui professionaalidele\",\"potentialAction\":[{\"@type\":\"SearchAction\",\"target\":{\"@type\":\"EntryPoint\",\"urlTemplate\":\"https:\/\/horticom.ee\/e-pood\/?s={search_term_string}\"},\"query-input\":{\"@type\":\"PropertyValueSpecification\",\"valueRequired\":true,\"valueName\":\"search_term_string\"}}],\"inLanguage\":\"ru-RU\"}]}<\/script>\n<!-- \/ Yoast SEO plugin. -->","yoast_head_json":{"title":"Nuikapsas Korist F1 BIO 20 seemet 4 - Horticom.ee\/e-pood","description":"Varajane h\u00fcbriid melon \u2013 Kiirekasvuline melon, k\u00f5rge vitamiinisisaldusega viljaliha. \u00dchtlase valmimisega, v\u00e4ga maitsev ja mahlane.","robots":{"index":"index","follow":"follow","max-snippet":"max-snippet:-1","max-image-preview":"max-image-preview:large","max-video-preview":"max-video-preview:-1"},"canonical":"https:\/\/horticom.ee\/e-pood\/toode\/nuikapsas-korist-f1-bio-20-seemet-4\/","og_locale":"ru_RU","og_type":"article","og_title":"Nuikapsas Korist F1 BIO 20 seemet 4 - Horticom.ee\/e-pood","og_description":"Varajane h\u00fcbriid melon \u2013 Kiirekasvuline melon, k\u00f5rge vitamiinisisaldusega viljaliha. \u00dchtlase valmimisega, v\u00e4ga maitsev ja mahlane.","og_url":"https:\/\/horticom.ee\/e-pood\/toode\/nuikapsas-korist-f1-bio-20-seemet-4\/","og_site_name":"Horticom.ee","article_publisher":"https:\/\/www.facebook.com\/horticom.ee\/e-pood","article_modified_time":"2026-04-19T08:00:47+00:00","og_image":[{"width":1000,"height":1500,"url":"https:\/\/horticom.ee\/e-pood\/wp-content\/uploads\/importedmedia\/product-2023634_0-HM06087.jpg","type":"image\/jpeg"}],"twitter_card":"summary_large_image","schema":{"@context":"https:\/\/schema.org","@graph":[{"@type":"WebPage","@id":"https:\/\/horticom.ee\/e-pood\/toode\/nuikapsas-korist-f1-bio-20-seemet-4\/","url":"https:\/\/horticom.ee\/e-pood\/toode\/nuikapsas-korist-f1-bio-20-seemet-4\/","name":"Nuikapsas Korist F1 BIO 20 seemet 4 - Horticom.ee\/e-pood","isPartOf":{"@id":"https:\/\/horticom.ee\/e-pood\/#website"},"primaryImageOfPage":{"@id":"https:\/\/horticom.ee\/e-pood\/toode\/nuikapsas-korist-f1-bio-20-seemet-4\/#primaryimage"},"image":{"@id":"https:\/\/horticom.ee\/e-pood\/toode\/nuikapsas-korist-f1-bio-20-seemet-4\/#primaryimage"},"thumbnailUrl":"https:\/\/horticom.ee\/e-pood\/wp-content\/uploads\/importedmedia\/product-2023634_0-HM06087.jpg","datePublished":"2024-01-02T01:02:14+00:00","dateModified":"2026-04-19T08:00:47+00:00","description":"Varajane h\u00fcbriid melon \u2013 Kiirekasvuline melon, k\u00f5rge vitamiinisisaldusega viljaliha. \u00dchtlase valmimisega, v\u00e4ga maitsev ja mahlane.","breadcrumb":{"@id":"https:\/\/horticom.ee\/e-pood\/toode\/nuikapsas-korist-f1-bio-20-seemet-4\/#breadcrumb"},"inLanguage":"ru-RU","potentialAction":[{"@type":"ReadAction","target":["https:\/\/horticom.ee\/e-pood\/toode\/nuikapsas-korist-f1-bio-20-seemet-4\/"]}]},{"@type":"ImageObject","inLanguage":"ru-RU","@id":"https:\/\/horticom.ee\/e-pood\/toode\/nuikapsas-korist-f1-bio-20-seemet-4\/#primaryimage","url":"https:\/\/horticom.ee\/e-pood\/wp-content\/uploads\/importedmedia\/product-2023634_0-HM06087.jpg","contentUrl":"https:\/\/horticom.ee\/e-pood\/wp-content\/uploads\/importedmedia\/product-2023634_0-HM06087.jpg","width":1000,"height":1500,"caption":"Nuikapsas Korist F1 BIO 20 seemet 4"},{"@type":"BreadcrumbList","@id":"https:\/\/horticom.ee\/e-pood\/toode\/nuikapsas-korist-f1-bio-20-seemet-4\/#breadcrumb","itemListElement":[{"@type":"ListItem","position":1,"name":"Home","item":"https:\/\/horticom.ee\/e-pood\/"},{"@type":"ListItem","position":2,"name":"Pood","item":"https:\/\/horticom.ee\/e-pood\/pood\/"},{"@type":"ListItem","position":3,"name":"Nuikapsas Korist F1 BIO 20 seemet 4"}]},{"@type":"WebSite","@id":"https:\/\/horticom.ee\/e-pood\/#website","url":"https:\/\/horticom.ee\/e-pood\/","name":"Horticom.ee","description":"Aianduskaubad ja kodukaubad nii harrastajatele kui professionaalidele","potentialAction":[{"@type":"SearchAction","target":{"@type":"EntryPoint","urlTemplate":"https:\/\/horticom.ee\/e-pood\/?s={search_term_string}"},"query-input":{"@type":"PropertyValueSpecification","valueRequired":true,"valueName":"search_term_string"}}],"inLanguage":"ru-RU"}]}},"_links":{"self":[{"href":"https:\/\/horticom.ee\/e-pood\/ru\/wp-json\/wp\/v2\/product\/2023634","targetHints":{"allow":["GET"]}}],"collection":[{"href":"https:\/\/horticom.ee\/e-pood\/ru\/wp-json\/wp\/v2\/product"}],"about":[{"href":"https:\/\/horticom.ee\/e-pood\/ru\/wp-json\/wp\/v2\/types\/product"}],"replies":[{"embeddable":true,"href":"https:\/\/horticom.ee\/e-pood\/ru\/wp-json\/wp\/v2\/comments?post=2023634"}],"wp:featuredmedia":[{"embeddable":true,"href":"https:\/\/horticom.ee\/e-pood\/ru\/wp-json\/wp\/v2\/media\/2024247"}],"wp:attachment":[{"href":"https:\/\/horticom.ee\/e-pood\/ru\/wp-json\/wp\/v2\/media?parent=2023634"}],"wp:term":[{"taxonomy":"product_cat","embeddable":true,"href":"https:\/\/horticom.ee\/e-pood\/ru\/wp-json\/wp\/v2\/product_cat?post=2023634"},{"taxonomy":"product_tag","embeddable":true,"href":"https:\/\/horticom.ee\/e-pood\/ru\/wp-json\/wp\/v2\/product_tag?post=2023634"}],"curies":[{"name":"wp","href":"https:\/\/api.w.org\/{rel}","templated":true}]}}