{"id":2023639,"date":"2024-01-02T03:02:16","date_gmt":"2024-01-02T01:02:16","guid":{"rendered":"https:\/\/horticom.ee\/e-pood\/toode\/porgand-yellowstone-f1-kollane-bio-200-seemet-2\/"},"modified":"2026-04-20T03:15:25","modified_gmt":"2026-04-20T00:15:25","slug":"porgand-yellowstone-f1-kollane-bio-200-seemet-2","status":"publish","type":"product","link":"https:\/\/horticom.ee\/e-pood\/ru\/toode\/porgand-yellowstone-f1-kollane-bio-200-seemet-2\/","title":{"rendered":"Porgand Yellowstone F1 (kollane) BIO 200 seemet 2"},"content":{"rendered":"<p>Ilus kollane h\u00fcbriidsort rikkaliku maitsega ja v\u00e4ga hea saagikusega. Sobib nii v\u00e4rskelt tarbimiseks kui pikaajaliseks s\u00e4ilitamiseks.<\/p>\n","protected":false},"excerpt":{"rendered":"<p>Ilus kollane h\u00fcbriidsort rikkaliku maitsega ja v\u00e4ga hea saagikusega. Sobib nii v\u00e4rskelt tarbimiseks kui pikaajaliseks s\u00e4ilitamiseks.<\/p>\n","protected":false},"featured_media":2024239,"comment_status":"closed","ping_status":"closed","template":"","meta":{"_themeisle_gutenberg_block_has_review":false},"product_cat":[13479,13487],"product_tag":[],"class_list":{"0":"post-2023639","1":"product","2":"type-product","3":"status-publish","4":"has-post-thumbnail","6":"product_cat-okoseemned","7":"product_cat-porgand-pastinaak","9":"first","10":"instock","11":"shipping-taxable","12":"purchasable","13":"product-type-simple"},"yoast_head":"<!-- This site is optimized with the Yoast SEO plugin v24.0 - https:\/\/yoast.com\/wordpress\/plugins\/seo\/ -->\n<title>Porgand Yellowstone F1 (kollane) BIO 200 seemet 2<\/title>\n<meta name=\"description\" content=\"Ilus kollane h\u00fcbriidsort rikkaliku maitsega ja v\u00e4ga hea saagikusega. Sobib nii v\u00e4rskelt tarbimiseks kui pikaajaliseks s\u00e4ilitamiseks.\" \/>\n<meta name=\"robots\" content=\"index, follow, max-snippet:-1, max-image-preview:large, max-video-preview:-1\" \/>\n<link rel=\"canonical\" href=\"https:\/\/horticom.ee\/e-pood\/toode\/porgand-yellowstone-f1-kollane-bio-200-seemet-2\/\" \/>\n<meta property=\"og:locale\" content=\"ru_RU\" \/>\n<meta property=\"og:type\" content=\"article\" \/>\n<meta property=\"og:title\" content=\"Porgand Yellowstone F1 (kollane) BIO 200 seemet 2\" \/>\n<meta property=\"og:description\" content=\"Ilus kollane h\u00fcbriidsort rikkaliku maitsega ja v\u00e4ga hea saagikusega. Sobib nii v\u00e4rskelt tarbimiseks kui pikaajaliseks s\u00e4ilitamiseks.\" \/>\n<meta property=\"og:url\" content=\"https:\/\/horticom.ee\/e-pood\/toode\/porgand-yellowstone-f1-kollane-bio-200-seemet-2\/\" \/>\n<meta property=\"og:site_name\" content=\"Horticom.ee\" \/>\n<meta property=\"article:publisher\" content=\"https:\/\/www.facebook.com\/horticom.ee\/e-pood\" \/>\n<meta property=\"article:modified_time\" content=\"2026-04-20T00:15:25+00:00\" \/>\n<meta property=\"og:image\" content=\"https:\/\/horticom.ee\/e-pood\/wp-content\/uploads\/importedmedia\/product-2023639_0-HM06066.jpg\" \/>\n\t<meta property=\"og:image:width\" content=\"1000\" \/>\n\t<meta property=\"og:image:height\" content=\"1500\" \/>\n\t<meta property=\"og:image:type\" content=\"image\/jpeg\" \/>\n<meta name=\"twitter:card\" content=\"summary_large_image\" \/>\n<script type=\"application\/ld+json\" class=\"yoast-schema-graph\">{\"@context\":\"https:\/\/schema.org\",\"@graph\":[{\"@type\":\"WebPage\",\"@id\":\"https:\/\/horticom.ee\/e-pood\/toode\/porgand-yellowstone-f1-kollane-bio-200-seemet-2\/\",\"url\":\"https:\/\/horticom.ee\/e-pood\/toode\/porgand-yellowstone-f1-kollane-bio-200-seemet-2\/\",\"name\":\"Porgand Yellowstone F1 (kollane) BIO 200 seemet 2\",\"isPartOf\":{\"@id\":\"https:\/\/horticom.ee\/e-pood\/#website\"},\"primaryImageOfPage\":{\"@id\":\"https:\/\/horticom.ee\/e-pood\/toode\/porgand-yellowstone-f1-kollane-bio-200-seemet-2\/#primaryimage\"},\"image\":{\"@id\":\"https:\/\/horticom.ee\/e-pood\/toode\/porgand-yellowstone-f1-kollane-bio-200-seemet-2\/#primaryimage\"},\"thumbnailUrl\":\"https:\/\/horticom.ee\/e-pood\/wp-content\/uploads\/importedmedia\/product-2023639_0-HM06066.jpg\",\"datePublished\":\"2024-01-02T01:02:16+00:00\",\"dateModified\":\"2026-04-20T00:15:25+00:00\",\"description\":\"Ilus kollane h\u00fcbriidsort rikkaliku maitsega ja v\u00e4ga hea saagikusega. Sobib nii v\u00e4rskelt tarbimiseks kui pikaajaliseks s\u00e4ilitamiseks.\",\"breadcrumb\":{\"@id\":\"https:\/\/horticom.ee\/e-pood\/toode\/porgand-yellowstone-f1-kollane-bio-200-seemet-2\/#breadcrumb\"},\"inLanguage\":\"ru-RU\",\"potentialAction\":[{\"@type\":\"ReadAction\",\"target\":[\"https:\/\/horticom.ee\/e-pood\/toode\/porgand-yellowstone-f1-kollane-bio-200-seemet-2\/\"]}]},{\"@type\":\"ImageObject\",\"inLanguage\":\"ru-RU\",\"@id\":\"https:\/\/horticom.ee\/e-pood\/toode\/porgand-yellowstone-f1-kollane-bio-200-seemet-2\/#primaryimage\",\"url\":\"https:\/\/horticom.ee\/e-pood\/wp-content\/uploads\/importedmedia\/product-2023639_0-HM06066.jpg\",\"contentUrl\":\"https:\/\/horticom.ee\/e-pood\/wp-content\/uploads\/importedmedia\/product-2023639_0-HM06066.jpg\",\"width\":1000,\"height\":1500,\"caption\":\"Porgand Yellowstone F1 (kollane) BIO 200 seemet 2\"},{\"@type\":\"BreadcrumbList\",\"@id\":\"https:\/\/horticom.ee\/e-pood\/toode\/porgand-yellowstone-f1-kollane-bio-200-seemet-2\/#breadcrumb\",\"itemListElement\":[{\"@type\":\"ListItem\",\"position\":1,\"name\":\"Home\",\"item\":\"https:\/\/horticom.ee\/e-pood\/\"},{\"@type\":\"ListItem\",\"position\":2,\"name\":\"Pood\",\"item\":\"https:\/\/horticom.ee\/e-pood\/pood\/\"},{\"@type\":\"ListItem\",\"position\":3,\"name\":\"Porgand Yellowstone F1 (kollane) BIO 200 seemet 2\"}]},{\"@type\":\"WebSite\",\"@id\":\"https:\/\/horticom.ee\/e-pood\/#website\",\"url\":\"https:\/\/horticom.ee\/e-pood\/\",\"name\":\"Horticom.ee\",\"description\":\"Aianduskaubad ja kodukaubad nii harrastajatele kui professionaalidele\",\"potentialAction\":[{\"@type\":\"SearchAction\",\"target\":{\"@type\":\"EntryPoint\",\"urlTemplate\":\"https:\/\/horticom.ee\/e-pood\/?s={search_term_string}\"},\"query-input\":{\"@type\":\"PropertyValueSpecification\",\"valueRequired\":true,\"valueName\":\"search_term_string\"}}],\"inLanguage\":\"ru-RU\"}]}<\/script>\n<!-- \/ Yoast SEO plugin. -->","yoast_head_json":{"title":"Porgand Yellowstone F1 (kollane) BIO 200 seemet 2","description":"Ilus kollane h\u00fcbriidsort rikkaliku maitsega ja v\u00e4ga hea saagikusega. Sobib nii v\u00e4rskelt tarbimiseks kui pikaajaliseks s\u00e4ilitamiseks.","robots":{"index":"index","follow":"follow","max-snippet":"max-snippet:-1","max-image-preview":"max-image-preview:large","max-video-preview":"max-video-preview:-1"},"canonical":"https:\/\/horticom.ee\/e-pood\/toode\/porgand-yellowstone-f1-kollane-bio-200-seemet-2\/","og_locale":"ru_RU","og_type":"article","og_title":"Porgand Yellowstone F1 (kollane) BIO 200 seemet 2","og_description":"Ilus kollane h\u00fcbriidsort rikkaliku maitsega ja v\u00e4ga hea saagikusega. Sobib nii v\u00e4rskelt tarbimiseks kui pikaajaliseks s\u00e4ilitamiseks.","og_url":"https:\/\/horticom.ee\/e-pood\/toode\/porgand-yellowstone-f1-kollane-bio-200-seemet-2\/","og_site_name":"Horticom.ee","article_publisher":"https:\/\/www.facebook.com\/horticom.ee\/e-pood","article_modified_time":"2026-04-20T00:15:25+00:00","og_image":[{"width":1000,"height":1500,"url":"https:\/\/horticom.ee\/e-pood\/wp-content\/uploads\/importedmedia\/product-2023639_0-HM06066.jpg","type":"image\/jpeg"}],"twitter_card":"summary_large_image","schema":{"@context":"https:\/\/schema.org","@graph":[{"@type":"WebPage","@id":"https:\/\/horticom.ee\/e-pood\/toode\/porgand-yellowstone-f1-kollane-bio-200-seemet-2\/","url":"https:\/\/horticom.ee\/e-pood\/toode\/porgand-yellowstone-f1-kollane-bio-200-seemet-2\/","name":"Porgand Yellowstone F1 (kollane) BIO 200 seemet 2","isPartOf":{"@id":"https:\/\/horticom.ee\/e-pood\/#website"},"primaryImageOfPage":{"@id":"https:\/\/horticom.ee\/e-pood\/toode\/porgand-yellowstone-f1-kollane-bio-200-seemet-2\/#primaryimage"},"image":{"@id":"https:\/\/horticom.ee\/e-pood\/toode\/porgand-yellowstone-f1-kollane-bio-200-seemet-2\/#primaryimage"},"thumbnailUrl":"https:\/\/horticom.ee\/e-pood\/wp-content\/uploads\/importedmedia\/product-2023639_0-HM06066.jpg","datePublished":"2024-01-02T01:02:16+00:00","dateModified":"2026-04-20T00:15:25+00:00","description":"Ilus kollane h\u00fcbriidsort rikkaliku maitsega ja v\u00e4ga hea saagikusega. Sobib nii v\u00e4rskelt tarbimiseks kui pikaajaliseks s\u00e4ilitamiseks.","breadcrumb":{"@id":"https:\/\/horticom.ee\/e-pood\/toode\/porgand-yellowstone-f1-kollane-bio-200-seemet-2\/#breadcrumb"},"inLanguage":"ru-RU","potentialAction":[{"@type":"ReadAction","target":["https:\/\/horticom.ee\/e-pood\/toode\/porgand-yellowstone-f1-kollane-bio-200-seemet-2\/"]}]},{"@type":"ImageObject","inLanguage":"ru-RU","@id":"https:\/\/horticom.ee\/e-pood\/toode\/porgand-yellowstone-f1-kollane-bio-200-seemet-2\/#primaryimage","url":"https:\/\/horticom.ee\/e-pood\/wp-content\/uploads\/importedmedia\/product-2023639_0-HM06066.jpg","contentUrl":"https:\/\/horticom.ee\/e-pood\/wp-content\/uploads\/importedmedia\/product-2023639_0-HM06066.jpg","width":1000,"height":1500,"caption":"Porgand Yellowstone F1 (kollane) BIO 200 seemet 2"},{"@type":"BreadcrumbList","@id":"https:\/\/horticom.ee\/e-pood\/toode\/porgand-yellowstone-f1-kollane-bio-200-seemet-2\/#breadcrumb","itemListElement":[{"@type":"ListItem","position":1,"name":"Home","item":"https:\/\/horticom.ee\/e-pood\/"},{"@type":"ListItem","position":2,"name":"Pood","item":"https:\/\/horticom.ee\/e-pood\/pood\/"},{"@type":"ListItem","position":3,"name":"Porgand Yellowstone F1 (kollane) BIO 200 seemet 2"}]},{"@type":"WebSite","@id":"https:\/\/horticom.ee\/e-pood\/#website","url":"https:\/\/horticom.ee\/e-pood\/","name":"Horticom.ee","description":"Aianduskaubad ja kodukaubad nii harrastajatele kui professionaalidele","potentialAction":[{"@type":"SearchAction","target":{"@type":"EntryPoint","urlTemplate":"https:\/\/horticom.ee\/e-pood\/?s={search_term_string}"},"query-input":{"@type":"PropertyValueSpecification","valueRequired":true,"valueName":"search_term_string"}}],"inLanguage":"ru-RU"}]}},"_links":{"self":[{"href":"https:\/\/horticom.ee\/e-pood\/ru\/wp-json\/wp\/v2\/product\/2023639","targetHints":{"allow":["GET"]}}],"collection":[{"href":"https:\/\/horticom.ee\/e-pood\/ru\/wp-json\/wp\/v2\/product"}],"about":[{"href":"https:\/\/horticom.ee\/e-pood\/ru\/wp-json\/wp\/v2\/types\/product"}],"replies":[{"embeddable":true,"href":"https:\/\/horticom.ee\/e-pood\/ru\/wp-json\/wp\/v2\/comments?post=2023639"}],"wp:featuredmedia":[{"embeddable":true,"href":"https:\/\/horticom.ee\/e-pood\/ru\/wp-json\/wp\/v2\/media\/2024239"}],"wp:attachment":[{"href":"https:\/\/horticom.ee\/e-pood\/ru\/wp-json\/wp\/v2\/media?parent=2023639"}],"wp:term":[{"taxonomy":"product_cat","embeddable":true,"href":"https:\/\/horticom.ee\/e-pood\/ru\/wp-json\/wp\/v2\/product_cat?post=2023639"},{"taxonomy":"product_tag","embeddable":true,"href":"https:\/\/horticom.ee\/e-pood\/ru\/wp-json\/wp\/v2\/product_tag?post=2023639"}],"curies":[{"name":"wp","href":"https:\/\/api.w.org\/{rel}","templated":true}]}}