{"id":2023656,"date":"2024-01-02T03:02:21","date_gmt":"2024-01-02T01:02:21","guid":{"rendered":"https:\/\/horticom.ee\/e-pood\/toode\/tiivuline-tunbergia-african-sunset-mix-50-seemet-7\/"},"modified":"2026-04-24T03:13:41","modified_gmt":"2026-04-24T00:13:41","slug":"tiivuline-tunbergia-african-sunset-mix-50-seemet-7","status":"publish","type":"product","link":"https:\/\/horticom.ee\/e-pood\/ru\/toode\/tiivuline-tunbergia-african-sunset-mix-50-seemet-7\/","title":{"rendered":"Tiivuline tunbergia African Sunset Mix 50 seemet 7"},"content":{"rendered":"<p>Unikaalne \u00f5ite v\u00e4rvust muutev ronitaim, millel on s\u00fcdamekujulised rohelised lehed. \u00d5ied avanevad kreemikatena, muutuvad aprikoosi ja l\u00f5heroosaks ning seej\u00e4rel roosaks ja punaseks. \u00d5itseb  suve jooksul rikkalikult kuni esimeste k\u00fclmadeni.<\/p>\n","protected":false},"excerpt":{"rendered":"<p>Unikaalne \u00f5ite v\u00e4rvust muutev ronitaim, millel on s\u00fcdamekujulised rohelised lehed. \u00d5ied avanevad kreemikatena, muutuvad aprikoosi ja l\u00f5heroosaks ning seej\u00e4rel roosaks ja punaseks. \u00d5itseb suve jooksul rikkalikult kuni esimeste k\u00fclmadeni.<\/p>\n","protected":false},"featured_media":2024207,"comment_status":"closed","ping_status":"closed","template":"","meta":{"_themeisle_gutenberg_block_has_review":false},"product_cat":[13504],"product_tag":[],"class_list":{"0":"post-2023656","1":"product","2":"type-product","3":"status-publish","4":"has-post-thumbnail","6":"product_cat-ronilill","8":"first","9":"outofstock","10":"shipping-taxable","11":"purchasable","12":"product-type-simple"},"yoast_head":"<!-- This site is optimized with the Yoast SEO plugin v24.0 - https:\/\/yoast.com\/wordpress\/plugins\/seo\/ -->\n<title>Tiivuline tunbergia African Sunset Mix 50 seemet 7<\/title>\n<meta name=\"description\" content=\"Tiivuline tunbergia African Sunset Mix \u2013 Unikaalne ronitaim, mis \u00f5itseb kreemjates toonides ja muutub aprikoosiks ja roosaks. Ideaalne aeda ja terrassile.\" \/>\n<meta name=\"robots\" content=\"index, follow, max-snippet:-1, max-image-preview:large, max-video-preview:-1\" \/>\n<link rel=\"canonical\" href=\"https:\/\/horticom.ee\/e-pood\/toode\/tiivuline-tunbergia-african-sunset-mix-50-seemet-7\/\" \/>\n<meta property=\"og:locale\" content=\"ru_RU\" \/>\n<meta property=\"og:type\" content=\"article\" \/>\n<meta property=\"og:title\" content=\"Tiivuline tunbergia African Sunset Mix 50 seemet 7\" \/>\n<meta property=\"og:description\" content=\"Tiivuline tunbergia African Sunset Mix \u2013 Unikaalne ronitaim, mis \u00f5itseb kreemjates toonides ja muutub aprikoosiks ja roosaks. Ideaalne aeda ja terrassile.\" \/>\n<meta property=\"og:url\" content=\"https:\/\/horticom.ee\/e-pood\/toode\/tiivuline-tunbergia-african-sunset-mix-50-seemet-7\/\" \/>\n<meta property=\"og:site_name\" content=\"Horticom.ee\" \/>\n<meta property=\"article:publisher\" content=\"https:\/\/www.facebook.com\/horticom.ee\/e-pood\" \/>\n<meta property=\"article:modified_time\" content=\"2026-04-24T00:13:41+00:00\" \/>\n<meta property=\"og:image\" content=\"https:\/\/horticom.ee\/e-pood\/wp-content\/uploads\/importedmedia\/product-2023656_0-HM06116.jpg\" \/>\n\t<meta property=\"og:image:width\" content=\"1000\" \/>\n\t<meta property=\"og:image:height\" content=\"1500\" \/>\n\t<meta property=\"og:image:type\" content=\"image\/jpeg\" \/>\n<meta name=\"twitter:card\" content=\"summary_large_image\" \/>\n<script type=\"application\/ld+json\" class=\"yoast-schema-graph\">{\"@context\":\"https:\/\/schema.org\",\"@graph\":[{\"@type\":\"WebPage\",\"@id\":\"https:\/\/horticom.ee\/e-pood\/toode\/tiivuline-tunbergia-african-sunset-mix-50-seemet-7\/\",\"url\":\"https:\/\/horticom.ee\/e-pood\/toode\/tiivuline-tunbergia-african-sunset-mix-50-seemet-7\/\",\"name\":\"Tiivuline tunbergia African Sunset Mix 50 seemet 7\",\"isPartOf\":{\"@id\":\"https:\/\/horticom.ee\/e-pood\/#website\"},\"primaryImageOfPage\":{\"@id\":\"https:\/\/horticom.ee\/e-pood\/toode\/tiivuline-tunbergia-african-sunset-mix-50-seemet-7\/#primaryimage\"},\"image\":{\"@id\":\"https:\/\/horticom.ee\/e-pood\/toode\/tiivuline-tunbergia-african-sunset-mix-50-seemet-7\/#primaryimage\"},\"thumbnailUrl\":\"https:\/\/horticom.ee\/e-pood\/wp-content\/uploads\/importedmedia\/product-2023656_0-HM06116.jpg\",\"datePublished\":\"2024-01-02T01:02:21+00:00\",\"dateModified\":\"2026-04-24T00:13:41+00:00\",\"description\":\"Tiivuline tunbergia African Sunset Mix \u2013 Unikaalne ronitaim, mis \u00f5itseb kreemjates toonides ja muutub aprikoosiks ja roosaks. Ideaalne aeda ja terrassile.\",\"breadcrumb\":{\"@id\":\"https:\/\/horticom.ee\/e-pood\/toode\/tiivuline-tunbergia-african-sunset-mix-50-seemet-7\/#breadcrumb\"},\"inLanguage\":\"ru-RU\",\"potentialAction\":[{\"@type\":\"ReadAction\",\"target\":[\"https:\/\/horticom.ee\/e-pood\/toode\/tiivuline-tunbergia-african-sunset-mix-50-seemet-7\/\"]}]},{\"@type\":\"ImageObject\",\"inLanguage\":\"ru-RU\",\"@id\":\"https:\/\/horticom.ee\/e-pood\/toode\/tiivuline-tunbergia-african-sunset-mix-50-seemet-7\/#primaryimage\",\"url\":\"https:\/\/horticom.ee\/e-pood\/wp-content\/uploads\/importedmedia\/product-2023656_0-HM06116.jpg\",\"contentUrl\":\"https:\/\/horticom.ee\/e-pood\/wp-content\/uploads\/importedmedia\/product-2023656_0-HM06116.jpg\",\"width\":1000,\"height\":1500,\"caption\":\"Tiivuline tunbergia African Sunset Mix 50 seemet 7\"},{\"@type\":\"BreadcrumbList\",\"@id\":\"https:\/\/horticom.ee\/e-pood\/toode\/tiivuline-tunbergia-african-sunset-mix-50-seemet-7\/#breadcrumb\",\"itemListElement\":[{\"@type\":\"ListItem\",\"position\":1,\"name\":\"Home\",\"item\":\"https:\/\/horticom.ee\/e-pood\/\"},{\"@type\":\"ListItem\",\"position\":2,\"name\":\"Pood\",\"item\":\"https:\/\/horticom.ee\/e-pood\/pood\/\"},{\"@type\":\"ListItem\",\"position\":3,\"name\":\"Tiivuline tunbergia African Sunset Mix 50 seemet 7\"}]},{\"@type\":\"WebSite\",\"@id\":\"https:\/\/horticom.ee\/e-pood\/#website\",\"url\":\"https:\/\/horticom.ee\/e-pood\/\",\"name\":\"Horticom.ee\",\"description\":\"Aianduskaubad ja kodukaubad nii harrastajatele kui professionaalidele\",\"potentialAction\":[{\"@type\":\"SearchAction\",\"target\":{\"@type\":\"EntryPoint\",\"urlTemplate\":\"https:\/\/horticom.ee\/e-pood\/?s={search_term_string}\"},\"query-input\":{\"@type\":\"PropertyValueSpecification\",\"valueRequired\":true,\"valueName\":\"search_term_string\"}}],\"inLanguage\":\"ru-RU\"}]}<\/script>\n<!-- \/ Yoast SEO plugin. -->","yoast_head_json":{"title":"Tiivuline tunbergia African Sunset Mix 50 seemet 7","description":"Tiivuline tunbergia African Sunset Mix \u2013 Unikaalne ronitaim, mis \u00f5itseb kreemjates toonides ja muutub aprikoosiks ja roosaks. Ideaalne aeda ja terrassile.","robots":{"index":"index","follow":"follow","max-snippet":"max-snippet:-1","max-image-preview":"max-image-preview:large","max-video-preview":"max-video-preview:-1"},"canonical":"https:\/\/horticom.ee\/e-pood\/toode\/tiivuline-tunbergia-african-sunset-mix-50-seemet-7\/","og_locale":"ru_RU","og_type":"article","og_title":"Tiivuline tunbergia African Sunset Mix 50 seemet 7","og_description":"Tiivuline tunbergia African Sunset Mix \u2013 Unikaalne ronitaim, mis \u00f5itseb kreemjates toonides ja muutub aprikoosiks ja roosaks. Ideaalne aeda ja terrassile.","og_url":"https:\/\/horticom.ee\/e-pood\/toode\/tiivuline-tunbergia-african-sunset-mix-50-seemet-7\/","og_site_name":"Horticom.ee","article_publisher":"https:\/\/www.facebook.com\/horticom.ee\/e-pood","article_modified_time":"2026-04-24T00:13:41+00:00","og_image":[{"width":1000,"height":1500,"url":"https:\/\/horticom.ee\/e-pood\/wp-content\/uploads\/importedmedia\/product-2023656_0-HM06116.jpg","type":"image\/jpeg"}],"twitter_card":"summary_large_image","schema":{"@context":"https:\/\/schema.org","@graph":[{"@type":"WebPage","@id":"https:\/\/horticom.ee\/e-pood\/toode\/tiivuline-tunbergia-african-sunset-mix-50-seemet-7\/","url":"https:\/\/horticom.ee\/e-pood\/toode\/tiivuline-tunbergia-african-sunset-mix-50-seemet-7\/","name":"Tiivuline tunbergia African Sunset Mix 50 seemet 7","isPartOf":{"@id":"https:\/\/horticom.ee\/e-pood\/#website"},"primaryImageOfPage":{"@id":"https:\/\/horticom.ee\/e-pood\/toode\/tiivuline-tunbergia-african-sunset-mix-50-seemet-7\/#primaryimage"},"image":{"@id":"https:\/\/horticom.ee\/e-pood\/toode\/tiivuline-tunbergia-african-sunset-mix-50-seemet-7\/#primaryimage"},"thumbnailUrl":"https:\/\/horticom.ee\/e-pood\/wp-content\/uploads\/importedmedia\/product-2023656_0-HM06116.jpg","datePublished":"2024-01-02T01:02:21+00:00","dateModified":"2026-04-24T00:13:41+00:00","description":"Tiivuline tunbergia African Sunset Mix \u2013 Unikaalne ronitaim, mis \u00f5itseb kreemjates toonides ja muutub aprikoosiks ja roosaks. Ideaalne aeda ja terrassile.","breadcrumb":{"@id":"https:\/\/horticom.ee\/e-pood\/toode\/tiivuline-tunbergia-african-sunset-mix-50-seemet-7\/#breadcrumb"},"inLanguage":"ru-RU","potentialAction":[{"@type":"ReadAction","target":["https:\/\/horticom.ee\/e-pood\/toode\/tiivuline-tunbergia-african-sunset-mix-50-seemet-7\/"]}]},{"@type":"ImageObject","inLanguage":"ru-RU","@id":"https:\/\/horticom.ee\/e-pood\/toode\/tiivuline-tunbergia-african-sunset-mix-50-seemet-7\/#primaryimage","url":"https:\/\/horticom.ee\/e-pood\/wp-content\/uploads\/importedmedia\/product-2023656_0-HM06116.jpg","contentUrl":"https:\/\/horticom.ee\/e-pood\/wp-content\/uploads\/importedmedia\/product-2023656_0-HM06116.jpg","width":1000,"height":1500,"caption":"Tiivuline tunbergia African Sunset Mix 50 seemet 7"},{"@type":"BreadcrumbList","@id":"https:\/\/horticom.ee\/e-pood\/toode\/tiivuline-tunbergia-african-sunset-mix-50-seemet-7\/#breadcrumb","itemListElement":[{"@type":"ListItem","position":1,"name":"Home","item":"https:\/\/horticom.ee\/e-pood\/"},{"@type":"ListItem","position":2,"name":"Pood","item":"https:\/\/horticom.ee\/e-pood\/pood\/"},{"@type":"ListItem","position":3,"name":"Tiivuline tunbergia African Sunset Mix 50 seemet 7"}]},{"@type":"WebSite","@id":"https:\/\/horticom.ee\/e-pood\/#website","url":"https:\/\/horticom.ee\/e-pood\/","name":"Horticom.ee","description":"Aianduskaubad ja kodukaubad nii harrastajatele kui professionaalidele","potentialAction":[{"@type":"SearchAction","target":{"@type":"EntryPoint","urlTemplate":"https:\/\/horticom.ee\/e-pood\/?s={search_term_string}"},"query-input":{"@type":"PropertyValueSpecification","valueRequired":true,"valueName":"search_term_string"}}],"inLanguage":"ru-RU"}]}},"_links":{"self":[{"href":"https:\/\/horticom.ee\/e-pood\/ru\/wp-json\/wp\/v2\/product\/2023656","targetHints":{"allow":["GET"]}}],"collection":[{"href":"https:\/\/horticom.ee\/e-pood\/ru\/wp-json\/wp\/v2\/product"}],"about":[{"href":"https:\/\/horticom.ee\/e-pood\/ru\/wp-json\/wp\/v2\/types\/product"}],"replies":[{"embeddable":true,"href":"https:\/\/horticom.ee\/e-pood\/ru\/wp-json\/wp\/v2\/comments?post=2023656"}],"wp:featuredmedia":[{"embeddable":true,"href":"https:\/\/horticom.ee\/e-pood\/ru\/wp-json\/wp\/v2\/media\/2024207"}],"wp:attachment":[{"href":"https:\/\/horticom.ee\/e-pood\/ru\/wp-json\/wp\/v2\/media?parent=2023656"}],"wp:term":[{"taxonomy":"product_cat","embeddable":true,"href":"https:\/\/horticom.ee\/e-pood\/ru\/wp-json\/wp\/v2\/product_cat?post=2023656"},{"taxonomy":"product_tag","embeddable":true,"href":"https:\/\/horticom.ee\/e-pood\/ru\/wp-json\/wp\/v2\/product_tag?post=2023656"}],"curies":[{"name":"wp","href":"https:\/\/api.w.org\/{rel}","templated":true}]}}