{"id":2039640,"date":"2024-01-19T14:00:57","date_gmt":"2024-01-19T12:00:57","guid":{"rendered":"https:\/\/horticom.ee\/e-pood\/toode\/rodukast-elho-green-basics-aarele-d-30cm-terra\/"},"modified":"2025-06-08T13:02:19","modified_gmt":"2025-06-08T10:02:19","slug":"rodukast-elho-green-basics-aarele-d-30cm-terra","status":"publish","type":"product","link":"https:\/\/horticom.ee\/e-pood\/ru\/toode\/rodukast-elho-green-basics-aarele-d-30cm-terra\/","title":{"rendered":"R\u00f5dukast Elho Green Basics \u00e4\u00e4rele d 30cm terra"},"content":{"rendered":"<p>Lillepott Green Basics \u00e4\u00e4rele on trendikas, unikaalne ja elegantne. Kaasas kinnitus kl\u00f5psud, millega lihtne kinnitada r\u00f5du \u00e4\u00e4rele ja seisab turvaliselt kinni. Sobib kuni 6cm laiusele r\u00f5du \u00e4\u00e4rele. Drenaazi augud ja alus aitavad sinu taimel p\u00fcsida kaua kaunina. Valmistatud kvaliteetsest ja vastupidavast plastikust. Toote valmistamisel kasutatakse erilisi v\u00e4rvipigmente, mist\u00f5ttu toodetel p\u00fcsib originaalv\u00e4rv kauem. T\u00e4nu 2 -le kinnitusklambrile on pott stabiilselt kinnitatud.<\/p>\n","protected":false},"excerpt":{"rendered":"<p>Lillepott Green Basics \u00e4\u00e4rele on trendikas, unikaalne ja elegantne. Kaasas kinnitus kl\u00f5psud, millega lihtne kinnitada r\u00f5du \u00e4\u00e4rele ja seisab turvaliselt kinni. Sobib kuni 6cm laiusele r\u00f5du \u00e4\u00e4rele. Drenaazi augud ja alus aitavad sinu taimel p\u00fcsida kaua kaunina. Valmistatud kvaliteetsest ja vastupidavast plastikust. Toote valmistamisel kasutatakse erilisi v\u00e4rvipigmente, mist\u00f5ttu toodetel p\u00fcsib originaalv\u00e4rv kauem. T\u00e4nu 2 -le [&hellip;]<\/p>\n","protected":false},"featured_media":2297633,"comment_status":"closed","ping_status":"closed","template":"","meta":{"_themeisle_gutenberg_block_has_review":false},"product_cat":[13444],"product_tag":[],"class_list":{"0":"post-2039640","1":"product","2":"type-product","3":"status-publish","4":"has-post-thumbnail","6":"product_cat-rodukastid","8":"first","9":"outofstock","10":"sale","11":"shipping-taxable","12":"purchasable","13":"product-type-simple"},"yoast_head":"<!-- This site is optimized with the Yoast SEO plugin v24.0 - https:\/\/yoast.com\/wordpress\/plugins\/seo\/ -->\n<title>R\u00f5dukast Elho Green Basics \u00e4\u00e4rele d 30cm terra - Horticom<\/title>\n<meta name=\"description\" content=\"Lillepott Green Basics \u00e4\u00e4rele \u2013 Trendikas pott r\u00f5du \u00e4\u00e4rele kinnitatav kl\u00f5psudega. Stabiilsus tagatud kinnitusklambritega, elegantne ja vastupidav.\" \/>\n<meta name=\"robots\" content=\"index, follow, max-snippet:-1, max-image-preview:large, max-video-preview:-1\" \/>\n<link rel=\"canonical\" href=\"https:\/\/horticom.ee\/e-pood\/toode\/rodukast-elho-green-basics-aarele-d-30cm-terra\/\" \/>\n<meta property=\"og:locale\" content=\"ru_RU\" \/>\n<meta property=\"og:type\" content=\"article\" \/>\n<meta property=\"og:title\" content=\"R\u00f5dukast Elho Green Basics \u00e4\u00e4rele d 30cm terra - Horticom\" \/>\n<meta property=\"og:description\" content=\"Lillepott Green Basics \u00e4\u00e4rele \u2013 Trendikas pott r\u00f5du \u00e4\u00e4rele kinnitatav kl\u00f5psudega. Stabiilsus tagatud kinnitusklambritega, elegantne ja vastupidav.\" \/>\n<meta property=\"og:url\" content=\"https:\/\/horticom.ee\/e-pood\/toode\/rodukast-elho-green-basics-aarele-d-30cm-terra\/\" \/>\n<meta property=\"og:site_name\" content=\"Horticom.ee\" \/>\n<meta property=\"article:publisher\" content=\"https:\/\/www.facebook.com\/horticom.ee\/e-pood\" \/>\n<meta property=\"article:modified_time\" content=\"2025-06-08T10:02:19+00:00\" \/>\n<meta property=\"og:image\" content=\"https:\/\/horticom.ee\/e-pood\/wp-content\/uploads\/2024\/01\/8711904160654-scaled.jpg\" \/>\n\t<meta property=\"og:image:width\" content=\"2560\" \/>\n\t<meta property=\"og:image:height\" content=\"2560\" \/>\n\t<meta property=\"og:image:type\" content=\"image\/jpeg\" \/>\n<meta name=\"twitter:card\" content=\"summary_large_image\" \/>\n<meta name=\"twitter:label1\" content=\"\u041f\u0440\u0438\u043c\u0435\u0440\u043d\u043e\u0435 \u0432\u0440\u0435\u043c\u044f \u0434\u043b\u044f \u0447\u0442\u0435\u043d\u0438\u044f\" \/>\n\t<meta name=\"twitter:data1\" content=\"1 \u043c\u0438\u043d\u0443\u0442\u0430\" \/>\n<script type=\"application\/ld+json\" class=\"yoast-schema-graph\">{\"@context\":\"https:\/\/schema.org\",\"@graph\":[{\"@type\":\"WebPage\",\"@id\":\"https:\/\/horticom.ee\/e-pood\/toode\/rodukast-elho-green-basics-aarele-d-30cm-terra\/\",\"url\":\"https:\/\/horticom.ee\/e-pood\/toode\/rodukast-elho-green-basics-aarele-d-30cm-terra\/\",\"name\":\"R\u00f5dukast Elho Green Basics \u00e4\u00e4rele d 30cm terra - Horticom\",\"isPartOf\":{\"@id\":\"https:\/\/horticom.ee\/e-pood\/#website\"},\"primaryImageOfPage\":{\"@id\":\"https:\/\/horticom.ee\/e-pood\/toode\/rodukast-elho-green-basics-aarele-d-30cm-terra\/#primaryimage\"},\"image\":{\"@id\":\"https:\/\/horticom.ee\/e-pood\/toode\/rodukast-elho-green-basics-aarele-d-30cm-terra\/#primaryimage\"},\"thumbnailUrl\":\"https:\/\/horticom.ee\/e-pood\/wp-content\/uploads\/2024\/01\/8711904160654-scaled.jpg\",\"datePublished\":\"2024-01-19T12:00:57+00:00\",\"dateModified\":\"2025-06-08T10:02:19+00:00\",\"description\":\"Lillepott Green Basics \u00e4\u00e4rele \u2013 Trendikas pott r\u00f5du \u00e4\u00e4rele kinnitatav kl\u00f5psudega. Stabiilsus tagatud kinnitusklambritega, elegantne ja vastupidav.\",\"breadcrumb\":{\"@id\":\"https:\/\/horticom.ee\/e-pood\/toode\/rodukast-elho-green-basics-aarele-d-30cm-terra\/#breadcrumb\"},\"inLanguage\":\"ru-RU\",\"potentialAction\":[{\"@type\":\"ReadAction\",\"target\":[\"https:\/\/horticom.ee\/e-pood\/toode\/rodukast-elho-green-basics-aarele-d-30cm-terra\/\"]}]},{\"@type\":\"ImageObject\",\"inLanguage\":\"ru-RU\",\"@id\":\"https:\/\/horticom.ee\/e-pood\/toode\/rodukast-elho-green-basics-aarele-d-30cm-terra\/#primaryimage\",\"url\":\"https:\/\/horticom.ee\/e-pood\/wp-content\/uploads\/2024\/01\/8711904160654-scaled.jpg\",\"contentUrl\":\"https:\/\/horticom.ee\/e-pood\/wp-content\/uploads\/2024\/01\/8711904160654-scaled.jpg\",\"width\":2560,\"height\":2560,\"caption\":\"R\u00f5dukast Elho Green Basics \u00e4\u00e4rele d 30cm terra\"},{\"@type\":\"BreadcrumbList\",\"@id\":\"https:\/\/horticom.ee\/e-pood\/toode\/rodukast-elho-green-basics-aarele-d-30cm-terra\/#breadcrumb\",\"itemListElement\":[{\"@type\":\"ListItem\",\"position\":1,\"name\":\"Home\",\"item\":\"https:\/\/horticom.ee\/e-pood\/\"},{\"@type\":\"ListItem\",\"position\":2,\"name\":\"Pood\",\"item\":\"https:\/\/horticom.ee\/e-pood\/pood\/\"},{\"@type\":\"ListItem\",\"position\":3,\"name\":\"R\u00f5dukast Elho Green Basics \u00e4\u00e4rele d 30cm terra\"}]},{\"@type\":\"WebSite\",\"@id\":\"https:\/\/horticom.ee\/e-pood\/#website\",\"url\":\"https:\/\/horticom.ee\/e-pood\/\",\"name\":\"Horticom.ee\",\"description\":\"Aianduskaubad ja kodukaubad nii harrastajatele kui professionaalidele\",\"potentialAction\":[{\"@type\":\"SearchAction\",\"target\":{\"@type\":\"EntryPoint\",\"urlTemplate\":\"https:\/\/horticom.ee\/e-pood\/?s={search_term_string}\"},\"query-input\":{\"@type\":\"PropertyValueSpecification\",\"valueRequired\":true,\"valueName\":\"search_term_string\"}}],\"inLanguage\":\"ru-RU\"}]}<\/script>\n<!-- \/ Yoast SEO plugin. -->","yoast_head_json":{"title":"R\u00f5dukast Elho Green Basics \u00e4\u00e4rele d 30cm terra - Horticom","description":"Lillepott Green Basics \u00e4\u00e4rele \u2013 Trendikas pott r\u00f5du \u00e4\u00e4rele kinnitatav kl\u00f5psudega. Stabiilsus tagatud kinnitusklambritega, elegantne ja vastupidav.","robots":{"index":"index","follow":"follow","max-snippet":"max-snippet:-1","max-image-preview":"max-image-preview:large","max-video-preview":"max-video-preview:-1"},"canonical":"https:\/\/horticom.ee\/e-pood\/toode\/rodukast-elho-green-basics-aarele-d-30cm-terra\/","og_locale":"ru_RU","og_type":"article","og_title":"R\u00f5dukast Elho Green Basics \u00e4\u00e4rele d 30cm terra - Horticom","og_description":"Lillepott Green Basics \u00e4\u00e4rele \u2013 Trendikas pott r\u00f5du \u00e4\u00e4rele kinnitatav kl\u00f5psudega. Stabiilsus tagatud kinnitusklambritega, elegantne ja vastupidav.","og_url":"https:\/\/horticom.ee\/e-pood\/toode\/rodukast-elho-green-basics-aarele-d-30cm-terra\/","og_site_name":"Horticom.ee","article_publisher":"https:\/\/www.facebook.com\/horticom.ee\/e-pood","article_modified_time":"2025-06-08T10:02:19+00:00","og_image":[{"width":2560,"height":2560,"url":"https:\/\/horticom.ee\/e-pood\/wp-content\/uploads\/2024\/01\/8711904160654-scaled.jpg","type":"image\/jpeg"}],"twitter_card":"summary_large_image","twitter_misc":{"\u041f\u0440\u0438\u043c\u0435\u0440\u043d\u043e\u0435 \u0432\u0440\u0435\u043c\u044f \u0434\u043b\u044f \u0447\u0442\u0435\u043d\u0438\u044f":"1 \u043c\u0438\u043d\u0443\u0442\u0430"},"schema":{"@context":"https:\/\/schema.org","@graph":[{"@type":"WebPage","@id":"https:\/\/horticom.ee\/e-pood\/toode\/rodukast-elho-green-basics-aarele-d-30cm-terra\/","url":"https:\/\/horticom.ee\/e-pood\/toode\/rodukast-elho-green-basics-aarele-d-30cm-terra\/","name":"R\u00f5dukast Elho Green Basics \u00e4\u00e4rele d 30cm terra - Horticom","isPartOf":{"@id":"https:\/\/horticom.ee\/e-pood\/#website"},"primaryImageOfPage":{"@id":"https:\/\/horticom.ee\/e-pood\/toode\/rodukast-elho-green-basics-aarele-d-30cm-terra\/#primaryimage"},"image":{"@id":"https:\/\/horticom.ee\/e-pood\/toode\/rodukast-elho-green-basics-aarele-d-30cm-terra\/#primaryimage"},"thumbnailUrl":"https:\/\/horticom.ee\/e-pood\/wp-content\/uploads\/2024\/01\/8711904160654-scaled.jpg","datePublished":"2024-01-19T12:00:57+00:00","dateModified":"2025-06-08T10:02:19+00:00","description":"Lillepott Green Basics \u00e4\u00e4rele \u2013 Trendikas pott r\u00f5du \u00e4\u00e4rele kinnitatav kl\u00f5psudega. Stabiilsus tagatud kinnitusklambritega, elegantne ja vastupidav.","breadcrumb":{"@id":"https:\/\/horticom.ee\/e-pood\/toode\/rodukast-elho-green-basics-aarele-d-30cm-terra\/#breadcrumb"},"inLanguage":"ru-RU","potentialAction":[{"@type":"ReadAction","target":["https:\/\/horticom.ee\/e-pood\/toode\/rodukast-elho-green-basics-aarele-d-30cm-terra\/"]}]},{"@type":"ImageObject","inLanguage":"ru-RU","@id":"https:\/\/horticom.ee\/e-pood\/toode\/rodukast-elho-green-basics-aarele-d-30cm-terra\/#primaryimage","url":"https:\/\/horticom.ee\/e-pood\/wp-content\/uploads\/2024\/01\/8711904160654-scaled.jpg","contentUrl":"https:\/\/horticom.ee\/e-pood\/wp-content\/uploads\/2024\/01\/8711904160654-scaled.jpg","width":2560,"height":2560,"caption":"R\u00f5dukast Elho Green Basics \u00e4\u00e4rele d 30cm terra"},{"@type":"BreadcrumbList","@id":"https:\/\/horticom.ee\/e-pood\/toode\/rodukast-elho-green-basics-aarele-d-30cm-terra\/#breadcrumb","itemListElement":[{"@type":"ListItem","position":1,"name":"Home","item":"https:\/\/horticom.ee\/e-pood\/"},{"@type":"ListItem","position":2,"name":"Pood","item":"https:\/\/horticom.ee\/e-pood\/pood\/"},{"@type":"ListItem","position":3,"name":"R\u00f5dukast Elho Green Basics \u00e4\u00e4rele d 30cm terra"}]},{"@type":"WebSite","@id":"https:\/\/horticom.ee\/e-pood\/#website","url":"https:\/\/horticom.ee\/e-pood\/","name":"Horticom.ee","description":"Aianduskaubad ja kodukaubad nii harrastajatele kui professionaalidele","potentialAction":[{"@type":"SearchAction","target":{"@type":"EntryPoint","urlTemplate":"https:\/\/horticom.ee\/e-pood\/?s={search_term_string}"},"query-input":{"@type":"PropertyValueSpecification","valueRequired":true,"valueName":"search_term_string"}}],"inLanguage":"ru-RU"}]}},"_links":{"self":[{"href":"https:\/\/horticom.ee\/e-pood\/ru\/wp-json\/wp\/v2\/product\/2039640","targetHints":{"allow":["GET"]}}],"collection":[{"href":"https:\/\/horticom.ee\/e-pood\/ru\/wp-json\/wp\/v2\/product"}],"about":[{"href":"https:\/\/horticom.ee\/e-pood\/ru\/wp-json\/wp\/v2\/types\/product"}],"replies":[{"embeddable":true,"href":"https:\/\/horticom.ee\/e-pood\/ru\/wp-json\/wp\/v2\/comments?post=2039640"}],"wp:featuredmedia":[{"embeddable":true,"href":"https:\/\/horticom.ee\/e-pood\/ru\/wp-json\/wp\/v2\/media\/2297633"}],"wp:attachment":[{"href":"https:\/\/horticom.ee\/e-pood\/ru\/wp-json\/wp\/v2\/media?parent=2039640"}],"wp:term":[{"taxonomy":"product_cat","embeddable":true,"href":"https:\/\/horticom.ee\/e-pood\/ru\/wp-json\/wp\/v2\/product_cat?post=2039640"},{"taxonomy":"product_tag","embeddable":true,"href":"https:\/\/horticom.ee\/e-pood\/ru\/wp-json\/wp\/v2\/product_tag?post=2039640"}],"curies":[{"name":"wp","href":"https:\/\/api.w.org\/{rel}","templated":true}]}}