{"id":2051635,"date":"2024-01-30T16:00:58","date_gmt":"2024-01-30T14:00:58","guid":{"rendered":"https:\/\/horticom.ee\/e-pood\/toode\/istutuspoti-alus-savist-xlu-granite-d-22cm-graniithall-1tk\/"},"modified":"2026-04-12T03:12:50","modified_gmt":"2026-04-12T00:12:50","slug":"istutuspoti-alus-savist-xlu-granite-d-22cm-graniithall-1tk","status":"publish","type":"product","link":"https:\/\/horticom.ee\/e-pood\/ru\/toode\/istutuspoti-alus-savist-xlu-granite-d-22cm-graniithall-1tk\/","title":{"rendered":"Istutuspoti alus savist XLU Granite d 22cm graniithall 1tk"},"content":{"rendered":"<p>XLU on kaasaegse v\u00e4rvilahenduse kuid klassikaline disainiga k\u00fclma- ja veekindel savist istutuspoti alus. Talvel talub \u201320C aga kui pott ei ole m\u00e4rg s.t et ei kasteta v\u00f5i ei ole vihma k\u00e4es ning on \u00f5ues varju all siis kuni \u201330C.<br \/>\nParim sobivus potile BLT XL d 27cm; Calima d 24cm<\/p>\n","protected":false},"excerpt":{"rendered":"<p>XLU on kaasaegse v\u00e4rvilahenduse kuid klassikaline disainiga k\u00fclma- ja veekindel savist istutuspoti alus. Talvel talub \u201320C aga kui pott ei ole m\u00e4rg s.t et ei kasteta v\u00f5i ei ole vihma k\u00e4es ning on \u00f5ues varju all siis kuni \u201330C. Parim sobivus potile BLT XL d 27cm; Calima d 24cm<\/p>\n","protected":false},"featured_media":2378146,"comment_status":"closed","ping_status":"closed","template":"","meta":{"_themeisle_gutenberg_block_has_review":false},"product_cat":[14995],"product_tag":[],"class_list":{"0":"post-2051635","1":"product","2":"type-product","3":"status-publish","4":"has-post-thumbnail","6":"product_cat-savist-potialused","8":"first","9":"instock","10":"shipping-taxable","11":"purchasable","12":"product-type-simple"},"yoast_head":"<!-- This site is optimized with the Yoast SEO plugin v24.0 - https:\/\/yoast.com\/wordpress\/plugins\/seo\/ -->\n<title>Istutuspoti alus savist XLU Granite d 22cm graniithall 1tk - Horticom<\/title>\n<meta name=\"robots\" content=\"index, follow, max-snippet:-1, max-image-preview:large, max-video-preview:-1\" \/>\n<link rel=\"canonical\" href=\"https:\/\/horticom.ee\/e-pood\/toode\/istutuspoti-alus-savist-xlu-granite-d-22cm-graniithall-1tk\/\" \/>\n<meta property=\"og:locale\" content=\"ru_RU\" \/>\n<meta property=\"og:type\" content=\"article\" \/>\n<meta property=\"og:title\" content=\"Istutuspoti alus savist XLU Granite d 22cm graniithall 1tk - Horticom\" \/>\n<meta property=\"og:description\" content=\"XLU on kaasaegse v\u00e4rvilahenduse kuid klassikaline disainiga k\u00fclma- ja veekindel savist istutuspoti alus. Talvel talub \u201320C aga kui pott ei ole m\u00e4rg s.t et ei kasteta v\u00f5i ei ole vihma k\u00e4es ning on \u00f5ues varju all siis kuni \u201330C. Parim sobivus potile BLT XL d 27cm; Calima d 24cm\" \/>\n<meta property=\"og:url\" content=\"https:\/\/horticom.ee\/e-pood\/toode\/istutuspoti-alus-savist-xlu-granite-d-22cm-graniithall-1tk\/\" \/>\n<meta property=\"og:site_name\" content=\"Horticom.ee\" \/>\n<meta property=\"article:publisher\" content=\"https:\/\/www.facebook.com\/horticom.ee\/e-pood\" \/>\n<meta property=\"article:modified_time\" content=\"2026-04-12T00:12:50+00:00\" \/>\n<meta property=\"og:image\" content=\"https:\/\/horticom.ee\/e-pood\/wp-content\/uploads\/importedmedia\/product-2051635_0-65829106.jpg\" \/>\n\t<meta property=\"og:image:width\" content=\"999\" \/>\n\t<meta property=\"og:image:height\" content=\"852\" \/>\n\t<meta property=\"og:image:type\" content=\"image\/jpeg\" \/>\n<meta name=\"twitter:card\" content=\"summary_large_image\" \/>\n<script type=\"application\/ld+json\" class=\"yoast-schema-graph\">{\"@context\":\"https:\/\/schema.org\",\"@graph\":[{\"@type\":\"WebPage\",\"@id\":\"https:\/\/horticom.ee\/e-pood\/toode\/istutuspoti-alus-savist-xlu-granite-d-22cm-graniithall-1tk\/\",\"url\":\"https:\/\/horticom.ee\/e-pood\/toode\/istutuspoti-alus-savist-xlu-granite-d-22cm-graniithall-1tk\/\",\"name\":\"Istutuspoti alus savist XLU Granite d 22cm graniithall 1tk - Horticom\",\"isPartOf\":{\"@id\":\"https:\/\/horticom.ee\/e-pood\/#website\"},\"primaryImageOfPage\":{\"@id\":\"https:\/\/horticom.ee\/e-pood\/toode\/istutuspoti-alus-savist-xlu-granite-d-22cm-graniithall-1tk\/#primaryimage\"},\"image\":{\"@id\":\"https:\/\/horticom.ee\/e-pood\/toode\/istutuspoti-alus-savist-xlu-granite-d-22cm-graniithall-1tk\/#primaryimage\"},\"thumbnailUrl\":\"https:\/\/horticom.ee\/e-pood\/wp-content\/uploads\/importedmedia\/product-2051635_0-65829106.jpg\",\"datePublished\":\"2024-01-30T14:00:58+00:00\",\"dateModified\":\"2026-04-12T00:12:50+00:00\",\"breadcrumb\":{\"@id\":\"https:\/\/horticom.ee\/e-pood\/toode\/istutuspoti-alus-savist-xlu-granite-d-22cm-graniithall-1tk\/#breadcrumb\"},\"inLanguage\":\"ru-RU\",\"potentialAction\":[{\"@type\":\"ReadAction\",\"target\":[\"https:\/\/horticom.ee\/e-pood\/toode\/istutuspoti-alus-savist-xlu-granite-d-22cm-graniithall-1tk\/\"]}]},{\"@type\":\"ImageObject\",\"inLanguage\":\"ru-RU\",\"@id\":\"https:\/\/horticom.ee\/e-pood\/toode\/istutuspoti-alus-savist-xlu-granite-d-22cm-graniithall-1tk\/#primaryimage\",\"url\":\"https:\/\/horticom.ee\/e-pood\/wp-content\/uploads\/importedmedia\/product-2051635_0-65829106.jpg\",\"contentUrl\":\"https:\/\/horticom.ee\/e-pood\/wp-content\/uploads\/importedmedia\/product-2051635_0-65829106.jpg\",\"width\":999,\"height\":852},{\"@type\":\"BreadcrumbList\",\"@id\":\"https:\/\/horticom.ee\/e-pood\/toode\/istutuspoti-alus-savist-xlu-granite-d-22cm-graniithall-1tk\/#breadcrumb\",\"itemListElement\":[{\"@type\":\"ListItem\",\"position\":1,\"name\":\"Home\",\"item\":\"https:\/\/horticom.ee\/e-pood\/\"},{\"@type\":\"ListItem\",\"position\":2,\"name\":\"Pood\",\"item\":\"https:\/\/horticom.ee\/e-pood\/pood\/\"},{\"@type\":\"ListItem\",\"position\":3,\"name\":\"Istutuspoti alus savist XLU Granite d 22cm graniithall 1tk\"}]},{\"@type\":\"WebSite\",\"@id\":\"https:\/\/horticom.ee\/e-pood\/#website\",\"url\":\"https:\/\/horticom.ee\/e-pood\/\",\"name\":\"Horticom.ee\",\"description\":\"Aianduskaubad ja kodukaubad nii harrastajatele kui professionaalidele\",\"potentialAction\":[{\"@type\":\"SearchAction\",\"target\":{\"@type\":\"EntryPoint\",\"urlTemplate\":\"https:\/\/horticom.ee\/e-pood\/?s={search_term_string}\"},\"query-input\":{\"@type\":\"PropertyValueSpecification\",\"valueRequired\":true,\"valueName\":\"search_term_string\"}}],\"inLanguage\":\"ru-RU\"}]}<\/script>\n<!-- \/ Yoast SEO plugin. -->","yoast_head_json":{"title":"Istutuspoti alus savist XLU Granite d 22cm graniithall 1tk - Horticom","robots":{"index":"index","follow":"follow","max-snippet":"max-snippet:-1","max-image-preview":"max-image-preview:large","max-video-preview":"max-video-preview:-1"},"canonical":"https:\/\/horticom.ee\/e-pood\/toode\/istutuspoti-alus-savist-xlu-granite-d-22cm-graniithall-1tk\/","og_locale":"ru_RU","og_type":"article","og_title":"Istutuspoti alus savist XLU Granite d 22cm graniithall 1tk - Horticom","og_description":"XLU on kaasaegse v\u00e4rvilahenduse kuid klassikaline disainiga k\u00fclma- ja veekindel savist istutuspoti alus. Talvel talub \u201320C aga kui pott ei ole m\u00e4rg s.t et ei kasteta v\u00f5i ei ole vihma k\u00e4es ning on \u00f5ues varju all siis kuni \u201330C. Parim sobivus potile BLT XL d 27cm; Calima d 24cm","og_url":"https:\/\/horticom.ee\/e-pood\/toode\/istutuspoti-alus-savist-xlu-granite-d-22cm-graniithall-1tk\/","og_site_name":"Horticom.ee","article_publisher":"https:\/\/www.facebook.com\/horticom.ee\/e-pood","article_modified_time":"2026-04-12T00:12:50+00:00","og_image":[{"width":999,"height":852,"url":"https:\/\/horticom.ee\/e-pood\/wp-content\/uploads\/importedmedia\/product-2051635_0-65829106.jpg","type":"image\/jpeg"}],"twitter_card":"summary_large_image","schema":{"@context":"https:\/\/schema.org","@graph":[{"@type":"WebPage","@id":"https:\/\/horticom.ee\/e-pood\/toode\/istutuspoti-alus-savist-xlu-granite-d-22cm-graniithall-1tk\/","url":"https:\/\/horticom.ee\/e-pood\/toode\/istutuspoti-alus-savist-xlu-granite-d-22cm-graniithall-1tk\/","name":"Istutuspoti alus savist XLU Granite d 22cm graniithall 1tk - Horticom","isPartOf":{"@id":"https:\/\/horticom.ee\/e-pood\/#website"},"primaryImageOfPage":{"@id":"https:\/\/horticom.ee\/e-pood\/toode\/istutuspoti-alus-savist-xlu-granite-d-22cm-graniithall-1tk\/#primaryimage"},"image":{"@id":"https:\/\/horticom.ee\/e-pood\/toode\/istutuspoti-alus-savist-xlu-granite-d-22cm-graniithall-1tk\/#primaryimage"},"thumbnailUrl":"https:\/\/horticom.ee\/e-pood\/wp-content\/uploads\/importedmedia\/product-2051635_0-65829106.jpg","datePublished":"2024-01-30T14:00:58+00:00","dateModified":"2026-04-12T00:12:50+00:00","breadcrumb":{"@id":"https:\/\/horticom.ee\/e-pood\/toode\/istutuspoti-alus-savist-xlu-granite-d-22cm-graniithall-1tk\/#breadcrumb"},"inLanguage":"ru-RU","potentialAction":[{"@type":"ReadAction","target":["https:\/\/horticom.ee\/e-pood\/toode\/istutuspoti-alus-savist-xlu-granite-d-22cm-graniithall-1tk\/"]}]},{"@type":"ImageObject","inLanguage":"ru-RU","@id":"https:\/\/horticom.ee\/e-pood\/toode\/istutuspoti-alus-savist-xlu-granite-d-22cm-graniithall-1tk\/#primaryimage","url":"https:\/\/horticom.ee\/e-pood\/wp-content\/uploads\/importedmedia\/product-2051635_0-65829106.jpg","contentUrl":"https:\/\/horticom.ee\/e-pood\/wp-content\/uploads\/importedmedia\/product-2051635_0-65829106.jpg","width":999,"height":852},{"@type":"BreadcrumbList","@id":"https:\/\/horticom.ee\/e-pood\/toode\/istutuspoti-alus-savist-xlu-granite-d-22cm-graniithall-1tk\/#breadcrumb","itemListElement":[{"@type":"ListItem","position":1,"name":"Home","item":"https:\/\/horticom.ee\/e-pood\/"},{"@type":"ListItem","position":2,"name":"Pood","item":"https:\/\/horticom.ee\/e-pood\/pood\/"},{"@type":"ListItem","position":3,"name":"Istutuspoti alus savist XLU Granite d 22cm graniithall 1tk"}]},{"@type":"WebSite","@id":"https:\/\/horticom.ee\/e-pood\/#website","url":"https:\/\/horticom.ee\/e-pood\/","name":"Horticom.ee","description":"Aianduskaubad ja kodukaubad nii harrastajatele kui professionaalidele","potentialAction":[{"@type":"SearchAction","target":{"@type":"EntryPoint","urlTemplate":"https:\/\/horticom.ee\/e-pood\/?s={search_term_string}"},"query-input":{"@type":"PropertyValueSpecification","valueRequired":true,"valueName":"search_term_string"}}],"inLanguage":"ru-RU"}]}},"_links":{"self":[{"href":"https:\/\/horticom.ee\/e-pood\/ru\/wp-json\/wp\/v2\/product\/2051635","targetHints":{"allow":["GET"]}}],"collection":[{"href":"https:\/\/horticom.ee\/e-pood\/ru\/wp-json\/wp\/v2\/product"}],"about":[{"href":"https:\/\/horticom.ee\/e-pood\/ru\/wp-json\/wp\/v2\/types\/product"}],"replies":[{"embeddable":true,"href":"https:\/\/horticom.ee\/e-pood\/ru\/wp-json\/wp\/v2\/comments?post=2051635"}],"wp:featuredmedia":[{"embeddable":true,"href":"https:\/\/horticom.ee\/e-pood\/ru\/wp-json\/wp\/v2\/media\/2378146"}],"wp:attachment":[{"href":"https:\/\/horticom.ee\/e-pood\/ru\/wp-json\/wp\/v2\/media?parent=2051635"}],"wp:term":[{"taxonomy":"product_cat","embeddable":true,"href":"https:\/\/horticom.ee\/e-pood\/ru\/wp-json\/wp\/v2\/product_cat?post=2051635"},{"taxonomy":"product_tag","embeddable":true,"href":"https:\/\/horticom.ee\/e-pood\/ru\/wp-json\/wp\/v2\/product_tag?post=2051635"}],"curies":[{"name":"wp","href":"https:\/\/api.w.org\/{rel}","templated":true}]}}