{"id":2088199,"date":"2024-03-04T14:00:19","date_gmt":"2024-03-04T12:00:19","guid":{"rendered":"https:\/\/horticom.ee\/e-pood\/toode\/vaetis-bio-allgrow-kasvuaktivaator-20l\/"},"modified":"2026-04-30T15:01:11","modified_gmt":"2026-04-30T12:01:11","slug":"vaetis-bio-allgrow-kasvuaktivaator-20l","status":"publish","type":"product","link":"https:\/\/horticom.ee\/e-pood\/ru\/toode\/vaetis-bio-allgrow-kasvuaktivaator-20l\/","title":{"rendered":"V\u00e4etis BIO Allgrow kasvuaktivaator 20L"},"content":{"rendered":"<p>Allgrow\u00ae kasvuaktivaator 20 L &#8211;  Kindel kvaliteet, vastupidavam taim ja suurem saak. Koosneb mikrovetikatest, mis tagavad t\u00e4iusliku ja kiire toitainete omastamine taime poolt. Sisaldab enam kui 20 taimele vajalikku toiteelementi sh. kaltsiumit. V\u00e4hendab taimede veetarvet. Parem ja kvaliteetsem (rohkem narmasjuuri!) tagades suure saagi. Parem s\u00e4ilivus p\u00f5llul ja hoidlas. 100% looduslik mikroorgaaniline taimelahus k\u00f6\u00f6givilja-, lille- ja marjakultuuride kasvu parandamiseks. Lubatud kasutada maheviljeluses. V\u00f5ib kasutada koos fungitsiidide, inseaktitsiidide v\u00f5i ka mineraalv\u00e4etiste t\u00f6\u00f6lahustega.<\/p>\n","protected":false},"excerpt":{"rendered":"<p>Allgrow\u00ae kasvuaktivaator 20 L &#8211; Kindel kvaliteet, vastupidavam taim ja suurem saak. Koosneb mikrovetikatest, mis tagavad t\u00e4iusliku ja kiire toitainete omastamine taime poolt. Sisaldab enam kui 20 taimele vajalikku toiteelementi sh. kaltsiumit. V\u00e4hendab taimede veetarvet. Parem ja kvaliteetsem (rohkem narmasjuuri!) tagades suure saagi. Parem s\u00e4ilivus p\u00f5llul ja hoidlas. 100% looduslik mikroorgaaniline taimelahus k\u00f6\u00f6givilja-, lille- ja [&hellip;]<\/p>\n","protected":false},"featured_media":2381630,"comment_status":"closed","ping_status":"closed","template":"","meta":{"_themeisle_gutenberg_block_has_review":false},"product_cat":[16965],"product_tag":[],"class_list":{"0":"post-2088199","1":"product","2":"type-product","3":"status-publish","4":"has-post-thumbnail","6":"product_cat-koogiviljadele-ja-maitsetaimedele","8":"first","9":"instock","10":"shipping-taxable","11":"purchasable","12":"product-type-simple"},"yoast_head":"<!-- This site is optimized with the Yoast SEO plugin v24.0 - https:\/\/yoast.com\/wordpress\/plugins\/seo\/ -->\n<title>V\u00e4etis BIO Allgrow kasvuaktivaator 20L - Horticom<\/title>\n<meta name=\"robots\" content=\"index, follow, max-snippet:-1, max-image-preview:large, max-video-preview:-1\" \/>\n<link rel=\"canonical\" href=\"https:\/\/horticom.ee\/e-pood\/toode\/vaetis-bio-allgrow-kasvuaktivaator-20l\/\" \/>\n<meta property=\"og:locale\" content=\"ru_RU\" \/>\n<meta property=\"og:type\" content=\"article\" \/>\n<meta property=\"og:title\" content=\"V\u00e4etis BIO Allgrow kasvuaktivaator 20L - Horticom\" \/>\n<meta property=\"og:description\" content=\"Allgrow\u00ae kasvuaktivaator 20 L &#8211; Kindel kvaliteet, vastupidavam taim ja suurem saak. Koosneb mikrovetikatest, mis tagavad t\u00e4iusliku ja kiire toitainete omastamine taime poolt. Sisaldab enam kui 20 taimele vajalikku toiteelementi sh. kaltsiumit. V\u00e4hendab taimede veetarvet. Parem ja kvaliteetsem (rohkem narmasjuuri!) tagades suure saagi. Parem s\u00e4ilivus p\u00f5llul ja hoidlas. 100% looduslik mikroorgaaniline taimelahus k\u00f6\u00f6givilja-, lille- ja [&hellip;]\" \/>\n<meta property=\"og:url\" content=\"https:\/\/horticom.ee\/e-pood\/toode\/vaetis-bio-allgrow-kasvuaktivaator-20l\/\" \/>\n<meta property=\"og:site_name\" content=\"Horticom.ee\" \/>\n<meta property=\"article:publisher\" content=\"https:\/\/www.facebook.com\/horticom.ee\/e-pood\" \/>\n<meta property=\"article:modified_time\" content=\"2026-04-30T12:01:11+00:00\" \/>\n<meta property=\"og:image\" content=\"https:\/\/horticom.ee\/e-pood\/wp-content\/uploads\/importedmedia\/product-2088199_0-432121.jpg\" \/>\n\t<meta property=\"og:image:width\" content=\"1000\" \/>\n\t<meta property=\"og:image:height\" content=\"1499\" \/>\n\t<meta property=\"og:image:type\" content=\"image\/jpeg\" \/>\n<meta name=\"twitter:card\" content=\"summary_large_image\" \/>\n<script type=\"application\/ld+json\" class=\"yoast-schema-graph\">{\"@context\":\"https:\/\/schema.org\",\"@graph\":[{\"@type\":\"WebPage\",\"@id\":\"https:\/\/horticom.ee\/e-pood\/toode\/vaetis-bio-allgrow-kasvuaktivaator-20l\/\",\"url\":\"https:\/\/horticom.ee\/e-pood\/toode\/vaetis-bio-allgrow-kasvuaktivaator-20l\/\",\"name\":\"V\u00e4etis BIO Allgrow kasvuaktivaator 20L - Horticom\",\"isPartOf\":{\"@id\":\"https:\/\/horticom.ee\/e-pood\/#website\"},\"primaryImageOfPage\":{\"@id\":\"https:\/\/horticom.ee\/e-pood\/toode\/vaetis-bio-allgrow-kasvuaktivaator-20l\/#primaryimage\"},\"image\":{\"@id\":\"https:\/\/horticom.ee\/e-pood\/toode\/vaetis-bio-allgrow-kasvuaktivaator-20l\/#primaryimage\"},\"thumbnailUrl\":\"https:\/\/horticom.ee\/e-pood\/wp-content\/uploads\/importedmedia\/product-2088199_0-432121.jpg\",\"datePublished\":\"2024-03-04T12:00:19+00:00\",\"dateModified\":\"2026-04-30T12:01:11+00:00\",\"breadcrumb\":{\"@id\":\"https:\/\/horticom.ee\/e-pood\/toode\/vaetis-bio-allgrow-kasvuaktivaator-20l\/#breadcrumb\"},\"inLanguage\":\"ru-RU\",\"potentialAction\":[{\"@type\":\"ReadAction\",\"target\":[\"https:\/\/horticom.ee\/e-pood\/toode\/vaetis-bio-allgrow-kasvuaktivaator-20l\/\"]}]},{\"@type\":\"ImageObject\",\"inLanguage\":\"ru-RU\",\"@id\":\"https:\/\/horticom.ee\/e-pood\/toode\/vaetis-bio-allgrow-kasvuaktivaator-20l\/#primaryimage\",\"url\":\"https:\/\/horticom.ee\/e-pood\/wp-content\/uploads\/importedmedia\/product-2088199_0-432121.jpg\",\"contentUrl\":\"https:\/\/horticom.ee\/e-pood\/wp-content\/uploads\/importedmedia\/product-2088199_0-432121.jpg\",\"width\":1000,\"height\":1499},{\"@type\":\"BreadcrumbList\",\"@id\":\"https:\/\/horticom.ee\/e-pood\/toode\/vaetis-bio-allgrow-kasvuaktivaator-20l\/#breadcrumb\",\"itemListElement\":[{\"@type\":\"ListItem\",\"position\":1,\"name\":\"Home\",\"item\":\"https:\/\/horticom.ee\/e-pood\/\"},{\"@type\":\"ListItem\",\"position\":2,\"name\":\"Pood\",\"item\":\"https:\/\/horticom.ee\/e-pood\/pood\/\"},{\"@type\":\"ListItem\",\"position\":3,\"name\":\"V\u00e4etis BIO Allgrow kasvuaktivaator 20L\"}]},{\"@type\":\"WebSite\",\"@id\":\"https:\/\/horticom.ee\/e-pood\/#website\",\"url\":\"https:\/\/horticom.ee\/e-pood\/\",\"name\":\"Horticom.ee\",\"description\":\"Aianduskaubad ja kodukaubad nii harrastajatele kui professionaalidele\",\"potentialAction\":[{\"@type\":\"SearchAction\",\"target\":{\"@type\":\"EntryPoint\",\"urlTemplate\":\"https:\/\/horticom.ee\/e-pood\/?s={search_term_string}\"},\"query-input\":{\"@type\":\"PropertyValueSpecification\",\"valueRequired\":true,\"valueName\":\"search_term_string\"}}],\"inLanguage\":\"ru-RU\"}]}<\/script>\n<!-- \/ Yoast SEO plugin. -->","yoast_head_json":{"title":"V\u00e4etis BIO Allgrow kasvuaktivaator 20L - Horticom","robots":{"index":"index","follow":"follow","max-snippet":"max-snippet:-1","max-image-preview":"max-image-preview:large","max-video-preview":"max-video-preview:-1"},"canonical":"https:\/\/horticom.ee\/e-pood\/toode\/vaetis-bio-allgrow-kasvuaktivaator-20l\/","og_locale":"ru_RU","og_type":"article","og_title":"V\u00e4etis BIO Allgrow kasvuaktivaator 20L - Horticom","og_description":"Allgrow\u00ae kasvuaktivaator 20 L &#8211; Kindel kvaliteet, vastupidavam taim ja suurem saak. Koosneb mikrovetikatest, mis tagavad t\u00e4iusliku ja kiire toitainete omastamine taime poolt. Sisaldab enam kui 20 taimele vajalikku toiteelementi sh. kaltsiumit. V\u00e4hendab taimede veetarvet. Parem ja kvaliteetsem (rohkem narmasjuuri!) tagades suure saagi. Parem s\u00e4ilivus p\u00f5llul ja hoidlas. 100% looduslik mikroorgaaniline taimelahus k\u00f6\u00f6givilja-, lille- ja [&hellip;]","og_url":"https:\/\/horticom.ee\/e-pood\/toode\/vaetis-bio-allgrow-kasvuaktivaator-20l\/","og_site_name":"Horticom.ee","article_publisher":"https:\/\/www.facebook.com\/horticom.ee\/e-pood","article_modified_time":"2026-04-30T12:01:11+00:00","og_image":[{"width":1000,"height":1499,"url":"https:\/\/horticom.ee\/e-pood\/wp-content\/uploads\/importedmedia\/product-2088199_0-432121.jpg","type":"image\/jpeg"}],"twitter_card":"summary_large_image","schema":{"@context":"https:\/\/schema.org","@graph":[{"@type":"WebPage","@id":"https:\/\/horticom.ee\/e-pood\/toode\/vaetis-bio-allgrow-kasvuaktivaator-20l\/","url":"https:\/\/horticom.ee\/e-pood\/toode\/vaetis-bio-allgrow-kasvuaktivaator-20l\/","name":"V\u00e4etis BIO Allgrow kasvuaktivaator 20L - Horticom","isPartOf":{"@id":"https:\/\/horticom.ee\/e-pood\/#website"},"primaryImageOfPage":{"@id":"https:\/\/horticom.ee\/e-pood\/toode\/vaetis-bio-allgrow-kasvuaktivaator-20l\/#primaryimage"},"image":{"@id":"https:\/\/horticom.ee\/e-pood\/toode\/vaetis-bio-allgrow-kasvuaktivaator-20l\/#primaryimage"},"thumbnailUrl":"https:\/\/horticom.ee\/e-pood\/wp-content\/uploads\/importedmedia\/product-2088199_0-432121.jpg","datePublished":"2024-03-04T12:00:19+00:00","dateModified":"2026-04-30T12:01:11+00:00","breadcrumb":{"@id":"https:\/\/horticom.ee\/e-pood\/toode\/vaetis-bio-allgrow-kasvuaktivaator-20l\/#breadcrumb"},"inLanguage":"ru-RU","potentialAction":[{"@type":"ReadAction","target":["https:\/\/horticom.ee\/e-pood\/toode\/vaetis-bio-allgrow-kasvuaktivaator-20l\/"]}]},{"@type":"ImageObject","inLanguage":"ru-RU","@id":"https:\/\/horticom.ee\/e-pood\/toode\/vaetis-bio-allgrow-kasvuaktivaator-20l\/#primaryimage","url":"https:\/\/horticom.ee\/e-pood\/wp-content\/uploads\/importedmedia\/product-2088199_0-432121.jpg","contentUrl":"https:\/\/horticom.ee\/e-pood\/wp-content\/uploads\/importedmedia\/product-2088199_0-432121.jpg","width":1000,"height":1499},{"@type":"BreadcrumbList","@id":"https:\/\/horticom.ee\/e-pood\/toode\/vaetis-bio-allgrow-kasvuaktivaator-20l\/#breadcrumb","itemListElement":[{"@type":"ListItem","position":1,"name":"Home","item":"https:\/\/horticom.ee\/e-pood\/"},{"@type":"ListItem","position":2,"name":"Pood","item":"https:\/\/horticom.ee\/e-pood\/pood\/"},{"@type":"ListItem","position":3,"name":"V\u00e4etis BIO Allgrow kasvuaktivaator 20L"}]},{"@type":"WebSite","@id":"https:\/\/horticom.ee\/e-pood\/#website","url":"https:\/\/horticom.ee\/e-pood\/","name":"Horticom.ee","description":"Aianduskaubad ja kodukaubad nii harrastajatele kui professionaalidele","potentialAction":[{"@type":"SearchAction","target":{"@type":"EntryPoint","urlTemplate":"https:\/\/horticom.ee\/e-pood\/?s={search_term_string}"},"query-input":{"@type":"PropertyValueSpecification","valueRequired":true,"valueName":"search_term_string"}}],"inLanguage":"ru-RU"}]}},"_links":{"self":[{"href":"https:\/\/horticom.ee\/e-pood\/ru\/wp-json\/wp\/v2\/product\/2088199","targetHints":{"allow":["GET"]}}],"collection":[{"href":"https:\/\/horticom.ee\/e-pood\/ru\/wp-json\/wp\/v2\/product"}],"about":[{"href":"https:\/\/horticom.ee\/e-pood\/ru\/wp-json\/wp\/v2\/types\/product"}],"replies":[{"embeddable":true,"href":"https:\/\/horticom.ee\/e-pood\/ru\/wp-json\/wp\/v2\/comments?post=2088199"}],"wp:featuredmedia":[{"embeddable":true,"href":"https:\/\/horticom.ee\/e-pood\/ru\/wp-json\/wp\/v2\/media\/2381630"}],"wp:attachment":[{"href":"https:\/\/horticom.ee\/e-pood\/ru\/wp-json\/wp\/v2\/media?parent=2088199"}],"wp:term":[{"taxonomy":"product_cat","embeddable":true,"href":"https:\/\/horticom.ee\/e-pood\/ru\/wp-json\/wp\/v2\/product_cat?post=2088199"},{"taxonomy":"product_tag","embeddable":true,"href":"https:\/\/horticom.ee\/e-pood\/ru\/wp-json\/wp\/v2\/product_tag?post=2088199"}],"curies":[{"name":"wp","href":"https:\/\/api.w.org\/{rel}","templated":true}]}}