{"id":217624,"date":"2022-01-21T15:46:38","date_gmt":"2022-01-21T13:46:38","guid":{"rendered":"https:\/\/aednik24.ee\/toode\/lillekast-uksepidur-corsica-37-x-20cm-limeroheline-sp\/"},"modified":"2026-04-27T03:16:50","modified_gmt":"2026-04-27T00:16:50","slug":"lillekast-uksepidur-corsica-37-x-20cm-limeroheline-sp","status":"publish","type":"product","link":"https:\/\/horticom.ee\/e-pood\/ru\/toode\/lillekast-uksepidur-corsica-37-x-20cm-limeroheline-sp\/","title":{"rendered":"Istutuspott Elho Corsica uksestopper 37 x 20cm 10L laimiroheline"},"content":{"rendered":"<p>Lillekast-uksepidur Corsica, mida on lihtne liigutada, t\u00e4nu all olevatele ratastele. Ei riku sinu p\u00f5randat. Tuulel pole v\u00f5imalust ust liigutada, kuna taimed kastis annavad piisava raskuse. Valmistatud kvaliteetsest ja vastupidavast plastikust. Toote valmistamisel kasutatakse erilisi v\u00e4rvipigmente, mist\u00f5ttu toodetel p\u00fcsib originaalv\u00e4rv kauem.<\/p>\n","protected":false},"excerpt":{"rendered":"<p>Lillekast-uksepidur Corsica, mida on lihtne liigutada, t\u00e4nu all olevatele ratastele. Ei riku sinu p\u00f5randat. Tuulel pole v\u00f5imalust ust liigutada, kuna taimed kastis annavad piisava raskuse. Valmistatud kvaliteetsest ja vastupidavast plastikust. Toote valmistamisel kasutatakse erilisi v\u00e4rvipigmente, mist\u00f5ttu toodetel p\u00fcsib originaalv\u00e4rv kauem.<\/p>\n","protected":false},"featured_media":218204,"comment_status":"closed","ping_status":"closed","template":"","meta":{"_themeisle_gutenberg_block_has_review":false},"product_cat":[18563,13444],"product_tag":[],"class_list":{"0":"post-217624","1":"product","2":"type-product","3":"status-publish","4":"has-post-thumbnail","6":"product_cat-lopumuugitooted","7":"product_cat-rodukastid","9":"first","10":"instock","11":"sale","12":"shipping-taxable","13":"purchasable","14":"product-type-simple"},"yoast_head":"<!-- This site is optimized with the Yoast SEO plugin v24.0 - https:\/\/yoast.com\/wordpress\/plugins\/seo\/ -->\n<title>Istutuspott Elho Corsica uksestopper 10L laimiroheline<\/title>\n<meta name=\"description\" content=\"Lillekast-uksepidur Corsicaei riku sinu p\u00f5randat. Tuulel pole v\u00f5imalust ust liigutada, kuna taimed kastis annavad piisava raskuse.\" \/>\n<meta name=\"robots\" content=\"index, follow, max-snippet:-1, max-image-preview:large, max-video-preview:-1\" \/>\n<link rel=\"canonical\" href=\"https:\/\/horticom.ee\/e-pood\/toode\/lillekast-uksepidur-corsica-37-x-20cm-limeroheline-sp\/\" \/>\n<meta property=\"og:locale\" content=\"ru_RU\" \/>\n<meta property=\"og:type\" content=\"article\" \/>\n<meta property=\"og:title\" content=\"Istutuspott Elho Corsica uksestopper 10L laimiroheline\" \/>\n<meta property=\"og:description\" content=\"Lillekast-uksepidur Corsicaei riku sinu p\u00f5randat. Tuulel pole v\u00f5imalust ust liigutada, kuna taimed kastis annavad piisava raskuse.\" \/>\n<meta property=\"og:url\" content=\"https:\/\/horticom.ee\/e-pood\/toode\/lillekast-uksepidur-corsica-37-x-20cm-limeroheline-sp\/\" \/>\n<meta property=\"og:site_name\" content=\"Horticom.ee\" \/>\n<meta property=\"article:publisher\" content=\"https:\/\/www.facebook.com\/horticom.ee\/e-pood\" \/>\n<meta property=\"article:modified_time\" content=\"2026-04-27T00:16:50+00:00\" \/>\n<meta property=\"og:image\" content=\"https:\/\/horticom.ee\/e-pood\/wp-content\/uploads\/importedmedia\/product-217624_0-640756_397.jpg\" \/>\n\t<meta property=\"og:image:width\" content=\"999\" \/>\n\t<meta property=\"og:image:height\" content=\"998\" \/>\n\t<meta property=\"og:image:type\" content=\"image\/jpeg\" \/>\n<meta name=\"twitter:card\" content=\"summary_large_image\" \/>\n<meta name=\"twitter:label1\" content=\"\u041f\u0440\u0438\u043c\u0435\u0440\u043d\u043e\u0435 \u0432\u0440\u0435\u043c\u044f \u0434\u043b\u044f \u0447\u0442\u0435\u043d\u0438\u044f\" \/>\n\t<meta name=\"twitter:data1\" content=\"1 \u043c\u0438\u043d\u0443\u0442\u0430\" \/>\n<script type=\"application\/ld+json\" class=\"yoast-schema-graph\">{\"@context\":\"https:\/\/schema.org\",\"@graph\":[{\"@type\":\"WebPage\",\"@id\":\"https:\/\/horticom.ee\/e-pood\/toode\/lillekast-uksepidur-corsica-37-x-20cm-limeroheline-sp\/\",\"url\":\"https:\/\/horticom.ee\/e-pood\/toode\/lillekast-uksepidur-corsica-37-x-20cm-limeroheline-sp\/\",\"name\":\"Istutuspott Elho Corsica uksestopper 10L laimiroheline\",\"isPartOf\":{\"@id\":\"https:\/\/horticom.ee\/e-pood\/#website\"},\"primaryImageOfPage\":{\"@id\":\"https:\/\/horticom.ee\/e-pood\/toode\/lillekast-uksepidur-corsica-37-x-20cm-limeroheline-sp\/#primaryimage\"},\"image\":{\"@id\":\"https:\/\/horticom.ee\/e-pood\/toode\/lillekast-uksepidur-corsica-37-x-20cm-limeroheline-sp\/#primaryimage\"},\"thumbnailUrl\":\"https:\/\/horticom.ee\/e-pood\/wp-content\/uploads\/importedmedia\/product-217624_0-640756_397.jpg\",\"datePublished\":\"2022-01-21T13:46:38+00:00\",\"dateModified\":\"2026-04-27T00:16:50+00:00\",\"description\":\"Lillekast-uksepidur Corsicaei riku sinu p\u00f5randat. Tuulel pole v\u00f5imalust ust liigutada, kuna taimed kastis annavad piisava raskuse.\",\"breadcrumb\":{\"@id\":\"https:\/\/horticom.ee\/e-pood\/toode\/lillekast-uksepidur-corsica-37-x-20cm-limeroheline-sp\/#breadcrumb\"},\"inLanguage\":\"ru-RU\",\"potentialAction\":[{\"@type\":\"ReadAction\",\"target\":[\"https:\/\/horticom.ee\/e-pood\/toode\/lillekast-uksepidur-corsica-37-x-20cm-limeroheline-sp\/\"]}]},{\"@type\":\"ImageObject\",\"inLanguage\":\"ru-RU\",\"@id\":\"https:\/\/horticom.ee\/e-pood\/toode\/lillekast-uksepidur-corsica-37-x-20cm-limeroheline-sp\/#primaryimage\",\"url\":\"https:\/\/horticom.ee\/e-pood\/wp-content\/uploads\/importedmedia\/product-217624_0-640756_397.jpg\",\"contentUrl\":\"https:\/\/horticom.ee\/e-pood\/wp-content\/uploads\/importedmedia\/product-217624_0-640756_397.jpg\",\"width\":999,\"height\":998,\"caption\":\"Istutuspott Elho Corsica uksestopper 37 x 20cm 10L laimiroheline\"},{\"@type\":\"BreadcrumbList\",\"@id\":\"https:\/\/horticom.ee\/e-pood\/toode\/lillekast-uksepidur-corsica-37-x-20cm-limeroheline-sp\/#breadcrumb\",\"itemListElement\":[{\"@type\":\"ListItem\",\"position\":1,\"name\":\"Home\",\"item\":\"https:\/\/horticom.ee\/e-pood\/\"},{\"@type\":\"ListItem\",\"position\":2,\"name\":\"Pood\",\"item\":\"https:\/\/horticom.ee\/e-pood\/pood\/\"},{\"@type\":\"ListItem\",\"position\":3,\"name\":\"Istutuspott Elho Corsica uksestopper 37 x 20cm 10L laimiroheline\"}]},{\"@type\":\"WebSite\",\"@id\":\"https:\/\/horticom.ee\/e-pood\/#website\",\"url\":\"https:\/\/horticom.ee\/e-pood\/\",\"name\":\"Horticom.ee\",\"description\":\"Aianduskaubad ja kodukaubad nii harrastajatele kui professionaalidele\",\"potentialAction\":[{\"@type\":\"SearchAction\",\"target\":{\"@type\":\"EntryPoint\",\"urlTemplate\":\"https:\/\/horticom.ee\/e-pood\/?s={search_term_string}\"},\"query-input\":{\"@type\":\"PropertyValueSpecification\",\"valueRequired\":true,\"valueName\":\"search_term_string\"}}],\"inLanguage\":\"ru-RU\"}]}<\/script>\n<!-- \/ Yoast SEO plugin. -->","yoast_head_json":{"title":"Istutuspott Elho Corsica uksestopper 10L laimiroheline","description":"Lillekast-uksepidur Corsicaei riku sinu p\u00f5randat. Tuulel pole v\u00f5imalust ust liigutada, kuna taimed kastis annavad piisava raskuse.","robots":{"index":"index","follow":"follow","max-snippet":"max-snippet:-1","max-image-preview":"max-image-preview:large","max-video-preview":"max-video-preview:-1"},"canonical":"https:\/\/horticom.ee\/e-pood\/toode\/lillekast-uksepidur-corsica-37-x-20cm-limeroheline-sp\/","og_locale":"ru_RU","og_type":"article","og_title":"Istutuspott Elho Corsica uksestopper 10L laimiroheline","og_description":"Lillekast-uksepidur Corsicaei riku sinu p\u00f5randat. Tuulel pole v\u00f5imalust ust liigutada, kuna taimed kastis annavad piisava raskuse.","og_url":"https:\/\/horticom.ee\/e-pood\/toode\/lillekast-uksepidur-corsica-37-x-20cm-limeroheline-sp\/","og_site_name":"Horticom.ee","article_publisher":"https:\/\/www.facebook.com\/horticom.ee\/e-pood","article_modified_time":"2026-04-27T00:16:50+00:00","og_image":[{"width":999,"height":998,"url":"https:\/\/horticom.ee\/e-pood\/wp-content\/uploads\/importedmedia\/product-217624_0-640756_397.jpg","type":"image\/jpeg"}],"twitter_card":"summary_large_image","twitter_misc":{"\u041f\u0440\u0438\u043c\u0435\u0440\u043d\u043e\u0435 \u0432\u0440\u0435\u043c\u044f \u0434\u043b\u044f \u0447\u0442\u0435\u043d\u0438\u044f":"1 \u043c\u0438\u043d\u0443\u0442\u0430"},"schema":{"@context":"https:\/\/schema.org","@graph":[{"@type":"WebPage","@id":"https:\/\/horticom.ee\/e-pood\/toode\/lillekast-uksepidur-corsica-37-x-20cm-limeroheline-sp\/","url":"https:\/\/horticom.ee\/e-pood\/toode\/lillekast-uksepidur-corsica-37-x-20cm-limeroheline-sp\/","name":"Istutuspott Elho Corsica uksestopper 10L laimiroheline","isPartOf":{"@id":"https:\/\/horticom.ee\/e-pood\/#website"},"primaryImageOfPage":{"@id":"https:\/\/horticom.ee\/e-pood\/toode\/lillekast-uksepidur-corsica-37-x-20cm-limeroheline-sp\/#primaryimage"},"image":{"@id":"https:\/\/horticom.ee\/e-pood\/toode\/lillekast-uksepidur-corsica-37-x-20cm-limeroheline-sp\/#primaryimage"},"thumbnailUrl":"https:\/\/horticom.ee\/e-pood\/wp-content\/uploads\/importedmedia\/product-217624_0-640756_397.jpg","datePublished":"2022-01-21T13:46:38+00:00","dateModified":"2026-04-27T00:16:50+00:00","description":"Lillekast-uksepidur Corsicaei riku sinu p\u00f5randat. Tuulel pole v\u00f5imalust ust liigutada, kuna taimed kastis annavad piisava raskuse.","breadcrumb":{"@id":"https:\/\/horticom.ee\/e-pood\/toode\/lillekast-uksepidur-corsica-37-x-20cm-limeroheline-sp\/#breadcrumb"},"inLanguage":"ru-RU","potentialAction":[{"@type":"ReadAction","target":["https:\/\/horticom.ee\/e-pood\/toode\/lillekast-uksepidur-corsica-37-x-20cm-limeroheline-sp\/"]}]},{"@type":"ImageObject","inLanguage":"ru-RU","@id":"https:\/\/horticom.ee\/e-pood\/toode\/lillekast-uksepidur-corsica-37-x-20cm-limeroheline-sp\/#primaryimage","url":"https:\/\/horticom.ee\/e-pood\/wp-content\/uploads\/importedmedia\/product-217624_0-640756_397.jpg","contentUrl":"https:\/\/horticom.ee\/e-pood\/wp-content\/uploads\/importedmedia\/product-217624_0-640756_397.jpg","width":999,"height":998,"caption":"Istutuspott Elho Corsica uksestopper 37 x 20cm 10L laimiroheline"},{"@type":"BreadcrumbList","@id":"https:\/\/horticom.ee\/e-pood\/toode\/lillekast-uksepidur-corsica-37-x-20cm-limeroheline-sp\/#breadcrumb","itemListElement":[{"@type":"ListItem","position":1,"name":"Home","item":"https:\/\/horticom.ee\/e-pood\/"},{"@type":"ListItem","position":2,"name":"Pood","item":"https:\/\/horticom.ee\/e-pood\/pood\/"},{"@type":"ListItem","position":3,"name":"Istutuspott Elho Corsica uksestopper 37 x 20cm 10L laimiroheline"}]},{"@type":"WebSite","@id":"https:\/\/horticom.ee\/e-pood\/#website","url":"https:\/\/horticom.ee\/e-pood\/","name":"Horticom.ee","description":"Aianduskaubad ja kodukaubad nii harrastajatele kui professionaalidele","potentialAction":[{"@type":"SearchAction","target":{"@type":"EntryPoint","urlTemplate":"https:\/\/horticom.ee\/e-pood\/?s={search_term_string}"},"query-input":{"@type":"PropertyValueSpecification","valueRequired":true,"valueName":"search_term_string"}}],"inLanguage":"ru-RU"}]}},"_links":{"self":[{"href":"https:\/\/horticom.ee\/e-pood\/ru\/wp-json\/wp\/v2\/product\/217624","targetHints":{"allow":["GET"]}}],"collection":[{"href":"https:\/\/horticom.ee\/e-pood\/ru\/wp-json\/wp\/v2\/product"}],"about":[{"href":"https:\/\/horticom.ee\/e-pood\/ru\/wp-json\/wp\/v2\/types\/product"}],"replies":[{"embeddable":true,"href":"https:\/\/horticom.ee\/e-pood\/ru\/wp-json\/wp\/v2\/comments?post=217624"}],"wp:featuredmedia":[{"embeddable":true,"href":"https:\/\/horticom.ee\/e-pood\/ru\/wp-json\/wp\/v2\/media\/218204"}],"wp:attachment":[{"href":"https:\/\/horticom.ee\/e-pood\/ru\/wp-json\/wp\/v2\/media?parent=217624"}],"wp:term":[{"taxonomy":"product_cat","embeddable":true,"href":"https:\/\/horticom.ee\/e-pood\/ru\/wp-json\/wp\/v2\/product_cat?post=217624"},{"taxonomy":"product_tag","embeddable":true,"href":"https:\/\/horticom.ee\/e-pood\/ru\/wp-json\/wp\/v2\/product_tag?post=217624"}],"curies":[{"name":"wp","href":"https:\/\/api.w.org\/{rel}","templated":true}]}}