{"id":2285621,"date":"2024-04-25T06:00:49","date_gmt":"2024-04-25T03:00:49","guid":{"rendered":"https:\/\/horticom.ee\/e-pood\/toode\/majapidamiskuunal-8h-23cm-elevandiluu-10tk-pakis\/"},"modified":"2026-04-21T03:10:34","modified_gmt":"2026-04-21T00:10:34","slug":"majapidamiskuunal-8h-23cm-elevandiluu-10tk-pakis","status":"publish","type":"product","link":"https:\/\/horticom.ee\/e-pood\/ru\/toode\/majapidamiskuunal-8h-23cm-elevandiluu-10tk-pakis\/","title":{"rendered":"Majapidamisk\u00fc\u00fcnal 8h 23cm elevandiluu 10tk\/pakis"},"content":{"rendered":"<p>Majapidamisk\u00fc\u00fcnlad 8h on elegantsed ja l\u00f5hnatud. K\u00fc\u00fcnlad p\u00f5levad ereda leegiga, tekitades meeldivat atmosf\u00e4\u00e4ri. Kvaliteetsed k\u00fc\u00fcnlad firmalt, kellel on 150+ aastat kogemust valmistamaks parimatest saadaolevatest koostisosadest h\u00e4sti p\u00f5levaid k\u00fc\u00fcnlaid, mis ei saasta \u00f5hku ega ole tervisele ohtlikud.<\/p>\n","protected":false},"excerpt":{"rendered":"<p>Majapidamisk\u00fc\u00fcnlad 8h on elegantsed ja l\u00f5hnatud. K\u00fc\u00fcnlad p\u00f5levad ereda leegiga, tekitades meeldivat atmosf\u00e4\u00e4ri. Kvaliteetsed k\u00fc\u00fcnlad firmalt, kellel on 150+ aastat kogemust valmistamaks parimatest saadaolevatest koostisosadest h\u00e4sti p\u00f5levaid k\u00fc\u00fcnlaid, mis ei saasta \u00f5hku ega ole tervisele ohtlikud.<\/p>\n","protected":false},"featured_media":2380138,"comment_status":"closed","ping_status":"closed","template":"","meta":{"_themeisle_gutenberg_block_has_review":false},"product_cat":[13456],"product_tag":[],"class_list":{"0":"post-2285621","1":"product","2":"type-product","3":"status-publish","4":"has-post-thumbnail","6":"product_cat-kroonikuunlad","8":"first","9":"instock","10":"shipping-taxable","11":"purchasable","12":"product-type-simple"},"yoast_head":"<!-- This site is optimized with the Yoast SEO plugin v24.0 - https:\/\/yoast.com\/wordpress\/plugins\/seo\/ -->\n<title>Majapidamisk\u00fc\u00fcnlad 8h h 23cm elevandiluu 10tk\/pakis<\/title>\n<meta name=\"description\" content=\"Majapidamisk\u00fc\u00fcnlad 8h on elegantsed ja l\u00f5hnatud. K\u00fc\u00fcnlad p\u00f5levad ereda leegiga, tekitades meeldivat atmosf\u00e4\u00e4ri.\" \/>\n<meta name=\"robots\" content=\"index, follow, max-snippet:-1, max-image-preview:large, max-video-preview:-1\" \/>\n<link rel=\"canonical\" href=\"https:\/\/horticom.ee\/e-pood\/toode\/majapidamiskuunal-8h-23cm-elevandiluu-10tk-pakis\/\" \/>\n<meta property=\"og:locale\" content=\"ru_RU\" \/>\n<meta property=\"og:type\" content=\"article\" \/>\n<meta property=\"og:title\" content=\"Majapidamisk\u00fc\u00fcnlad 8h h 23cm elevandiluu 10tk\/pakis\" \/>\n<meta property=\"og:description\" content=\"Majapidamisk\u00fc\u00fcnlad 8h on elegantsed ja l\u00f5hnatud. K\u00fc\u00fcnlad p\u00f5levad ereda leegiga, tekitades meeldivat atmosf\u00e4\u00e4ri.\" \/>\n<meta property=\"og:url\" content=\"https:\/\/horticom.ee\/e-pood\/toode\/majapidamiskuunal-8h-23cm-elevandiluu-10tk-pakis\/\" \/>\n<meta property=\"og:site_name\" content=\"Horticom.ee\" \/>\n<meta property=\"article:publisher\" content=\"https:\/\/www.facebook.com\/horticom.ee\/e-pood\" \/>\n<meta property=\"article:modified_time\" content=\"2026-04-21T00:10:34+00:00\" \/>\n<meta property=\"og:image\" content=\"https:\/\/horticom.ee\/e-pood\/wp-content\/uploads\/importedmedia\/product-2285621_0-690092_37.jpg\" \/>\n\t<meta property=\"og:image:width\" content=\"999\" \/>\n\t<meta property=\"og:image:height\" content=\"1580\" \/>\n\t<meta property=\"og:image:type\" content=\"image\/jpeg\" \/>\n<meta name=\"twitter:card\" content=\"summary_large_image\" \/>\n<script type=\"application\/ld+json\" class=\"yoast-schema-graph\">{\"@context\":\"https:\/\/schema.org\",\"@graph\":[{\"@type\":\"WebPage\",\"@id\":\"https:\/\/horticom.ee\/e-pood\/toode\/majapidamiskuunal-8h-23cm-elevandiluu-10tk-pakis\/\",\"url\":\"https:\/\/horticom.ee\/e-pood\/toode\/majapidamiskuunal-8h-23cm-elevandiluu-10tk-pakis\/\",\"name\":\"Majapidamisk\u00fc\u00fcnlad 8h h 23cm elevandiluu 10tk\/pakis\",\"isPartOf\":{\"@id\":\"https:\/\/horticom.ee\/e-pood\/#website\"},\"primaryImageOfPage\":{\"@id\":\"https:\/\/horticom.ee\/e-pood\/toode\/majapidamiskuunal-8h-23cm-elevandiluu-10tk-pakis\/#primaryimage\"},\"image\":{\"@id\":\"https:\/\/horticom.ee\/e-pood\/toode\/majapidamiskuunal-8h-23cm-elevandiluu-10tk-pakis\/#primaryimage\"},\"thumbnailUrl\":\"https:\/\/horticom.ee\/e-pood\/wp-content\/uploads\/importedmedia\/product-2285621_0-690092_37.jpg\",\"datePublished\":\"2024-04-25T03:00:49+00:00\",\"dateModified\":\"2026-04-21T00:10:34+00:00\",\"description\":\"Majapidamisk\u00fc\u00fcnlad 8h on elegantsed ja l\u00f5hnatud. K\u00fc\u00fcnlad p\u00f5levad ereda leegiga, tekitades meeldivat atmosf\u00e4\u00e4ri.\",\"breadcrumb\":{\"@id\":\"https:\/\/horticom.ee\/e-pood\/toode\/majapidamiskuunal-8h-23cm-elevandiluu-10tk-pakis\/#breadcrumb\"},\"inLanguage\":\"ru-RU\",\"potentialAction\":[{\"@type\":\"ReadAction\",\"target\":[\"https:\/\/horticom.ee\/e-pood\/toode\/majapidamiskuunal-8h-23cm-elevandiluu-10tk-pakis\/\"]}]},{\"@type\":\"ImageObject\",\"inLanguage\":\"ru-RU\",\"@id\":\"https:\/\/horticom.ee\/e-pood\/toode\/majapidamiskuunal-8h-23cm-elevandiluu-10tk-pakis\/#primaryimage\",\"url\":\"https:\/\/horticom.ee\/e-pood\/wp-content\/uploads\/importedmedia\/product-2285621_0-690092_37.jpg\",\"contentUrl\":\"https:\/\/horticom.ee\/e-pood\/wp-content\/uploads\/importedmedia\/product-2285621_0-690092_37.jpg\",\"width\":999,\"height\":1580},{\"@type\":\"BreadcrumbList\",\"@id\":\"https:\/\/horticom.ee\/e-pood\/toode\/majapidamiskuunal-8h-23cm-elevandiluu-10tk-pakis\/#breadcrumb\",\"itemListElement\":[{\"@type\":\"ListItem\",\"position\":1,\"name\":\"Home\",\"item\":\"https:\/\/horticom.ee\/e-pood\/\"},{\"@type\":\"ListItem\",\"position\":2,\"name\":\"Pood\",\"item\":\"https:\/\/horticom.ee\/e-pood\/pood\/\"},{\"@type\":\"ListItem\",\"position\":3,\"name\":\"Majapidamisk\u00fc\u00fcnal 8h 23cm elevandiluu 10tk\/pakis\"}]},{\"@type\":\"WebSite\",\"@id\":\"https:\/\/horticom.ee\/e-pood\/#website\",\"url\":\"https:\/\/horticom.ee\/e-pood\/\",\"name\":\"Horticom.ee\",\"description\":\"Aianduskaubad ja kodukaubad nii harrastajatele kui professionaalidele\",\"potentialAction\":[{\"@type\":\"SearchAction\",\"target\":{\"@type\":\"EntryPoint\",\"urlTemplate\":\"https:\/\/horticom.ee\/e-pood\/?s={search_term_string}\"},\"query-input\":{\"@type\":\"PropertyValueSpecification\",\"valueRequired\":true,\"valueName\":\"search_term_string\"}}],\"inLanguage\":\"ru-RU\"}]}<\/script>\n<!-- \/ Yoast SEO plugin. -->","yoast_head_json":{"title":"Majapidamisk\u00fc\u00fcnlad 8h h 23cm elevandiluu 10tk\/pakis","description":"Majapidamisk\u00fc\u00fcnlad 8h on elegantsed ja l\u00f5hnatud. K\u00fc\u00fcnlad p\u00f5levad ereda leegiga, tekitades meeldivat atmosf\u00e4\u00e4ri.","robots":{"index":"index","follow":"follow","max-snippet":"max-snippet:-1","max-image-preview":"max-image-preview:large","max-video-preview":"max-video-preview:-1"},"canonical":"https:\/\/horticom.ee\/e-pood\/toode\/majapidamiskuunal-8h-23cm-elevandiluu-10tk-pakis\/","og_locale":"ru_RU","og_type":"article","og_title":"Majapidamisk\u00fc\u00fcnlad 8h h 23cm elevandiluu 10tk\/pakis","og_description":"Majapidamisk\u00fc\u00fcnlad 8h on elegantsed ja l\u00f5hnatud. K\u00fc\u00fcnlad p\u00f5levad ereda leegiga, tekitades meeldivat atmosf\u00e4\u00e4ri.","og_url":"https:\/\/horticom.ee\/e-pood\/toode\/majapidamiskuunal-8h-23cm-elevandiluu-10tk-pakis\/","og_site_name":"Horticom.ee","article_publisher":"https:\/\/www.facebook.com\/horticom.ee\/e-pood","article_modified_time":"2026-04-21T00:10:34+00:00","og_image":[{"width":999,"height":1580,"url":"https:\/\/horticom.ee\/e-pood\/wp-content\/uploads\/importedmedia\/product-2285621_0-690092_37.jpg","type":"image\/jpeg"}],"twitter_card":"summary_large_image","schema":{"@context":"https:\/\/schema.org","@graph":[{"@type":"WebPage","@id":"https:\/\/horticom.ee\/e-pood\/toode\/majapidamiskuunal-8h-23cm-elevandiluu-10tk-pakis\/","url":"https:\/\/horticom.ee\/e-pood\/toode\/majapidamiskuunal-8h-23cm-elevandiluu-10tk-pakis\/","name":"Majapidamisk\u00fc\u00fcnlad 8h h 23cm elevandiluu 10tk\/pakis","isPartOf":{"@id":"https:\/\/horticom.ee\/e-pood\/#website"},"primaryImageOfPage":{"@id":"https:\/\/horticom.ee\/e-pood\/toode\/majapidamiskuunal-8h-23cm-elevandiluu-10tk-pakis\/#primaryimage"},"image":{"@id":"https:\/\/horticom.ee\/e-pood\/toode\/majapidamiskuunal-8h-23cm-elevandiluu-10tk-pakis\/#primaryimage"},"thumbnailUrl":"https:\/\/horticom.ee\/e-pood\/wp-content\/uploads\/importedmedia\/product-2285621_0-690092_37.jpg","datePublished":"2024-04-25T03:00:49+00:00","dateModified":"2026-04-21T00:10:34+00:00","description":"Majapidamisk\u00fc\u00fcnlad 8h on elegantsed ja l\u00f5hnatud. K\u00fc\u00fcnlad p\u00f5levad ereda leegiga, tekitades meeldivat atmosf\u00e4\u00e4ri.","breadcrumb":{"@id":"https:\/\/horticom.ee\/e-pood\/toode\/majapidamiskuunal-8h-23cm-elevandiluu-10tk-pakis\/#breadcrumb"},"inLanguage":"ru-RU","potentialAction":[{"@type":"ReadAction","target":["https:\/\/horticom.ee\/e-pood\/toode\/majapidamiskuunal-8h-23cm-elevandiluu-10tk-pakis\/"]}]},{"@type":"ImageObject","inLanguage":"ru-RU","@id":"https:\/\/horticom.ee\/e-pood\/toode\/majapidamiskuunal-8h-23cm-elevandiluu-10tk-pakis\/#primaryimage","url":"https:\/\/horticom.ee\/e-pood\/wp-content\/uploads\/importedmedia\/product-2285621_0-690092_37.jpg","contentUrl":"https:\/\/horticom.ee\/e-pood\/wp-content\/uploads\/importedmedia\/product-2285621_0-690092_37.jpg","width":999,"height":1580},{"@type":"BreadcrumbList","@id":"https:\/\/horticom.ee\/e-pood\/toode\/majapidamiskuunal-8h-23cm-elevandiluu-10tk-pakis\/#breadcrumb","itemListElement":[{"@type":"ListItem","position":1,"name":"Home","item":"https:\/\/horticom.ee\/e-pood\/"},{"@type":"ListItem","position":2,"name":"Pood","item":"https:\/\/horticom.ee\/e-pood\/pood\/"},{"@type":"ListItem","position":3,"name":"Majapidamisk\u00fc\u00fcnal 8h 23cm elevandiluu 10tk\/pakis"}]},{"@type":"WebSite","@id":"https:\/\/horticom.ee\/e-pood\/#website","url":"https:\/\/horticom.ee\/e-pood\/","name":"Horticom.ee","description":"Aianduskaubad ja kodukaubad nii harrastajatele kui professionaalidele","potentialAction":[{"@type":"SearchAction","target":{"@type":"EntryPoint","urlTemplate":"https:\/\/horticom.ee\/e-pood\/?s={search_term_string}"},"query-input":{"@type":"PropertyValueSpecification","valueRequired":true,"valueName":"search_term_string"}}],"inLanguage":"ru-RU"}]}},"_links":{"self":[{"href":"https:\/\/horticom.ee\/e-pood\/ru\/wp-json\/wp\/v2\/product\/2285621","targetHints":{"allow":["GET"]}}],"collection":[{"href":"https:\/\/horticom.ee\/e-pood\/ru\/wp-json\/wp\/v2\/product"}],"about":[{"href":"https:\/\/horticom.ee\/e-pood\/ru\/wp-json\/wp\/v2\/types\/product"}],"replies":[{"embeddable":true,"href":"https:\/\/horticom.ee\/e-pood\/ru\/wp-json\/wp\/v2\/comments?post=2285621"}],"wp:featuredmedia":[{"embeddable":true,"href":"https:\/\/horticom.ee\/e-pood\/ru\/wp-json\/wp\/v2\/media\/2380138"}],"wp:attachment":[{"href":"https:\/\/horticom.ee\/e-pood\/ru\/wp-json\/wp\/v2\/media?parent=2285621"}],"wp:term":[{"taxonomy":"product_cat","embeddable":true,"href":"https:\/\/horticom.ee\/e-pood\/ru\/wp-json\/wp\/v2\/product_cat?post=2285621"},{"taxonomy":"product_tag","embeddable":true,"href":"https:\/\/horticom.ee\/e-pood\/ru\/wp-json\/wp\/v2\/product_tag?post=2285621"}],"curies":[{"name":"wp","href":"https:\/\/api.w.org\/{rel}","templated":true}]}}