{"id":2285845,"date":"2024-05-02T16:00:48","date_gmt":"2024-05-02T13:00:48","guid":{"rendered":"https:\/\/horticom.ee\/e-pood\/toode\/aiakaarid-felco-6-keskmise-suurusega-kaele-20mm-195cm-210g\/"},"modified":"2026-05-12T03:03:32","modified_gmt":"2026-05-12T00:03:32","slug":"aiakaarid-felco-6-keskmise-suurusega-kaele-20mm-195cm-210g","status":"publish","type":"product","link":"https:\/\/horticom.ee\/e-pood\/ru\/toode\/aiakaarid-felco-6-keskmise-suurusega-kaele-20mm-195cm-210g\/","title":{"rendered":"Aiak\u00e4\u00e4rid Felco 6 keskmise suurusega k\u00e4ele l\u00f5ike d20mm 19,5cm kaal 210g"},"content":{"rendered":"<p>Mugavad, kerged ja vastupidavad aiak\u00e4\u00e4rid. Tera on valmistatud k\u00f5rgkvaliteetsest terasest, ca 2 cm l\u00e4bim\u00f5\u00f5duga okste l\u00f5ikamiseks. K\u00e4\u00e4ride kaal 210 g. K\u00e4e ja randme kaitset pakuvad spetsiaalse kujuga k\u00e4epide ja amortisaator. Mittelibisev k\u00e4epide. K\u00f5ik varuosad on vahetatavad.<\/p>\n","protected":false},"excerpt":{"rendered":"<p>Mugavad, kerged ja vastupidavad aiak\u00e4\u00e4rid. Tera on valmistatud k\u00f5rgkvaliteetsest terasest, ca 2 cm l\u00e4bim\u00f5\u00f5duga okste l\u00f5ikamiseks. K\u00e4\u00e4ride kaal 210 g. K\u00e4e ja randme kaitset pakuvad spetsiaalse kujuga k\u00e4epide ja amortisaator. Mittelibisev k\u00e4epide. K\u00f5ik varuosad on vahetatavad.<\/p>\n","protected":false},"featured_media":2374533,"comment_status":"closed","ping_status":"closed","template":"","meta":{"_themeisle_gutenberg_block_has_review":false},"product_cat":[13349,13622],"product_tag":[],"class_list":{"0":"post-2285845","1":"product","2":"type-product","3":"status-publish","4":"has-post-thumbnail","6":"product_cat-kaarid","7":"product_cat-aiatooriistad-tootjale","9":"first","10":"instock","11":"shipping-taxable","12":"purchasable","13":"product-type-simple"},"yoast_head":"<!-- This site is optimized with the Yoast SEO plugin v24.0 - https:\/\/yoast.com\/wordpress\/plugins\/seo\/ -->\n<title>Aiak\u00e4\u00e4rid Felco 6 keskmise suurusega k\u00e4ele l\u00f5ike d20mm 19,5cm kaal 210g - Horticom<\/title>\n<meta name=\"robots\" content=\"index, follow, max-snippet:-1, max-image-preview:large, max-video-preview:-1\" \/>\n<link rel=\"canonical\" href=\"https:\/\/horticom.ee\/e-pood\/toode\/aiakaarid-felco-6-keskmise-suurusega-kaele-20mm-195cm-210g\/\" \/>\n<meta property=\"og:locale\" content=\"ru_RU\" \/>\n<meta property=\"og:type\" content=\"article\" \/>\n<meta property=\"og:title\" content=\"Aiak\u00e4\u00e4rid Felco 6 keskmise suurusega k\u00e4ele l\u00f5ike d20mm 19,5cm kaal 210g - Horticom\" \/>\n<meta property=\"og:description\" content=\"Mugavad, kerged ja vastupidavad aiak\u00e4\u00e4rid. Tera on valmistatud k\u00f5rgkvaliteetsest terasest, ca 2 cm l\u00e4bim\u00f5\u00f5duga okste l\u00f5ikamiseks. K\u00e4\u00e4ride kaal 210 g. K\u00e4e ja randme kaitset pakuvad spetsiaalse kujuga k\u00e4epide ja amortisaator. Mittelibisev k\u00e4epide. K\u00f5ik varuosad on vahetatavad.\" \/>\n<meta property=\"og:url\" content=\"https:\/\/horticom.ee\/e-pood\/toode\/aiakaarid-felco-6-keskmise-suurusega-kaele-20mm-195cm-210g\/\" \/>\n<meta property=\"og:site_name\" content=\"Horticom.ee\" \/>\n<meta property=\"article:publisher\" content=\"https:\/\/www.facebook.com\/horticom.ee\/e-pood\" \/>\n<meta property=\"article:modified_time\" content=\"2026-05-12T00:03:32+00:00\" \/>\n<meta property=\"og:image\" content=\"https:\/\/horticom.ee\/e-pood\/wp-content\/uploads\/2024\/05\/783929100043.jpg\" \/>\n\t<meta property=\"og:image:width\" content=\"797\" \/>\n\t<meta property=\"og:image:height\" content=\"2550\" \/>\n\t<meta property=\"og:image:type\" content=\"image\/jpeg\" \/>\n<meta name=\"twitter:card\" content=\"summary_large_image\" \/>\n<meta name=\"twitter:label1\" content=\"\u041f\u0440\u0438\u043c\u0435\u0440\u043d\u043e\u0435 \u0432\u0440\u0435\u043c\u044f \u0434\u043b\u044f \u0447\u0442\u0435\u043d\u0438\u044f\" \/>\n\t<meta name=\"twitter:data1\" content=\"1 \u043c\u0438\u043d\u0443\u0442\u0430\" \/>\n<script type=\"application\/ld+json\" class=\"yoast-schema-graph\">{\"@context\":\"https:\/\/schema.org\",\"@graph\":[{\"@type\":\"WebPage\",\"@id\":\"https:\/\/horticom.ee\/e-pood\/toode\/aiakaarid-felco-6-keskmise-suurusega-kaele-20mm-195cm-210g\/\",\"url\":\"https:\/\/horticom.ee\/e-pood\/toode\/aiakaarid-felco-6-keskmise-suurusega-kaele-20mm-195cm-210g\/\",\"name\":\"Aiak\u00e4\u00e4rid Felco 6 keskmise suurusega k\u00e4ele l\u00f5ike d20mm 19,5cm kaal 210g - Horticom\",\"isPartOf\":{\"@id\":\"https:\/\/horticom.ee\/e-pood\/#website\"},\"primaryImageOfPage\":{\"@id\":\"https:\/\/horticom.ee\/e-pood\/toode\/aiakaarid-felco-6-keskmise-suurusega-kaele-20mm-195cm-210g\/#primaryimage\"},\"image\":{\"@id\":\"https:\/\/horticom.ee\/e-pood\/toode\/aiakaarid-felco-6-keskmise-suurusega-kaele-20mm-195cm-210g\/#primaryimage\"},\"thumbnailUrl\":\"https:\/\/horticom.ee\/e-pood\/wp-content\/uploads\/2024\/05\/783929100043.jpg\",\"datePublished\":\"2024-05-02T13:00:48+00:00\",\"dateModified\":\"2026-05-12T00:03:32+00:00\",\"breadcrumb\":{\"@id\":\"https:\/\/horticom.ee\/e-pood\/toode\/aiakaarid-felco-6-keskmise-suurusega-kaele-20mm-195cm-210g\/#breadcrumb\"},\"inLanguage\":\"ru-RU\",\"potentialAction\":[{\"@type\":\"ReadAction\",\"target\":[\"https:\/\/horticom.ee\/e-pood\/toode\/aiakaarid-felco-6-keskmise-suurusega-kaele-20mm-195cm-210g\/\"]}]},{\"@type\":\"ImageObject\",\"inLanguage\":\"ru-RU\",\"@id\":\"https:\/\/horticom.ee\/e-pood\/toode\/aiakaarid-felco-6-keskmise-suurusega-kaele-20mm-195cm-210g\/#primaryimage\",\"url\":\"https:\/\/horticom.ee\/e-pood\/wp-content\/uploads\/2024\/05\/783929100043.jpg\",\"contentUrl\":\"https:\/\/horticom.ee\/e-pood\/wp-content\/uploads\/2024\/05\/783929100043.jpg\",\"width\":797,\"height\":2550,\"caption\":\"FELCO 6.tif\"},{\"@type\":\"BreadcrumbList\",\"@id\":\"https:\/\/horticom.ee\/e-pood\/toode\/aiakaarid-felco-6-keskmise-suurusega-kaele-20mm-195cm-210g\/#breadcrumb\",\"itemListElement\":[{\"@type\":\"ListItem\",\"position\":1,\"name\":\"Home\",\"item\":\"https:\/\/horticom.ee\/e-pood\/\"},{\"@type\":\"ListItem\",\"position\":2,\"name\":\"Pood\",\"item\":\"https:\/\/horticom.ee\/e-pood\/pood\/\"},{\"@type\":\"ListItem\",\"position\":3,\"name\":\"Aiak\u00e4\u00e4rid Felco 6 keskmise suurusega k\u00e4ele l\u00f5ike d20mm 19,5cm kaal 210g\"}]},{\"@type\":\"WebSite\",\"@id\":\"https:\/\/horticom.ee\/e-pood\/#website\",\"url\":\"https:\/\/horticom.ee\/e-pood\/\",\"name\":\"Horticom.ee\",\"description\":\"Aianduskaubad ja kodukaubad nii harrastajatele kui professionaalidele\",\"potentialAction\":[{\"@type\":\"SearchAction\",\"target\":{\"@type\":\"EntryPoint\",\"urlTemplate\":\"https:\/\/horticom.ee\/e-pood\/?s={search_term_string}\"},\"query-input\":{\"@type\":\"PropertyValueSpecification\",\"valueRequired\":true,\"valueName\":\"search_term_string\"}}],\"inLanguage\":\"ru-RU\"}]}<\/script>\n<!-- \/ Yoast SEO plugin. -->","yoast_head_json":{"title":"Aiak\u00e4\u00e4rid Felco 6 keskmise suurusega k\u00e4ele l\u00f5ike d20mm 19,5cm kaal 210g - Horticom","robots":{"index":"index","follow":"follow","max-snippet":"max-snippet:-1","max-image-preview":"max-image-preview:large","max-video-preview":"max-video-preview:-1"},"canonical":"https:\/\/horticom.ee\/e-pood\/toode\/aiakaarid-felco-6-keskmise-suurusega-kaele-20mm-195cm-210g\/","og_locale":"ru_RU","og_type":"article","og_title":"Aiak\u00e4\u00e4rid Felco 6 keskmise suurusega k\u00e4ele l\u00f5ike d20mm 19,5cm kaal 210g - Horticom","og_description":"Mugavad, kerged ja vastupidavad aiak\u00e4\u00e4rid. Tera on valmistatud k\u00f5rgkvaliteetsest terasest, ca 2 cm l\u00e4bim\u00f5\u00f5duga okste l\u00f5ikamiseks. K\u00e4\u00e4ride kaal 210 g. K\u00e4e ja randme kaitset pakuvad spetsiaalse kujuga k\u00e4epide ja amortisaator. Mittelibisev k\u00e4epide. K\u00f5ik varuosad on vahetatavad.","og_url":"https:\/\/horticom.ee\/e-pood\/toode\/aiakaarid-felco-6-keskmise-suurusega-kaele-20mm-195cm-210g\/","og_site_name":"Horticom.ee","article_publisher":"https:\/\/www.facebook.com\/horticom.ee\/e-pood","article_modified_time":"2026-05-12T00:03:32+00:00","og_image":[{"width":797,"height":2550,"url":"https:\/\/horticom.ee\/e-pood\/wp-content\/uploads\/2024\/05\/783929100043.jpg","type":"image\/jpeg"}],"twitter_card":"summary_large_image","twitter_misc":{"\u041f\u0440\u0438\u043c\u0435\u0440\u043d\u043e\u0435 \u0432\u0440\u0435\u043c\u044f \u0434\u043b\u044f \u0447\u0442\u0435\u043d\u0438\u044f":"1 \u043c\u0438\u043d\u0443\u0442\u0430"},"schema":{"@context":"https:\/\/schema.org","@graph":[{"@type":"WebPage","@id":"https:\/\/horticom.ee\/e-pood\/toode\/aiakaarid-felco-6-keskmise-suurusega-kaele-20mm-195cm-210g\/","url":"https:\/\/horticom.ee\/e-pood\/toode\/aiakaarid-felco-6-keskmise-suurusega-kaele-20mm-195cm-210g\/","name":"Aiak\u00e4\u00e4rid Felco 6 keskmise suurusega k\u00e4ele l\u00f5ike d20mm 19,5cm kaal 210g - Horticom","isPartOf":{"@id":"https:\/\/horticom.ee\/e-pood\/#website"},"primaryImageOfPage":{"@id":"https:\/\/horticom.ee\/e-pood\/toode\/aiakaarid-felco-6-keskmise-suurusega-kaele-20mm-195cm-210g\/#primaryimage"},"image":{"@id":"https:\/\/horticom.ee\/e-pood\/toode\/aiakaarid-felco-6-keskmise-suurusega-kaele-20mm-195cm-210g\/#primaryimage"},"thumbnailUrl":"https:\/\/horticom.ee\/e-pood\/wp-content\/uploads\/2024\/05\/783929100043.jpg","datePublished":"2024-05-02T13:00:48+00:00","dateModified":"2026-05-12T00:03:32+00:00","breadcrumb":{"@id":"https:\/\/horticom.ee\/e-pood\/toode\/aiakaarid-felco-6-keskmise-suurusega-kaele-20mm-195cm-210g\/#breadcrumb"},"inLanguage":"ru-RU","potentialAction":[{"@type":"ReadAction","target":["https:\/\/horticom.ee\/e-pood\/toode\/aiakaarid-felco-6-keskmise-suurusega-kaele-20mm-195cm-210g\/"]}]},{"@type":"ImageObject","inLanguage":"ru-RU","@id":"https:\/\/horticom.ee\/e-pood\/toode\/aiakaarid-felco-6-keskmise-suurusega-kaele-20mm-195cm-210g\/#primaryimage","url":"https:\/\/horticom.ee\/e-pood\/wp-content\/uploads\/2024\/05\/783929100043.jpg","contentUrl":"https:\/\/horticom.ee\/e-pood\/wp-content\/uploads\/2024\/05\/783929100043.jpg","width":797,"height":2550,"caption":"FELCO 6.tif"},{"@type":"BreadcrumbList","@id":"https:\/\/horticom.ee\/e-pood\/toode\/aiakaarid-felco-6-keskmise-suurusega-kaele-20mm-195cm-210g\/#breadcrumb","itemListElement":[{"@type":"ListItem","position":1,"name":"Home","item":"https:\/\/horticom.ee\/e-pood\/"},{"@type":"ListItem","position":2,"name":"Pood","item":"https:\/\/horticom.ee\/e-pood\/pood\/"},{"@type":"ListItem","position":3,"name":"Aiak\u00e4\u00e4rid Felco 6 keskmise suurusega k\u00e4ele l\u00f5ike d20mm 19,5cm kaal 210g"}]},{"@type":"WebSite","@id":"https:\/\/horticom.ee\/e-pood\/#website","url":"https:\/\/horticom.ee\/e-pood\/","name":"Horticom.ee","description":"Aianduskaubad ja kodukaubad nii harrastajatele kui professionaalidele","potentialAction":[{"@type":"SearchAction","target":{"@type":"EntryPoint","urlTemplate":"https:\/\/horticom.ee\/e-pood\/?s={search_term_string}"},"query-input":{"@type":"PropertyValueSpecification","valueRequired":true,"valueName":"search_term_string"}}],"inLanguage":"ru-RU"}]}},"_links":{"self":[{"href":"https:\/\/horticom.ee\/e-pood\/ru\/wp-json\/wp\/v2\/product\/2285845","targetHints":{"allow":["GET"]}}],"collection":[{"href":"https:\/\/horticom.ee\/e-pood\/ru\/wp-json\/wp\/v2\/product"}],"about":[{"href":"https:\/\/horticom.ee\/e-pood\/ru\/wp-json\/wp\/v2\/types\/product"}],"replies":[{"embeddable":true,"href":"https:\/\/horticom.ee\/e-pood\/ru\/wp-json\/wp\/v2\/comments?post=2285845"}],"wp:featuredmedia":[{"embeddable":true,"href":"https:\/\/horticom.ee\/e-pood\/ru\/wp-json\/wp\/v2\/media\/2374533"}],"wp:attachment":[{"href":"https:\/\/horticom.ee\/e-pood\/ru\/wp-json\/wp\/v2\/media?parent=2285845"}],"wp:term":[{"taxonomy":"product_cat","embeddable":true,"href":"https:\/\/horticom.ee\/e-pood\/ru\/wp-json\/wp\/v2\/product_cat?post=2285845"},{"taxonomy":"product_tag","embeddable":true,"href":"https:\/\/horticom.ee\/e-pood\/ru\/wp-json\/wp\/v2\/product_tag?post=2285845"}],"curies":[{"name":"wp","href":"https:\/\/api.w.org\/{rel}","templated":true}]}}