{"id":2286190,"date":"2024-05-15T16:00:47","date_gmt":"2024-05-15T13:00:47","guid":{"rendered":"https:\/\/horticom.ee\/e-pood\/toode\/umbrohutorje-roundup-ultra-kontsentraat-1l\/"},"modified":"2026-04-09T20:00:55","modified_gmt":"2026-04-09T17:00:55","slug":"umbrohutorje-roundup-ultra-kontsentraat-1l","status":"publish","type":"product","link":"https:\/\/horticom.ee\/e-pood\/ru\/toode\/umbrohutorje-roundup-ultra-kontsentraat-1l\/","title":{"rendered":"Umbrohut\u00f5rje Ultra kontsentraat 1L"},"content":{"rendered":"<p>Herbitsiid \u00fcheaastaste kaheiduleheliste umbrohtude t\u00f5rjumiseks teedel, radadel ja aladel,<br \/>\nmis on vett l\u00e4bilaskva pinnaga ning dekoratiivpuude ja -p\u00f5\u00f5saste ridade vahel ning sammalde<br \/>\nt\u00f5rjumiseks dekoratiivpuude ja -p\u00f5\u00f5saste ridade vahel.<br \/>\nUmbrohut\u00f5rje ULTRA toimib parimas kasvueas enamuse levinud aiaumbrohtude puhul, sealhulgas:<br \/>\nristik (Trifoliumi liigid), teelehe liigid (Plantago media, Plantago lanceolata, Plantago major), kirburohi (Polygonumi liigid), harilik v\u00f5ilill (Taraxacum officinalis), vesihein (Stellaria media), mailane (Veronica liigid), tulikas (Ranunculus repens ja R. acris), \u00fcheaastane k\u00f5rven\u00f5ges (Urtica), p\u00f5ldohakas (Cirsium arvense), kassitapp (Convolvulus arvensis), harilik kirikakar (Bellis perennis), valge hanemalts (Chenopodium album), harilik ristirohi (Senecio vulgaris), must maavits (Solanum nigrum), piimohakas (Sonchusi liigid), humallutsern (Medicago lupulina), must kapsasrohi (Brassica nigra), kare m\u00f5rkjas (Picris hieracioides), pajulill (Epilobiumi liigid), hiirek\u00f5rv (Capesella bursa-pastoris), ahtalehine p\u00f5drakanep (Chamerion angustifolium), Kanada pujukakar (Erigeron canadensis), harilik punand (Fumaria officinalis), v\u00f5\u00f5rkakar, imin\u00f5gese liigid (Lamium species), \u00dcheaastane murunurmikas (Poa annua), harilik n\u00e4lghein (Spergula arvensis), kummel (Matricaria liigid), p\u00f5ldosi (Equisetum arvense). Umbrohut\u00f5rje ULTRA-t ei ole lubatud kasutada \u00f5itsvatel taimedel, sealhulgas umbrohtudel. 1L= 435m2<\/p>\n","protected":false},"excerpt":{"rendered":"<p>Herbitsiid \u00fcheaastaste kaheiduleheliste umbrohtude t\u00f5rjumiseks teedel, radadel ja aladel, mis on vett l\u00e4bilaskva pinnaga ning dekoratiivpuude ja -p\u00f5\u00f5saste ridade vahel ning sammalde t\u00f5rjumiseks dekoratiivpuude ja -p\u00f5\u00f5saste ridade vahel. Umbrohut\u00f5rje ULTRA toimib parimas kasvueas enamuse levinud aiaumbrohtude puhul, sealhulgas: ristik (Trifoliumi liigid), teelehe liigid (Plantago media, Plantago lanceolata, Plantago major), kirburohi (Polygonumi liigid), harilik v\u00f5ilill (Taraxacum [&hellip;]<\/p>\n","protected":false},"featured_media":2381140,"comment_status":"closed","ping_status":"closed","template":"","meta":{"_themeisle_gutenberg_block_has_review":false},"product_cat":[13586],"product_tag":[],"class_list":{"0":"post-2286190","1":"product","2":"type-product","3":"status-publish","4":"has-post-thumbnail","6":"product_cat-herbitsiidid","8":"first","9":"instock","10":"shipping-taxable","11":"purchasable","12":"product-type-simple"},"yoast_head":"<!-- This site is optimized with the Yoast SEO plugin v24.0 - https:\/\/yoast.com\/wordpress\/plugins\/seo\/ -->\n<title>Umbrohut\u00f5rje Ultra kontsentraat 1L - Horticom<\/title>\n<meta name=\"robots\" content=\"index, follow, max-snippet:-1, max-image-preview:large, max-video-preview:-1\" \/>\n<link rel=\"canonical\" href=\"https:\/\/horticom.ee\/e-pood\/toode\/umbrohutorje-roundup-ultra-kontsentraat-1l\/\" \/>\n<meta property=\"og:locale\" content=\"ru_RU\" \/>\n<meta property=\"og:type\" content=\"article\" \/>\n<meta property=\"og:title\" content=\"Umbrohut\u00f5rje Ultra kontsentraat 1L - Horticom\" \/>\n<meta property=\"og:description\" content=\"Herbitsiid \u00fcheaastaste kaheiduleheliste umbrohtude t\u00f5rjumiseks teedel, radadel ja aladel, mis on vett l\u00e4bilaskva pinnaga ning dekoratiivpuude ja -p\u00f5\u00f5saste ridade vahel ning sammalde t\u00f5rjumiseks dekoratiivpuude ja -p\u00f5\u00f5saste ridade vahel. Umbrohut\u00f5rje ULTRA toimib parimas kasvueas enamuse levinud aiaumbrohtude puhul, sealhulgas: ristik (Trifoliumi liigid), teelehe liigid (Plantago media, Plantago lanceolata, Plantago major), kirburohi (Polygonumi liigid), harilik v\u00f5ilill (Taraxacum [&hellip;]\" \/>\n<meta property=\"og:url\" content=\"https:\/\/horticom.ee\/e-pood\/toode\/umbrohutorje-roundup-ultra-kontsentraat-1l\/\" \/>\n<meta property=\"og:site_name\" content=\"Horticom.ee\" \/>\n<meta property=\"article:publisher\" content=\"https:\/\/www.facebook.com\/horticom.ee\/e-pood\" \/>\n<meta property=\"article:modified_time\" content=\"2026-04-09T17:00:55+00:00\" \/>\n<meta property=\"og:image\" content=\"https:\/\/horticom.ee\/e-pood\/wp-content\/uploads\/importedmedia\/product-2286190_0-TK05806.jpg\" \/>\n\t<meta property=\"og:image:width\" content=\"1000\" \/>\n\t<meta property=\"og:image:height\" content=\"2142\" \/>\n\t<meta property=\"og:image:type\" content=\"image\/jpeg\" \/>\n<meta name=\"twitter:card\" content=\"summary_large_image\" \/>\n<meta name=\"twitter:label1\" content=\"\u041f\u0440\u0438\u043c\u0435\u0440\u043d\u043e\u0435 \u0432\u0440\u0435\u043c\u044f \u0434\u043b\u044f \u0447\u0442\u0435\u043d\u0438\u044f\" \/>\n\t<meta name=\"twitter:data1\" content=\"1 \u043c\u0438\u043d\u0443\u0442\u0430\" \/>\n<script type=\"application\/ld+json\" class=\"yoast-schema-graph\">{\"@context\":\"https:\/\/schema.org\",\"@graph\":[{\"@type\":\"WebPage\",\"@id\":\"https:\/\/horticom.ee\/e-pood\/toode\/umbrohutorje-roundup-ultra-kontsentraat-1l\/\",\"url\":\"https:\/\/horticom.ee\/e-pood\/toode\/umbrohutorje-roundup-ultra-kontsentraat-1l\/\",\"name\":\"Umbrohut\u00f5rje Ultra kontsentraat 1L - Horticom\",\"isPartOf\":{\"@id\":\"https:\/\/horticom.ee\/e-pood\/#website\"},\"primaryImageOfPage\":{\"@id\":\"https:\/\/horticom.ee\/e-pood\/toode\/umbrohutorje-roundup-ultra-kontsentraat-1l\/#primaryimage\"},\"image\":{\"@id\":\"https:\/\/horticom.ee\/e-pood\/toode\/umbrohutorje-roundup-ultra-kontsentraat-1l\/#primaryimage\"},\"thumbnailUrl\":\"https:\/\/horticom.ee\/e-pood\/wp-content\/uploads\/importedmedia\/product-2286190_0-TK05806.jpg\",\"datePublished\":\"2024-05-15T13:00:47+00:00\",\"dateModified\":\"2026-04-09T17:00:55+00:00\",\"breadcrumb\":{\"@id\":\"https:\/\/horticom.ee\/e-pood\/toode\/umbrohutorje-roundup-ultra-kontsentraat-1l\/#breadcrumb\"},\"inLanguage\":\"ru-RU\",\"potentialAction\":[{\"@type\":\"ReadAction\",\"target\":[\"https:\/\/horticom.ee\/e-pood\/toode\/umbrohutorje-roundup-ultra-kontsentraat-1l\/\"]}]},{\"@type\":\"ImageObject\",\"inLanguage\":\"ru-RU\",\"@id\":\"https:\/\/horticom.ee\/e-pood\/toode\/umbrohutorje-roundup-ultra-kontsentraat-1l\/#primaryimage\",\"url\":\"https:\/\/horticom.ee\/e-pood\/wp-content\/uploads\/importedmedia\/product-2286190_0-TK05806.jpg\",\"contentUrl\":\"https:\/\/horticom.ee\/e-pood\/wp-content\/uploads\/importedmedia\/product-2286190_0-TK05806.jpg\",\"width\":1000,\"height\":2142},{\"@type\":\"BreadcrumbList\",\"@id\":\"https:\/\/horticom.ee\/e-pood\/toode\/umbrohutorje-roundup-ultra-kontsentraat-1l\/#breadcrumb\",\"itemListElement\":[{\"@type\":\"ListItem\",\"position\":1,\"name\":\"Home\",\"item\":\"https:\/\/horticom.ee\/e-pood\/\"},{\"@type\":\"ListItem\",\"position\":2,\"name\":\"Pood\",\"item\":\"https:\/\/horticom.ee\/e-pood\/pood\/\"},{\"@type\":\"ListItem\",\"position\":3,\"name\":\"Umbrohut\u00f5rje Ultra kontsentraat 1L\"}]},{\"@type\":\"WebSite\",\"@id\":\"https:\/\/horticom.ee\/e-pood\/#website\",\"url\":\"https:\/\/horticom.ee\/e-pood\/\",\"name\":\"Horticom.ee\",\"description\":\"Aianduskaubad ja kodukaubad nii harrastajatele kui professionaalidele\",\"potentialAction\":[{\"@type\":\"SearchAction\",\"target\":{\"@type\":\"EntryPoint\",\"urlTemplate\":\"https:\/\/horticom.ee\/e-pood\/?s={search_term_string}\"},\"query-input\":{\"@type\":\"PropertyValueSpecification\",\"valueRequired\":true,\"valueName\":\"search_term_string\"}}],\"inLanguage\":\"ru-RU\"}]}<\/script>\n<!-- \/ Yoast SEO plugin. -->","yoast_head_json":{"title":"Umbrohut\u00f5rje Ultra kontsentraat 1L - Horticom","robots":{"index":"index","follow":"follow","max-snippet":"max-snippet:-1","max-image-preview":"max-image-preview:large","max-video-preview":"max-video-preview:-1"},"canonical":"https:\/\/horticom.ee\/e-pood\/toode\/umbrohutorje-roundup-ultra-kontsentraat-1l\/","og_locale":"ru_RU","og_type":"article","og_title":"Umbrohut\u00f5rje Ultra kontsentraat 1L - Horticom","og_description":"Herbitsiid \u00fcheaastaste kaheiduleheliste umbrohtude t\u00f5rjumiseks teedel, radadel ja aladel, mis on vett l\u00e4bilaskva pinnaga ning dekoratiivpuude ja -p\u00f5\u00f5saste ridade vahel ning sammalde t\u00f5rjumiseks dekoratiivpuude ja -p\u00f5\u00f5saste ridade vahel. Umbrohut\u00f5rje ULTRA toimib parimas kasvueas enamuse levinud aiaumbrohtude puhul, sealhulgas: ristik (Trifoliumi liigid), teelehe liigid (Plantago media, Plantago lanceolata, Plantago major), kirburohi (Polygonumi liigid), harilik v\u00f5ilill (Taraxacum [&hellip;]","og_url":"https:\/\/horticom.ee\/e-pood\/toode\/umbrohutorje-roundup-ultra-kontsentraat-1l\/","og_site_name":"Horticom.ee","article_publisher":"https:\/\/www.facebook.com\/horticom.ee\/e-pood","article_modified_time":"2026-04-09T17:00:55+00:00","og_image":[{"width":1000,"height":2142,"url":"https:\/\/horticom.ee\/e-pood\/wp-content\/uploads\/importedmedia\/product-2286190_0-TK05806.jpg","type":"image\/jpeg"}],"twitter_card":"summary_large_image","twitter_misc":{"\u041f\u0440\u0438\u043c\u0435\u0440\u043d\u043e\u0435 \u0432\u0440\u0435\u043c\u044f \u0434\u043b\u044f \u0447\u0442\u0435\u043d\u0438\u044f":"1 \u043c\u0438\u043d\u0443\u0442\u0430"},"schema":{"@context":"https:\/\/schema.org","@graph":[{"@type":"WebPage","@id":"https:\/\/horticom.ee\/e-pood\/toode\/umbrohutorje-roundup-ultra-kontsentraat-1l\/","url":"https:\/\/horticom.ee\/e-pood\/toode\/umbrohutorje-roundup-ultra-kontsentraat-1l\/","name":"Umbrohut\u00f5rje Ultra kontsentraat 1L - Horticom","isPartOf":{"@id":"https:\/\/horticom.ee\/e-pood\/#website"},"primaryImageOfPage":{"@id":"https:\/\/horticom.ee\/e-pood\/toode\/umbrohutorje-roundup-ultra-kontsentraat-1l\/#primaryimage"},"image":{"@id":"https:\/\/horticom.ee\/e-pood\/toode\/umbrohutorje-roundup-ultra-kontsentraat-1l\/#primaryimage"},"thumbnailUrl":"https:\/\/horticom.ee\/e-pood\/wp-content\/uploads\/importedmedia\/product-2286190_0-TK05806.jpg","datePublished":"2024-05-15T13:00:47+00:00","dateModified":"2026-04-09T17:00:55+00:00","breadcrumb":{"@id":"https:\/\/horticom.ee\/e-pood\/toode\/umbrohutorje-roundup-ultra-kontsentraat-1l\/#breadcrumb"},"inLanguage":"ru-RU","potentialAction":[{"@type":"ReadAction","target":["https:\/\/horticom.ee\/e-pood\/toode\/umbrohutorje-roundup-ultra-kontsentraat-1l\/"]}]},{"@type":"ImageObject","inLanguage":"ru-RU","@id":"https:\/\/horticom.ee\/e-pood\/toode\/umbrohutorje-roundup-ultra-kontsentraat-1l\/#primaryimage","url":"https:\/\/horticom.ee\/e-pood\/wp-content\/uploads\/importedmedia\/product-2286190_0-TK05806.jpg","contentUrl":"https:\/\/horticom.ee\/e-pood\/wp-content\/uploads\/importedmedia\/product-2286190_0-TK05806.jpg","width":1000,"height":2142},{"@type":"BreadcrumbList","@id":"https:\/\/horticom.ee\/e-pood\/toode\/umbrohutorje-roundup-ultra-kontsentraat-1l\/#breadcrumb","itemListElement":[{"@type":"ListItem","position":1,"name":"Home","item":"https:\/\/horticom.ee\/e-pood\/"},{"@type":"ListItem","position":2,"name":"Pood","item":"https:\/\/horticom.ee\/e-pood\/pood\/"},{"@type":"ListItem","position":3,"name":"Umbrohut\u00f5rje Ultra kontsentraat 1L"}]},{"@type":"WebSite","@id":"https:\/\/horticom.ee\/e-pood\/#website","url":"https:\/\/horticom.ee\/e-pood\/","name":"Horticom.ee","description":"Aianduskaubad ja kodukaubad nii harrastajatele kui professionaalidele","potentialAction":[{"@type":"SearchAction","target":{"@type":"EntryPoint","urlTemplate":"https:\/\/horticom.ee\/e-pood\/?s={search_term_string}"},"query-input":{"@type":"PropertyValueSpecification","valueRequired":true,"valueName":"search_term_string"}}],"inLanguage":"ru-RU"}]}},"_links":{"self":[{"href":"https:\/\/horticom.ee\/e-pood\/ru\/wp-json\/wp\/v2\/product\/2286190","targetHints":{"allow":["GET"]}}],"collection":[{"href":"https:\/\/horticom.ee\/e-pood\/ru\/wp-json\/wp\/v2\/product"}],"about":[{"href":"https:\/\/horticom.ee\/e-pood\/ru\/wp-json\/wp\/v2\/types\/product"}],"replies":[{"embeddable":true,"href":"https:\/\/horticom.ee\/e-pood\/ru\/wp-json\/wp\/v2\/comments?post=2286190"}],"wp:featuredmedia":[{"embeddable":true,"href":"https:\/\/horticom.ee\/e-pood\/ru\/wp-json\/wp\/v2\/media\/2381140"}],"wp:attachment":[{"href":"https:\/\/horticom.ee\/e-pood\/ru\/wp-json\/wp\/v2\/media?parent=2286190"}],"wp:term":[{"taxonomy":"product_cat","embeddable":true,"href":"https:\/\/horticom.ee\/e-pood\/ru\/wp-json\/wp\/v2\/product_cat?post=2286190"},{"taxonomy":"product_tag","embeddable":true,"href":"https:\/\/horticom.ee\/e-pood\/ru\/wp-json\/wp\/v2\/product_tag?post=2286190"}],"curies":[{"name":"wp","href":"https:\/\/api.w.org\/{rel}","templated":true}]}}