{"id":2286446,"date":"2024-05-24T12:01:46","date_gmt":"2024-05-24T09:01:46","guid":{"rendered":"https:\/\/horticom.ee\/e-pood\/toode\/puunisrull-trap-sinine-15cm-x-100m\/"},"modified":"2026-04-21T03:18:17","modified_gmt":"2026-04-21T00:18:17","slug":"puunisrull-trap-sinine-15cm-x-100m","status":"publish","type":"product","link":"https:\/\/horticom.ee\/e-pood\/ru\/toode\/puunisrull-trap-sinine-15cm-x-100m\/","title":{"rendered":"P\u00fc\u00fcnispaber rullis Rollertrap sinine 15cm x 100m"},"content":{"rendered":"<p>Rollertrapi kasutatakse karilaste, kaevandikoide, lehet\u00e4ide, ripslaste ja seenes\u00e4\u00e4sklaste p\u00fc\u00fcdmiseks suure kahjurite hulgaga kohtades v\u00f5i kasvuhoone piirkondades, kus eeldatakse suure kahjurite hulga ilmumist, n\u00e4iteks otsaseinte ja \u00f5hutusakende \u00e4\u00e4res ning (muudes) tuulet\u00f5mbusega kohtades.<br \/>\nKahjureid meelitab liimilindi kollane v\u00f5i sinine v\u00e4rv ja nad j\u00e4\u00e4vad liimi k\u00fclge kinni. Lisainfo: Saadaval v\u00e4rvid ja suurused V\u00e4rvid: kollane, sinine, valge, punane, must ja l\u00e4bipaistev.<\/p>\n","protected":false},"excerpt":{"rendered":"<p>Rollertrapi kasutatakse karilaste, kaevandikoide, lehet\u00e4ide, ripslaste ja seenes\u00e4\u00e4sklaste p\u00fc\u00fcdmiseks suure kahjurite hulgaga kohtades v\u00f5i kasvuhoone piirkondades, kus eeldatakse suure kahjurite hulga ilmumist, n\u00e4iteks otsaseinte ja \u00f5hutusakende \u00e4\u00e4res ning (muudes) tuulet\u00f5mbusega kohtades. Kahjureid meelitab liimilindi kollane v\u00f5i sinine v\u00e4rv ja nad j\u00e4\u00e4vad liimi k\u00fclge kinni. Lisainfo: Saadaval v\u00e4rvid ja suurused V\u00e4rvid: kollane, sinine, valge, punane, must [&hellip;]<\/p>\n","protected":false},"featured_media":2378264,"comment_status":"closed","ping_status":"closed","template":"","meta":{"_themeisle_gutenberg_block_has_review":false},"product_cat":[18341,18338,13602],"product_tag":[],"class_list":{"0":"post-2286446","1":"product","2":"type-product","3":"status-publish","4":"has-post-thumbnail","6":"product_cat-karilased","7":"product_cat-lehetaid","8":"product_cat-liimpuunised","10":"first","11":"instock","12":"shipping-taxable","13":"purchasable","14":"product-type-simple"},"yoast_head":"<!-- This site is optimized with the Yoast SEO plugin v24.0 - https:\/\/yoast.com\/wordpress\/plugins\/seo\/ -->\n<title>P\u00fc\u00fcnispaber rullis Rollertrap sinine 15cm x 100m - Horticom<\/title>\n<meta name=\"robots\" content=\"index, follow, max-snippet:-1, max-image-preview:large, max-video-preview:-1\" \/>\n<link rel=\"canonical\" href=\"https:\/\/horticom.ee\/e-pood\/toode\/puunisrull-trap-sinine-15cm-x-100m\/\" \/>\n<meta property=\"og:locale\" content=\"ru_RU\" \/>\n<meta property=\"og:type\" content=\"article\" \/>\n<meta property=\"og:title\" content=\"P\u00fc\u00fcnispaber rullis Rollertrap sinine 15cm x 100m - Horticom\" \/>\n<meta property=\"og:description\" content=\"Rollertrapi kasutatakse karilaste, kaevandikoide, lehet\u00e4ide, ripslaste ja seenes\u00e4\u00e4sklaste p\u00fc\u00fcdmiseks suure kahjurite hulgaga kohtades v\u00f5i kasvuhoone piirkondades, kus eeldatakse suure kahjurite hulga ilmumist, n\u00e4iteks otsaseinte ja \u00f5hutusakende \u00e4\u00e4res ning (muudes) tuulet\u00f5mbusega kohtades. Kahjureid meelitab liimilindi kollane v\u00f5i sinine v\u00e4rv ja nad j\u00e4\u00e4vad liimi k\u00fclge kinni. Lisainfo: Saadaval v\u00e4rvid ja suurused V\u00e4rvid: kollane, sinine, valge, punane, must [&hellip;]\" \/>\n<meta property=\"og:url\" content=\"https:\/\/horticom.ee\/e-pood\/toode\/puunisrull-trap-sinine-15cm-x-100m\/\" \/>\n<meta property=\"og:site_name\" content=\"Horticom.ee\" \/>\n<meta property=\"article:publisher\" content=\"https:\/\/www.facebook.com\/horticom.ee\/e-pood\" \/>\n<meta property=\"article:modified_time\" content=\"2026-04-21T00:18:17+00:00\" \/>\n<meta property=\"og:image\" content=\"https:\/\/horticom.ee\/e-pood\/wp-content\/uploads\/importedmedia\/product-2286446_0-41506870.jpg\" \/>\n\t<meta property=\"og:image:width\" content=\"1000\" \/>\n\t<meta property=\"og:image:height\" content=\"1000\" \/>\n\t<meta property=\"og:image:type\" content=\"image\/jpeg\" \/>\n<meta name=\"twitter:card\" content=\"summary_large_image\" \/>\n<script type=\"application\/ld+json\" class=\"yoast-schema-graph\">{\"@context\":\"https:\/\/schema.org\",\"@graph\":[{\"@type\":\"WebPage\",\"@id\":\"https:\/\/horticom.ee\/e-pood\/toode\/puunisrull-trap-sinine-15cm-x-100m\/\",\"url\":\"https:\/\/horticom.ee\/e-pood\/toode\/puunisrull-trap-sinine-15cm-x-100m\/\",\"name\":\"P\u00fc\u00fcnispaber rullis Rollertrap sinine 15cm x 100m - Horticom\",\"isPartOf\":{\"@id\":\"https:\/\/horticom.ee\/e-pood\/#website\"},\"primaryImageOfPage\":{\"@id\":\"https:\/\/horticom.ee\/e-pood\/toode\/puunisrull-trap-sinine-15cm-x-100m\/#primaryimage\"},\"image\":{\"@id\":\"https:\/\/horticom.ee\/e-pood\/toode\/puunisrull-trap-sinine-15cm-x-100m\/#primaryimage\"},\"thumbnailUrl\":\"https:\/\/horticom.ee\/e-pood\/wp-content\/uploads\/importedmedia\/product-2286446_0-41506870.jpg\",\"datePublished\":\"2024-05-24T09:01:46+00:00\",\"dateModified\":\"2026-04-21T00:18:17+00:00\",\"breadcrumb\":{\"@id\":\"https:\/\/horticom.ee\/e-pood\/toode\/puunisrull-trap-sinine-15cm-x-100m\/#breadcrumb\"},\"inLanguage\":\"ru-RU\",\"potentialAction\":[{\"@type\":\"ReadAction\",\"target\":[\"https:\/\/horticom.ee\/e-pood\/toode\/puunisrull-trap-sinine-15cm-x-100m\/\"]}]},{\"@type\":\"ImageObject\",\"inLanguage\":\"ru-RU\",\"@id\":\"https:\/\/horticom.ee\/e-pood\/toode\/puunisrull-trap-sinine-15cm-x-100m\/#primaryimage\",\"url\":\"https:\/\/horticom.ee\/e-pood\/wp-content\/uploads\/importedmedia\/product-2286446_0-41506870.jpg\",\"contentUrl\":\"https:\/\/horticom.ee\/e-pood\/wp-content\/uploads\/importedmedia\/product-2286446_0-41506870.jpg\",\"width\":1000,\"height\":1000},{\"@type\":\"BreadcrumbList\",\"@id\":\"https:\/\/horticom.ee\/e-pood\/toode\/puunisrull-trap-sinine-15cm-x-100m\/#breadcrumb\",\"itemListElement\":[{\"@type\":\"ListItem\",\"position\":1,\"name\":\"Home\",\"item\":\"https:\/\/horticom.ee\/e-pood\/\"},{\"@type\":\"ListItem\",\"position\":2,\"name\":\"Pood\",\"item\":\"https:\/\/horticom.ee\/e-pood\/pood\/\"},{\"@type\":\"ListItem\",\"position\":3,\"name\":\"P\u00fc\u00fcnispaber rullis Rollertrap sinine 15cm x 100m\"}]},{\"@type\":\"WebSite\",\"@id\":\"https:\/\/horticom.ee\/e-pood\/#website\",\"url\":\"https:\/\/horticom.ee\/e-pood\/\",\"name\":\"Horticom.ee\",\"description\":\"Aianduskaubad ja kodukaubad nii harrastajatele kui professionaalidele\",\"potentialAction\":[{\"@type\":\"SearchAction\",\"target\":{\"@type\":\"EntryPoint\",\"urlTemplate\":\"https:\/\/horticom.ee\/e-pood\/?s={search_term_string}\"},\"query-input\":{\"@type\":\"PropertyValueSpecification\",\"valueRequired\":true,\"valueName\":\"search_term_string\"}}],\"inLanguage\":\"ru-RU\"}]}<\/script>\n<!-- \/ Yoast SEO plugin. -->","yoast_head_json":{"title":"P\u00fc\u00fcnispaber rullis Rollertrap sinine 15cm x 100m - Horticom","robots":{"index":"index","follow":"follow","max-snippet":"max-snippet:-1","max-image-preview":"max-image-preview:large","max-video-preview":"max-video-preview:-1"},"canonical":"https:\/\/horticom.ee\/e-pood\/toode\/puunisrull-trap-sinine-15cm-x-100m\/","og_locale":"ru_RU","og_type":"article","og_title":"P\u00fc\u00fcnispaber rullis Rollertrap sinine 15cm x 100m - Horticom","og_description":"Rollertrapi kasutatakse karilaste, kaevandikoide, lehet\u00e4ide, ripslaste ja seenes\u00e4\u00e4sklaste p\u00fc\u00fcdmiseks suure kahjurite hulgaga kohtades v\u00f5i kasvuhoone piirkondades, kus eeldatakse suure kahjurite hulga ilmumist, n\u00e4iteks otsaseinte ja \u00f5hutusakende \u00e4\u00e4res ning (muudes) tuulet\u00f5mbusega kohtades. Kahjureid meelitab liimilindi kollane v\u00f5i sinine v\u00e4rv ja nad j\u00e4\u00e4vad liimi k\u00fclge kinni. Lisainfo: Saadaval v\u00e4rvid ja suurused V\u00e4rvid: kollane, sinine, valge, punane, must [&hellip;]","og_url":"https:\/\/horticom.ee\/e-pood\/toode\/puunisrull-trap-sinine-15cm-x-100m\/","og_site_name":"Horticom.ee","article_publisher":"https:\/\/www.facebook.com\/horticom.ee\/e-pood","article_modified_time":"2026-04-21T00:18:17+00:00","og_image":[{"width":1000,"height":1000,"url":"https:\/\/horticom.ee\/e-pood\/wp-content\/uploads\/importedmedia\/product-2286446_0-41506870.jpg","type":"image\/jpeg"}],"twitter_card":"summary_large_image","schema":{"@context":"https:\/\/schema.org","@graph":[{"@type":"WebPage","@id":"https:\/\/horticom.ee\/e-pood\/toode\/puunisrull-trap-sinine-15cm-x-100m\/","url":"https:\/\/horticom.ee\/e-pood\/toode\/puunisrull-trap-sinine-15cm-x-100m\/","name":"P\u00fc\u00fcnispaber rullis Rollertrap sinine 15cm x 100m - Horticom","isPartOf":{"@id":"https:\/\/horticom.ee\/e-pood\/#website"},"primaryImageOfPage":{"@id":"https:\/\/horticom.ee\/e-pood\/toode\/puunisrull-trap-sinine-15cm-x-100m\/#primaryimage"},"image":{"@id":"https:\/\/horticom.ee\/e-pood\/toode\/puunisrull-trap-sinine-15cm-x-100m\/#primaryimage"},"thumbnailUrl":"https:\/\/horticom.ee\/e-pood\/wp-content\/uploads\/importedmedia\/product-2286446_0-41506870.jpg","datePublished":"2024-05-24T09:01:46+00:00","dateModified":"2026-04-21T00:18:17+00:00","breadcrumb":{"@id":"https:\/\/horticom.ee\/e-pood\/toode\/puunisrull-trap-sinine-15cm-x-100m\/#breadcrumb"},"inLanguage":"ru-RU","potentialAction":[{"@type":"ReadAction","target":["https:\/\/horticom.ee\/e-pood\/toode\/puunisrull-trap-sinine-15cm-x-100m\/"]}]},{"@type":"ImageObject","inLanguage":"ru-RU","@id":"https:\/\/horticom.ee\/e-pood\/toode\/puunisrull-trap-sinine-15cm-x-100m\/#primaryimage","url":"https:\/\/horticom.ee\/e-pood\/wp-content\/uploads\/importedmedia\/product-2286446_0-41506870.jpg","contentUrl":"https:\/\/horticom.ee\/e-pood\/wp-content\/uploads\/importedmedia\/product-2286446_0-41506870.jpg","width":1000,"height":1000},{"@type":"BreadcrumbList","@id":"https:\/\/horticom.ee\/e-pood\/toode\/puunisrull-trap-sinine-15cm-x-100m\/#breadcrumb","itemListElement":[{"@type":"ListItem","position":1,"name":"Home","item":"https:\/\/horticom.ee\/e-pood\/"},{"@type":"ListItem","position":2,"name":"Pood","item":"https:\/\/horticom.ee\/e-pood\/pood\/"},{"@type":"ListItem","position":3,"name":"P\u00fc\u00fcnispaber rullis Rollertrap sinine 15cm x 100m"}]},{"@type":"WebSite","@id":"https:\/\/horticom.ee\/e-pood\/#website","url":"https:\/\/horticom.ee\/e-pood\/","name":"Horticom.ee","description":"Aianduskaubad ja kodukaubad nii harrastajatele kui professionaalidele","potentialAction":[{"@type":"SearchAction","target":{"@type":"EntryPoint","urlTemplate":"https:\/\/horticom.ee\/e-pood\/?s={search_term_string}"},"query-input":{"@type":"PropertyValueSpecification","valueRequired":true,"valueName":"search_term_string"}}],"inLanguage":"ru-RU"}]}},"_links":{"self":[{"href":"https:\/\/horticom.ee\/e-pood\/ru\/wp-json\/wp\/v2\/product\/2286446","targetHints":{"allow":["GET"]}}],"collection":[{"href":"https:\/\/horticom.ee\/e-pood\/ru\/wp-json\/wp\/v2\/product"}],"about":[{"href":"https:\/\/horticom.ee\/e-pood\/ru\/wp-json\/wp\/v2\/types\/product"}],"replies":[{"embeddable":true,"href":"https:\/\/horticom.ee\/e-pood\/ru\/wp-json\/wp\/v2\/comments?post=2286446"}],"wp:featuredmedia":[{"embeddable":true,"href":"https:\/\/horticom.ee\/e-pood\/ru\/wp-json\/wp\/v2\/media\/2378264"}],"wp:attachment":[{"href":"https:\/\/horticom.ee\/e-pood\/ru\/wp-json\/wp\/v2\/media?parent=2286446"}],"wp:term":[{"taxonomy":"product_cat","embeddable":true,"href":"https:\/\/horticom.ee\/e-pood\/ru\/wp-json\/wp\/v2\/product_cat?post=2286446"},{"taxonomy":"product_tag","embeddable":true,"href":"https:\/\/horticom.ee\/e-pood\/ru\/wp-json\/wp\/v2\/product_tag?post=2286446"}],"curies":[{"name":"wp","href":"https:\/\/api.w.org\/{rel}","templated":true}]}}