{"id":2286470,"date":"2024-05-24T12:01:59","date_gmt":"2024-05-24T09:01:59","guid":{"rendered":"https:\/\/horticom.ee\/e-pood\/toode\/kindad-roots-nr-07\/"},"modified":"2026-04-23T03:18:58","modified_gmt":"2026-04-23T00:18:58","slug":"kindad-roots-nr-07","status":"publish","type":"product","link":"https:\/\/horticom.ee\/e-pood\/ru\/toode\/kindad-roots-nr-07\/","title":{"rendered":"Kindad Roots nr 07"},"content":{"rendered":"<p>Sobilikud kindad neile, kel on lateksi allergia.  Aiakindad, trendikas unisex  v\u00e4limus, plekid ei paista v\u00e4lja. Ideaalne kinnas istutamiseks ja rohimiseks, p\u00f5\u00f5saste p\u00fcgamiseks. Hingav materjal, suurep\u00e4rane haarduvus, kulumiskindlus. Nitriil, pol\u00fcamiid.<\/p>\n","protected":false},"excerpt":{"rendered":"<p>Sobilikud kindad neile, kel on lateksi allergia. Aiakindad, trendikas unisex v\u00e4limus, plekid ei paista v\u00e4lja. Ideaalne kinnas istutamiseks ja rohimiseks, p\u00f5\u00f5saste p\u00fcgamiseks. Hingav materjal, suurep\u00e4rane haarduvus, kulumiskindlus. Nitriil, pol\u00fcamiid.<\/p>\n","protected":false},"featured_media":2377526,"comment_status":"closed","ping_status":"closed","template":"","meta":{"_themeisle_gutenberg_block_has_review":false},"product_cat":[13417],"product_tag":[],"class_list":{"0":"post-2286470","1":"product","2":"type-product","3":"status-publish","4":"has-post-thumbnail","6":"product_cat-kindad","8":"first","9":"instock","10":"sale","11":"shipping-taxable","12":"purchasable","13":"product-type-simple"},"yoast_head":"<!-- This site is optimized with the Yoast SEO plugin v24.0 - https:\/\/yoast.com\/wordpress\/plugins\/seo\/ -->\n<title>Kindad Roots nr 07 - Horticom<\/title>\n<meta name=\"robots\" content=\"index, follow, max-snippet:-1, max-image-preview:large, max-video-preview:-1\" \/>\n<link rel=\"canonical\" href=\"https:\/\/horticom.ee\/e-pood\/toode\/kindad-roots-nr-07\/\" \/>\n<meta property=\"og:locale\" content=\"ru_RU\" \/>\n<meta property=\"og:type\" content=\"article\" \/>\n<meta property=\"og:title\" content=\"Kindad Roots nr 07 - Horticom\" \/>\n<meta property=\"og:description\" content=\"Sobilikud kindad neile, kel on lateksi allergia. Aiakindad, trendikas unisex v\u00e4limus, plekid ei paista v\u00e4lja. Ideaalne kinnas istutamiseks ja rohimiseks, p\u00f5\u00f5saste p\u00fcgamiseks. Hingav materjal, suurep\u00e4rane haarduvus, kulumiskindlus. Nitriil, pol\u00fcamiid.\" \/>\n<meta property=\"og:url\" content=\"https:\/\/horticom.ee\/e-pood\/toode\/kindad-roots-nr-07\/\" \/>\n<meta property=\"og:site_name\" content=\"Horticom.ee\" \/>\n<meta property=\"article:publisher\" content=\"https:\/\/www.facebook.com\/horticom.ee\/e-pood\" \/>\n<meta property=\"article:modified_time\" content=\"2026-04-23T00:18:58+00:00\" \/>\n<meta property=\"og:image\" content=\"https:\/\/horticom.ee\/e-pood\/wp-content\/uploads\/importedmedia\/product-2286470_0-201R089620.jpg\" \/>\n\t<meta property=\"og:image:width\" content=\"1000\" \/>\n\t<meta property=\"og:image:height\" content=\"1001\" \/>\n\t<meta property=\"og:image:type\" content=\"image\/jpeg\" \/>\n<meta name=\"twitter:card\" content=\"summary_large_image\" \/>\n<script type=\"application\/ld+json\" class=\"yoast-schema-graph\">{\"@context\":\"https:\/\/schema.org\",\"@graph\":[{\"@type\":\"WebPage\",\"@id\":\"https:\/\/horticom.ee\/e-pood\/toode\/kindad-roots-nr-07\/\",\"url\":\"https:\/\/horticom.ee\/e-pood\/toode\/kindad-roots-nr-07\/\",\"name\":\"Kindad Roots nr 07 - Horticom\",\"isPartOf\":{\"@id\":\"https:\/\/horticom.ee\/e-pood\/#website\"},\"primaryImageOfPage\":{\"@id\":\"https:\/\/horticom.ee\/e-pood\/toode\/kindad-roots-nr-07\/#primaryimage\"},\"image\":{\"@id\":\"https:\/\/horticom.ee\/e-pood\/toode\/kindad-roots-nr-07\/#primaryimage\"},\"thumbnailUrl\":\"https:\/\/horticom.ee\/e-pood\/wp-content\/uploads\/importedmedia\/product-2286470_0-201R089620.jpg\",\"datePublished\":\"2024-05-24T09:01:59+00:00\",\"dateModified\":\"2026-04-23T00:18:58+00:00\",\"breadcrumb\":{\"@id\":\"https:\/\/horticom.ee\/e-pood\/toode\/kindad-roots-nr-07\/#breadcrumb\"},\"inLanguage\":\"ru-RU\",\"potentialAction\":[{\"@type\":\"ReadAction\",\"target\":[\"https:\/\/horticom.ee\/e-pood\/toode\/kindad-roots-nr-07\/\"]}]},{\"@type\":\"ImageObject\",\"inLanguage\":\"ru-RU\",\"@id\":\"https:\/\/horticom.ee\/e-pood\/toode\/kindad-roots-nr-07\/#primaryimage\",\"url\":\"https:\/\/horticom.ee\/e-pood\/wp-content\/uploads\/importedmedia\/product-2286470_0-201R089620.jpg\",\"contentUrl\":\"https:\/\/horticom.ee\/e-pood\/wp-content\/uploads\/importedmedia\/product-2286470_0-201R089620.jpg\",\"width\":1000,\"height\":1001},{\"@type\":\"BreadcrumbList\",\"@id\":\"https:\/\/horticom.ee\/e-pood\/toode\/kindad-roots-nr-07\/#breadcrumb\",\"itemListElement\":[{\"@type\":\"ListItem\",\"position\":1,\"name\":\"Home\",\"item\":\"https:\/\/horticom.ee\/e-pood\/\"},{\"@type\":\"ListItem\",\"position\":2,\"name\":\"Pood\",\"item\":\"https:\/\/horticom.ee\/e-pood\/pood\/\"},{\"@type\":\"ListItem\",\"position\":3,\"name\":\"Kindad Roots nr 07\"}]},{\"@type\":\"WebSite\",\"@id\":\"https:\/\/horticom.ee\/e-pood\/#website\",\"url\":\"https:\/\/horticom.ee\/e-pood\/\",\"name\":\"Horticom.ee\",\"description\":\"Aianduskaubad ja kodukaubad nii harrastajatele kui professionaalidele\",\"potentialAction\":[{\"@type\":\"SearchAction\",\"target\":{\"@type\":\"EntryPoint\",\"urlTemplate\":\"https:\/\/horticom.ee\/e-pood\/?s={search_term_string}\"},\"query-input\":{\"@type\":\"PropertyValueSpecification\",\"valueRequired\":true,\"valueName\":\"search_term_string\"}}],\"inLanguage\":\"ru-RU\"}]}<\/script>\n<!-- \/ Yoast SEO plugin. -->","yoast_head_json":{"title":"Kindad Roots nr 07 - Horticom","robots":{"index":"index","follow":"follow","max-snippet":"max-snippet:-1","max-image-preview":"max-image-preview:large","max-video-preview":"max-video-preview:-1"},"canonical":"https:\/\/horticom.ee\/e-pood\/toode\/kindad-roots-nr-07\/","og_locale":"ru_RU","og_type":"article","og_title":"Kindad Roots nr 07 - Horticom","og_description":"Sobilikud kindad neile, kel on lateksi allergia. Aiakindad, trendikas unisex v\u00e4limus, plekid ei paista v\u00e4lja. Ideaalne kinnas istutamiseks ja rohimiseks, p\u00f5\u00f5saste p\u00fcgamiseks. Hingav materjal, suurep\u00e4rane haarduvus, kulumiskindlus. Nitriil, pol\u00fcamiid.","og_url":"https:\/\/horticom.ee\/e-pood\/toode\/kindad-roots-nr-07\/","og_site_name":"Horticom.ee","article_publisher":"https:\/\/www.facebook.com\/horticom.ee\/e-pood","article_modified_time":"2026-04-23T00:18:58+00:00","og_image":[{"width":1000,"height":1001,"url":"https:\/\/horticom.ee\/e-pood\/wp-content\/uploads\/importedmedia\/product-2286470_0-201R089620.jpg","type":"image\/jpeg"}],"twitter_card":"summary_large_image","schema":{"@context":"https:\/\/schema.org","@graph":[{"@type":"WebPage","@id":"https:\/\/horticom.ee\/e-pood\/toode\/kindad-roots-nr-07\/","url":"https:\/\/horticom.ee\/e-pood\/toode\/kindad-roots-nr-07\/","name":"Kindad Roots nr 07 - Horticom","isPartOf":{"@id":"https:\/\/horticom.ee\/e-pood\/#website"},"primaryImageOfPage":{"@id":"https:\/\/horticom.ee\/e-pood\/toode\/kindad-roots-nr-07\/#primaryimage"},"image":{"@id":"https:\/\/horticom.ee\/e-pood\/toode\/kindad-roots-nr-07\/#primaryimage"},"thumbnailUrl":"https:\/\/horticom.ee\/e-pood\/wp-content\/uploads\/importedmedia\/product-2286470_0-201R089620.jpg","datePublished":"2024-05-24T09:01:59+00:00","dateModified":"2026-04-23T00:18:58+00:00","breadcrumb":{"@id":"https:\/\/horticom.ee\/e-pood\/toode\/kindad-roots-nr-07\/#breadcrumb"},"inLanguage":"ru-RU","potentialAction":[{"@type":"ReadAction","target":["https:\/\/horticom.ee\/e-pood\/toode\/kindad-roots-nr-07\/"]}]},{"@type":"ImageObject","inLanguage":"ru-RU","@id":"https:\/\/horticom.ee\/e-pood\/toode\/kindad-roots-nr-07\/#primaryimage","url":"https:\/\/horticom.ee\/e-pood\/wp-content\/uploads\/importedmedia\/product-2286470_0-201R089620.jpg","contentUrl":"https:\/\/horticom.ee\/e-pood\/wp-content\/uploads\/importedmedia\/product-2286470_0-201R089620.jpg","width":1000,"height":1001},{"@type":"BreadcrumbList","@id":"https:\/\/horticom.ee\/e-pood\/toode\/kindad-roots-nr-07\/#breadcrumb","itemListElement":[{"@type":"ListItem","position":1,"name":"Home","item":"https:\/\/horticom.ee\/e-pood\/"},{"@type":"ListItem","position":2,"name":"Pood","item":"https:\/\/horticom.ee\/e-pood\/pood\/"},{"@type":"ListItem","position":3,"name":"Kindad Roots nr 07"}]},{"@type":"WebSite","@id":"https:\/\/horticom.ee\/e-pood\/#website","url":"https:\/\/horticom.ee\/e-pood\/","name":"Horticom.ee","description":"Aianduskaubad ja kodukaubad nii harrastajatele kui professionaalidele","potentialAction":[{"@type":"SearchAction","target":{"@type":"EntryPoint","urlTemplate":"https:\/\/horticom.ee\/e-pood\/?s={search_term_string}"},"query-input":{"@type":"PropertyValueSpecification","valueRequired":true,"valueName":"search_term_string"}}],"inLanguage":"ru-RU"}]}},"_links":{"self":[{"href":"https:\/\/horticom.ee\/e-pood\/ru\/wp-json\/wp\/v2\/product\/2286470","targetHints":{"allow":["GET"]}}],"collection":[{"href":"https:\/\/horticom.ee\/e-pood\/ru\/wp-json\/wp\/v2\/product"}],"about":[{"href":"https:\/\/horticom.ee\/e-pood\/ru\/wp-json\/wp\/v2\/types\/product"}],"replies":[{"embeddable":true,"href":"https:\/\/horticom.ee\/e-pood\/ru\/wp-json\/wp\/v2\/comments?post=2286470"}],"wp:featuredmedia":[{"embeddable":true,"href":"https:\/\/horticom.ee\/e-pood\/ru\/wp-json\/wp\/v2\/media\/2377526"}],"wp:attachment":[{"href":"https:\/\/horticom.ee\/e-pood\/ru\/wp-json\/wp\/v2\/media?parent=2286470"}],"wp:term":[{"taxonomy":"product_cat","embeddable":true,"href":"https:\/\/horticom.ee\/e-pood\/ru\/wp-json\/wp\/v2\/product_cat?post=2286470"},{"taxonomy":"product_tag","embeddable":true,"href":"https:\/\/horticom.ee\/e-pood\/ru\/wp-json\/wp\/v2\/product_tag?post=2286470"}],"curies":[{"name":"wp","href":"https:\/\/api.w.org\/{rel}","templated":true}]}}