{"id":2289909,"date":"2024-06-20T06:00:51","date_gmt":"2024-06-20T03:00:51","guid":{"rendered":"https:\/\/horticom.ee\/e-pood\/toode\/bio-puunispaber-toataimedele-compo-10tk\/"},"modified":"2026-04-20T10:01:44","modified_gmt":"2026-04-20T07:01:44","slug":"bio-puunispaber-toataimedele-compo-10tk","status":"publish","type":"product","link":"https:\/\/horticom.ee\/e-pood\/ru\/toode\/bio-puunispaber-toataimedele-compo-10tk\/","title":{"rendered":"BIO P\u00fc\u00fcnispaber toataimedele Compo 10tk"},"content":{"rendered":"<p>Compo p\u00fc\u00fcnispaberid toataimedele kaitsevad dekoratiivtaimi lendavate kahjurite eest nagu karilased, kaevandik\u00e4rbsed, lendavad lehet\u00e4id, leinas\u00e4\u00e4sklased ja ripslased. P\u00fc\u00fcnispaberid paigutatakse \u00e4\u00e4rmiselt lihtsalt pulga abil lillepotti, mist\u00f5ttu sobivad need eriti h\u00e4sti siseruumides, r\u00f5dul v\u00f5i talveaias kasutamiseks.V\u00f5imaluse korral asetage p\u00fc\u00fcnispaber nii, et see ei kleepuks lehtede ega \u00f5ite k\u00fclge. Kahjureid p\u00fc\u00fctakse liimiga. Eriliim on suhteliselt kuiv, ei tilgu ja s\u00e4ilitab pikaajaliselt oma kleepev\u00f5imet<\/p>\n","protected":false},"excerpt":{"rendered":"<p>Compo p\u00fc\u00fcnispaberid toataimedele kaitsevad dekoratiivtaimi lendavate kahjurite eest nagu karilased, kaevandik\u00e4rbsed, lendavad lehet\u00e4id, leinas\u00e4\u00e4sklased ja ripslased. P\u00fc\u00fcnispaberid paigutatakse \u00e4\u00e4rmiselt lihtsalt pulga abil lillepotti, mist\u00f5ttu sobivad need eriti h\u00e4sti siseruumides, r\u00f5dul v\u00f5i talveaias kasutamiseks.V\u00f5imaluse korral asetage p\u00fc\u00fcnispaber nii, et see ei kleepuks lehtede ega \u00f5ite k\u00fclge. Kahjureid p\u00fc\u00fctakse liimiga. Eriliim on suhteliselt kuiv, ei tilgu ja [&hellip;]<\/p>\n","protected":false},"featured_media":2377900,"comment_status":"closed","ping_status":"closed","template":"","meta":{"_themeisle_gutenberg_block_has_review":false},"product_cat":[18341,18339],"product_tag":[],"class_list":{"0":"post-2289909","1":"product","2":"type-product","3":"status-publish","4":"has-post-thumbnail","6":"product_cat-karilased","7":"product_cat-leinasaasklased","9":"first","10":"instock","11":"shipping-taxable","12":"purchasable","13":"product-type-simple"},"yoast_head":"<!-- This site is optimized with the Yoast SEO plugin v24.0 - https:\/\/yoast.com\/wordpress\/plugins\/seo\/ -->\n<title>BIO P\u00fc\u00fcnispaber toataimedele Compo 10tk - Horticom<\/title>\n<meta name=\"robots\" content=\"index, follow, max-snippet:-1, max-image-preview:large, max-video-preview:-1\" \/>\n<link rel=\"canonical\" href=\"https:\/\/horticom.ee\/e-pood\/toode\/bio-puunispaber-toataimedele-compo-10tk\/\" \/>\n<meta property=\"og:locale\" content=\"ru_RU\" \/>\n<meta property=\"og:type\" content=\"article\" \/>\n<meta property=\"og:title\" content=\"BIO P\u00fc\u00fcnispaber toataimedele Compo 10tk - Horticom\" \/>\n<meta property=\"og:description\" content=\"Compo p\u00fc\u00fcnispaberid toataimedele kaitsevad dekoratiivtaimi lendavate kahjurite eest nagu karilased, kaevandik\u00e4rbsed, lendavad lehet\u00e4id, leinas\u00e4\u00e4sklased ja ripslased. P\u00fc\u00fcnispaberid paigutatakse \u00e4\u00e4rmiselt lihtsalt pulga abil lillepotti, mist\u00f5ttu sobivad need eriti h\u00e4sti siseruumides, r\u00f5dul v\u00f5i talveaias kasutamiseks.V\u00f5imaluse korral asetage p\u00fc\u00fcnispaber nii, et see ei kleepuks lehtede ega \u00f5ite k\u00fclge. Kahjureid p\u00fc\u00fctakse liimiga. Eriliim on suhteliselt kuiv, ei tilgu ja [&hellip;]\" \/>\n<meta property=\"og:url\" content=\"https:\/\/horticom.ee\/e-pood\/toode\/bio-puunispaber-toataimedele-compo-10tk\/\" \/>\n<meta property=\"og:site_name\" content=\"Horticom.ee\" \/>\n<meta property=\"article:publisher\" content=\"https:\/\/www.facebook.com\/horticom.ee\/e-pood\" \/>\n<meta property=\"article:modified_time\" content=\"2026-04-20T07:01:44+00:00\" \/>\n<meta property=\"og:image\" content=\"https:\/\/horticom.ee\/e-pood\/wp-content\/uploads\/importedmedia\/product-2289909_0-6701612.jpg\" \/>\n\t<meta property=\"og:image:width\" content=\"1000\" \/>\n\t<meta property=\"og:image:height\" content=\"1388\" \/>\n\t<meta property=\"og:image:type\" content=\"image\/jpeg\" \/>\n<meta name=\"twitter:card\" content=\"summary_large_image\" \/>\n<script type=\"application\/ld+json\" class=\"yoast-schema-graph\">{\"@context\":\"https:\/\/schema.org\",\"@graph\":[{\"@type\":\"WebPage\",\"@id\":\"https:\/\/horticom.ee\/e-pood\/toode\/bio-puunispaber-toataimedele-compo-10tk\/\",\"url\":\"https:\/\/horticom.ee\/e-pood\/toode\/bio-puunispaber-toataimedele-compo-10tk\/\",\"name\":\"BIO P\u00fc\u00fcnispaber toataimedele Compo 10tk - Horticom\",\"isPartOf\":{\"@id\":\"https:\/\/horticom.ee\/e-pood\/#website\"},\"primaryImageOfPage\":{\"@id\":\"https:\/\/horticom.ee\/e-pood\/toode\/bio-puunispaber-toataimedele-compo-10tk\/#primaryimage\"},\"image\":{\"@id\":\"https:\/\/horticom.ee\/e-pood\/toode\/bio-puunispaber-toataimedele-compo-10tk\/#primaryimage\"},\"thumbnailUrl\":\"https:\/\/horticom.ee\/e-pood\/wp-content\/uploads\/importedmedia\/product-2289909_0-6701612.jpg\",\"datePublished\":\"2024-06-20T03:00:51+00:00\",\"dateModified\":\"2026-04-20T07:01:44+00:00\",\"breadcrumb\":{\"@id\":\"https:\/\/horticom.ee\/e-pood\/toode\/bio-puunispaber-toataimedele-compo-10tk\/#breadcrumb\"},\"inLanguage\":\"ru-RU\",\"potentialAction\":[{\"@type\":\"ReadAction\",\"target\":[\"https:\/\/horticom.ee\/e-pood\/toode\/bio-puunispaber-toataimedele-compo-10tk\/\"]}]},{\"@type\":\"ImageObject\",\"inLanguage\":\"ru-RU\",\"@id\":\"https:\/\/horticom.ee\/e-pood\/toode\/bio-puunispaber-toataimedele-compo-10tk\/#primaryimage\",\"url\":\"https:\/\/horticom.ee\/e-pood\/wp-content\/uploads\/importedmedia\/product-2289909_0-6701612.jpg\",\"contentUrl\":\"https:\/\/horticom.ee\/e-pood\/wp-content\/uploads\/importedmedia\/product-2289909_0-6701612.jpg\",\"width\":1000,\"height\":1388},{\"@type\":\"BreadcrumbList\",\"@id\":\"https:\/\/horticom.ee\/e-pood\/toode\/bio-puunispaber-toataimedele-compo-10tk\/#breadcrumb\",\"itemListElement\":[{\"@type\":\"ListItem\",\"position\":1,\"name\":\"Home\",\"item\":\"https:\/\/horticom.ee\/e-pood\/\"},{\"@type\":\"ListItem\",\"position\":2,\"name\":\"Pood\",\"item\":\"https:\/\/horticom.ee\/e-pood\/pood\/\"},{\"@type\":\"ListItem\",\"position\":3,\"name\":\"BIO P\u00fc\u00fcnispaber toataimedele Compo 10tk\"}]},{\"@type\":\"WebSite\",\"@id\":\"https:\/\/horticom.ee\/e-pood\/#website\",\"url\":\"https:\/\/horticom.ee\/e-pood\/\",\"name\":\"Horticom.ee\",\"description\":\"Aianduskaubad ja kodukaubad nii harrastajatele kui professionaalidele\",\"potentialAction\":[{\"@type\":\"SearchAction\",\"target\":{\"@type\":\"EntryPoint\",\"urlTemplate\":\"https:\/\/horticom.ee\/e-pood\/?s={search_term_string}\"},\"query-input\":{\"@type\":\"PropertyValueSpecification\",\"valueRequired\":true,\"valueName\":\"search_term_string\"}}],\"inLanguage\":\"ru-RU\"}]}<\/script>\n<!-- \/ Yoast SEO plugin. -->","yoast_head_json":{"title":"BIO P\u00fc\u00fcnispaber toataimedele Compo 10tk - Horticom","robots":{"index":"index","follow":"follow","max-snippet":"max-snippet:-1","max-image-preview":"max-image-preview:large","max-video-preview":"max-video-preview:-1"},"canonical":"https:\/\/horticom.ee\/e-pood\/toode\/bio-puunispaber-toataimedele-compo-10tk\/","og_locale":"ru_RU","og_type":"article","og_title":"BIO P\u00fc\u00fcnispaber toataimedele Compo 10tk - Horticom","og_description":"Compo p\u00fc\u00fcnispaberid toataimedele kaitsevad dekoratiivtaimi lendavate kahjurite eest nagu karilased, kaevandik\u00e4rbsed, lendavad lehet\u00e4id, leinas\u00e4\u00e4sklased ja ripslased. P\u00fc\u00fcnispaberid paigutatakse \u00e4\u00e4rmiselt lihtsalt pulga abil lillepotti, mist\u00f5ttu sobivad need eriti h\u00e4sti siseruumides, r\u00f5dul v\u00f5i talveaias kasutamiseks.V\u00f5imaluse korral asetage p\u00fc\u00fcnispaber nii, et see ei kleepuks lehtede ega \u00f5ite k\u00fclge. Kahjureid p\u00fc\u00fctakse liimiga. Eriliim on suhteliselt kuiv, ei tilgu ja [&hellip;]","og_url":"https:\/\/horticom.ee\/e-pood\/toode\/bio-puunispaber-toataimedele-compo-10tk\/","og_site_name":"Horticom.ee","article_publisher":"https:\/\/www.facebook.com\/horticom.ee\/e-pood","article_modified_time":"2026-04-20T07:01:44+00:00","og_image":[{"width":1000,"height":1388,"url":"https:\/\/horticom.ee\/e-pood\/wp-content\/uploads\/importedmedia\/product-2289909_0-6701612.jpg","type":"image\/jpeg"}],"twitter_card":"summary_large_image","schema":{"@context":"https:\/\/schema.org","@graph":[{"@type":"WebPage","@id":"https:\/\/horticom.ee\/e-pood\/toode\/bio-puunispaber-toataimedele-compo-10tk\/","url":"https:\/\/horticom.ee\/e-pood\/toode\/bio-puunispaber-toataimedele-compo-10tk\/","name":"BIO P\u00fc\u00fcnispaber toataimedele Compo 10tk - Horticom","isPartOf":{"@id":"https:\/\/horticom.ee\/e-pood\/#website"},"primaryImageOfPage":{"@id":"https:\/\/horticom.ee\/e-pood\/toode\/bio-puunispaber-toataimedele-compo-10tk\/#primaryimage"},"image":{"@id":"https:\/\/horticom.ee\/e-pood\/toode\/bio-puunispaber-toataimedele-compo-10tk\/#primaryimage"},"thumbnailUrl":"https:\/\/horticom.ee\/e-pood\/wp-content\/uploads\/importedmedia\/product-2289909_0-6701612.jpg","datePublished":"2024-06-20T03:00:51+00:00","dateModified":"2026-04-20T07:01:44+00:00","breadcrumb":{"@id":"https:\/\/horticom.ee\/e-pood\/toode\/bio-puunispaber-toataimedele-compo-10tk\/#breadcrumb"},"inLanguage":"ru-RU","potentialAction":[{"@type":"ReadAction","target":["https:\/\/horticom.ee\/e-pood\/toode\/bio-puunispaber-toataimedele-compo-10tk\/"]}]},{"@type":"ImageObject","inLanguage":"ru-RU","@id":"https:\/\/horticom.ee\/e-pood\/toode\/bio-puunispaber-toataimedele-compo-10tk\/#primaryimage","url":"https:\/\/horticom.ee\/e-pood\/wp-content\/uploads\/importedmedia\/product-2289909_0-6701612.jpg","contentUrl":"https:\/\/horticom.ee\/e-pood\/wp-content\/uploads\/importedmedia\/product-2289909_0-6701612.jpg","width":1000,"height":1388},{"@type":"BreadcrumbList","@id":"https:\/\/horticom.ee\/e-pood\/toode\/bio-puunispaber-toataimedele-compo-10tk\/#breadcrumb","itemListElement":[{"@type":"ListItem","position":1,"name":"Home","item":"https:\/\/horticom.ee\/e-pood\/"},{"@type":"ListItem","position":2,"name":"Pood","item":"https:\/\/horticom.ee\/e-pood\/pood\/"},{"@type":"ListItem","position":3,"name":"BIO P\u00fc\u00fcnispaber toataimedele Compo 10tk"}]},{"@type":"WebSite","@id":"https:\/\/horticom.ee\/e-pood\/#website","url":"https:\/\/horticom.ee\/e-pood\/","name":"Horticom.ee","description":"Aianduskaubad ja kodukaubad nii harrastajatele kui professionaalidele","potentialAction":[{"@type":"SearchAction","target":{"@type":"EntryPoint","urlTemplate":"https:\/\/horticom.ee\/e-pood\/?s={search_term_string}"},"query-input":{"@type":"PropertyValueSpecification","valueRequired":true,"valueName":"search_term_string"}}],"inLanguage":"ru-RU"}]}},"_links":{"self":[{"href":"https:\/\/horticom.ee\/e-pood\/ru\/wp-json\/wp\/v2\/product\/2289909","targetHints":{"allow":["GET"]}}],"collection":[{"href":"https:\/\/horticom.ee\/e-pood\/ru\/wp-json\/wp\/v2\/product"}],"about":[{"href":"https:\/\/horticom.ee\/e-pood\/ru\/wp-json\/wp\/v2\/types\/product"}],"replies":[{"embeddable":true,"href":"https:\/\/horticom.ee\/e-pood\/ru\/wp-json\/wp\/v2\/comments?post=2289909"}],"wp:featuredmedia":[{"embeddable":true,"href":"https:\/\/horticom.ee\/e-pood\/ru\/wp-json\/wp\/v2\/media\/2377900"}],"wp:attachment":[{"href":"https:\/\/horticom.ee\/e-pood\/ru\/wp-json\/wp\/v2\/media?parent=2289909"}],"wp:term":[{"taxonomy":"product_cat","embeddable":true,"href":"https:\/\/horticom.ee\/e-pood\/ru\/wp-json\/wp\/v2\/product_cat?post=2289909"},{"taxonomy":"product_tag","embeddable":true,"href":"https:\/\/horticom.ee\/e-pood\/ru\/wp-json\/wp\/v2\/product_tag?post=2289909"}],"curies":[{"name":"wp","href":"https:\/\/api.w.org\/{rel}","templated":true}]}}