{"id":2293714,"date":"2024-07-24T06:00:46","date_gmt":"2024-07-24T03:00:46","guid":{"rendered":"https:\/\/horticom.ee\/e-pood\/toode\/tigude-nalkjate-torje-ferramol-limacide-500g\/"},"modified":"2026-05-03T19:57:59","modified_gmt":"2026-05-03T16:57:59","slug":"tigude-nalkjate-torje-ferramol-limacide-500g","status":"publish","type":"product","link":"https:\/\/horticom.ee\/e-pood\/ru\/toode\/tigude-nalkjate-torje-ferramol-limacide-500g\/","title":{"rendered":"Tigude-n\u00e4lkjate t\u00f5rje Ferramol Limacide\u00ae 500g"},"content":{"rendered":"<p>Hea vahend tigude ja n\u00e4lkjate t\u00f5rjeks. Ei kahjusta lemmikloomi, linde, siile, vihmausse, mesilasi ega muid kasulikke loomi. Teod ja n\u00e4lkjad eelistavad graanuleid taimedele. Enamik n\u00e4lkjaid t\u00f5mbub tagasi oma peidukohtadesse surema. N\u00e4lkjad l\u00f5petavad lima eritamise ja h\u00e4vivad. Erakordselt vastupidav vihmale t\u00e4nu innovatiivsele s\u00f6\u00f6datehnoloogiale. P\u00e4rast Ferramol Limacide\u00ae s\u00f6\u00f6mist l\u00f5petavad n\u00e4lkjad ja teod s\u00f6\u00f6mise, kuna toode tekitab t\u00e4isk\u00f5hutunde. N\u00e4lkjad taanduvad oma peidukohtadesse, kus nad n\u00e4lgivad ja surevad. Tootel on patenteeritud koostis ning uudne toimimisviis, mis muuhulgas t\u00e4hendab, et t\u00f5rjevahendit ei kahjusta vihm ega niisked ilmastikuolud, mil n\u00e4lkjad on eriti aktiivsed. Niisked graanulid meelitavad n\u00e4lkjaid eriti aktiivselt. Kuivadel kohtadel tuleb graanuleid aegajalt niisutada, kui ei esine vihma. Neid v\u00f5ib niisutada mitmeid kordi, ilma et need kahjustuksid.<\/p>\n","protected":false},"excerpt":{"rendered":"<p>Hea vahend tigude ja n\u00e4lkjate t\u00f5rjeks. Ei kahjusta lemmikloomi, linde, siile, vihmausse, mesilasi ega muid kasulikke loomi. Teod ja n\u00e4lkjad eelistavad graanuleid taimedele. Enamik n\u00e4lkjaid t\u00f5mbub tagasi oma peidukohtadesse surema. N\u00e4lkjad l\u00f5petavad lima eritamise ja h\u00e4vivad. Erakordselt vastupidav vihmale t\u00e4nu innovatiivsele s\u00f6\u00f6datehnoloogiale. P\u00e4rast Ferramol Limacide\u00ae s\u00f6\u00f6mist l\u00f5petavad n\u00e4lkjad ja teod s\u00f6\u00f6mise, kuna toode tekitab t\u00e4isk\u00f5hutunde. [&hellip;]<\/p>\n","protected":false},"featured_media":2293717,"comment_status":"closed","ping_status":"closed","template":"","meta":{"_themeisle_gutenberg_block_has_review":false},"product_cat":[13595],"product_tag":[],"class_list":{"0":"post-2293714","1":"product","2":"type-product","3":"status-publish","4":"has-post-thumbnail","6":"product_cat-teod","8":"first","9":"instock","10":"shipping-taxable","11":"purchasable","12":"product-type-simple"},"yoast_head":"<!-- This site is optimized with the Yoast SEO plugin v24.0 - https:\/\/yoast.com\/wordpress\/plugins\/seo\/ -->\n<title>Tigude-n\u00e4lkjate t\u00f5rje Ferramol Limacide\u00ae 500g - Horticom<\/title>\n<meta name=\"description\" content=\"Ferramol Limacide t\u00f5rjub teod ja n\u00e4lkjad. Ohutu lemmikloomadele, lindudele ja kasulikele loomadele. Vastupidav vihmale, efektiivne ka niisketes tingimustes.\" \/>\n<meta name=\"robots\" content=\"index, follow, max-snippet:-1, max-image-preview:large, max-video-preview:-1\" \/>\n<link rel=\"canonical\" href=\"https:\/\/horticom.ee\/e-pood\/toode\/tigude-nalkjate-torje-ferramol-limacide-500g\/\" \/>\n<meta property=\"og:locale\" content=\"ru_RU\" \/>\n<meta property=\"og:type\" content=\"article\" \/>\n<meta property=\"og:title\" content=\"Tigude-n\u00e4lkjate t\u00f5rje Ferramol Limacide\u00ae 500g - Horticom\" \/>\n<meta property=\"og:description\" content=\"Ferramol Limacide t\u00f5rjub teod ja n\u00e4lkjad. Ohutu lemmikloomadele, lindudele ja kasulikele loomadele. Vastupidav vihmale, efektiivne ka niisketes tingimustes.\" \/>\n<meta property=\"og:url\" content=\"https:\/\/horticom.ee\/e-pood\/toode\/tigude-nalkjate-torje-ferramol-limacide-500g\/\" \/>\n<meta property=\"og:site_name\" content=\"Horticom.ee\" \/>\n<meta property=\"article:publisher\" content=\"https:\/\/www.facebook.com\/horticom.ee\/e-pood\" \/>\n<meta property=\"article:modified_time\" content=\"2026-05-03T16:57:59+00:00\" \/>\n<meta property=\"og:image\" content=\"https:\/\/horticom.ee\/e-pood\/wp-content\/uploads\/2024\/07\/4751038330015-scaled.jpg\" \/>\n\t<meta property=\"og:image:width\" content=\"1920\" \/>\n\t<meta property=\"og:image:height\" content=\"2560\" \/>\n\t<meta property=\"og:image:type\" content=\"image\/jpeg\" \/>\n<meta name=\"twitter:card\" content=\"summary_large_image\" \/>\n<meta name=\"twitter:label1\" content=\"\u041f\u0440\u0438\u043c\u0435\u0440\u043d\u043e\u0435 \u0432\u0440\u0435\u043c\u044f \u0434\u043b\u044f \u0447\u0442\u0435\u043d\u0438\u044f\" \/>\n\t<meta name=\"twitter:data1\" content=\"1 \u043c\u0438\u043d\u0443\u0442\u0430\" \/>\n<script type=\"application\/ld+json\" class=\"yoast-schema-graph\">{\"@context\":\"https:\/\/schema.org\",\"@graph\":[{\"@type\":\"WebPage\",\"@id\":\"https:\/\/horticom.ee\/e-pood\/toode\/tigude-nalkjate-torje-ferramol-limacide-500g\/\",\"url\":\"https:\/\/horticom.ee\/e-pood\/toode\/tigude-nalkjate-torje-ferramol-limacide-500g\/\",\"name\":\"Tigude-n\u00e4lkjate t\u00f5rje Ferramol Limacide\u00ae 500g - Horticom\",\"isPartOf\":{\"@id\":\"https:\/\/horticom.ee\/e-pood\/#website\"},\"primaryImageOfPage\":{\"@id\":\"https:\/\/horticom.ee\/e-pood\/toode\/tigude-nalkjate-torje-ferramol-limacide-500g\/#primaryimage\"},\"image\":{\"@id\":\"https:\/\/horticom.ee\/e-pood\/toode\/tigude-nalkjate-torje-ferramol-limacide-500g\/#primaryimage\"},\"thumbnailUrl\":\"https:\/\/horticom.ee\/e-pood\/wp-content\/uploads\/2024\/07\/4751038330015-scaled.jpg\",\"datePublished\":\"2024-07-24T03:00:46+00:00\",\"dateModified\":\"2026-05-03T16:57:59+00:00\",\"description\":\"Ferramol Limacide t\u00f5rjub teod ja n\u00e4lkjad. Ohutu lemmikloomadele, lindudele ja kasulikele loomadele. Vastupidav vihmale, efektiivne ka niisketes tingimustes.\",\"breadcrumb\":{\"@id\":\"https:\/\/horticom.ee\/e-pood\/toode\/tigude-nalkjate-torje-ferramol-limacide-500g\/#breadcrumb\"},\"inLanguage\":\"ru-RU\",\"potentialAction\":[{\"@type\":\"ReadAction\",\"target\":[\"https:\/\/horticom.ee\/e-pood\/toode\/tigude-nalkjate-torje-ferramol-limacide-500g\/\"]}]},{\"@type\":\"ImageObject\",\"inLanguage\":\"ru-RU\",\"@id\":\"https:\/\/horticom.ee\/e-pood\/toode\/tigude-nalkjate-torje-ferramol-limacide-500g\/#primaryimage\",\"url\":\"https:\/\/horticom.ee\/e-pood\/wp-content\/uploads\/2024\/07\/4751038330015-scaled.jpg\",\"contentUrl\":\"https:\/\/horticom.ee\/e-pood\/wp-content\/uploads\/2024\/07\/4751038330015-scaled.jpg\",\"width\":1920,\"height\":2560,\"caption\":\"Tigude-n\u00e4lkjate t\u00f5rje Ferramol Limacide\u00ae 500g\"},{\"@type\":\"BreadcrumbList\",\"@id\":\"https:\/\/horticom.ee\/e-pood\/toode\/tigude-nalkjate-torje-ferramol-limacide-500g\/#breadcrumb\",\"itemListElement\":[{\"@type\":\"ListItem\",\"position\":1,\"name\":\"Home\",\"item\":\"https:\/\/horticom.ee\/e-pood\/\"},{\"@type\":\"ListItem\",\"position\":2,\"name\":\"Pood\",\"item\":\"https:\/\/horticom.ee\/e-pood\/pood\/\"},{\"@type\":\"ListItem\",\"position\":3,\"name\":\"Tigude-n\u00e4lkjate t\u00f5rje Ferramol Limacide\u00ae 500g\"}]},{\"@type\":\"WebSite\",\"@id\":\"https:\/\/horticom.ee\/e-pood\/#website\",\"url\":\"https:\/\/horticom.ee\/e-pood\/\",\"name\":\"Horticom.ee\",\"description\":\"Aianduskaubad ja kodukaubad nii harrastajatele kui professionaalidele\",\"potentialAction\":[{\"@type\":\"SearchAction\",\"target\":{\"@type\":\"EntryPoint\",\"urlTemplate\":\"https:\/\/horticom.ee\/e-pood\/?s={search_term_string}\"},\"query-input\":{\"@type\":\"PropertyValueSpecification\",\"valueRequired\":true,\"valueName\":\"search_term_string\"}}],\"inLanguage\":\"ru-RU\"}]}<\/script>\n<!-- \/ Yoast SEO plugin. -->","yoast_head_json":{"title":"Tigude-n\u00e4lkjate t\u00f5rje Ferramol Limacide\u00ae 500g - Horticom","description":"Ferramol Limacide t\u00f5rjub teod ja n\u00e4lkjad. Ohutu lemmikloomadele, lindudele ja kasulikele loomadele. Vastupidav vihmale, efektiivne ka niisketes tingimustes.","robots":{"index":"index","follow":"follow","max-snippet":"max-snippet:-1","max-image-preview":"max-image-preview:large","max-video-preview":"max-video-preview:-1"},"canonical":"https:\/\/horticom.ee\/e-pood\/toode\/tigude-nalkjate-torje-ferramol-limacide-500g\/","og_locale":"ru_RU","og_type":"article","og_title":"Tigude-n\u00e4lkjate t\u00f5rje Ferramol Limacide\u00ae 500g - Horticom","og_description":"Ferramol Limacide t\u00f5rjub teod ja n\u00e4lkjad. Ohutu lemmikloomadele, lindudele ja kasulikele loomadele. Vastupidav vihmale, efektiivne ka niisketes tingimustes.","og_url":"https:\/\/horticom.ee\/e-pood\/toode\/tigude-nalkjate-torje-ferramol-limacide-500g\/","og_site_name":"Horticom.ee","article_publisher":"https:\/\/www.facebook.com\/horticom.ee\/e-pood","article_modified_time":"2026-05-03T16:57:59+00:00","og_image":[{"width":1920,"height":2560,"url":"https:\/\/horticom.ee\/e-pood\/wp-content\/uploads\/2024\/07\/4751038330015-scaled.jpg","type":"image\/jpeg"}],"twitter_card":"summary_large_image","twitter_misc":{"\u041f\u0440\u0438\u043c\u0435\u0440\u043d\u043e\u0435 \u0432\u0440\u0435\u043c\u044f \u0434\u043b\u044f \u0447\u0442\u0435\u043d\u0438\u044f":"1 \u043c\u0438\u043d\u0443\u0442\u0430"},"schema":{"@context":"https:\/\/schema.org","@graph":[{"@type":"WebPage","@id":"https:\/\/horticom.ee\/e-pood\/toode\/tigude-nalkjate-torje-ferramol-limacide-500g\/","url":"https:\/\/horticom.ee\/e-pood\/toode\/tigude-nalkjate-torje-ferramol-limacide-500g\/","name":"Tigude-n\u00e4lkjate t\u00f5rje Ferramol Limacide\u00ae 500g - Horticom","isPartOf":{"@id":"https:\/\/horticom.ee\/e-pood\/#website"},"primaryImageOfPage":{"@id":"https:\/\/horticom.ee\/e-pood\/toode\/tigude-nalkjate-torje-ferramol-limacide-500g\/#primaryimage"},"image":{"@id":"https:\/\/horticom.ee\/e-pood\/toode\/tigude-nalkjate-torje-ferramol-limacide-500g\/#primaryimage"},"thumbnailUrl":"https:\/\/horticom.ee\/e-pood\/wp-content\/uploads\/2024\/07\/4751038330015-scaled.jpg","datePublished":"2024-07-24T03:00:46+00:00","dateModified":"2026-05-03T16:57:59+00:00","description":"Ferramol Limacide t\u00f5rjub teod ja n\u00e4lkjad. Ohutu lemmikloomadele, lindudele ja kasulikele loomadele. Vastupidav vihmale, efektiivne ka niisketes tingimustes.","breadcrumb":{"@id":"https:\/\/horticom.ee\/e-pood\/toode\/tigude-nalkjate-torje-ferramol-limacide-500g\/#breadcrumb"},"inLanguage":"ru-RU","potentialAction":[{"@type":"ReadAction","target":["https:\/\/horticom.ee\/e-pood\/toode\/tigude-nalkjate-torje-ferramol-limacide-500g\/"]}]},{"@type":"ImageObject","inLanguage":"ru-RU","@id":"https:\/\/horticom.ee\/e-pood\/toode\/tigude-nalkjate-torje-ferramol-limacide-500g\/#primaryimage","url":"https:\/\/horticom.ee\/e-pood\/wp-content\/uploads\/2024\/07\/4751038330015-scaled.jpg","contentUrl":"https:\/\/horticom.ee\/e-pood\/wp-content\/uploads\/2024\/07\/4751038330015-scaled.jpg","width":1920,"height":2560,"caption":"Tigude-n\u00e4lkjate t\u00f5rje Ferramol Limacide\u00ae 500g"},{"@type":"BreadcrumbList","@id":"https:\/\/horticom.ee\/e-pood\/toode\/tigude-nalkjate-torje-ferramol-limacide-500g\/#breadcrumb","itemListElement":[{"@type":"ListItem","position":1,"name":"Home","item":"https:\/\/horticom.ee\/e-pood\/"},{"@type":"ListItem","position":2,"name":"Pood","item":"https:\/\/horticom.ee\/e-pood\/pood\/"},{"@type":"ListItem","position":3,"name":"Tigude-n\u00e4lkjate t\u00f5rje Ferramol Limacide\u00ae 500g"}]},{"@type":"WebSite","@id":"https:\/\/horticom.ee\/e-pood\/#website","url":"https:\/\/horticom.ee\/e-pood\/","name":"Horticom.ee","description":"Aianduskaubad ja kodukaubad nii harrastajatele kui professionaalidele","potentialAction":[{"@type":"SearchAction","target":{"@type":"EntryPoint","urlTemplate":"https:\/\/horticom.ee\/e-pood\/?s={search_term_string}"},"query-input":{"@type":"PropertyValueSpecification","valueRequired":true,"valueName":"search_term_string"}}],"inLanguage":"ru-RU"}]}},"_links":{"self":[{"href":"https:\/\/horticom.ee\/e-pood\/ru\/wp-json\/wp\/v2\/product\/2293714","targetHints":{"allow":["GET"]}}],"collection":[{"href":"https:\/\/horticom.ee\/e-pood\/ru\/wp-json\/wp\/v2\/product"}],"about":[{"href":"https:\/\/horticom.ee\/e-pood\/ru\/wp-json\/wp\/v2\/types\/product"}],"replies":[{"embeddable":true,"href":"https:\/\/horticom.ee\/e-pood\/ru\/wp-json\/wp\/v2\/comments?post=2293714"}],"wp:featuredmedia":[{"embeddable":true,"href":"https:\/\/horticom.ee\/e-pood\/ru\/wp-json\/wp\/v2\/media\/2293717"}],"wp:attachment":[{"href":"https:\/\/horticom.ee\/e-pood\/ru\/wp-json\/wp\/v2\/media?parent=2293714"}],"wp:term":[{"taxonomy":"product_cat","embeddable":true,"href":"https:\/\/horticom.ee\/e-pood\/ru\/wp-json\/wp\/v2\/product_cat?post=2293714"},{"taxonomy":"product_tag","embeddable":true,"href":"https:\/\/horticom.ee\/e-pood\/ru\/wp-json\/wp\/v2\/product_tag?post=2293714"}],"curies":[{"name":"wp","href":"https:\/\/api.w.org\/{rel}","templated":true}]}}