{"id":2296170,"date":"2024-09-21T12:00:28","date_gmt":"2024-09-21T09:00:28","guid":{"rendered":"https:\/\/horticom.ee\/e-pood\/toode\/istutuspott-elho-loft-urban-korge-d-28cm-12l-soe-hall\/"},"modified":"2026-04-23T03:16:09","modified_gmt":"2026-04-23T00:16:09","slug":"istutuspott-elho-loft-urban-korge-d-28cm-12l-soe-hall","status":"publish","type":"product","link":"https:\/\/horticom.ee\/e-pood\/ru\/toode\/istutuspott-elho-loft-urban-korge-d-28cm-12l-soe-hall\/","title":{"rendered":"Istutuspott Elho Loft Urban k\u00f5rge d 28cm 12L soe hall"},"content":{"rendered":"<p>Istutuspott Loft Urban on kaunis vastupidav \u00fcmar pott sinu terrassile. Potil on p\u00f5hjas vee reservuaar, nii et sa ei pea muretsema kastmise p\u00e4rast. Taim saab oma vee k\u00e4tte vajalikul ajal. Toote valmistamisel kasutatakse erilisi v\u00e4rvipigmente, mist\u00f5ttu toodetel p\u00fcsib originaalv\u00e4rv kauem. Istutuspotile sobiv alus on- Istutuspoti alus Loft Urban 21cm.<\/p>\n","protected":false},"excerpt":{"rendered":"<p>Istutuspott Loft Urban on kaunis vastupidav \u00fcmar pott sinu terrassile. Potil on p\u00f5hjas vee reservuaar, nii et sa ei pea muretsema kastmise p\u00e4rast. Taim saab oma vee k\u00e4tte vajalikul ajal. Toote valmistamisel kasutatakse erilisi v\u00e4rvipigmente, mist\u00f5ttu toodetel p\u00fcsib originaalv\u00e4rv kauem. Istutuspotile sobiv alus on- Istutuspoti alus Loft Urban 21cm.<\/p>\n","protected":false},"featured_media":2383862,"comment_status":"closed","ping_status":"closed","template":"","meta":{"_themeisle_gutenberg_block_has_review":false},"product_cat":[18563,13475],"product_tag":[],"class_list":{"0":"post-2296170","1":"product","2":"type-product","3":"status-publish","4":"has-post-thumbnail","6":"product_cat-lopumuugitooted","7":"product_cat-istutuspotid","9":"first","10":"instock","11":"sale","12":"shipping-taxable","13":"purchasable","14":"product-type-simple"},"yoast_head":"<!-- This site is optimized with the Yoast SEO plugin v24.0 - https:\/\/yoast.com\/wordpress\/plugins\/seo\/ -->\n<title>Istutuspott Elho Loft Urban k\u00f5rge d 28cm 12L soe hall - Horticom<\/title>\n<meta name=\"robots\" content=\"index, follow, max-snippet:-1, max-image-preview:large, max-video-preview:-1\" \/>\n<link rel=\"canonical\" href=\"https:\/\/horticom.ee\/e-pood\/toode\/istutuspott-elho-loft-urban-korge-d-28cm-12l-soe-hall\/\" \/>\n<meta property=\"og:locale\" content=\"ru_RU\" \/>\n<meta property=\"og:type\" content=\"article\" \/>\n<meta property=\"og:title\" content=\"Istutuspott Elho Loft Urban k\u00f5rge d 28cm 12L soe hall - Horticom\" \/>\n<meta property=\"og:description\" content=\"Istutuspott Loft Urban on kaunis vastupidav \u00fcmar pott sinu terrassile. Potil on p\u00f5hjas vee reservuaar, nii et sa ei pea muretsema kastmise p\u00e4rast. Taim saab oma vee k\u00e4tte vajalikul ajal. Toote valmistamisel kasutatakse erilisi v\u00e4rvipigmente, mist\u00f5ttu toodetel p\u00fcsib originaalv\u00e4rv kauem. Istutuspotile sobiv alus on- Istutuspoti alus Loft Urban 21cm.\" \/>\n<meta property=\"og:url\" content=\"https:\/\/horticom.ee\/e-pood\/toode\/istutuspott-elho-loft-urban-korge-d-28cm-12l-soe-hall\/\" \/>\n<meta property=\"og:site_name\" content=\"Horticom.ee\" \/>\n<meta property=\"article:publisher\" content=\"https:\/\/www.facebook.com\/horticom.ee\/e-pood\" \/>\n<meta property=\"article:modified_time\" content=\"2026-04-23T00:16:09+00:00\" \/>\n<meta property=\"og:image\" content=\"https:\/\/horticom.ee\/e-pood\/wp-content\/uploads\/importedmedia\/product-2296170_0-640562_403.jpg\" \/>\n\t<meta property=\"og:image:width\" content=\"1000\" \/>\n\t<meta property=\"og:image:height\" content=\"1000\" \/>\n\t<meta property=\"og:image:type\" content=\"image\/jpeg\" \/>\n<meta name=\"twitter:card\" content=\"summary_large_image\" \/>\n<meta name=\"twitter:label1\" content=\"\u041f\u0440\u0438\u043c\u0435\u0440\u043d\u043e\u0435 \u0432\u0440\u0435\u043c\u044f \u0434\u043b\u044f \u0447\u0442\u0435\u043d\u0438\u044f\" \/>\n\t<meta name=\"twitter:data1\" content=\"1 \u043c\u0438\u043d\u0443\u0442\u0430\" \/>\n<script type=\"application\/ld+json\" class=\"yoast-schema-graph\">{\"@context\":\"https:\/\/schema.org\",\"@graph\":[{\"@type\":\"WebPage\",\"@id\":\"https:\/\/horticom.ee\/e-pood\/toode\/istutuspott-elho-loft-urban-korge-d-28cm-12l-soe-hall\/\",\"url\":\"https:\/\/horticom.ee\/e-pood\/toode\/istutuspott-elho-loft-urban-korge-d-28cm-12l-soe-hall\/\",\"name\":\"Istutuspott Elho Loft Urban k\u00f5rge d 28cm 12L soe hall - Horticom\",\"isPartOf\":{\"@id\":\"https:\/\/horticom.ee\/e-pood\/#website\"},\"primaryImageOfPage\":{\"@id\":\"https:\/\/horticom.ee\/e-pood\/toode\/istutuspott-elho-loft-urban-korge-d-28cm-12l-soe-hall\/#primaryimage\"},\"image\":{\"@id\":\"https:\/\/horticom.ee\/e-pood\/toode\/istutuspott-elho-loft-urban-korge-d-28cm-12l-soe-hall\/#primaryimage\"},\"thumbnailUrl\":\"https:\/\/horticom.ee\/e-pood\/wp-content\/uploads\/importedmedia\/product-2296170_0-640562_403.jpg\",\"datePublished\":\"2024-09-21T09:00:28+00:00\",\"dateModified\":\"2026-04-23T00:16:09+00:00\",\"breadcrumb\":{\"@id\":\"https:\/\/horticom.ee\/e-pood\/toode\/istutuspott-elho-loft-urban-korge-d-28cm-12l-soe-hall\/#breadcrumb\"},\"inLanguage\":\"ru-RU\",\"potentialAction\":[{\"@type\":\"ReadAction\",\"target\":[\"https:\/\/horticom.ee\/e-pood\/toode\/istutuspott-elho-loft-urban-korge-d-28cm-12l-soe-hall\/\"]}]},{\"@type\":\"ImageObject\",\"inLanguage\":\"ru-RU\",\"@id\":\"https:\/\/horticom.ee\/e-pood\/toode\/istutuspott-elho-loft-urban-korge-d-28cm-12l-soe-hall\/#primaryimage\",\"url\":\"https:\/\/horticom.ee\/e-pood\/wp-content\/uploads\/importedmedia\/product-2296170_0-640562_403.jpg\",\"contentUrl\":\"https:\/\/horticom.ee\/e-pood\/wp-content\/uploads\/importedmedia\/product-2296170_0-640562_403.jpg\",\"width\":1000,\"height\":1000},{\"@type\":\"BreadcrumbList\",\"@id\":\"https:\/\/horticom.ee\/e-pood\/toode\/istutuspott-elho-loft-urban-korge-d-28cm-12l-soe-hall\/#breadcrumb\",\"itemListElement\":[{\"@type\":\"ListItem\",\"position\":1,\"name\":\"Home\",\"item\":\"https:\/\/horticom.ee\/e-pood\/\"},{\"@type\":\"ListItem\",\"position\":2,\"name\":\"Pood\",\"item\":\"https:\/\/horticom.ee\/e-pood\/pood\/\"},{\"@type\":\"ListItem\",\"position\":3,\"name\":\"Istutuspott Elho Loft Urban k\u00f5rge d 28cm 12L soe hall\"}]},{\"@type\":\"WebSite\",\"@id\":\"https:\/\/horticom.ee\/e-pood\/#website\",\"url\":\"https:\/\/horticom.ee\/e-pood\/\",\"name\":\"Horticom.ee\",\"description\":\"Aianduskaubad ja kodukaubad nii harrastajatele kui professionaalidele\",\"potentialAction\":[{\"@type\":\"SearchAction\",\"target\":{\"@type\":\"EntryPoint\",\"urlTemplate\":\"https:\/\/horticom.ee\/e-pood\/?s={search_term_string}\"},\"query-input\":{\"@type\":\"PropertyValueSpecification\",\"valueRequired\":true,\"valueName\":\"search_term_string\"}}],\"inLanguage\":\"ru-RU\"}]}<\/script>\n<!-- \/ Yoast SEO plugin. -->","yoast_head_json":{"title":"Istutuspott Elho Loft Urban k\u00f5rge d 28cm 12L soe hall - Horticom","robots":{"index":"index","follow":"follow","max-snippet":"max-snippet:-1","max-image-preview":"max-image-preview:large","max-video-preview":"max-video-preview:-1"},"canonical":"https:\/\/horticom.ee\/e-pood\/toode\/istutuspott-elho-loft-urban-korge-d-28cm-12l-soe-hall\/","og_locale":"ru_RU","og_type":"article","og_title":"Istutuspott Elho Loft Urban k\u00f5rge d 28cm 12L soe hall - Horticom","og_description":"Istutuspott Loft Urban on kaunis vastupidav \u00fcmar pott sinu terrassile. Potil on p\u00f5hjas vee reservuaar, nii et sa ei pea muretsema kastmise p\u00e4rast. Taim saab oma vee k\u00e4tte vajalikul ajal. Toote valmistamisel kasutatakse erilisi v\u00e4rvipigmente, mist\u00f5ttu toodetel p\u00fcsib originaalv\u00e4rv kauem. Istutuspotile sobiv alus on- Istutuspoti alus Loft Urban 21cm.","og_url":"https:\/\/horticom.ee\/e-pood\/toode\/istutuspott-elho-loft-urban-korge-d-28cm-12l-soe-hall\/","og_site_name":"Horticom.ee","article_publisher":"https:\/\/www.facebook.com\/horticom.ee\/e-pood","article_modified_time":"2026-04-23T00:16:09+00:00","og_image":[{"width":1000,"height":1000,"url":"https:\/\/horticom.ee\/e-pood\/wp-content\/uploads\/importedmedia\/product-2296170_0-640562_403.jpg","type":"image\/jpeg"}],"twitter_card":"summary_large_image","twitter_misc":{"\u041f\u0440\u0438\u043c\u0435\u0440\u043d\u043e\u0435 \u0432\u0440\u0435\u043c\u044f \u0434\u043b\u044f \u0447\u0442\u0435\u043d\u0438\u044f":"1 \u043c\u0438\u043d\u0443\u0442\u0430"},"schema":{"@context":"https:\/\/schema.org","@graph":[{"@type":"WebPage","@id":"https:\/\/horticom.ee\/e-pood\/toode\/istutuspott-elho-loft-urban-korge-d-28cm-12l-soe-hall\/","url":"https:\/\/horticom.ee\/e-pood\/toode\/istutuspott-elho-loft-urban-korge-d-28cm-12l-soe-hall\/","name":"Istutuspott Elho Loft Urban k\u00f5rge d 28cm 12L soe hall - Horticom","isPartOf":{"@id":"https:\/\/horticom.ee\/e-pood\/#website"},"primaryImageOfPage":{"@id":"https:\/\/horticom.ee\/e-pood\/toode\/istutuspott-elho-loft-urban-korge-d-28cm-12l-soe-hall\/#primaryimage"},"image":{"@id":"https:\/\/horticom.ee\/e-pood\/toode\/istutuspott-elho-loft-urban-korge-d-28cm-12l-soe-hall\/#primaryimage"},"thumbnailUrl":"https:\/\/horticom.ee\/e-pood\/wp-content\/uploads\/importedmedia\/product-2296170_0-640562_403.jpg","datePublished":"2024-09-21T09:00:28+00:00","dateModified":"2026-04-23T00:16:09+00:00","breadcrumb":{"@id":"https:\/\/horticom.ee\/e-pood\/toode\/istutuspott-elho-loft-urban-korge-d-28cm-12l-soe-hall\/#breadcrumb"},"inLanguage":"ru-RU","potentialAction":[{"@type":"ReadAction","target":["https:\/\/horticom.ee\/e-pood\/toode\/istutuspott-elho-loft-urban-korge-d-28cm-12l-soe-hall\/"]}]},{"@type":"ImageObject","inLanguage":"ru-RU","@id":"https:\/\/horticom.ee\/e-pood\/toode\/istutuspott-elho-loft-urban-korge-d-28cm-12l-soe-hall\/#primaryimage","url":"https:\/\/horticom.ee\/e-pood\/wp-content\/uploads\/importedmedia\/product-2296170_0-640562_403.jpg","contentUrl":"https:\/\/horticom.ee\/e-pood\/wp-content\/uploads\/importedmedia\/product-2296170_0-640562_403.jpg","width":1000,"height":1000},{"@type":"BreadcrumbList","@id":"https:\/\/horticom.ee\/e-pood\/toode\/istutuspott-elho-loft-urban-korge-d-28cm-12l-soe-hall\/#breadcrumb","itemListElement":[{"@type":"ListItem","position":1,"name":"Home","item":"https:\/\/horticom.ee\/e-pood\/"},{"@type":"ListItem","position":2,"name":"Pood","item":"https:\/\/horticom.ee\/e-pood\/pood\/"},{"@type":"ListItem","position":3,"name":"Istutuspott Elho Loft Urban k\u00f5rge d 28cm 12L soe hall"}]},{"@type":"WebSite","@id":"https:\/\/horticom.ee\/e-pood\/#website","url":"https:\/\/horticom.ee\/e-pood\/","name":"Horticom.ee","description":"Aianduskaubad ja kodukaubad nii harrastajatele kui professionaalidele","potentialAction":[{"@type":"SearchAction","target":{"@type":"EntryPoint","urlTemplate":"https:\/\/horticom.ee\/e-pood\/?s={search_term_string}"},"query-input":{"@type":"PropertyValueSpecification","valueRequired":true,"valueName":"search_term_string"}}],"inLanguage":"ru-RU"}]}},"_links":{"self":[{"href":"https:\/\/horticom.ee\/e-pood\/ru\/wp-json\/wp\/v2\/product\/2296170","targetHints":{"allow":["GET"]}}],"collection":[{"href":"https:\/\/horticom.ee\/e-pood\/ru\/wp-json\/wp\/v2\/product"}],"about":[{"href":"https:\/\/horticom.ee\/e-pood\/ru\/wp-json\/wp\/v2\/types\/product"}],"replies":[{"embeddable":true,"href":"https:\/\/horticom.ee\/e-pood\/ru\/wp-json\/wp\/v2\/comments?post=2296170"}],"wp:featuredmedia":[{"embeddable":true,"href":"https:\/\/horticom.ee\/e-pood\/ru\/wp-json\/wp\/v2\/media\/2383862"}],"wp:attachment":[{"href":"https:\/\/horticom.ee\/e-pood\/ru\/wp-json\/wp\/v2\/media?parent=2296170"}],"wp:term":[{"taxonomy":"product_cat","embeddable":true,"href":"https:\/\/horticom.ee\/e-pood\/ru\/wp-json\/wp\/v2\/product_cat?post=2296170"},{"taxonomy":"product_tag","embeddable":true,"href":"https:\/\/horticom.ee\/e-pood\/ru\/wp-json\/wp\/v2\/product_tag?post=2296170"}],"curies":[{"name":"wp","href":"https:\/\/api.w.org\/{rel}","templated":true}]}}