{"id":2296478,"date":"2024-09-26T16:00:29","date_gmt":"2024-09-26T13:00:29","guid":{"rendered":"https:\/\/horticom.ee\/e-pood\/toode\/liugur-60-x-40cm\/"},"modified":"2026-04-09T03:12:48","modified_gmt":"2026-04-09T00:12:48","slug":"liugur-60-x-40cm","status":"publish","type":"product","link":"https:\/\/horticom.ee\/e-pood\/ru\/toode\/liugur-60-x-40cm\/","title":{"rendered":"Liugur 60 x 40cm mix v\u00e4rvid"},"content":{"rendered":"<p>Liugur on m\u00f5eldud lastele alates 6-ndast eluaastast ja kaaluga kuni 50kg. Plastikust liugur libiseb nii lumel kui j\u00e4\u00e4l.<\/p>\n","protected":false},"excerpt":{"rendered":"<p>Liugur on m\u00f5eldud lastele alates 6-ndast eluaastast ja kaaluga kuni 50kg. Plastikust liugur libiseb nii lumel kui j\u00e4\u00e4l.<\/p>\n","protected":false},"featured_media":2381164,"comment_status":"closed","ping_status":"closed","template":"","meta":{"_themeisle_gutenberg_block_has_review":false},"product_cat":[17701],"product_tag":[],"class_list":{"0":"post-2296478","1":"product","2":"type-product","3":"status-publish","4":"has-post-thumbnail","6":"product_cat-kelgud-ja-liugurid","8":"first","9":"instock","10":"shipping-taxable","11":"purchasable","12":"product-type-simple"},"yoast_head":"<!-- This site is optimized with the Yoast SEO plugin v24.0 - https:\/\/yoast.com\/wordpress\/plugins\/seo\/ -->\n<title>Liugur 60 x 40cm mix v\u00e4rvid - Horticom<\/title>\n<meta name=\"robots\" content=\"index, follow, max-snippet:-1, max-image-preview:large, max-video-preview:-1\" \/>\n<link rel=\"canonical\" href=\"https:\/\/horticom.ee\/e-pood\/toode\/liugur-60-x-40cm\/\" \/>\n<meta property=\"og:locale\" content=\"ru_RU\" \/>\n<meta property=\"og:type\" content=\"article\" \/>\n<meta property=\"og:title\" content=\"Liugur 60 x 40cm mix v\u00e4rvid - Horticom\" \/>\n<meta property=\"og:description\" content=\"Liugur on m\u00f5eldud lastele alates 6-ndast eluaastast ja kaaluga kuni 50kg. Plastikust liugur libiseb nii lumel kui j\u00e4\u00e4l.\" \/>\n<meta property=\"og:url\" content=\"https:\/\/horticom.ee\/e-pood\/toode\/liugur-60-x-40cm\/\" \/>\n<meta property=\"og:site_name\" content=\"Horticom.ee\" \/>\n<meta property=\"article:publisher\" content=\"https:\/\/www.facebook.com\/horticom.ee\/e-pood\" \/>\n<meta property=\"article:modified_time\" content=\"2026-04-09T00:12:48+00:00\" \/>\n<meta property=\"og:image\" content=\"https:\/\/horticom.ee\/e-pood\/wp-content\/uploads\/importedmedia\/product-2296478_0-15MAX14.jpg\" \/>\n\t<meta property=\"og:image:width\" content=\"1000\" \/>\n\t<meta property=\"og:image:height\" content=\"666\" \/>\n\t<meta property=\"og:image:type\" content=\"image\/jpeg\" \/>\n<meta name=\"twitter:card\" content=\"summary_large_image\" \/>\n<script type=\"application\/ld+json\" class=\"yoast-schema-graph\">{\"@context\":\"https:\/\/schema.org\",\"@graph\":[{\"@type\":\"WebPage\",\"@id\":\"https:\/\/horticom.ee\/e-pood\/toode\/liugur-60-x-40cm\/\",\"url\":\"https:\/\/horticom.ee\/e-pood\/toode\/liugur-60-x-40cm\/\",\"name\":\"Liugur 60 x 40cm mix v\u00e4rvid - Horticom\",\"isPartOf\":{\"@id\":\"https:\/\/horticom.ee\/e-pood\/#website\"},\"primaryImageOfPage\":{\"@id\":\"https:\/\/horticom.ee\/e-pood\/toode\/liugur-60-x-40cm\/#primaryimage\"},\"image\":{\"@id\":\"https:\/\/horticom.ee\/e-pood\/toode\/liugur-60-x-40cm\/#primaryimage\"},\"thumbnailUrl\":\"https:\/\/horticom.ee\/e-pood\/wp-content\/uploads\/importedmedia\/product-2296478_0-15MAX14.jpg\",\"datePublished\":\"2024-09-26T13:00:29+00:00\",\"dateModified\":\"2026-04-09T00:12:48+00:00\",\"breadcrumb\":{\"@id\":\"https:\/\/horticom.ee\/e-pood\/toode\/liugur-60-x-40cm\/#breadcrumb\"},\"inLanguage\":\"ru-RU\",\"potentialAction\":[{\"@type\":\"ReadAction\",\"target\":[\"https:\/\/horticom.ee\/e-pood\/toode\/liugur-60-x-40cm\/\"]}]},{\"@type\":\"ImageObject\",\"inLanguage\":\"ru-RU\",\"@id\":\"https:\/\/horticom.ee\/e-pood\/toode\/liugur-60-x-40cm\/#primaryimage\",\"url\":\"https:\/\/horticom.ee\/e-pood\/wp-content\/uploads\/importedmedia\/product-2296478_0-15MAX14.jpg\",\"contentUrl\":\"https:\/\/horticom.ee\/e-pood\/wp-content\/uploads\/importedmedia\/product-2296478_0-15MAX14.jpg\",\"width\":1000,\"height\":666},{\"@type\":\"BreadcrumbList\",\"@id\":\"https:\/\/horticom.ee\/e-pood\/toode\/liugur-60-x-40cm\/#breadcrumb\",\"itemListElement\":[{\"@type\":\"ListItem\",\"position\":1,\"name\":\"Home\",\"item\":\"https:\/\/horticom.ee\/e-pood\/\"},{\"@type\":\"ListItem\",\"position\":2,\"name\":\"Pood\",\"item\":\"https:\/\/horticom.ee\/e-pood\/pood\/\"},{\"@type\":\"ListItem\",\"position\":3,\"name\":\"Liugur 60 x 40cm mix v\u00e4rvid\"}]},{\"@type\":\"WebSite\",\"@id\":\"https:\/\/horticom.ee\/e-pood\/#website\",\"url\":\"https:\/\/horticom.ee\/e-pood\/\",\"name\":\"Horticom.ee\",\"description\":\"Aianduskaubad ja kodukaubad nii harrastajatele kui professionaalidele\",\"potentialAction\":[{\"@type\":\"SearchAction\",\"target\":{\"@type\":\"EntryPoint\",\"urlTemplate\":\"https:\/\/horticom.ee\/e-pood\/?s={search_term_string}\"},\"query-input\":{\"@type\":\"PropertyValueSpecification\",\"valueRequired\":true,\"valueName\":\"search_term_string\"}}],\"inLanguage\":\"ru-RU\"}]}<\/script>\n<!-- \/ Yoast SEO plugin. -->","yoast_head_json":{"title":"Liugur 60 x 40cm mix v\u00e4rvid - Horticom","robots":{"index":"index","follow":"follow","max-snippet":"max-snippet:-1","max-image-preview":"max-image-preview:large","max-video-preview":"max-video-preview:-1"},"canonical":"https:\/\/horticom.ee\/e-pood\/toode\/liugur-60-x-40cm\/","og_locale":"ru_RU","og_type":"article","og_title":"Liugur 60 x 40cm mix v\u00e4rvid - Horticom","og_description":"Liugur on m\u00f5eldud lastele alates 6-ndast eluaastast ja kaaluga kuni 50kg. Plastikust liugur libiseb nii lumel kui j\u00e4\u00e4l.","og_url":"https:\/\/horticom.ee\/e-pood\/toode\/liugur-60-x-40cm\/","og_site_name":"Horticom.ee","article_publisher":"https:\/\/www.facebook.com\/horticom.ee\/e-pood","article_modified_time":"2026-04-09T00:12:48+00:00","og_image":[{"width":1000,"height":666,"url":"https:\/\/horticom.ee\/e-pood\/wp-content\/uploads\/importedmedia\/product-2296478_0-15MAX14.jpg","type":"image\/jpeg"}],"twitter_card":"summary_large_image","schema":{"@context":"https:\/\/schema.org","@graph":[{"@type":"WebPage","@id":"https:\/\/horticom.ee\/e-pood\/toode\/liugur-60-x-40cm\/","url":"https:\/\/horticom.ee\/e-pood\/toode\/liugur-60-x-40cm\/","name":"Liugur 60 x 40cm mix v\u00e4rvid - Horticom","isPartOf":{"@id":"https:\/\/horticom.ee\/e-pood\/#website"},"primaryImageOfPage":{"@id":"https:\/\/horticom.ee\/e-pood\/toode\/liugur-60-x-40cm\/#primaryimage"},"image":{"@id":"https:\/\/horticom.ee\/e-pood\/toode\/liugur-60-x-40cm\/#primaryimage"},"thumbnailUrl":"https:\/\/horticom.ee\/e-pood\/wp-content\/uploads\/importedmedia\/product-2296478_0-15MAX14.jpg","datePublished":"2024-09-26T13:00:29+00:00","dateModified":"2026-04-09T00:12:48+00:00","breadcrumb":{"@id":"https:\/\/horticom.ee\/e-pood\/toode\/liugur-60-x-40cm\/#breadcrumb"},"inLanguage":"ru-RU","potentialAction":[{"@type":"ReadAction","target":["https:\/\/horticom.ee\/e-pood\/toode\/liugur-60-x-40cm\/"]}]},{"@type":"ImageObject","inLanguage":"ru-RU","@id":"https:\/\/horticom.ee\/e-pood\/toode\/liugur-60-x-40cm\/#primaryimage","url":"https:\/\/horticom.ee\/e-pood\/wp-content\/uploads\/importedmedia\/product-2296478_0-15MAX14.jpg","contentUrl":"https:\/\/horticom.ee\/e-pood\/wp-content\/uploads\/importedmedia\/product-2296478_0-15MAX14.jpg","width":1000,"height":666},{"@type":"BreadcrumbList","@id":"https:\/\/horticom.ee\/e-pood\/toode\/liugur-60-x-40cm\/#breadcrumb","itemListElement":[{"@type":"ListItem","position":1,"name":"Home","item":"https:\/\/horticom.ee\/e-pood\/"},{"@type":"ListItem","position":2,"name":"Pood","item":"https:\/\/horticom.ee\/e-pood\/pood\/"},{"@type":"ListItem","position":3,"name":"Liugur 60 x 40cm mix v\u00e4rvid"}]},{"@type":"WebSite","@id":"https:\/\/horticom.ee\/e-pood\/#website","url":"https:\/\/horticom.ee\/e-pood\/","name":"Horticom.ee","description":"Aianduskaubad ja kodukaubad nii harrastajatele kui professionaalidele","potentialAction":[{"@type":"SearchAction","target":{"@type":"EntryPoint","urlTemplate":"https:\/\/horticom.ee\/e-pood\/?s={search_term_string}"},"query-input":{"@type":"PropertyValueSpecification","valueRequired":true,"valueName":"search_term_string"}}],"inLanguage":"ru-RU"}]}},"_links":{"self":[{"href":"https:\/\/horticom.ee\/e-pood\/ru\/wp-json\/wp\/v2\/product\/2296478","targetHints":{"allow":["GET"]}}],"collection":[{"href":"https:\/\/horticom.ee\/e-pood\/ru\/wp-json\/wp\/v2\/product"}],"about":[{"href":"https:\/\/horticom.ee\/e-pood\/ru\/wp-json\/wp\/v2\/types\/product"}],"replies":[{"embeddable":true,"href":"https:\/\/horticom.ee\/e-pood\/ru\/wp-json\/wp\/v2\/comments?post=2296478"}],"wp:featuredmedia":[{"embeddable":true,"href":"https:\/\/horticom.ee\/e-pood\/ru\/wp-json\/wp\/v2\/media\/2381164"}],"wp:attachment":[{"href":"https:\/\/horticom.ee\/e-pood\/ru\/wp-json\/wp\/v2\/media?parent=2296478"}],"wp:term":[{"taxonomy":"product_cat","embeddable":true,"href":"https:\/\/horticom.ee\/e-pood\/ru\/wp-json\/wp\/v2\/product_cat?post=2296478"},{"taxonomy":"product_tag","embeddable":true,"href":"https:\/\/horticom.ee\/e-pood\/ru\/wp-json\/wp\/v2\/product_tag?post=2296478"}],"curies":[{"name":"wp","href":"https:\/\/api.w.org\/{rel}","templated":true}]}}