{"id":2297947,"date":"2024-10-09T12:00:20","date_gmt":"2024-10-09T09:00:20","guid":{"rendered":"https:\/\/horticom.ee\/e-pood\/toode\/umbrispott-elho-brussels-ratastel-d-47cm-50l-beez\/"},"modified":"2026-04-20T03:00:41","modified_gmt":"2026-04-20T00:00:41","slug":"umbrispott-elho-brussels-ratastel-d-47cm-50l-beez","status":"publish","type":"product","link":"https:\/\/horticom.ee\/e-pood\/ru\/toode\/umbrispott-elho-brussels-ratastel-d-47cm-50l-beez\/","title":{"rendered":"\u00dcmbrispott Elho Brussels ratastel d 47cm 50L beez"},"content":{"rendered":"<p>\u00dcmbrispott Brussels ratastega on valmistatud vastupidavast plastikust, mis peab vastu pikki aastaid. Potid on v\u00e4ljat\u00f6\u00f6tatud ja disainitud koos professionaalsete kasvatajatega. T\u00e4nu poti all olevatele ratsetele mugav liigutada \u00fchest kohast teise. Toote valmistamisel kasutatakse erilisi v\u00e4rvipigmente, mist\u00f5ttu toodetel p\u00fcsib originaalv\u00e4rv kauem.<\/p>\n","protected":false},"excerpt":{"rendered":"<p>\u00dcmbrispott Brussels ratastega on valmistatud vastupidavast plastikust, mis peab vastu pikki aastaid. Potid on v\u00e4ljat\u00f6\u00f6tatud ja disainitud koos professionaalsete kasvatajatega. T\u00e4nu poti all olevatele ratsetele mugav liigutada \u00fchest kohast teise. Toote valmistamisel kasutatakse erilisi v\u00e4rvipigmente, mist\u00f5ttu toodetel p\u00fcsib originaalv\u00e4rv kauem.<\/p>\n","protected":false},"featured_media":2306059,"comment_status":"closed","ping_status":"closed","template":"","meta":{"_themeisle_gutenberg_block_has_review":false},"product_cat":[18563,14994,13476],"product_tag":[],"class_list":{"0":"post-2297947","1":"product","2":"type-product","3":"status-publish","4":"has-post-thumbnail","6":"product_cat-lopumuugitooted","7":"product_cat-plastikust-umbrispotid","8":"product_cat-umbrispotid","10":"first","11":"instock","12":"sale","13":"shipping-taxable","14":"purchasable","15":"product-type-simple"},"yoast_head":"<!-- This site is optimized with the Yoast SEO plugin v24.0 - https:\/\/yoast.com\/wordpress\/plugins\/seo\/ -->\n<title>\u00dcmbrispott Elho Brussels ratastel d 47cm 50L beez<\/title>\n<meta name=\"description\" content=\"Poti\u00fcmbris Brussels ratastega on vastupidavast plastikust. T\u00e4nu poti all olevatele ratsetele mugav liigutada \u00fchest kohast teise.\" \/>\n<meta name=\"robots\" content=\"index, follow, max-snippet:-1, max-image-preview:large, max-video-preview:-1\" \/>\n<link rel=\"canonical\" href=\"https:\/\/horticom.ee\/e-pood\/toode\/umbrispott-elho-brussels-ratastel-d-47cm-50l-beez\/\" \/>\n<meta property=\"og:locale\" content=\"ru_RU\" \/>\n<meta property=\"og:type\" content=\"article\" \/>\n<meta property=\"og:title\" content=\"\u00dcmbrispott Elho Brussels ratastel d 47cm 50L beez\" \/>\n<meta property=\"og:description\" content=\"Poti\u00fcmbris Brussels ratastega on vastupidavast plastikust. T\u00e4nu poti all olevatele ratsetele mugav liigutada \u00fchest kohast teise.\" \/>\n<meta property=\"og:url\" content=\"https:\/\/horticom.ee\/e-pood\/toode\/umbrispott-elho-brussels-ratastel-d-47cm-50l-beez\/\" \/>\n<meta property=\"og:site_name\" content=\"Horticom.ee\" \/>\n<meta property=\"article:publisher\" content=\"https:\/\/www.facebook.com\/horticom.ee\/e-pood\" \/>\n<meta property=\"article:modified_time\" content=\"2026-04-20T00:00:41+00:00\" \/>\n<meta property=\"og:image\" content=\"https:\/\/horticom.ee\/e-pood\/wp-content\/uploads\/importedmedia\/product-2297947_0-640464_454.jpg\" \/>\n\t<meta property=\"og:image:width\" content=\"1000\" \/>\n\t<meta property=\"og:image:height\" content=\"1000\" \/>\n\t<meta property=\"og:image:type\" content=\"image\/jpeg\" \/>\n<meta name=\"twitter:card\" content=\"summary_large_image\" \/>\n<script type=\"application\/ld+json\" class=\"yoast-schema-graph\">{\"@context\":\"https:\/\/schema.org\",\"@graph\":[{\"@type\":\"WebPage\",\"@id\":\"https:\/\/horticom.ee\/e-pood\/toode\/umbrispott-elho-brussels-ratastel-d-47cm-50l-beez\/\",\"url\":\"https:\/\/horticom.ee\/e-pood\/toode\/umbrispott-elho-brussels-ratastel-d-47cm-50l-beez\/\",\"name\":\"\u00dcmbrispott Elho Brussels ratastel d 47cm 50L beez\",\"isPartOf\":{\"@id\":\"https:\/\/horticom.ee\/e-pood\/#website\"},\"primaryImageOfPage\":{\"@id\":\"https:\/\/horticom.ee\/e-pood\/toode\/umbrispott-elho-brussels-ratastel-d-47cm-50l-beez\/#primaryimage\"},\"image\":{\"@id\":\"https:\/\/horticom.ee\/e-pood\/toode\/umbrispott-elho-brussels-ratastel-d-47cm-50l-beez\/#primaryimage\"},\"thumbnailUrl\":\"https:\/\/horticom.ee\/e-pood\/wp-content\/uploads\/importedmedia\/product-2297947_0-640464_454.jpg\",\"datePublished\":\"2024-10-09T09:00:20+00:00\",\"dateModified\":\"2026-04-20T00:00:41+00:00\",\"description\":\"Poti\u00fcmbris Brussels ratastega on vastupidavast plastikust. T\u00e4nu poti all olevatele ratsetele mugav liigutada \u00fchest kohast teise.\",\"breadcrumb\":{\"@id\":\"https:\/\/horticom.ee\/e-pood\/toode\/umbrispott-elho-brussels-ratastel-d-47cm-50l-beez\/#breadcrumb\"},\"inLanguage\":\"ru-RU\",\"potentialAction\":[{\"@type\":\"ReadAction\",\"target\":[\"https:\/\/horticom.ee\/e-pood\/toode\/umbrispott-elho-brussels-ratastel-d-47cm-50l-beez\/\"]}]},{\"@type\":\"ImageObject\",\"inLanguage\":\"ru-RU\",\"@id\":\"https:\/\/horticom.ee\/e-pood\/toode\/umbrispott-elho-brussels-ratastel-d-47cm-50l-beez\/#primaryimage\",\"url\":\"https:\/\/horticom.ee\/e-pood\/wp-content\/uploads\/importedmedia\/product-2297947_0-640464_454.jpg\",\"contentUrl\":\"https:\/\/horticom.ee\/e-pood\/wp-content\/uploads\/importedmedia\/product-2297947_0-640464_454.jpg\",\"width\":1000,\"height\":1000},{\"@type\":\"BreadcrumbList\",\"@id\":\"https:\/\/horticom.ee\/e-pood\/toode\/umbrispott-elho-brussels-ratastel-d-47cm-50l-beez\/#breadcrumb\",\"itemListElement\":[{\"@type\":\"ListItem\",\"position\":1,\"name\":\"Home\",\"item\":\"https:\/\/horticom.ee\/e-pood\/\"},{\"@type\":\"ListItem\",\"position\":2,\"name\":\"Pood\",\"item\":\"https:\/\/horticom.ee\/e-pood\/pood\/\"},{\"@type\":\"ListItem\",\"position\":3,\"name\":\"\u00dcmbrispott Elho Brussels ratastel d 47cm 50L beez\"}]},{\"@type\":\"WebSite\",\"@id\":\"https:\/\/horticom.ee\/e-pood\/#website\",\"url\":\"https:\/\/horticom.ee\/e-pood\/\",\"name\":\"Horticom.ee\",\"description\":\"Aianduskaubad ja kodukaubad nii harrastajatele kui professionaalidele\",\"potentialAction\":[{\"@type\":\"SearchAction\",\"target\":{\"@type\":\"EntryPoint\",\"urlTemplate\":\"https:\/\/horticom.ee\/e-pood\/?s={search_term_string}\"},\"query-input\":{\"@type\":\"PropertyValueSpecification\",\"valueRequired\":true,\"valueName\":\"search_term_string\"}}],\"inLanguage\":\"ru-RU\"}]}<\/script>\n<!-- \/ Yoast SEO plugin. -->","yoast_head_json":{"title":"\u00dcmbrispott Elho Brussels ratastel d 47cm 50L beez","description":"Poti\u00fcmbris Brussels ratastega on vastupidavast plastikust. T\u00e4nu poti all olevatele ratsetele mugav liigutada \u00fchest kohast teise.","robots":{"index":"index","follow":"follow","max-snippet":"max-snippet:-1","max-image-preview":"max-image-preview:large","max-video-preview":"max-video-preview:-1"},"canonical":"https:\/\/horticom.ee\/e-pood\/toode\/umbrispott-elho-brussels-ratastel-d-47cm-50l-beez\/","og_locale":"ru_RU","og_type":"article","og_title":"\u00dcmbrispott Elho Brussels ratastel d 47cm 50L beez","og_description":"Poti\u00fcmbris Brussels ratastega on vastupidavast plastikust. T\u00e4nu poti all olevatele ratsetele mugav liigutada \u00fchest kohast teise.","og_url":"https:\/\/horticom.ee\/e-pood\/toode\/umbrispott-elho-brussels-ratastel-d-47cm-50l-beez\/","og_site_name":"Horticom.ee","article_publisher":"https:\/\/www.facebook.com\/horticom.ee\/e-pood","article_modified_time":"2026-04-20T00:00:41+00:00","og_image":[{"width":1000,"height":1000,"url":"https:\/\/horticom.ee\/e-pood\/wp-content\/uploads\/importedmedia\/product-2297947_0-640464_454.jpg","type":"image\/jpeg"}],"twitter_card":"summary_large_image","schema":{"@context":"https:\/\/schema.org","@graph":[{"@type":"WebPage","@id":"https:\/\/horticom.ee\/e-pood\/toode\/umbrispott-elho-brussels-ratastel-d-47cm-50l-beez\/","url":"https:\/\/horticom.ee\/e-pood\/toode\/umbrispott-elho-brussels-ratastel-d-47cm-50l-beez\/","name":"\u00dcmbrispott Elho Brussels ratastel d 47cm 50L beez","isPartOf":{"@id":"https:\/\/horticom.ee\/e-pood\/#website"},"primaryImageOfPage":{"@id":"https:\/\/horticom.ee\/e-pood\/toode\/umbrispott-elho-brussels-ratastel-d-47cm-50l-beez\/#primaryimage"},"image":{"@id":"https:\/\/horticom.ee\/e-pood\/toode\/umbrispott-elho-brussels-ratastel-d-47cm-50l-beez\/#primaryimage"},"thumbnailUrl":"https:\/\/horticom.ee\/e-pood\/wp-content\/uploads\/importedmedia\/product-2297947_0-640464_454.jpg","datePublished":"2024-10-09T09:00:20+00:00","dateModified":"2026-04-20T00:00:41+00:00","description":"Poti\u00fcmbris Brussels ratastega on vastupidavast plastikust. T\u00e4nu poti all olevatele ratsetele mugav liigutada \u00fchest kohast teise.","breadcrumb":{"@id":"https:\/\/horticom.ee\/e-pood\/toode\/umbrispott-elho-brussels-ratastel-d-47cm-50l-beez\/#breadcrumb"},"inLanguage":"ru-RU","potentialAction":[{"@type":"ReadAction","target":["https:\/\/horticom.ee\/e-pood\/toode\/umbrispott-elho-brussels-ratastel-d-47cm-50l-beez\/"]}]},{"@type":"ImageObject","inLanguage":"ru-RU","@id":"https:\/\/horticom.ee\/e-pood\/toode\/umbrispott-elho-brussels-ratastel-d-47cm-50l-beez\/#primaryimage","url":"https:\/\/horticom.ee\/e-pood\/wp-content\/uploads\/importedmedia\/product-2297947_0-640464_454.jpg","contentUrl":"https:\/\/horticom.ee\/e-pood\/wp-content\/uploads\/importedmedia\/product-2297947_0-640464_454.jpg","width":1000,"height":1000},{"@type":"BreadcrumbList","@id":"https:\/\/horticom.ee\/e-pood\/toode\/umbrispott-elho-brussels-ratastel-d-47cm-50l-beez\/#breadcrumb","itemListElement":[{"@type":"ListItem","position":1,"name":"Home","item":"https:\/\/horticom.ee\/e-pood\/"},{"@type":"ListItem","position":2,"name":"Pood","item":"https:\/\/horticom.ee\/e-pood\/pood\/"},{"@type":"ListItem","position":3,"name":"\u00dcmbrispott Elho Brussels ratastel d 47cm 50L beez"}]},{"@type":"WebSite","@id":"https:\/\/horticom.ee\/e-pood\/#website","url":"https:\/\/horticom.ee\/e-pood\/","name":"Horticom.ee","description":"Aianduskaubad ja kodukaubad nii harrastajatele kui professionaalidele","potentialAction":[{"@type":"SearchAction","target":{"@type":"EntryPoint","urlTemplate":"https:\/\/horticom.ee\/e-pood\/?s={search_term_string}"},"query-input":{"@type":"PropertyValueSpecification","valueRequired":true,"valueName":"search_term_string"}}],"inLanguage":"ru-RU"}]}},"_links":{"self":[{"href":"https:\/\/horticom.ee\/e-pood\/ru\/wp-json\/wp\/v2\/product\/2297947","targetHints":{"allow":["GET"]}}],"collection":[{"href":"https:\/\/horticom.ee\/e-pood\/ru\/wp-json\/wp\/v2\/product"}],"about":[{"href":"https:\/\/horticom.ee\/e-pood\/ru\/wp-json\/wp\/v2\/types\/product"}],"replies":[{"embeddable":true,"href":"https:\/\/horticom.ee\/e-pood\/ru\/wp-json\/wp\/v2\/comments?post=2297947"}],"wp:featuredmedia":[{"embeddable":true,"href":"https:\/\/horticom.ee\/e-pood\/ru\/wp-json\/wp\/v2\/media\/2306059"}],"wp:attachment":[{"href":"https:\/\/horticom.ee\/e-pood\/ru\/wp-json\/wp\/v2\/media?parent=2297947"}],"wp:term":[{"taxonomy":"product_cat","embeddable":true,"href":"https:\/\/horticom.ee\/e-pood\/ru\/wp-json\/wp\/v2\/product_cat?post=2297947"},{"taxonomy":"product_tag","embeddable":true,"href":"https:\/\/horticom.ee\/e-pood\/ru\/wp-json\/wp\/v2\/product_tag?post=2297947"}],"curies":[{"name":"wp","href":"https:\/\/api.w.org\/{rel}","templated":true}]}}