{"id":2297991,"date":"2024-10-09T12:00:30","date_gmt":"2024-10-09T09:00:30","guid":{"rendered":"https:\/\/horticom.ee\/e-pood\/toode\/rodukast-elho-algarve-pikk-60cm-terrakota\/"},"modified":"2026-04-30T03:10:21","modified_gmt":"2026-04-30T00:10:21","slug":"rodukast-elho-algarve-pikk-60cm-terrakota","status":"publish","type":"product","link":"https:\/\/horticom.ee\/e-pood\/ru\/toode\/rodukast-elho-algarve-pikk-60cm-terrakota\/","title":{"rendered":"R\u00f5dukast Elho Algarve pikk 60cm terra"},"content":{"rendered":"<p>Lillekast Algarve on elegantne lillemustriga kaunistus sinu terrassile v\u00f5i aeda. Profesionaalide poolt valmistatud kasti p\u00f5hi on piisava drenaazi ja \u00f5hutusega, et sinu taimed p\u00fcsikisid kaua kaunitena. Toote valmistamisel kasutatakse erilisi v\u00e4rvipigmente, mist\u00f5ttu toodetel p\u00fcsib originaalv\u00e4rv kauem.<\/p>\n","protected":false},"excerpt":{"rendered":"<p>Lillekast Algarve on elegantne lillemustriga kaunistus sinu terrassile v\u00f5i aeda. Profesionaalide poolt valmistatud kasti p\u00f5hi on piisava drenaazi ja \u00f5hutusega, et sinu taimed p\u00fcsikisid kaua kaunitena. Toote valmistamisel kasutatakse erilisi v\u00e4rvipigmente, mist\u00f5ttu toodetel p\u00fcsib originaalv\u00e4rv kauem.<\/p>\n","protected":false},"featured_media":2383942,"comment_status":"closed","ping_status":"closed","template":"","meta":{"_themeisle_gutenberg_block_has_review":false},"product_cat":[13444],"product_tag":[],"class_list":{"0":"post-2297991","1":"product","2":"type-product","3":"status-publish","4":"has-post-thumbnail","6":"product_cat-rodukastid","8":"first","9":"outofstock","10":"sale","11":"shipping-taxable","12":"purchasable","13":"product-type-simple"},"yoast_head":"<!-- This site is optimized with the Yoast SEO plugin v24.0 - https:\/\/yoast.com\/wordpress\/plugins\/seo\/ -->\n<title>R\u00f5dukast Elho Algarve pikk 60cm terrakota - Horticom.ee<\/title>\n<meta name=\"description\" content=\"Lillekast Algarve \u2013 Elegantne lillekast terrassile. Professionaalselt valmistatud, hea drenaa\u017ei ja \u00f5hutusega, et taimed kaua p\u00fcsiksid ilusad.\" \/>\n<meta name=\"robots\" content=\"index, follow, max-snippet:-1, max-image-preview:large, max-video-preview:-1\" \/>\n<link rel=\"canonical\" href=\"https:\/\/horticom.ee\/e-pood\/toode\/rodukast-elho-algarve-pikk-60cm-terrakota\/\" \/>\n<meta property=\"og:locale\" content=\"ru_RU\" \/>\n<meta property=\"og:type\" content=\"article\" \/>\n<meta property=\"og:title\" content=\"R\u00f5dukast Elho Algarve pikk 60cm terrakota - Horticom.ee\" \/>\n<meta property=\"og:description\" content=\"Lillekast Algarve \u2013 Elegantne lillekast terrassile. Professionaalselt valmistatud, hea drenaa\u017ei ja \u00f5hutusega, et taimed kaua p\u00fcsiksid ilusad.\" \/>\n<meta property=\"og:url\" content=\"https:\/\/horticom.ee\/e-pood\/toode\/rodukast-elho-algarve-pikk-60cm-terrakota\/\" \/>\n<meta property=\"og:site_name\" content=\"Horticom.ee\" \/>\n<meta property=\"article:publisher\" content=\"https:\/\/www.facebook.com\/horticom.ee\/e-pood\" \/>\n<meta property=\"article:modified_time\" content=\"2026-04-30T00:10:21+00:00\" \/>\n<meta property=\"og:image\" content=\"https:\/\/horticom.ee\/e-pood\/wp-content\/uploads\/importedmedia\/product-2297991_0-6402225_270.jpg\" \/>\n\t<meta property=\"og:image:width\" content=\"1000\" \/>\n\t<meta property=\"og:image:height\" content=\"1000\" \/>\n\t<meta property=\"og:image:type\" content=\"image\/jpeg\" \/>\n<meta name=\"twitter:card\" content=\"summary_large_image\" \/>\n<script type=\"application\/ld+json\" class=\"yoast-schema-graph\">{\"@context\":\"https:\/\/schema.org\",\"@graph\":[{\"@type\":\"WebPage\",\"@id\":\"https:\/\/horticom.ee\/e-pood\/toode\/rodukast-elho-algarve-pikk-60cm-terrakota\/\",\"url\":\"https:\/\/horticom.ee\/e-pood\/toode\/rodukast-elho-algarve-pikk-60cm-terrakota\/\",\"name\":\"R\u00f5dukast Elho Algarve pikk 60cm terrakota - Horticom.ee\",\"isPartOf\":{\"@id\":\"https:\/\/horticom.ee\/e-pood\/#website\"},\"primaryImageOfPage\":{\"@id\":\"https:\/\/horticom.ee\/e-pood\/toode\/rodukast-elho-algarve-pikk-60cm-terrakota\/#primaryimage\"},\"image\":{\"@id\":\"https:\/\/horticom.ee\/e-pood\/toode\/rodukast-elho-algarve-pikk-60cm-terrakota\/#primaryimage\"},\"thumbnailUrl\":\"https:\/\/horticom.ee\/e-pood\/wp-content\/uploads\/importedmedia\/product-2297991_0-6402225_270.jpg\",\"datePublished\":\"2024-10-09T09:00:30+00:00\",\"dateModified\":\"2026-04-30T00:10:21+00:00\",\"description\":\"Lillekast Algarve \u2013 Elegantne lillekast terrassile. Professionaalselt valmistatud, hea drenaa\u017ei ja \u00f5hutusega, et taimed kaua p\u00fcsiksid ilusad.\",\"breadcrumb\":{\"@id\":\"https:\/\/horticom.ee\/e-pood\/toode\/rodukast-elho-algarve-pikk-60cm-terrakota\/#breadcrumb\"},\"inLanguage\":\"ru-RU\",\"potentialAction\":[{\"@type\":\"ReadAction\",\"target\":[\"https:\/\/horticom.ee\/e-pood\/toode\/rodukast-elho-algarve-pikk-60cm-terrakota\/\"]}]},{\"@type\":\"ImageObject\",\"inLanguage\":\"ru-RU\",\"@id\":\"https:\/\/horticom.ee\/e-pood\/toode\/rodukast-elho-algarve-pikk-60cm-terrakota\/#primaryimage\",\"url\":\"https:\/\/horticom.ee\/e-pood\/wp-content\/uploads\/importedmedia\/product-2297991_0-6402225_270.jpg\",\"contentUrl\":\"https:\/\/horticom.ee\/e-pood\/wp-content\/uploads\/importedmedia\/product-2297991_0-6402225_270.jpg\",\"width\":1000,\"height\":1000},{\"@type\":\"BreadcrumbList\",\"@id\":\"https:\/\/horticom.ee\/e-pood\/toode\/rodukast-elho-algarve-pikk-60cm-terrakota\/#breadcrumb\",\"itemListElement\":[{\"@type\":\"ListItem\",\"position\":1,\"name\":\"Home\",\"item\":\"https:\/\/horticom.ee\/e-pood\/\"},{\"@type\":\"ListItem\",\"position\":2,\"name\":\"Pood\",\"item\":\"https:\/\/horticom.ee\/e-pood\/pood\/\"},{\"@type\":\"ListItem\",\"position\":3,\"name\":\"R\u00f5dukast Elho Algarve pikk 60cm terra\"}]},{\"@type\":\"WebSite\",\"@id\":\"https:\/\/horticom.ee\/e-pood\/#website\",\"url\":\"https:\/\/horticom.ee\/e-pood\/\",\"name\":\"Horticom.ee\",\"description\":\"Aianduskaubad ja kodukaubad nii harrastajatele kui professionaalidele\",\"potentialAction\":[{\"@type\":\"SearchAction\",\"target\":{\"@type\":\"EntryPoint\",\"urlTemplate\":\"https:\/\/horticom.ee\/e-pood\/?s={search_term_string}\"},\"query-input\":{\"@type\":\"PropertyValueSpecification\",\"valueRequired\":true,\"valueName\":\"search_term_string\"}}],\"inLanguage\":\"ru-RU\"}]}<\/script>\n<!-- \/ Yoast SEO plugin. -->","yoast_head_json":{"title":"R\u00f5dukast Elho Algarve pikk 60cm terrakota - Horticom.ee","description":"Lillekast Algarve \u2013 Elegantne lillekast terrassile. Professionaalselt valmistatud, hea drenaa\u017ei ja \u00f5hutusega, et taimed kaua p\u00fcsiksid ilusad.","robots":{"index":"index","follow":"follow","max-snippet":"max-snippet:-1","max-image-preview":"max-image-preview:large","max-video-preview":"max-video-preview:-1"},"canonical":"https:\/\/horticom.ee\/e-pood\/toode\/rodukast-elho-algarve-pikk-60cm-terrakota\/","og_locale":"ru_RU","og_type":"article","og_title":"R\u00f5dukast Elho Algarve pikk 60cm terrakota - Horticom.ee","og_description":"Lillekast Algarve \u2013 Elegantne lillekast terrassile. Professionaalselt valmistatud, hea drenaa\u017ei ja \u00f5hutusega, et taimed kaua p\u00fcsiksid ilusad.","og_url":"https:\/\/horticom.ee\/e-pood\/toode\/rodukast-elho-algarve-pikk-60cm-terrakota\/","og_site_name":"Horticom.ee","article_publisher":"https:\/\/www.facebook.com\/horticom.ee\/e-pood","article_modified_time":"2026-04-30T00:10:21+00:00","og_image":[{"width":1000,"height":1000,"url":"https:\/\/horticom.ee\/e-pood\/wp-content\/uploads\/importedmedia\/product-2297991_0-6402225_270.jpg","type":"image\/jpeg"}],"twitter_card":"summary_large_image","schema":{"@context":"https:\/\/schema.org","@graph":[{"@type":"WebPage","@id":"https:\/\/horticom.ee\/e-pood\/toode\/rodukast-elho-algarve-pikk-60cm-terrakota\/","url":"https:\/\/horticom.ee\/e-pood\/toode\/rodukast-elho-algarve-pikk-60cm-terrakota\/","name":"R\u00f5dukast Elho Algarve pikk 60cm terrakota - Horticom.ee","isPartOf":{"@id":"https:\/\/horticom.ee\/e-pood\/#website"},"primaryImageOfPage":{"@id":"https:\/\/horticom.ee\/e-pood\/toode\/rodukast-elho-algarve-pikk-60cm-terrakota\/#primaryimage"},"image":{"@id":"https:\/\/horticom.ee\/e-pood\/toode\/rodukast-elho-algarve-pikk-60cm-terrakota\/#primaryimage"},"thumbnailUrl":"https:\/\/horticom.ee\/e-pood\/wp-content\/uploads\/importedmedia\/product-2297991_0-6402225_270.jpg","datePublished":"2024-10-09T09:00:30+00:00","dateModified":"2026-04-30T00:10:21+00:00","description":"Lillekast Algarve \u2013 Elegantne lillekast terrassile. Professionaalselt valmistatud, hea drenaa\u017ei ja \u00f5hutusega, et taimed kaua p\u00fcsiksid ilusad.","breadcrumb":{"@id":"https:\/\/horticom.ee\/e-pood\/toode\/rodukast-elho-algarve-pikk-60cm-terrakota\/#breadcrumb"},"inLanguage":"ru-RU","potentialAction":[{"@type":"ReadAction","target":["https:\/\/horticom.ee\/e-pood\/toode\/rodukast-elho-algarve-pikk-60cm-terrakota\/"]}]},{"@type":"ImageObject","inLanguage":"ru-RU","@id":"https:\/\/horticom.ee\/e-pood\/toode\/rodukast-elho-algarve-pikk-60cm-terrakota\/#primaryimage","url":"https:\/\/horticom.ee\/e-pood\/wp-content\/uploads\/importedmedia\/product-2297991_0-6402225_270.jpg","contentUrl":"https:\/\/horticom.ee\/e-pood\/wp-content\/uploads\/importedmedia\/product-2297991_0-6402225_270.jpg","width":1000,"height":1000},{"@type":"BreadcrumbList","@id":"https:\/\/horticom.ee\/e-pood\/toode\/rodukast-elho-algarve-pikk-60cm-terrakota\/#breadcrumb","itemListElement":[{"@type":"ListItem","position":1,"name":"Home","item":"https:\/\/horticom.ee\/e-pood\/"},{"@type":"ListItem","position":2,"name":"Pood","item":"https:\/\/horticom.ee\/e-pood\/pood\/"},{"@type":"ListItem","position":3,"name":"R\u00f5dukast Elho Algarve pikk 60cm terra"}]},{"@type":"WebSite","@id":"https:\/\/horticom.ee\/e-pood\/#website","url":"https:\/\/horticom.ee\/e-pood\/","name":"Horticom.ee","description":"Aianduskaubad ja kodukaubad nii harrastajatele kui professionaalidele","potentialAction":[{"@type":"SearchAction","target":{"@type":"EntryPoint","urlTemplate":"https:\/\/horticom.ee\/e-pood\/?s={search_term_string}"},"query-input":{"@type":"PropertyValueSpecification","valueRequired":true,"valueName":"search_term_string"}}],"inLanguage":"ru-RU"}]}},"_links":{"self":[{"href":"https:\/\/horticom.ee\/e-pood\/ru\/wp-json\/wp\/v2\/product\/2297991","targetHints":{"allow":["GET"]}}],"collection":[{"href":"https:\/\/horticom.ee\/e-pood\/ru\/wp-json\/wp\/v2\/product"}],"about":[{"href":"https:\/\/horticom.ee\/e-pood\/ru\/wp-json\/wp\/v2\/types\/product"}],"replies":[{"embeddable":true,"href":"https:\/\/horticom.ee\/e-pood\/ru\/wp-json\/wp\/v2\/comments?post=2297991"}],"wp:featuredmedia":[{"embeddable":true,"href":"https:\/\/horticom.ee\/e-pood\/ru\/wp-json\/wp\/v2\/media\/2383942"}],"wp:attachment":[{"href":"https:\/\/horticom.ee\/e-pood\/ru\/wp-json\/wp\/v2\/media?parent=2297991"}],"wp:term":[{"taxonomy":"product_cat","embeddable":true,"href":"https:\/\/horticom.ee\/e-pood\/ru\/wp-json\/wp\/v2\/product_cat?post=2297991"},{"taxonomy":"product_tag","embeddable":true,"href":"https:\/\/horticom.ee\/e-pood\/ru\/wp-json\/wp\/v2\/product_tag?post=2297991"}],"curies":[{"name":"wp","href":"https:\/\/api.w.org\/{rel}","templated":true}]}}