{"id":2297993,"date":"2024-10-09T12:00:31","date_gmt":"2024-10-09T09:00:31","guid":{"rendered":"https:\/\/horticom.ee\/e-pood\/toode\/rodukasti-kinnitus-seinale-metall-roheline\/"},"modified":"2026-04-08T03:10:53","modified_gmt":"2026-04-08T00:10:53","slug":"rodukasti-kinnitus-seinale-metall-roheline","status":"publish","type":"product","link":"https:\/\/horticom.ee\/e-pood\/ru\/toode\/rodukasti-kinnitus-seinale-metall-roheline\/","title":{"rendered":"R\u00f5dukasti kinnitus seinale metall roheline"},"content":{"rendered":"<p>R\u00f5dukasti konksude komplekt seianle sobib r\u00f5dukasti kinnitamiseks seinale. Metallist konksud on tugevad ja vastupidavad ning neid on kiire ja lihtne paigaldada. Konksud kannatavad kuni 20kg raskust ja konksude pikkus on reguleeritav.<\/p>\n","protected":false},"excerpt":{"rendered":"<p>R\u00f5dukasti konksude komplekt seianle sobib r\u00f5dukasti kinnitamiseks seinale. Metallist konksud on tugevad ja vastupidavad ning neid on kiire ja lihtne paigaldada. Konksud kannatavad kuni 20kg raskust ja konksude pikkus on reguleeritav.<\/p>\n","protected":false},"featured_media":2378200,"comment_status":"closed","ping_status":"closed","template":"","meta":{"_themeisle_gutenberg_block_has_review":false},"product_cat":[13442],"product_tag":[],"class_list":{"0":"post-2297993","1":"product","2":"type-product","3":"status-publish","4":"has-post-thumbnail","6":"product_cat-rodukasti-konksud","8":"first","9":"outofstock","10":"shipping-taxable","11":"purchasable","12":"product-type-simple"},"yoast_head":"<!-- This site is optimized with the Yoast SEO plugin v24.0 - https:\/\/yoast.com\/wordpress\/plugins\/seo\/ -->\n<title>R\u00f5dukasti kinnitus seinale metall roheline - Horticom.ee<\/title>\n<meta name=\"description\" content=\"R\u00f5dukasti konksude komplekt sobib r\u00f5du\u00e4\u00e4rele ja seinale. Tugevad, vastupidavad metallkonksud, lihtne ja kiire paigaldada. Kandev\u00f5ime kuni 20kg.\" \/>\n<meta name=\"robots\" content=\"index, follow, max-snippet:-1, max-image-preview:large, max-video-preview:-1\" \/>\n<link rel=\"canonical\" href=\"https:\/\/horticom.ee\/e-pood\/toode\/rodukasti-kinnitus-seinale-metall-roheline\/\" \/>\n<meta property=\"og:locale\" content=\"ru_RU\" \/>\n<meta property=\"og:type\" content=\"article\" \/>\n<meta property=\"og:title\" content=\"R\u00f5dukasti kinnitus seinale metall roheline - Horticom.ee\" \/>\n<meta property=\"og:description\" content=\"R\u00f5dukasti konksude komplekt sobib r\u00f5du\u00e4\u00e4rele ja seinale. Tugevad, vastupidavad metallkonksud, lihtne ja kiire paigaldada. Kandev\u00f5ime kuni 20kg.\" \/>\n<meta property=\"og:url\" content=\"https:\/\/horticom.ee\/e-pood\/toode\/rodukasti-kinnitus-seinale-metall-roheline\/\" \/>\n<meta property=\"og:site_name\" content=\"Horticom.ee\" \/>\n<meta property=\"article:publisher\" content=\"https:\/\/www.facebook.com\/horticom.ee\/e-pood\" \/>\n<meta property=\"article:modified_time\" content=\"2026-04-08T00:10:53+00:00\" \/>\n<meta property=\"og:image\" content=\"https:\/\/horticom.ee\/e-pood\/wp-content\/uploads\/importedmedia\/product-2297993_0-641070_7.jpg\" \/>\n\t<meta property=\"og:image:width\" content=\"999\" \/>\n\t<meta property=\"og:image:height\" content=\"666\" \/>\n\t<meta property=\"og:image:type\" content=\"image\/jpeg\" \/>\n<meta name=\"twitter:card\" content=\"summary_large_image\" \/>\n<script type=\"application\/ld+json\" class=\"yoast-schema-graph\">{\"@context\":\"https:\/\/schema.org\",\"@graph\":[{\"@type\":\"WebPage\",\"@id\":\"https:\/\/horticom.ee\/e-pood\/toode\/rodukasti-kinnitus-seinale-metall-roheline\/\",\"url\":\"https:\/\/horticom.ee\/e-pood\/toode\/rodukasti-kinnitus-seinale-metall-roheline\/\",\"name\":\"R\u00f5dukasti kinnitus seinale metall roheline - Horticom.ee\",\"isPartOf\":{\"@id\":\"https:\/\/horticom.ee\/e-pood\/#website\"},\"primaryImageOfPage\":{\"@id\":\"https:\/\/horticom.ee\/e-pood\/toode\/rodukasti-kinnitus-seinale-metall-roheline\/#primaryimage\"},\"image\":{\"@id\":\"https:\/\/horticom.ee\/e-pood\/toode\/rodukasti-kinnitus-seinale-metall-roheline\/#primaryimage\"},\"thumbnailUrl\":\"https:\/\/horticom.ee\/e-pood\/wp-content\/uploads\/importedmedia\/product-2297993_0-641070_7.jpg\",\"datePublished\":\"2024-10-09T09:00:31+00:00\",\"dateModified\":\"2026-04-08T00:10:53+00:00\",\"description\":\"R\u00f5dukasti konksude komplekt sobib r\u00f5du\u00e4\u00e4rele ja seinale. Tugevad, vastupidavad metallkonksud, lihtne ja kiire paigaldada. Kandev\u00f5ime kuni 20kg.\",\"breadcrumb\":{\"@id\":\"https:\/\/horticom.ee\/e-pood\/toode\/rodukasti-kinnitus-seinale-metall-roheline\/#breadcrumb\"},\"inLanguage\":\"ru-RU\",\"potentialAction\":[{\"@type\":\"ReadAction\",\"target\":[\"https:\/\/horticom.ee\/e-pood\/toode\/rodukasti-kinnitus-seinale-metall-roheline\/\"]}]},{\"@type\":\"ImageObject\",\"inLanguage\":\"ru-RU\",\"@id\":\"https:\/\/horticom.ee\/e-pood\/toode\/rodukasti-kinnitus-seinale-metall-roheline\/#primaryimage\",\"url\":\"https:\/\/horticom.ee\/e-pood\/wp-content\/uploads\/importedmedia\/product-2297993_0-641070_7.jpg\",\"contentUrl\":\"https:\/\/horticom.ee\/e-pood\/wp-content\/uploads\/importedmedia\/product-2297993_0-641070_7.jpg\",\"width\":999,\"height\":666},{\"@type\":\"BreadcrumbList\",\"@id\":\"https:\/\/horticom.ee\/e-pood\/toode\/rodukasti-kinnitus-seinale-metall-roheline\/#breadcrumb\",\"itemListElement\":[{\"@type\":\"ListItem\",\"position\":1,\"name\":\"Home\",\"item\":\"https:\/\/horticom.ee\/e-pood\/\"},{\"@type\":\"ListItem\",\"position\":2,\"name\":\"Pood\",\"item\":\"https:\/\/horticom.ee\/e-pood\/pood\/\"},{\"@type\":\"ListItem\",\"position\":3,\"name\":\"R\u00f5dukasti kinnitus seinale metall roheline\"}]},{\"@type\":\"WebSite\",\"@id\":\"https:\/\/horticom.ee\/e-pood\/#website\",\"url\":\"https:\/\/horticom.ee\/e-pood\/\",\"name\":\"Horticom.ee\",\"description\":\"Aianduskaubad ja kodukaubad nii harrastajatele kui professionaalidele\",\"potentialAction\":[{\"@type\":\"SearchAction\",\"target\":{\"@type\":\"EntryPoint\",\"urlTemplate\":\"https:\/\/horticom.ee\/e-pood\/?s={search_term_string}\"},\"query-input\":{\"@type\":\"PropertyValueSpecification\",\"valueRequired\":true,\"valueName\":\"search_term_string\"}}],\"inLanguage\":\"ru-RU\"}]}<\/script>\n<!-- \/ Yoast SEO plugin. -->","yoast_head_json":{"title":"R\u00f5dukasti kinnitus seinale metall roheline - Horticom.ee","description":"R\u00f5dukasti konksude komplekt sobib r\u00f5du\u00e4\u00e4rele ja seinale. Tugevad, vastupidavad metallkonksud, lihtne ja kiire paigaldada. Kandev\u00f5ime kuni 20kg.","robots":{"index":"index","follow":"follow","max-snippet":"max-snippet:-1","max-image-preview":"max-image-preview:large","max-video-preview":"max-video-preview:-1"},"canonical":"https:\/\/horticom.ee\/e-pood\/toode\/rodukasti-kinnitus-seinale-metall-roheline\/","og_locale":"ru_RU","og_type":"article","og_title":"R\u00f5dukasti kinnitus seinale metall roheline - Horticom.ee","og_description":"R\u00f5dukasti konksude komplekt sobib r\u00f5du\u00e4\u00e4rele ja seinale. Tugevad, vastupidavad metallkonksud, lihtne ja kiire paigaldada. Kandev\u00f5ime kuni 20kg.","og_url":"https:\/\/horticom.ee\/e-pood\/toode\/rodukasti-kinnitus-seinale-metall-roheline\/","og_site_name":"Horticom.ee","article_publisher":"https:\/\/www.facebook.com\/horticom.ee\/e-pood","article_modified_time":"2026-04-08T00:10:53+00:00","og_image":[{"width":999,"height":666,"url":"https:\/\/horticom.ee\/e-pood\/wp-content\/uploads\/importedmedia\/product-2297993_0-641070_7.jpg","type":"image\/jpeg"}],"twitter_card":"summary_large_image","schema":{"@context":"https:\/\/schema.org","@graph":[{"@type":"WebPage","@id":"https:\/\/horticom.ee\/e-pood\/toode\/rodukasti-kinnitus-seinale-metall-roheline\/","url":"https:\/\/horticom.ee\/e-pood\/toode\/rodukasti-kinnitus-seinale-metall-roheline\/","name":"R\u00f5dukasti kinnitus seinale metall roheline - Horticom.ee","isPartOf":{"@id":"https:\/\/horticom.ee\/e-pood\/#website"},"primaryImageOfPage":{"@id":"https:\/\/horticom.ee\/e-pood\/toode\/rodukasti-kinnitus-seinale-metall-roheline\/#primaryimage"},"image":{"@id":"https:\/\/horticom.ee\/e-pood\/toode\/rodukasti-kinnitus-seinale-metall-roheline\/#primaryimage"},"thumbnailUrl":"https:\/\/horticom.ee\/e-pood\/wp-content\/uploads\/importedmedia\/product-2297993_0-641070_7.jpg","datePublished":"2024-10-09T09:00:31+00:00","dateModified":"2026-04-08T00:10:53+00:00","description":"R\u00f5dukasti konksude komplekt sobib r\u00f5du\u00e4\u00e4rele ja seinale. Tugevad, vastupidavad metallkonksud, lihtne ja kiire paigaldada. Kandev\u00f5ime kuni 20kg.","breadcrumb":{"@id":"https:\/\/horticom.ee\/e-pood\/toode\/rodukasti-kinnitus-seinale-metall-roheline\/#breadcrumb"},"inLanguage":"ru-RU","potentialAction":[{"@type":"ReadAction","target":["https:\/\/horticom.ee\/e-pood\/toode\/rodukasti-kinnitus-seinale-metall-roheline\/"]}]},{"@type":"ImageObject","inLanguage":"ru-RU","@id":"https:\/\/horticom.ee\/e-pood\/toode\/rodukasti-kinnitus-seinale-metall-roheline\/#primaryimage","url":"https:\/\/horticom.ee\/e-pood\/wp-content\/uploads\/importedmedia\/product-2297993_0-641070_7.jpg","contentUrl":"https:\/\/horticom.ee\/e-pood\/wp-content\/uploads\/importedmedia\/product-2297993_0-641070_7.jpg","width":999,"height":666},{"@type":"BreadcrumbList","@id":"https:\/\/horticom.ee\/e-pood\/toode\/rodukasti-kinnitus-seinale-metall-roheline\/#breadcrumb","itemListElement":[{"@type":"ListItem","position":1,"name":"Home","item":"https:\/\/horticom.ee\/e-pood\/"},{"@type":"ListItem","position":2,"name":"Pood","item":"https:\/\/horticom.ee\/e-pood\/pood\/"},{"@type":"ListItem","position":3,"name":"R\u00f5dukasti kinnitus seinale metall roheline"}]},{"@type":"WebSite","@id":"https:\/\/horticom.ee\/e-pood\/#website","url":"https:\/\/horticom.ee\/e-pood\/","name":"Horticom.ee","description":"Aianduskaubad ja kodukaubad nii harrastajatele kui professionaalidele","potentialAction":[{"@type":"SearchAction","target":{"@type":"EntryPoint","urlTemplate":"https:\/\/horticom.ee\/e-pood\/?s={search_term_string}"},"query-input":{"@type":"PropertyValueSpecification","valueRequired":true,"valueName":"search_term_string"}}],"inLanguage":"ru-RU"}]}},"_links":{"self":[{"href":"https:\/\/horticom.ee\/e-pood\/ru\/wp-json\/wp\/v2\/product\/2297993","targetHints":{"allow":["GET"]}}],"collection":[{"href":"https:\/\/horticom.ee\/e-pood\/ru\/wp-json\/wp\/v2\/product"}],"about":[{"href":"https:\/\/horticom.ee\/e-pood\/ru\/wp-json\/wp\/v2\/types\/product"}],"replies":[{"embeddable":true,"href":"https:\/\/horticom.ee\/e-pood\/ru\/wp-json\/wp\/v2\/comments?post=2297993"}],"wp:featuredmedia":[{"embeddable":true,"href":"https:\/\/horticom.ee\/e-pood\/ru\/wp-json\/wp\/v2\/media\/2378200"}],"wp:attachment":[{"href":"https:\/\/horticom.ee\/e-pood\/ru\/wp-json\/wp\/v2\/media?parent=2297993"}],"wp:term":[{"taxonomy":"product_cat","embeddable":true,"href":"https:\/\/horticom.ee\/e-pood\/ru\/wp-json\/wp\/v2\/product_cat?post=2297993"},{"taxonomy":"product_tag","embeddable":true,"href":"https:\/\/horticom.ee\/e-pood\/ru\/wp-json\/wp\/v2\/product_tag?post=2297993"}],"curies":[{"name":"wp","href":"https:\/\/api.w.org\/{rel}","templated":true}]}}