{"id":2297995,"date":"2024-10-09T12:00:31","date_gmt":"2024-10-09T09:00:31","guid":{"rendered":"https:\/\/horticom.ee\/e-pood\/toode\/rodukasti-kinnitus-seinale-metall-valge\/"},"modified":"2026-04-08T03:10:53","modified_gmt":"2026-04-08T00:10:53","slug":"rodukasti-kinnitus-seinale-metall-valge","status":"publish","type":"product","link":"https:\/\/horticom.ee\/e-pood\/ru\/toode\/rodukasti-kinnitus-seinale-metall-valge\/","title":{"rendered":"R\u00f5dukasti kinnitus seinale metall valge"},"content":{"rendered":"<p>R\u00f5dukasti konksude komplekt sobib r\u00f5dukasti kinnitamiseks nii r\u00f5du\u00e4\u00e4rele kui ka seinale. Metallist konksud on tugevad ja vastupidavad ning neid on kiire ja lihtne paigaldada.<\/p>\n","protected":false},"excerpt":{"rendered":"<p>R\u00f5dukasti konksude komplekt sobib r\u00f5dukasti kinnitamiseks nii r\u00f5du\u00e4\u00e4rele kui ka seinale. Metallist konksud on tugevad ja vastupidavad ning neid on kiire ja lihtne paigaldada.<\/p>\n","protected":false},"featured_media":2378198,"comment_status":"closed","ping_status":"closed","template":"","meta":{"_themeisle_gutenberg_block_has_review":false},"product_cat":[13442],"product_tag":[],"class_list":{"0":"post-2297995","1":"product","2":"type-product","3":"status-publish","4":"has-post-thumbnail","6":"product_cat-rodukasti-konksud","8":"first","9":"outofstock","10":"sale","11":"shipping-taxable","12":"purchasable","13":"product-type-simple"},"yoast_head":"<!-- This site is optimized with the Yoast SEO plugin v24.0 - https:\/\/yoast.com\/wordpress\/plugins\/seo\/ -->\n<title>R\u00f5dukasti kinnitus seinale metall valge - Horticom.ee<\/title>\n<meta name=\"description\" content=\"R\u00f5dukasti konksude komplekt sobib r\u00f5du\u00e4\u00e4rele ja seinale. Tugevad, vastupidavad metallkonksud, lihtne ja kiire paigaldada. Kandev\u00f5ime kuni 20kg.\" \/>\n<meta name=\"robots\" content=\"index, follow, max-snippet:-1, max-image-preview:large, max-video-preview:-1\" \/>\n<link rel=\"canonical\" href=\"https:\/\/horticom.ee\/e-pood\/toode\/rodukasti-kinnitus-seinale-metall-valge\/\" \/>\n<meta property=\"og:locale\" content=\"ru_RU\" \/>\n<meta property=\"og:type\" content=\"article\" \/>\n<meta property=\"og:title\" content=\"R\u00f5dukasti kinnitus seinale metall valge - Horticom.ee\" \/>\n<meta property=\"og:description\" content=\"R\u00f5dukasti konksude komplekt sobib r\u00f5du\u00e4\u00e4rele ja seinale. Tugevad, vastupidavad metallkonksud, lihtne ja kiire paigaldada. Kandev\u00f5ime kuni 20kg.\" \/>\n<meta property=\"og:url\" content=\"https:\/\/horticom.ee\/e-pood\/toode\/rodukasti-kinnitus-seinale-metall-valge\/\" \/>\n<meta property=\"og:site_name\" content=\"Horticom.ee\" \/>\n<meta property=\"article:publisher\" content=\"https:\/\/www.facebook.com\/horticom.ee\/e-pood\" \/>\n<meta property=\"article:modified_time\" content=\"2026-04-08T00:10:53+00:00\" \/>\n<meta property=\"og:image\" content=\"https:\/\/horticom.ee\/e-pood\/wp-content\/uploads\/importedmedia\/product-2297995_0-641070_1.jpg\" \/>\n\t<meta property=\"og:image:width\" content=\"999\" \/>\n\t<meta property=\"og:image:height\" content=\"863\" \/>\n\t<meta property=\"og:image:type\" content=\"image\/jpeg\" \/>\n<meta name=\"twitter:card\" content=\"summary_large_image\" \/>\n<script type=\"application\/ld+json\" class=\"yoast-schema-graph\">{\"@context\":\"https:\/\/schema.org\",\"@graph\":[{\"@type\":\"WebPage\",\"@id\":\"https:\/\/horticom.ee\/e-pood\/toode\/rodukasti-kinnitus-seinale-metall-valge\/\",\"url\":\"https:\/\/horticom.ee\/e-pood\/toode\/rodukasti-kinnitus-seinale-metall-valge\/\",\"name\":\"R\u00f5dukasti kinnitus seinale metall valge - Horticom.ee\",\"isPartOf\":{\"@id\":\"https:\/\/horticom.ee\/e-pood\/#website\"},\"primaryImageOfPage\":{\"@id\":\"https:\/\/horticom.ee\/e-pood\/toode\/rodukasti-kinnitus-seinale-metall-valge\/#primaryimage\"},\"image\":{\"@id\":\"https:\/\/horticom.ee\/e-pood\/toode\/rodukasti-kinnitus-seinale-metall-valge\/#primaryimage\"},\"thumbnailUrl\":\"https:\/\/horticom.ee\/e-pood\/wp-content\/uploads\/importedmedia\/product-2297995_0-641070_1.jpg\",\"datePublished\":\"2024-10-09T09:00:31+00:00\",\"dateModified\":\"2026-04-08T00:10:53+00:00\",\"description\":\"R\u00f5dukasti konksude komplekt sobib r\u00f5du\u00e4\u00e4rele ja seinale. Tugevad, vastupidavad metallkonksud, lihtne ja kiire paigaldada. Kandev\u00f5ime kuni 20kg.\",\"breadcrumb\":{\"@id\":\"https:\/\/horticom.ee\/e-pood\/toode\/rodukasti-kinnitus-seinale-metall-valge\/#breadcrumb\"},\"inLanguage\":\"ru-RU\",\"potentialAction\":[{\"@type\":\"ReadAction\",\"target\":[\"https:\/\/horticom.ee\/e-pood\/toode\/rodukasti-kinnitus-seinale-metall-valge\/\"]}]},{\"@type\":\"ImageObject\",\"inLanguage\":\"ru-RU\",\"@id\":\"https:\/\/horticom.ee\/e-pood\/toode\/rodukasti-kinnitus-seinale-metall-valge\/#primaryimage\",\"url\":\"https:\/\/horticom.ee\/e-pood\/wp-content\/uploads\/importedmedia\/product-2297995_0-641070_1.jpg\",\"contentUrl\":\"https:\/\/horticom.ee\/e-pood\/wp-content\/uploads\/importedmedia\/product-2297995_0-641070_1.jpg\",\"width\":999,\"height\":863},{\"@type\":\"BreadcrumbList\",\"@id\":\"https:\/\/horticom.ee\/e-pood\/toode\/rodukasti-kinnitus-seinale-metall-valge\/#breadcrumb\",\"itemListElement\":[{\"@type\":\"ListItem\",\"position\":1,\"name\":\"Home\",\"item\":\"https:\/\/horticom.ee\/e-pood\/\"},{\"@type\":\"ListItem\",\"position\":2,\"name\":\"Pood\",\"item\":\"https:\/\/horticom.ee\/e-pood\/pood\/\"},{\"@type\":\"ListItem\",\"position\":3,\"name\":\"R\u00f5dukasti kinnitus seinale metall valge\"}]},{\"@type\":\"WebSite\",\"@id\":\"https:\/\/horticom.ee\/e-pood\/#website\",\"url\":\"https:\/\/horticom.ee\/e-pood\/\",\"name\":\"Horticom.ee\",\"description\":\"Aianduskaubad ja kodukaubad nii harrastajatele kui professionaalidele\",\"potentialAction\":[{\"@type\":\"SearchAction\",\"target\":{\"@type\":\"EntryPoint\",\"urlTemplate\":\"https:\/\/horticom.ee\/e-pood\/?s={search_term_string}\"},\"query-input\":{\"@type\":\"PropertyValueSpecification\",\"valueRequired\":true,\"valueName\":\"search_term_string\"}}],\"inLanguage\":\"ru-RU\"}]}<\/script>\n<!-- \/ Yoast SEO plugin. -->","yoast_head_json":{"title":"R\u00f5dukasti kinnitus seinale metall valge - Horticom.ee","description":"R\u00f5dukasti konksude komplekt sobib r\u00f5du\u00e4\u00e4rele ja seinale. Tugevad, vastupidavad metallkonksud, lihtne ja kiire paigaldada. Kandev\u00f5ime kuni 20kg.","robots":{"index":"index","follow":"follow","max-snippet":"max-snippet:-1","max-image-preview":"max-image-preview:large","max-video-preview":"max-video-preview:-1"},"canonical":"https:\/\/horticom.ee\/e-pood\/toode\/rodukasti-kinnitus-seinale-metall-valge\/","og_locale":"ru_RU","og_type":"article","og_title":"R\u00f5dukasti kinnitus seinale metall valge - Horticom.ee","og_description":"R\u00f5dukasti konksude komplekt sobib r\u00f5du\u00e4\u00e4rele ja seinale. Tugevad, vastupidavad metallkonksud, lihtne ja kiire paigaldada. Kandev\u00f5ime kuni 20kg.","og_url":"https:\/\/horticom.ee\/e-pood\/toode\/rodukasti-kinnitus-seinale-metall-valge\/","og_site_name":"Horticom.ee","article_publisher":"https:\/\/www.facebook.com\/horticom.ee\/e-pood","article_modified_time":"2026-04-08T00:10:53+00:00","og_image":[{"width":999,"height":863,"url":"https:\/\/horticom.ee\/e-pood\/wp-content\/uploads\/importedmedia\/product-2297995_0-641070_1.jpg","type":"image\/jpeg"}],"twitter_card":"summary_large_image","schema":{"@context":"https:\/\/schema.org","@graph":[{"@type":"WebPage","@id":"https:\/\/horticom.ee\/e-pood\/toode\/rodukasti-kinnitus-seinale-metall-valge\/","url":"https:\/\/horticom.ee\/e-pood\/toode\/rodukasti-kinnitus-seinale-metall-valge\/","name":"R\u00f5dukasti kinnitus seinale metall valge - Horticom.ee","isPartOf":{"@id":"https:\/\/horticom.ee\/e-pood\/#website"},"primaryImageOfPage":{"@id":"https:\/\/horticom.ee\/e-pood\/toode\/rodukasti-kinnitus-seinale-metall-valge\/#primaryimage"},"image":{"@id":"https:\/\/horticom.ee\/e-pood\/toode\/rodukasti-kinnitus-seinale-metall-valge\/#primaryimage"},"thumbnailUrl":"https:\/\/horticom.ee\/e-pood\/wp-content\/uploads\/importedmedia\/product-2297995_0-641070_1.jpg","datePublished":"2024-10-09T09:00:31+00:00","dateModified":"2026-04-08T00:10:53+00:00","description":"R\u00f5dukasti konksude komplekt sobib r\u00f5du\u00e4\u00e4rele ja seinale. Tugevad, vastupidavad metallkonksud, lihtne ja kiire paigaldada. Kandev\u00f5ime kuni 20kg.","breadcrumb":{"@id":"https:\/\/horticom.ee\/e-pood\/toode\/rodukasti-kinnitus-seinale-metall-valge\/#breadcrumb"},"inLanguage":"ru-RU","potentialAction":[{"@type":"ReadAction","target":["https:\/\/horticom.ee\/e-pood\/toode\/rodukasti-kinnitus-seinale-metall-valge\/"]}]},{"@type":"ImageObject","inLanguage":"ru-RU","@id":"https:\/\/horticom.ee\/e-pood\/toode\/rodukasti-kinnitus-seinale-metall-valge\/#primaryimage","url":"https:\/\/horticom.ee\/e-pood\/wp-content\/uploads\/importedmedia\/product-2297995_0-641070_1.jpg","contentUrl":"https:\/\/horticom.ee\/e-pood\/wp-content\/uploads\/importedmedia\/product-2297995_0-641070_1.jpg","width":999,"height":863},{"@type":"BreadcrumbList","@id":"https:\/\/horticom.ee\/e-pood\/toode\/rodukasti-kinnitus-seinale-metall-valge\/#breadcrumb","itemListElement":[{"@type":"ListItem","position":1,"name":"Home","item":"https:\/\/horticom.ee\/e-pood\/"},{"@type":"ListItem","position":2,"name":"Pood","item":"https:\/\/horticom.ee\/e-pood\/pood\/"},{"@type":"ListItem","position":3,"name":"R\u00f5dukasti kinnitus seinale metall valge"}]},{"@type":"WebSite","@id":"https:\/\/horticom.ee\/e-pood\/#website","url":"https:\/\/horticom.ee\/e-pood\/","name":"Horticom.ee","description":"Aianduskaubad ja kodukaubad nii harrastajatele kui professionaalidele","potentialAction":[{"@type":"SearchAction","target":{"@type":"EntryPoint","urlTemplate":"https:\/\/horticom.ee\/e-pood\/?s={search_term_string}"},"query-input":{"@type":"PropertyValueSpecification","valueRequired":true,"valueName":"search_term_string"}}],"inLanguage":"ru-RU"}]}},"_links":{"self":[{"href":"https:\/\/horticom.ee\/e-pood\/ru\/wp-json\/wp\/v2\/product\/2297995","targetHints":{"allow":["GET"]}}],"collection":[{"href":"https:\/\/horticom.ee\/e-pood\/ru\/wp-json\/wp\/v2\/product"}],"about":[{"href":"https:\/\/horticom.ee\/e-pood\/ru\/wp-json\/wp\/v2\/types\/product"}],"replies":[{"embeddable":true,"href":"https:\/\/horticom.ee\/e-pood\/ru\/wp-json\/wp\/v2\/comments?post=2297995"}],"wp:featuredmedia":[{"embeddable":true,"href":"https:\/\/horticom.ee\/e-pood\/ru\/wp-json\/wp\/v2\/media\/2378198"}],"wp:attachment":[{"href":"https:\/\/horticom.ee\/e-pood\/ru\/wp-json\/wp\/v2\/media?parent=2297995"}],"wp:term":[{"taxonomy":"product_cat","embeddable":true,"href":"https:\/\/horticom.ee\/e-pood\/ru\/wp-json\/wp\/v2\/product_cat?post=2297995"},{"taxonomy":"product_tag","embeddable":true,"href":"https:\/\/horticom.ee\/e-pood\/ru\/wp-json\/wp\/v2\/product_tag?post=2297995"}],"curies":[{"name":"wp","href":"https:\/\/api.w.org\/{rel}","templated":true}]}}