{"id":2298277,"date":"2024-10-11T06:00:48","date_gmt":"2024-10-11T03:00:48","guid":{"rendered":"https:\/\/horticom.ee\/e-pood\/toode\/rodukast-artevasi-madagascar-80cm-34l-antrasiit\/"},"modified":"2025-07-03T11:06:56","modified_gmt":"2025-07-03T08:06:56","slug":"rodukast-artevasi-madagascar-80cm-34l-antrasiit","status":"publish","type":"product","link":"https:\/\/horticom.ee\/e-pood\/ru\/toode\/rodukast-artevasi-madagascar-80cm-34l-antrasiit\/","title":{"rendered":"R\u00f5dukast Artevasi Madagascar 80cm 13L antrasiit"},"content":{"rendered":"<p>R\u00f5dukast Artevasi Madagascar, mis on spetsiaalselt v\u00e4lja t\u00f6\u00f6tatud taime kasvu soodustamiseks. Toodetud taaskasutatud materjalidest ning on ise samuti taask\u00e4ideldav. Materjal k\u00fclmakindel ning UV-kaitsega, seega kasutatav nii sise- kui v\u00e4listingimustes. Sobib alustaldrik l\u00e4bim\u00f5\u00f5duga 80cm.<\/p>\n","protected":false},"excerpt":{"rendered":"<p>R\u00f5dukast Artevasi Madagascar, mis on spetsiaalselt v\u00e4lja t\u00f6\u00f6tatud taime kasvu soodustamiseks. Toodetud taaskasutatud materjalidest ning on ise samuti taask\u00e4ideldav. Materjal k\u00fclmakindel ning UV-kaitsega, seega kasutatav nii sise- kui v\u00e4listingimustes. Sobib alustaldrik l\u00e4bim\u00f5\u00f5duga 80cm.<\/p>\n","protected":false},"featured_media":2380710,"comment_status":"closed","ping_status":"closed","template":"","meta":{"_themeisle_gutenberg_block_has_review":false},"product_cat":[18563,13444],"product_tag":[],"class_list":{"0":"post-2298277","1":"product","2":"type-product","3":"status-publish","4":"has-post-thumbnail","6":"product_cat-lopumuugitooted","7":"product_cat-rodukastid","9":"first","10":"outofstock","11":"shipping-taxable","12":"purchasable","13":"product-type-simple"},"yoast_head":"<!-- This site is optimized with the Yoast SEO plugin v24.0 - https:\/\/yoast.com\/wordpress\/plugins\/seo\/ -->\n<title>R\u00f5dukast Artevasi Madagascar 80cm 13L antrasiit - Horticom<\/title>\n<meta name=\"robots\" content=\"index, follow, max-snippet:-1, max-image-preview:large, max-video-preview:-1\" \/>\n<link rel=\"canonical\" href=\"https:\/\/horticom.ee\/e-pood\/toode\/rodukast-artevasi-madagascar-80cm-34l-antrasiit\/\" \/>\n<meta property=\"og:locale\" content=\"ru_RU\" \/>\n<meta property=\"og:type\" content=\"article\" \/>\n<meta property=\"og:title\" content=\"R\u00f5dukast Artevasi Madagascar 80cm 13L antrasiit - Horticom\" \/>\n<meta property=\"og:description\" content=\"R\u00f5dukast Artevasi Madagascar, mis on spetsiaalselt v\u00e4lja t\u00f6\u00f6tatud taime kasvu soodustamiseks. Toodetud taaskasutatud materjalidest ning on ise samuti taask\u00e4ideldav. Materjal k\u00fclmakindel ning UV-kaitsega, seega kasutatav nii sise- kui v\u00e4listingimustes. Sobib alustaldrik l\u00e4bim\u00f5\u00f5duga 80cm.\" \/>\n<meta property=\"og:url\" content=\"https:\/\/horticom.ee\/e-pood\/toode\/rodukast-artevasi-madagascar-80cm-34l-antrasiit\/\" \/>\n<meta property=\"og:site_name\" content=\"Horticom.ee\" \/>\n<meta property=\"article:publisher\" content=\"https:\/\/www.facebook.com\/horticom.ee\/e-pood\" \/>\n<meta property=\"article:modified_time\" content=\"2025-07-03T08:06:56+00:00\" \/>\n<meta property=\"og:image\" content=\"https:\/\/horticom.ee\/e-pood\/wp-content\/uploads\/importedmedia\/product-2298277_0-532838350.jpg\" \/>\n\t<meta property=\"og:image:width\" content=\"999\" \/>\n\t<meta property=\"og:image:height\" content=\"1142\" \/>\n\t<meta property=\"og:image:type\" content=\"image\/jpeg\" \/>\n<meta name=\"twitter:card\" content=\"summary_large_image\" \/>\n<script type=\"application\/ld+json\" class=\"yoast-schema-graph\">{\"@context\":\"https:\/\/schema.org\",\"@graph\":[{\"@type\":\"WebPage\",\"@id\":\"https:\/\/horticom.ee\/e-pood\/toode\/rodukast-artevasi-madagascar-80cm-34l-antrasiit\/\",\"url\":\"https:\/\/horticom.ee\/e-pood\/toode\/rodukast-artevasi-madagascar-80cm-34l-antrasiit\/\",\"name\":\"R\u00f5dukast Artevasi Madagascar 80cm 13L antrasiit - Horticom\",\"isPartOf\":{\"@id\":\"https:\/\/horticom.ee\/e-pood\/#website\"},\"primaryImageOfPage\":{\"@id\":\"https:\/\/horticom.ee\/e-pood\/toode\/rodukast-artevasi-madagascar-80cm-34l-antrasiit\/#primaryimage\"},\"image\":{\"@id\":\"https:\/\/horticom.ee\/e-pood\/toode\/rodukast-artevasi-madagascar-80cm-34l-antrasiit\/#primaryimage\"},\"thumbnailUrl\":\"https:\/\/horticom.ee\/e-pood\/wp-content\/uploads\/importedmedia\/product-2298277_0-532838350.jpg\",\"datePublished\":\"2024-10-11T03:00:48+00:00\",\"dateModified\":\"2025-07-03T08:06:56+00:00\",\"breadcrumb\":{\"@id\":\"https:\/\/horticom.ee\/e-pood\/toode\/rodukast-artevasi-madagascar-80cm-34l-antrasiit\/#breadcrumb\"},\"inLanguage\":\"ru-RU\",\"potentialAction\":[{\"@type\":\"ReadAction\",\"target\":[\"https:\/\/horticom.ee\/e-pood\/toode\/rodukast-artevasi-madagascar-80cm-34l-antrasiit\/\"]}]},{\"@type\":\"ImageObject\",\"inLanguage\":\"ru-RU\",\"@id\":\"https:\/\/horticom.ee\/e-pood\/toode\/rodukast-artevasi-madagascar-80cm-34l-antrasiit\/#primaryimage\",\"url\":\"https:\/\/horticom.ee\/e-pood\/wp-content\/uploads\/importedmedia\/product-2298277_0-532838350.jpg\",\"contentUrl\":\"https:\/\/horticom.ee\/e-pood\/wp-content\/uploads\/importedmedia\/product-2298277_0-532838350.jpg\",\"width\":999,\"height\":1142},{\"@type\":\"BreadcrumbList\",\"@id\":\"https:\/\/horticom.ee\/e-pood\/toode\/rodukast-artevasi-madagascar-80cm-34l-antrasiit\/#breadcrumb\",\"itemListElement\":[{\"@type\":\"ListItem\",\"position\":1,\"name\":\"Home\",\"item\":\"https:\/\/horticom.ee\/e-pood\/\"},{\"@type\":\"ListItem\",\"position\":2,\"name\":\"Pood\",\"item\":\"https:\/\/horticom.ee\/e-pood\/pood\/\"},{\"@type\":\"ListItem\",\"position\":3,\"name\":\"R\u00f5dukast Artevasi Madagascar 80cm 13L antrasiit\"}]},{\"@type\":\"WebSite\",\"@id\":\"https:\/\/horticom.ee\/e-pood\/#website\",\"url\":\"https:\/\/horticom.ee\/e-pood\/\",\"name\":\"Horticom.ee\",\"description\":\"Aianduskaubad ja kodukaubad nii harrastajatele kui professionaalidele\",\"potentialAction\":[{\"@type\":\"SearchAction\",\"target\":{\"@type\":\"EntryPoint\",\"urlTemplate\":\"https:\/\/horticom.ee\/e-pood\/?s={search_term_string}\"},\"query-input\":{\"@type\":\"PropertyValueSpecification\",\"valueRequired\":true,\"valueName\":\"search_term_string\"}}],\"inLanguage\":\"ru-RU\"}]}<\/script>\n<!-- \/ Yoast SEO plugin. -->","yoast_head_json":{"title":"R\u00f5dukast Artevasi Madagascar 80cm 13L antrasiit - Horticom","robots":{"index":"index","follow":"follow","max-snippet":"max-snippet:-1","max-image-preview":"max-image-preview:large","max-video-preview":"max-video-preview:-1"},"canonical":"https:\/\/horticom.ee\/e-pood\/toode\/rodukast-artevasi-madagascar-80cm-34l-antrasiit\/","og_locale":"ru_RU","og_type":"article","og_title":"R\u00f5dukast Artevasi Madagascar 80cm 13L antrasiit - Horticom","og_description":"R\u00f5dukast Artevasi Madagascar, mis on spetsiaalselt v\u00e4lja t\u00f6\u00f6tatud taime kasvu soodustamiseks. Toodetud taaskasutatud materjalidest ning on ise samuti taask\u00e4ideldav. Materjal k\u00fclmakindel ning UV-kaitsega, seega kasutatav nii sise- kui v\u00e4listingimustes. Sobib alustaldrik l\u00e4bim\u00f5\u00f5duga 80cm.","og_url":"https:\/\/horticom.ee\/e-pood\/toode\/rodukast-artevasi-madagascar-80cm-34l-antrasiit\/","og_site_name":"Horticom.ee","article_publisher":"https:\/\/www.facebook.com\/horticom.ee\/e-pood","article_modified_time":"2025-07-03T08:06:56+00:00","og_image":[{"width":999,"height":1142,"url":"https:\/\/horticom.ee\/e-pood\/wp-content\/uploads\/importedmedia\/product-2298277_0-532838350.jpg","type":"image\/jpeg"}],"twitter_card":"summary_large_image","schema":{"@context":"https:\/\/schema.org","@graph":[{"@type":"WebPage","@id":"https:\/\/horticom.ee\/e-pood\/toode\/rodukast-artevasi-madagascar-80cm-34l-antrasiit\/","url":"https:\/\/horticom.ee\/e-pood\/toode\/rodukast-artevasi-madagascar-80cm-34l-antrasiit\/","name":"R\u00f5dukast Artevasi Madagascar 80cm 13L antrasiit - Horticom","isPartOf":{"@id":"https:\/\/horticom.ee\/e-pood\/#website"},"primaryImageOfPage":{"@id":"https:\/\/horticom.ee\/e-pood\/toode\/rodukast-artevasi-madagascar-80cm-34l-antrasiit\/#primaryimage"},"image":{"@id":"https:\/\/horticom.ee\/e-pood\/toode\/rodukast-artevasi-madagascar-80cm-34l-antrasiit\/#primaryimage"},"thumbnailUrl":"https:\/\/horticom.ee\/e-pood\/wp-content\/uploads\/importedmedia\/product-2298277_0-532838350.jpg","datePublished":"2024-10-11T03:00:48+00:00","dateModified":"2025-07-03T08:06:56+00:00","breadcrumb":{"@id":"https:\/\/horticom.ee\/e-pood\/toode\/rodukast-artevasi-madagascar-80cm-34l-antrasiit\/#breadcrumb"},"inLanguage":"ru-RU","potentialAction":[{"@type":"ReadAction","target":["https:\/\/horticom.ee\/e-pood\/toode\/rodukast-artevasi-madagascar-80cm-34l-antrasiit\/"]}]},{"@type":"ImageObject","inLanguage":"ru-RU","@id":"https:\/\/horticom.ee\/e-pood\/toode\/rodukast-artevasi-madagascar-80cm-34l-antrasiit\/#primaryimage","url":"https:\/\/horticom.ee\/e-pood\/wp-content\/uploads\/importedmedia\/product-2298277_0-532838350.jpg","contentUrl":"https:\/\/horticom.ee\/e-pood\/wp-content\/uploads\/importedmedia\/product-2298277_0-532838350.jpg","width":999,"height":1142},{"@type":"BreadcrumbList","@id":"https:\/\/horticom.ee\/e-pood\/toode\/rodukast-artevasi-madagascar-80cm-34l-antrasiit\/#breadcrumb","itemListElement":[{"@type":"ListItem","position":1,"name":"Home","item":"https:\/\/horticom.ee\/e-pood\/"},{"@type":"ListItem","position":2,"name":"Pood","item":"https:\/\/horticom.ee\/e-pood\/pood\/"},{"@type":"ListItem","position":3,"name":"R\u00f5dukast Artevasi Madagascar 80cm 13L antrasiit"}]},{"@type":"WebSite","@id":"https:\/\/horticom.ee\/e-pood\/#website","url":"https:\/\/horticom.ee\/e-pood\/","name":"Horticom.ee","description":"Aianduskaubad ja kodukaubad nii harrastajatele kui professionaalidele","potentialAction":[{"@type":"SearchAction","target":{"@type":"EntryPoint","urlTemplate":"https:\/\/horticom.ee\/e-pood\/?s={search_term_string}"},"query-input":{"@type":"PropertyValueSpecification","valueRequired":true,"valueName":"search_term_string"}}],"inLanguage":"ru-RU"}]}},"_links":{"self":[{"href":"https:\/\/horticom.ee\/e-pood\/ru\/wp-json\/wp\/v2\/product\/2298277","targetHints":{"allow":["GET"]}}],"collection":[{"href":"https:\/\/horticom.ee\/e-pood\/ru\/wp-json\/wp\/v2\/product"}],"about":[{"href":"https:\/\/horticom.ee\/e-pood\/ru\/wp-json\/wp\/v2\/types\/product"}],"replies":[{"embeddable":true,"href":"https:\/\/horticom.ee\/e-pood\/ru\/wp-json\/wp\/v2\/comments?post=2298277"}],"wp:featuredmedia":[{"embeddable":true,"href":"https:\/\/horticom.ee\/e-pood\/ru\/wp-json\/wp\/v2\/media\/2380710"}],"wp:attachment":[{"href":"https:\/\/horticom.ee\/e-pood\/ru\/wp-json\/wp\/v2\/media?parent=2298277"}],"wp:term":[{"taxonomy":"product_cat","embeddable":true,"href":"https:\/\/horticom.ee\/e-pood\/ru\/wp-json\/wp\/v2\/product_cat?post=2298277"},{"taxonomy":"product_tag","embeddable":true,"href":"https:\/\/horticom.ee\/e-pood\/ru\/wp-json\/wp\/v2\/product_tag?post=2298277"}],"curies":[{"name":"wp","href":"https:\/\/api.w.org\/{rel}","templated":true}]}}