{"id":2298718,"date":"2024-10-15T06:00:17","date_gmt":"2024-10-15T03:00:17","guid":{"rendered":"https:\/\/horticom.ee\/e-pood\/toode\/pritsi-lehtserv-marolex\/"},"modified":"2026-05-13T03:00:32","modified_gmt":"2026-05-13T00:00:32","slug":"pritsi-lehtserv-marolex","status":"publish","type":"product","link":"https:\/\/horticom.ee\/e-pood\/ru\/toode\/pritsi-lehtserv-marolex\/","title":{"rendered":"Pritsi lehtserv Marolex"},"content":{"rendered":"<p>Pritsi lehtserv Marolex on t\u00e4pse pritsimise jaoks m\u00f5eldud t\u00e4iustatud herbitsiidikate, valmistatud vastupidavast plastikust. Katte m\u00f5\u00f5tmed on sobitatud herbitsiidid\u00fc\u00fcside pihustusnurkadega ning t\u00e4nu lihtsale montaa\u017eimeetodile saab katteid kasutada k\u00f5igi Marolexi ja teiste tootjate torudega.<\/p>\n","protected":false},"excerpt":{"rendered":"<p>Pritsi lehtserv Marolex on t\u00e4pse pritsimise jaoks m\u00f5eldud t\u00e4iustatud herbitsiidikate, valmistatud vastupidavast plastikust. Katte m\u00f5\u00f5tmed on sobitatud herbitsiidid\u00fc\u00fcside pihustusnurkadega ning t\u00e4nu lihtsale montaa\u017eimeetodile saab katteid kasutada k\u00f5igi Marolexi ja teiste tootjate torudega.<\/p>\n","protected":false},"featured_media":2320492,"comment_status":"closed","ping_status":"closed","template":"","meta":{"_themeisle_gutenberg_block_has_review":false},"product_cat":[18563,14015,13620],"product_tag":[],"class_list":{"0":"post-2298718","1":"product","2":"type-product","3":"status-publish","4":"has-post-thumbnail","6":"product_cat-lopumuugitooted","7":"product_cat-pritsid","8":"product_cat-survepritsid-tootjale","10":"first","11":"instock","12":"sale","13":"shipping-taxable","14":"purchasable","15":"product-type-simple"},"yoast_head":"<!-- This site is optimized with the Yoast SEO plugin v24.0 - https:\/\/yoast.com\/wordpress\/plugins\/seo\/ -->\n<title>Pritsi lehtserv Marolex - Horticom<\/title>\n<meta name=\"robots\" content=\"index, follow, max-snippet:-1, max-image-preview:large, max-video-preview:-1\" \/>\n<link rel=\"canonical\" href=\"https:\/\/horticom.ee\/e-pood\/toode\/pritsi-lehtserv-marolex\/\" \/>\n<meta property=\"og:locale\" content=\"ru_RU\" \/>\n<meta property=\"og:type\" content=\"article\" \/>\n<meta property=\"og:title\" content=\"Pritsi lehtserv Marolex - Horticom\" \/>\n<meta property=\"og:description\" content=\"Pritsi lehtserv Marolex on t\u00e4pse pritsimise jaoks m\u00f5eldud t\u00e4iustatud herbitsiidikate, valmistatud vastupidavast plastikust. Katte m\u00f5\u00f5tmed on sobitatud herbitsiidid\u00fc\u00fcside pihustusnurkadega ning t\u00e4nu lihtsale montaa\u017eimeetodile saab katteid kasutada k\u00f5igi Marolexi ja teiste tootjate torudega.\" \/>\n<meta property=\"og:url\" content=\"https:\/\/horticom.ee\/e-pood\/toode\/pritsi-lehtserv-marolex\/\" \/>\n<meta property=\"og:site_name\" content=\"Horticom.ee\" \/>\n<meta property=\"article:publisher\" content=\"https:\/\/www.facebook.com\/horticom.ee\/e-pood\" \/>\n<meta property=\"article:modified_time\" content=\"2026-05-13T00:00:32+00:00\" \/>\n<meta property=\"og:image\" content=\"https:\/\/horticom.ee\/e-pood\/wp-content\/uploads\/importedmedia\/product-2298718_0-896027.jpg\" \/>\n\t<meta property=\"og:image:width\" content=\"999\" \/>\n\t<meta property=\"og:image:height\" content=\"666\" \/>\n\t<meta property=\"og:image:type\" content=\"image\/jpeg\" \/>\n<meta name=\"twitter:card\" content=\"summary_large_image\" \/>\n<script type=\"application\/ld+json\" class=\"yoast-schema-graph\">{\"@context\":\"https:\/\/schema.org\",\"@graph\":[{\"@type\":\"WebPage\",\"@id\":\"https:\/\/horticom.ee\/e-pood\/toode\/pritsi-lehtserv-marolex\/\",\"url\":\"https:\/\/horticom.ee\/e-pood\/toode\/pritsi-lehtserv-marolex\/\",\"name\":\"Pritsi lehtserv Marolex - Horticom\",\"isPartOf\":{\"@id\":\"https:\/\/horticom.ee\/e-pood\/#website\"},\"primaryImageOfPage\":{\"@id\":\"https:\/\/horticom.ee\/e-pood\/toode\/pritsi-lehtserv-marolex\/#primaryimage\"},\"image\":{\"@id\":\"https:\/\/horticom.ee\/e-pood\/toode\/pritsi-lehtserv-marolex\/#primaryimage\"},\"thumbnailUrl\":\"https:\/\/horticom.ee\/e-pood\/wp-content\/uploads\/importedmedia\/product-2298718_0-896027.jpg\",\"datePublished\":\"2024-10-15T03:00:17+00:00\",\"dateModified\":\"2026-05-13T00:00:32+00:00\",\"breadcrumb\":{\"@id\":\"https:\/\/horticom.ee\/e-pood\/toode\/pritsi-lehtserv-marolex\/#breadcrumb\"},\"inLanguage\":\"ru-RU\",\"potentialAction\":[{\"@type\":\"ReadAction\",\"target\":[\"https:\/\/horticom.ee\/e-pood\/toode\/pritsi-lehtserv-marolex\/\"]}]},{\"@type\":\"ImageObject\",\"inLanguage\":\"ru-RU\",\"@id\":\"https:\/\/horticom.ee\/e-pood\/toode\/pritsi-lehtserv-marolex\/#primaryimage\",\"url\":\"https:\/\/horticom.ee\/e-pood\/wp-content\/uploads\/importedmedia\/product-2298718_0-896027.jpg\",\"contentUrl\":\"https:\/\/horticom.ee\/e-pood\/wp-content\/uploads\/importedmedia\/product-2298718_0-896027.jpg\",\"width\":999,\"height\":666},{\"@type\":\"BreadcrumbList\",\"@id\":\"https:\/\/horticom.ee\/e-pood\/toode\/pritsi-lehtserv-marolex\/#breadcrumb\",\"itemListElement\":[{\"@type\":\"ListItem\",\"position\":1,\"name\":\"Home\",\"item\":\"https:\/\/horticom.ee\/e-pood\/\"},{\"@type\":\"ListItem\",\"position\":2,\"name\":\"Pood\",\"item\":\"https:\/\/horticom.ee\/e-pood\/pood\/\"},{\"@type\":\"ListItem\",\"position\":3,\"name\":\"Pritsi lehtserv Marolex\"}]},{\"@type\":\"WebSite\",\"@id\":\"https:\/\/horticom.ee\/e-pood\/#website\",\"url\":\"https:\/\/horticom.ee\/e-pood\/\",\"name\":\"Horticom.ee\",\"description\":\"Aianduskaubad ja kodukaubad nii harrastajatele kui professionaalidele\",\"potentialAction\":[{\"@type\":\"SearchAction\",\"target\":{\"@type\":\"EntryPoint\",\"urlTemplate\":\"https:\/\/horticom.ee\/e-pood\/?s={search_term_string}\"},\"query-input\":{\"@type\":\"PropertyValueSpecification\",\"valueRequired\":true,\"valueName\":\"search_term_string\"}}],\"inLanguage\":\"ru-RU\"}]}<\/script>\n<!-- \/ Yoast SEO plugin. -->","yoast_head_json":{"title":"Pritsi lehtserv Marolex - Horticom","robots":{"index":"index","follow":"follow","max-snippet":"max-snippet:-1","max-image-preview":"max-image-preview:large","max-video-preview":"max-video-preview:-1"},"canonical":"https:\/\/horticom.ee\/e-pood\/toode\/pritsi-lehtserv-marolex\/","og_locale":"ru_RU","og_type":"article","og_title":"Pritsi lehtserv Marolex - Horticom","og_description":"Pritsi lehtserv Marolex on t\u00e4pse pritsimise jaoks m\u00f5eldud t\u00e4iustatud herbitsiidikate, valmistatud vastupidavast plastikust. Katte m\u00f5\u00f5tmed on sobitatud herbitsiidid\u00fc\u00fcside pihustusnurkadega ning t\u00e4nu lihtsale montaa\u017eimeetodile saab katteid kasutada k\u00f5igi Marolexi ja teiste tootjate torudega.","og_url":"https:\/\/horticom.ee\/e-pood\/toode\/pritsi-lehtserv-marolex\/","og_site_name":"Horticom.ee","article_publisher":"https:\/\/www.facebook.com\/horticom.ee\/e-pood","article_modified_time":"2026-05-13T00:00:32+00:00","og_image":[{"width":999,"height":666,"url":"https:\/\/horticom.ee\/e-pood\/wp-content\/uploads\/importedmedia\/product-2298718_0-896027.jpg","type":"image\/jpeg"}],"twitter_card":"summary_large_image","schema":{"@context":"https:\/\/schema.org","@graph":[{"@type":"WebPage","@id":"https:\/\/horticom.ee\/e-pood\/toode\/pritsi-lehtserv-marolex\/","url":"https:\/\/horticom.ee\/e-pood\/toode\/pritsi-lehtserv-marolex\/","name":"Pritsi lehtserv Marolex - Horticom","isPartOf":{"@id":"https:\/\/horticom.ee\/e-pood\/#website"},"primaryImageOfPage":{"@id":"https:\/\/horticom.ee\/e-pood\/toode\/pritsi-lehtserv-marolex\/#primaryimage"},"image":{"@id":"https:\/\/horticom.ee\/e-pood\/toode\/pritsi-lehtserv-marolex\/#primaryimage"},"thumbnailUrl":"https:\/\/horticom.ee\/e-pood\/wp-content\/uploads\/importedmedia\/product-2298718_0-896027.jpg","datePublished":"2024-10-15T03:00:17+00:00","dateModified":"2026-05-13T00:00:32+00:00","breadcrumb":{"@id":"https:\/\/horticom.ee\/e-pood\/toode\/pritsi-lehtserv-marolex\/#breadcrumb"},"inLanguage":"ru-RU","potentialAction":[{"@type":"ReadAction","target":["https:\/\/horticom.ee\/e-pood\/toode\/pritsi-lehtserv-marolex\/"]}]},{"@type":"ImageObject","inLanguage":"ru-RU","@id":"https:\/\/horticom.ee\/e-pood\/toode\/pritsi-lehtserv-marolex\/#primaryimage","url":"https:\/\/horticom.ee\/e-pood\/wp-content\/uploads\/importedmedia\/product-2298718_0-896027.jpg","contentUrl":"https:\/\/horticom.ee\/e-pood\/wp-content\/uploads\/importedmedia\/product-2298718_0-896027.jpg","width":999,"height":666},{"@type":"BreadcrumbList","@id":"https:\/\/horticom.ee\/e-pood\/toode\/pritsi-lehtserv-marolex\/#breadcrumb","itemListElement":[{"@type":"ListItem","position":1,"name":"Home","item":"https:\/\/horticom.ee\/e-pood\/"},{"@type":"ListItem","position":2,"name":"Pood","item":"https:\/\/horticom.ee\/e-pood\/pood\/"},{"@type":"ListItem","position":3,"name":"Pritsi lehtserv Marolex"}]},{"@type":"WebSite","@id":"https:\/\/horticom.ee\/e-pood\/#website","url":"https:\/\/horticom.ee\/e-pood\/","name":"Horticom.ee","description":"Aianduskaubad ja kodukaubad nii harrastajatele kui professionaalidele","potentialAction":[{"@type":"SearchAction","target":{"@type":"EntryPoint","urlTemplate":"https:\/\/horticom.ee\/e-pood\/?s={search_term_string}"},"query-input":{"@type":"PropertyValueSpecification","valueRequired":true,"valueName":"search_term_string"}}],"inLanguage":"ru-RU"}]}},"_links":{"self":[{"href":"https:\/\/horticom.ee\/e-pood\/ru\/wp-json\/wp\/v2\/product\/2298718","targetHints":{"allow":["GET"]}}],"collection":[{"href":"https:\/\/horticom.ee\/e-pood\/ru\/wp-json\/wp\/v2\/product"}],"about":[{"href":"https:\/\/horticom.ee\/e-pood\/ru\/wp-json\/wp\/v2\/types\/product"}],"replies":[{"embeddable":true,"href":"https:\/\/horticom.ee\/e-pood\/ru\/wp-json\/wp\/v2\/comments?post=2298718"}],"wp:featuredmedia":[{"embeddable":true,"href":"https:\/\/horticom.ee\/e-pood\/ru\/wp-json\/wp\/v2\/media\/2320492"}],"wp:attachment":[{"href":"https:\/\/horticom.ee\/e-pood\/ru\/wp-json\/wp\/v2\/media?parent=2298718"}],"wp:term":[{"taxonomy":"product_cat","embeddable":true,"href":"https:\/\/horticom.ee\/e-pood\/ru\/wp-json\/wp\/v2\/product_cat?post=2298718"},{"taxonomy":"product_tag","embeddable":true,"href":"https:\/\/horticom.ee\/e-pood\/ru\/wp-json\/wp\/v2\/product_tag?post=2298718"}],"curies":[{"name":"wp","href":"https:\/\/api.w.org\/{rel}","templated":true}]}}